{"id":1046,"date":"2019-05-20T12:05:03","date_gmt":"2019-05-20T10:05:03","guid":{"rendered":"https:\/\/kosztolanyigimnazium.hu\/?page_id=1046"},"modified":"2019-05-20T12:05:14","modified_gmt":"2019-05-20T10:05:14","slug":"okoiskolai-beszamolo-2016-2017","status":"publish","type":"page","link":"https:\/\/kosztolanyigimnazium.hu\/?page_id=1046","title":{"rendered":"\u00d6koiskolai besz\u00e1mol\u00f3 &#8211; 2016\/2017"},"content":{"rendered":"\n<p>Az \u00f6koiskola l\u00e9t\u00fcnknek vannak&nbsp;<strong>\u00e1lland\u00f3 eleme<\/strong>i, amelyek ebben az \u00e9vben is folytat\u00f3dtak, (ezek k\u00f6z\u00fcl nem mindet sorolom fel a besz\u00e1mol\u00f3mban).&nbsp;&nbsp;N\u00e9h\u00e1ny p\u00e9lda:<\/p>\n\n\n\n<ul class=\"wp-block-list\"><li>a k\u00f6nyvt\u00e1rban az\u00a0<strong>\u00f6kosarok<\/strong>m\u0171k\u00f6d\u00e9se (Holl\u00f3si Kata)<\/li><li>az oszt\u00e1lyokban \u00e9s a folyos\u00f3n l\u00e9v\u0151 nagy\u00a0<strong>\u00f6koiskola fali\u00fajs\u00e1g<\/strong><\/li><li>az \u00e9v elej\u00e9n megrendezett oszt\u00e1lyonk\u00e9nti\u00a0<strong>teremdekor\u00e1ci\u00f3s verseny<\/strong><\/li><li>a\u00a0<strong>szelekt\u00edv gy\u0171jt\u00e9s<\/strong>(pap\u00edr, kupak, elem, PET palack)<\/li><li>az\u00a0<strong>iskola\u00fajs\u00e1g \u00f6ko rovata\u00a0<\/strong>(Dr. Mih\u00f3kn\u00e9 Bartha Katalin)<\/li><li>a\u00a0<strong>web lapunk \u00f6koiskola rovata<\/strong><\/li><li><strong>\u00fajrapap\u00edr haszn\u00e1lata stb.<\/strong><\/li><\/ul>\n\n\n\n<p>Az \u00e9ves \u00f6ko munkaterv\u00fcnkben pedig minden \u00e9vben \u00faj tartalommal, programokkal sz\u00ednes\u00edtj\u00fck a tan\u00e9vet.<\/p>\n\n\n\n<p>Miel\u0151tt r\u00e1t\u00e9rn\u00e9k a megval\u00f3sult programokra, szeretn\u00e9m kiemelni, hogy az idei \u00e9vben az I. ker\u00fcleti \u00d6nkorm\u00e1nyzattal siker\u00fclt eredm\u00e9nyesen kapcsolatot \u00e9p\u00edteni. A seg\u00edts\u00e9g\u00fckkel&nbsp;<strong>Mad\u00e1rbar\u00e1t iskola<\/strong>lehet\u00fcnk, mert biztos\u00edtott\u00e1k az ehhez sz\u00fcks\u00e9ges egys\u00e9gcsomag megv\u00e9tel\u00e9t. Mad\u00e1retet\u0151t \u00e9s mad\u00e1r odut helyezt\u00fcnk ki az iskola udvar\u00e1ba, az etet\u0151t rendszeresen felt\u00f6lt\u00f6tt\u00fck mad\u00e1reles\u00e9ggel. Tov\u00e1bb\u00e1 t\u00f6bb&nbsp;<strong>vir\u00e1gl\u00e1d\u00e1t&nbsp;<\/strong>is kaptunk vir\u00e1gf\u00f6lddel \u00e9s n\u00f6v\u00e9nyekkel (musk\u00e1tli), amelyek az iskol\u00e1t tett\u00e9k otthonosabb\u00e1. (Weiszkopf Zsuzsa, F\u00f6ldi M\u00f3ni)<\/p>\n\n\n\n<p>Az \u00e9v els\u0151 fel\u00e9ben (okt\u00f3ber 15.) tartottuk A<strong> Di\u00e1kakad\u00e9mia<\/strong> rendezv\u00e9ny\u00fcnket, ahol sz\u00e1mos di\u00e1k tartott tudom\u00e1nyos jelleg\u0171 el\u0151ad\u00e1st \u00e9s megh\u00edvott szakemberek seg\u00edts\u00e9g\u00e9vel \u00e9rdekes t\u00e9m\u00e1kr\u00f3l hallhattunk (pl. Dr. Kuroli Enik\u0151 patol\u00f3gus besz\u00e9lt a b\u0151r eg\u00e9szs\u00e9g\u00e9r\u0151l)<\/p>\n\n\n\n<p>Ugyancsak okt\u00f3berben t\u00f6bb oszt\u00e1ly l\u00e1togatott el az&nbsp;<strong>Alternat\u00edv Elektromos J\u00e1rm\u0171ki\u00e1ll\u00edt\u00e1sr<\/strong>a.<\/p>\n\n\n\n<p>Az \u00d6koiskola megval\u00f3sul\u00e1s\u00e1nak egyik felt\u00e9tele a kooperat\u00edv tanul\u00e1si technik\u00e1k egyre nagyobb m\u00e9rt\u00e9kben val\u00f3 alkalmaz\u00e1sa. Az iskol\u00e1ban egyre t\u00f6bb tant\u00e1rgyban jelennek meg ezek a m\u00f3dszerek, pl. magyar, biol\u00f3gia, t\u00f6rt\u00e9nelem, s\u0151t a term\u00e9szettudom\u00e1nyos vizsga (6. \u00e9vfolyam) teljes eg\u00e9sz\u00e9ben projekt munka bead\u00e1s\u00e1val val\u00f3sul meg.<\/p>\n\n\n\n<p>Az \u0151szi nevel\u00e9si \u00e9rtekezlet keret\u00e9ben id\u00e9n a\u00a0<strong>projekt m\u00f3dszer<\/strong> alkalmaz\u00e1s\u00e1nak ter\u00fclet\u00e9n m\u00e9ly\u00edthett\u00fck tud\u00e1sunkat illetve a tan\u00e1ri kar egy gyakorlatias\u00a0<strong>els\u0151seg\u00e9lyny\u00fajt\u00f3 tr\u00e9ning<\/strong>en vehetett r\u00e9szt.<\/p>\n\n\n\n<p>Decemberben rendezt\u00e9k meg a\u00a0<strong>Z\u00f6ld\u00e1g Nemzetk\u00f6zi \u00d6ko-design Fesztiv\u00e1lt,<\/strong> amelyre Juhos-Kiss S\u00e1ndor \u00e9s Bak\u00f3 Tam\u00e1s vitte el a rajz fakult\u00e1ci\u00f3sokat a Klebelsberg Kult\u00fark\u00fari\u00e1ba.<\/p>\n\n\n\n<p>Itt a ki\u00e1ll\u00edt\u00e1s mellett Dr. \u00dcrge-Vorsacz Di\u00e1na fizikus, kl\u00edmakutat\u00f3 tartott el\u0151ad\u00e1st.<\/p>\n\n\n\n<p>Az iskol\u00e1ban m\u00e1r hagyom\u00e1nynak sz\u00e1m\u00edt a\u00a0<strong>b\u00e9csi adventi v\u00e1s\u00e1r<\/strong> megl\u00e1togat\u00e1sa, most ez\u00a0<strong>\u00f6koprogram<\/strong>mal b\u0151v\u00fclt, mert a B\u00e9csi Term\u00e9szettudom\u00e1nyi M\u00fazeum planet\u00e1rium\u00e1ban az evol\u00faci\u00f3r\u00f3l n\u00e9zt\u00fcnk egy \u00e9rdekes filmet. (Penner Orsolya)<\/p>\n\n\n\n<p>Az aul\u00e1ban fel\u00e1ll\u00edtott kar\u00e1csonyfa id\u00e9n is&nbsp;<strong>\u00fajrahasznos\u00edtott d\u00edszek<\/strong>kel pomp\u00e1zott. ( Tringer D\u00f3ri)<\/p>\n\n\n\n<p>Az \u00e9v v\u00e9g\u00e9n&nbsp;<strong>\u00f6n\u00e9rt\u00e9kel\u00e9si k\u00e9rd\u0151\u00edv<\/strong>et t\u00f6ltett\u00fcnk ki minden oszt\u00e1llyal, ahol k\u00edv\u00e1ncsiak voltunk mik\u00e9nt \u00e9rt\u00e9kelik az \u00f6ko munk\u00e1jukat a tanul\u00f3k. A ki\u00e9rt\u00e9kel\u00e9s sor\u00e1n t\u00f6bbsz\u00f6r szembes\u00fclt\u00fcnk a di\u00e1kok motiv\u00e1latlans\u00e1g\u00e1val, ennek orvosl\u00e1s\u00e1t a k\u00f6vetkez\u0151 tan\u00e9vben \u00fajult er\u0151vel pr\u00f3b\u00e1ljuk megoldani.<\/p>\n\n\n\n<p>Az \u00e9v m\u00e1sodik fel\u00e9ben egy hetes&nbsp;<strong>eg\u00e9szs\u00e9gmeg\u0151rz\u00e9si program<\/strong>val\u00f3sult meg a 10. a oszt\u00e1ly tanul\u00f3inak szervez\u00e9s\u00e9ben. (10. a, F\u00f6ldin\u00e9)<\/p>\n\n\n\n<p><strong>M\u00e9dia megjelen\u00e9s<\/strong>\u00fcnk is volt az \u00e9vben, a Karc fm r\u00e1di\u00f3ad\u00f3nak adtunk interj\u00fat az \u00f6koiskola megval\u00f3sul\u00e1s\u00e1val kapcsolatban. (F\u00f6ldin\u00e9)<\/p>\n\n\n\n<p>Az \u00e9ves munkatervnek megfelel\u0151en a 6.a \u00e9s 6.b oszt\u00e1ly vett r\u00e9szt 3 napos&nbsp;<strong>erdei iskola<\/strong>kir\u00e1ndul\u00e1son. A B\u00f6rzs\u00f6nyben Di\u00f3sjen\u0151n val\u00f3sult meg a program.<\/p>\n\n\n\n<p>Az \u00e9v sor\u00e1n k\u00e9tszer rendezt\u00fcnk&nbsp;<strong>terepgyakorlat<\/strong>ot, a Sas-hegyen \u00e9s a J\u00e1nos-hegyen voltunk n\u00f6v\u00e9nyismereti kir\u00e1ndul\u00e1son. (F\u00f6ldin\u00e9)<\/p>\n\n\n\n<p>A<strong>szoci\u00e1lis munka vil\u00e1gnapja<\/strong>alkalm\u00e1b\u00f3l Okos Vivien 10. a oszt\u00e1lyos tanul\u00f3 Seg\u00edts\u00fck a k\u00f6z\u00f6ss\u00e9geket \u00e9s a fenntarthat\u00f3 fejl\u0151d\u00e9st c\u00edmmel k\u00e9sz\u00edtett p\u00e1ly\u00e1zati rajzot oszt\u00e1lyf\u0151n\u00f6ke seg\u00edts\u00e9g\u00e9vel. (Weiszkopfn\u00e9)<\/p>\n\n\n\n<p>T\u00f6bb t\u00e9mah\u00e9t val\u00f3sult meg az id\u00e9n. A P\u00e9nz\u00fcgyi tudatoss\u00e1g-\u00e9s gazd\u00e1lkod\u00e1s projekthete, digit\u00e1lis t\u00e9mah\u00e9t \u00e9s a\u00a0<strong>Fenntarthat\u00f3s\u00e1gi T\u00e9mah\u00e9t.\u00a0<\/strong>Ez ut\u00f3bbikeret\u00e9ben a k\u00f6vetkez\u0151 programokat val\u00f3s\u00edtottunk meg:<\/p>\n\n\n\n<ul class=\"wp-block-list\"><li>A F\u00f6ld napi rendezv\u00e9nyen a 9. a oszt\u00e1ly a V\u00e9rmez\u0151n\u00a0<strong>\u00fcltetett f\u00e1t \u00e9s murv\u00e1t sz\u00f3rt<\/strong>a f\u00f6ldutakra\u00a0az\u00a0\u00a0\u00f6nkorm\u00e1nyzattal k\u00f6z\u00f6s rendez\u00e9sben.<\/li><li>Tringer D\u00f3ra tan\u00e1rn\u0151 vezet\u00e9s\u00e9vel\u00a0<strong>f\u00f6l\u00f6sleges t\u00e1rgyak<\/strong>ki\u00e1ll\u00edt\u00e1sa ny\u00edlt az els\u0151 emeleti zsibong\u00f3ban.<\/li><li>Weiszkopf Zsuzsa tan\u00e1rn\u0151 4 oszt\u00e1ly sz\u00e1m\u00e1ra tartott f<strong>enntarthat\u00f3s\u00e1gi t\u00e9mak\u00f6rben tan\u00f3r\u00e1t<\/strong>.<\/li><\/ul>\n\n\n\n<p>Id\u00e9n \u00fcnnepelt\u00fck a\u00a0<strong>Kosztol\u00e1nyi Dezs\u0151 Gimn\u00e1zium 25 \u00e9ves fenn\u00e1ll\u00e1s\u00e1t<\/strong>. Schultz Eszter tan\u00e1rn\u0151 a 9. b, Weiszkopf Zsuzsa tan\u00e1rn\u0151 a 10. a oszt\u00e1llyal szervezett \u00fcnnepi programot.<\/p>\n\n\n\n<p>M\u00e1jus 17-\u00e9n r\u00e9szt vett\u00fcnk az ELTE \u00e1ltal szervezett&nbsp;<strong>N\u00f6v\u00e9nyek Vil\u00e1gnapja<\/strong>program sorozaton, ahol tudom\u00e1nyos gyakorlatokat v\u00e9gezhett\u00fcnk egyetemi tan\u00e1rok vezet\u00e9s\u00e9vel.<\/p>\n\n\n\n<p>Az \u00e9v sor\u00e1n t\u00f6bb oszt\u00e1ly is ell\u00e1togatott az \u00c1llatkertbe, az 5. a oszt\u00e1ly azonban&nbsp;<strong>\u00f6r\u00f6kbe fogadott<\/strong>egy oposszumot.<\/p>\n\n\n\n<p>Az idei \u00e9v \u00f6sszess\u00e9g\u00e9ben nagyon gazdag volt programokban, rendezv\u00e9nyekben.<\/p>\n\n\n\n<p>Az id\u00e9n \u00faj m\u00f3dszert alkalmazva minden oszt\u00e1lynak voltak k\u00f6telez\u0151 \u00e9s alternat\u00edvan v\u00e1laszthat\u00f3&nbsp;<strong>\u00f6ko v\u00e1llal\u00e1s<\/strong>aik. A tapasztalataink szerint ezek egy r\u00e9sze megval\u00f3sult, de ahogy az&nbsp;<strong>\u00f6n\u00e9rt\u00e9kel\u00e9si felm\u00e9r\u00e9sb\u0151l<\/strong>is kider\u00fclt a di\u00e1kok nagy r\u00e9sze motiv\u00e1latlan a feladatok v\u00e9grehajt\u00e1s\u00e1t illet\u0151en.<\/p>\n\n\n\n<p>Ehhez sz\u00fcks\u00e9g lenne az oszt\u00e1lyf\u0151n\u00f6k\u00f6k er\u0151teljesebb lelkes\u00edt\u0151 \u00e9s p\u00e9ldaad\u00f3 magatart\u00e1s\u00e1ra is.<\/p>\n\n\n\n<p>A D\u00d6KO m\u0171k\u00f6d\u00e9s\u00e9t \u00e9s feladatv\u00e1llal\u00e1s\u00e1t is meg kell reform\u00e1lnunk a k\u00f6vetkez\u0151 tan\u00e9vben.<\/p>\n\n\n\n<p>J\u00f6v\u0151re t\u00f6bb \u00f6kogy\u0171l\u00e9st kell tartanunk.<\/p>\n\n\n\n<p style=\"text-align:right\"><em>Budapest 2017. 06. 14.<\/em><\/p>\n","protected":false},"excerpt":{"rendered":"<p>Az \u00f6koiskola l\u00e9t\u00fcnknek vannak&nbsp;\u00e1lland\u00f3 elemei, amelyek ebben az \u00e9vben is folytat\u00f3dtak, (ezek k\u00f6z\u00fcl nem mindet sorolom fel a besz\u00e1mol\u00f3mban).&nbsp;&nbsp;N\u00e9h\u00e1ny p\u00e9lda: a k\u00f6nyvt\u00e1rban az\u00a0\u00f6kosarokm\u0171k\u00f6d\u00e9se (Holl\u00f3si Kata) az oszt\u00e1lyokban \u00e9s a folyos\u00f3n l\u00e9v\u0151 nagy\u00a0\u00f6koiskola fali\u00fajs\u00e1g az \u00e9v elej\u00e9n megrendezett oszt\u00e1lyonk\u00e9nti\u00a0teremdekor\u00e1ci\u00f3s verseny a\u00a0szelekt\u00edv <a href=\"https:\/\/kosztolanyigimnazium.hu\/?page_id=1046\" class=\"read-more\">Olvass tov\u00e1bb&#8230;<\/a><\/p>\n","protected":false},"author":1,"featured_media":335,"parent":332,"menu_order":3,"comment_status":"closed","ping_status":"closed","template":"","meta":{"footnotes":""},"class_list":["post-1046","page","type-page","status-publish","has-post-thumbnail","hentry"],"_links":{"self":[{"href":"https:\/\/kosztolanyigimnazium.hu\/index.php?rest_route=\/wp\/v2\/pages\/1046","targetHints":{"allow":["GET"]}}],"collection":[{"href":"https:\/\/kosztolanyigimnazium.hu\/index.php?rest_route=\/wp\/v2\/pages"}],"about":[{"href":"https:\/\/kosztolanyigimnazium.hu\/index.php?rest_route=\/wp\/v2\/types\/page"}],"author":[{"embeddable":true,"href":"https:\/\/kosztolanyigimnazium.hu\/index.php?rest_route=\/wp\/v2\/users\/1"}],"replies":[{"embeddable":true,"href":"https:\/\/kosztolanyigimnazium.hu\/index.php?rest_route=%2Fwp%2Fv2%2Fcomments&post=1046"}],"version-history":[{"count":1,"href":"https:\/\/kosztolanyigimnazium.hu\/index.php?rest_route=\/wp\/v2\/pages\/1046\/revisions"}],"predecessor-version":[{"id":1047,"href":"https:\/\/kosztolanyigimnazium.hu\/index.php?rest_route=\/wp\/v2\/pages\/1046\/revisions\/1047"}],"up":[{"embeddable":true,"href":"https:\/\/kosztolanyigimnazium.hu\/index.php?rest_route=\/wp\/v2\/pages\/332"}],"wp:featuredmedia":[{"embeddable":true,"href":"https:\/\/kosztolanyigimnazium.hu\/index.php?rest_route=\/wp\/v2\/media\/335"}],"wp:attachment":[{"href":"https:\/\/kosztolanyigimnazium.hu\/index.php?rest_route=%2Fwp%2Fv2%2Fmedia&parent=1046"}],"curies":[{"name":"wp","href":"https:\/\/api.w.org\/{rel}","templated":true}]}}