{"id":1048,"date":"2019-05-20T12:15:22","date_gmt":"2019-05-20T10:15:22","guid":{"rendered":"https:\/\/kosztolanyigimnazium.hu\/?page_id=1048"},"modified":"2019-05-20T12:17:11","modified_gmt":"2019-05-20T10:17:11","slug":"okoiskolai-beszamolo-2017-2018","status":"publish","type":"page","link":"https:\/\/kosztolanyigimnazium.hu\/?page_id=1048","title":{"rendered":"\u00d6koiskolai besz\u00e1mol\u00f3 &#8211; 2017\/2018"},"content":{"rendered":"\n<p>Az \u00f6koiskola l\u00e9t\u00fcnknek vannak&nbsp;<strong>\u00e1lland\u00f3 eleme<\/strong>i, amelyek ebben az \u00e9vben is folytat\u00f3dtak.<strong><\/strong><\/p>\n\n\n\n<ul class=\"wp-block-list\"><li>a k\u00f6nyvt\u00e1rban az&nbsp;<strong>\u00f6kosarok<\/strong>m\u0171k\u00f6d\u00e9se (Holl\u00f3si Kata)<\/li><li>az oszt\u00e1lyokban \u00e9s a folyos\u00f3n l\u00e9v\u0151 nagy&nbsp;<strong>\u00f6koiskola fali\u00fajs\u00e1g<\/strong><\/li><li>az \u00e9v elej\u00e9n megrendezett oszt\u00e1lyonk\u00e9nti&nbsp;<strong>teremdekor\u00e1ci\u00f3s verseny<\/strong><\/li><li>a&nbsp;<strong>szelekt\u00edv gy\u0171jt\u00e9s<\/strong>(pap\u00edr, kupak, elem, PET palack)<\/li><li>az&nbsp;<strong>iskola\u00fajs\u00e1g \u00f6ko rovata&nbsp;<\/strong>(Dr. Mih\u00f3kn\u00e9 Bartha Katalin)<\/li><li>a&nbsp;<strong>web lapunk \u00f6koiskola rovata<\/strong><\/li><li><strong>\u00fajrapap\u00edr haszn\u00e1lata stb<\/strong><\/li><li><strong>Di\u00e1kakad\u00e9mia szervez\u00e9se<\/strong><\/li><li><strong>mad\u00e1retet\u0151 kihelyez\u00e9se stb.<\/strong><\/li><\/ul>\n\n\n\n<p><strong>Alm\u00e1si Orsi:<\/strong> \u00c1prilis 25-\u00e9n, a fenntarthat\u00f3s\u00e1g het\u00e9ben a Biofilter KFT-n\u00e9l voltam a 8.a-val, ahol a haszn\u00e1lt s\u00fct\u0151olajat \u00e9s \u00e9telhullad\u00e9kot hasznos\u00edtj\u00e1k \u00fajra, pl. energi\u00e1t \u00e9s \u00fczemanyagot \u00e1ll\u00edtanak el\u0151 bel\u0151le.<\/p>\n\n\n\n<p><strong>Tringer D\u00f3ri<\/strong>:<\/p>\n\n\n\n<p><strong><em>M\u0171v\u00e9szetek munkak\u00f6z\u00f6ss\u00e9g \u00f6koiskola programok<\/em><\/strong><strong><em><\/em><\/strong><\/p>\n\n\n\n<ul class=\"wp-block-list\"><li>Az els\u0151 f\u00e9l\u00e9vben bekapcsol\u00f3dtunk az Eur\u00f3pai Hullad\u00e9kcs\u00f6kkent\u00e9si H\u00e9t elnevez\u00e9s\u0171 programba. A program sor\u00e1n ki\u00e1ll\u00edt\u00e1st szervezt\u00fcnk \u00fajra hasznos\u00edt\u00e1ssal k\u00e9sz\u00fclt t\u00e1rgyakb\u00f3l. Textil, pap\u00edr, m\u0171anyaghullad\u00e9kokat haszn\u00e1ltunk fel, b\u00fatorokat festett\u00fcnk \u00fajra. Di\u00e1kjaink r\u00f6vidfilmeket, vide\u00f3kat is k\u00e9sz\u00edtettek.<\/li><\/ul>\n\n\n\n<div class=\"wp-block-image\"><figure class=\"aligncenter\"><img decoding=\"async\" src=\"blob:https:\/\/kosztolanyigimnazium.hu\/1e2f3994-c092-4417-b5f8-6653c8a8aa54\" alt=\"20171206_095101\"\/><\/figure><\/div>\n\n\n\n<div class=\"wp-block-image\"><figure class=\"aligncenter\"><img decoding=\"async\" src=\"blob:https:\/\/kosztolanyigimnazium.hu\/9d8656cd-0a7f-4d47-91a1-5926d742214a\" alt=\"20171206_094823\"\/><\/figure><\/div>\n\n\n\n<ul class=\"wp-block-list\"><li>Tov\u00e1bb gazdag\u00edtottuk az \u00d6kokar\u00e1csonyfa d\u00edszeinek mennyis\u00e9g\u00e9t \u00e9s v\u00e1ltozatoss\u00e1g\u00e1t<\/li><li>A fenntarthat\u00f3s\u00e1gi t\u00e9mah\u00e9ten szak\u00f3r\u00e1inkon t\u00f6bb szempontb\u00f3l foglalkoztunk a k\u00f6rnyezet v\u00e9delm\u00e9vel. Tudatosabb v\u00e1s\u00e1rl\u00e1s, hullad\u00e9kcs\u00f6kkent\u00e9s lehet\u0151s\u00e9gei, m\u00e9lt\u00e1nyos kereskedelem k\u00e9rd\u00e9sk\u00f6reit is \u00e9rintett\u00fck. Plak\u00e1tokat, rajzokat k\u00e9sz\u00edtettek di\u00e1kjaink.<\/li><li>Sikeresen szerepelt\u00fcnk a \u201eT\u00fal a hullad\u00e9khegyen\u201d c\u00edm\u0171 p\u00e1ly\u00e1zaton 5. A oszt\u00e1lyos di\u00e1kokkal. A p\u00e1ly\u00e1zat r\u00e9szek\u00e9nt \u00fajrahasznos\u00edt\u00e1si versenyt hirdett\u00fcnk iskol\u00e1nkban. A m\u0171vekb\u0151l ki\u00e1ll\u00edt\u00e1st szervezt\u00fcnk, \u00e9s a nyertes 5.B oszt\u00e1lynak f\u0151d\u00edjk\u00e9nt s\u00fctem\u00e9nyt s\u00fct\u00f6tt\u00fcnk.<\/li><\/ul>\n\n\n\n<div class=\"wp-block-image\"><figure class=\"aligncenter\"><img decoding=\"async\" src=\"blob:https:\/\/kosztolanyigimnazium.hu\/7d6488c2-1a4a-4c26-952c-fc3e5d7e0a3b\" alt=\"\"\/><\/figure><\/div>\n\n\n\n<div class=\"wp-block-image\"><figure class=\"aligncenter\"><img decoding=\"async\" src=\"blob:https:\/\/kosztolanyigimnazium.hu\/1198283b-7ef3-4890-901c-19b681e30d88\" alt=\"\"\/><\/figure><\/div>\n\n\n\n<div class=\"wp-block-image\"><figure class=\"aligncenter\"><img decoding=\"async\" src=\"blob:https:\/\/kosztolanyigimnazium.hu\/a53b0cc5-38ac-4421-b82b-0c667e92cbb8\" alt=\"\"\/><\/figure><\/div>\n\n\n\n<ul class=\"wp-block-list\"><li>Megeml\u00e9kezt\u00fcnk a jeles napokr\u00f3l is. M\u00e1jusban, a Madarak F\u00e1k Napja alkalm\u00e1b\u00f3l, marad\u00e9k fonalakb\u00f3l textilkompoz\u00edci\u00f3t k\u00e9sz\u00edtett\u00fcnk, mely iskol\u00e1nk aul\u00e1j\u00e1t d\u00edsz\u00edti.<\/li><\/ul>\n\n\n\n<div class=\"wp-block-image\"><figure class=\"aligncenter\"><img decoding=\"async\" src=\"blob:https:\/\/kosztolanyigimnazium.hu\/18543b92-3dd3-4817-a53e-7f262d164342\" alt=\"\"\/><\/figure><\/div>\n\n\n\n<p><strong>Dancs Zsuzsa:<\/strong> A Magyar Term\u00e9szetv\u00e9d\u0151k Sz\u00f6vets\u00e9ge \u00e0ltal szervezett, ingyenes gyakorlati term\u00e9szetv\u00e9delmi programban vettem r\u00e9szt a 6. a oszt\u00e0llyal. A program l\u00e9nyege, hogy v\u00e9dett ter\u00fcleten az invaz\u00edv gyomokat kellett visszaszor\u00edtani. A Merzse-mocs\u00e0rban v\u00e9gezt\u00fcnk ter\u00fcletkezel\u00e9st.&nbsp;<\/p>\n\n\n\n<div class=\"wp-block-image\"><figure class=\"aligncenter\"><img decoding=\"async\" src=\"blob:https:\/\/kosztolanyigimnazium.hu\/a12a4a7a-fb90-4726-a377-b8464042a5b9\" alt=\"\"\/><\/figure><\/div>\n\n\n\n<div class=\"wp-block-image\"><figure class=\"aligncenter\"><img decoding=\"async\" src=\"blob:https:\/\/kosztolanyigimnazium.hu\/b04a5f8c-326b-4500-b601-61a123cd6d18\" alt=\"\"\/><\/figure><\/div>\n\n\n\n<p><strong>F\u00f6ldi Istv\u00e1n:<\/strong> Szelekt\u00edv hullad\u00e9kgy\u0171jt\u00e9s, teremfest\u00e9s, Suzuki gy\u00e1rl\u00e1togat\u00e1s!<\/p>\n\n\n\n<p><strong>Weiszkopf Zsuzsi:<\/strong><\/p>\n\n\n\n<ul class=\"wp-block-list\"><li>Zsebp\u00e9nz\u00fcgyes&#8221; on-line tanulm\u00e1nyi verseny (3 f\u0151)<\/li><li>BankVelem P\u00e9nzOkos kupa on-line verseny (3 f\u0151)<\/li><li>K\u00f6rnyezetv\u00e9delmi videop\u00e1ly\u00e1zat italos-kartondobozok \u00fajra hasznos\u00edt\u00e1sa t\u00e9m\u00e1j\u00e1ban (2 csapat indult)<\/li><li>Fenntarthat\u00f3s\u00e1gi t\u00e9mah\u00e9t keret\u00e9ben 10.d, 10.a, 8.a, 9.a oszt\u00e1lyoknak &#8222;Tudatos v\u00e1s\u00e1rl\u00e1s \u00e9s fogyaszt\u00f3v\u00e9delem &#8221; t\u00e9mak\u00f6rben.<\/li><li>Klebelsberg K\u00faria ki\u00e1ll\u00edt\u00e1s \u2013 Z\u00f6ld\u00e1g design \u2013 hullad\u00e9kb\u00f3l term\u00e9k ki\u00e1ll\u00edt\u00e1s<\/li><\/ul>\n\n\n\n<div class=\"wp-block-image\"><figure class=\"aligncenter\"><img decoding=\"async\" src=\"blob:https:\/\/kosztolanyigimnazium.hu\/b7539083-392a-4574-a6d5-cb830815eb0f\" alt=\"\"\/><\/figure><\/div>\n\n\n\n<p><strong>Nika Anita:<\/strong> Bakonyb\u00e9lben voltunk \u00e9s t\u00far\u00e1ztunk a Bakonyban az Odvas-k\u0151i barlanghoz, ami a Balaton-felvid\u00e9ki nemzeti park r\u00e9sze. Regensburgi cseredi\u00e1k program lebonyol\u00edt\u00e1sa<\/p>\n\n\n\n<div class=\"wp-block-image\"><figure class=\"aligncenter\"><img decoding=\"async\" src=\"blob:https:\/\/kosztolanyigimnazium.hu\/51ab6fad-72e0-44a7-ab52-92be7740b5d2\" alt=\"\"\/><\/figure><\/div>\n\n\n\n<p><strong>Paulicsek Nolli<\/strong>:<\/p>\n\n\n\n<ul class=\"wp-block-list\"><li>Teremdekor\u00e1ci\u00f3 (1. helyez\u00e9s); \u00d6ko sarok kialak\u00edt\u00e1s\u00e1val<\/li><li>PET palack szelekt\u00edven val\u00f3 gy\u0171jt\u00e9se (t\u00e1rol\u00e1sa, \u00fcr\u00edt\u00e9se, kupakgy\u0171jt\u00e9s)<\/li><li>Uzsonn\u00e1s dobozok haszn\u00e1lata (t\u00f6bb, mint az oszt\u00e1ly fele)<\/li><li>\u00dajra-pap\u00edr (f\u00fczetek, f\u00e9nym\u00e1sol\u00f3pap\u00edr)<\/li><li>NATURA 2000 ter\u00fcleten val\u00f3 kir\u00e1ndul\u00e1sok:<ul><li>iskolai t\u00faranap szept. 13. Normafa-Makkosm\u00e1ria-Budakeszi<\/li><li>Tanulm\u00e1nyi kir\u00e1ndul\u00e1s NATURA 2000 ter\u00fcleten: M\u00e1tra (M\u00e1trah\u00e1za- K\u00e9kestet\u0151 t\u00fara) j\u00fan. 12.<\/li><\/ul><\/li><li>Szem\u00e9tszed\u00e9s a V\u00e9rmez\u0151n<\/li><li>\u00c9p\u00edtett k\u00f6rnyezet l\u00e1togat\u00e1sa:&nbsp;<\/li><li>V\u00e1rnegyedi s\u00e9ta&nbsp;<\/li><li>Tatai kir\u00e1ndul\u00e1s j\u00fan. 13.&nbsp; (Tatai V\u00e1rm\u00fazeum felfedez\u00e9se kv\u00edzj\u00e1t\u00e9kkal; csapatj\u00e1t\u00e9k az \u00d6reg-t\u00f3 partj\u00e1n, s\u00e9ta a Cseke-t\u00f3 partj\u00e1n)<\/li><\/ul>\n\n\n\n<div class=\"wp-block-image\"><figure class=\"aligncenter\"><img decoding=\"async\" src=\"blob:https:\/\/kosztolanyigimnazium.hu\/e63a0ce7-85bb-4d97-af08-6ecdd63babf1\" alt=\"\"\/><\/figure><\/div>\n\n\n\n<div class=\"wp-block-image\"><figure class=\"aligncenter\"><img decoding=\"async\" src=\"blob:https:\/\/kosztolanyigimnazium.hu\/df1b3c03-92a5-4385-8e58-4e7cb0e9cc2e\" alt=\"\"\/><\/figure><\/div>\n\n\n\n<div class=\"wp-block-image\"><figure class=\"aligncenter\"><img decoding=\"async\" src=\"blob:https:\/\/kosztolanyigimnazium.hu\/9e823b66-dbe4-4b96-a6a0-fee056c8d514\" alt=\"\"\/><\/figure><\/div>\n\n\n\n<p><strong>Papp Zolt\u00e1n<\/strong>: Ping-pong asztal, Atl\u00e9tika verseny, floorball, kos\u00e1r, asztalitenisz, labdar\u00fag\u00e1s, 2018 perces foci, sportnap szervez\u00e9se \u00e9s lebonyol\u00edt\u00e1sa, nemzeti \u00f6sszetartoz\u00e1s napja keret\u00e9ben foci aminek Esz\u00e9k adott helyet id\u00e9n, s\u00edt\u00e1bor, ker\u00e9kp\u00e1rt\u00fara szervez\u00e9se<\/p>\n\n\n\n<p><strong>Juhos-Kiss S\u00e1ndor<\/strong>: Rendszeresen l\u00e1togatjuk di\u00e1kjainkkal \u00e9p\u00edt\u00e9szeti \u00f6r\u00f6ks\u00e9geinket a V\u00e1rnegyedben \u00e9s k\u00f6rny\u00e9k\u00e9n.<\/p>\n\n\n\n<div class=\"wp-block-image\"><figure class=\"aligncenter\"><img decoding=\"async\" src=\"blob:https:\/\/kosztolanyigimnazium.hu\/e6908ef7-82a7-4354-b7df-980f44444bec\" alt=\"\"\/><\/figure><\/div>\n\n\n\n<div class=\"wp-block-image\"><figure class=\"aligncenter\"><img decoding=\"async\" src=\"blob:https:\/\/kosztolanyigimnazium.hu\/f7baa529-3cb5-4897-9826-cd62b8904a3e\" alt=\"\"\/><\/figure><\/div>\n\n\n\n<div class=\"wp-block-image\"><figure class=\"aligncenter\"><img decoding=\"async\" src=\"blob:https:\/\/kosztolanyigimnazium.hu\/c3b9fe01-b333-4913-81df-998d98a4aeec\" alt=\"\"\/><\/figure><\/div>\n\n\n\n<p><strong>F\u00f6ldin\u00e9 Reider M\u00f3nika<\/strong>: Eg\u00e9szs\u00e9gnap, v\u00e9rad\u00e1s szervez\u00e9se, lebonyol\u00edt\u00e1sa, Z\u00f6ld\u00e1g \u00f6kodesign ki\u00e1ll\u00edt\u00e1s, fenntarthat\u00f3s\u00e1gi t\u00e9mah\u00e9t: rendhagy\u00f3 \u00f3r\u00e1k, n\u00f6v\u00e9nyhat\u00e1roz\u00e1si terepgyakorlat, Eg\u00e9szs\u00e9gverseny BOE szervez\u00e9s\u00e9ben, Szentgy\u00f6rgyi Albert Nobeld\u00edjasok tal\u00e1lkoz\u00f3ja Szegeden<\/p>\n\n\n\n<p><strong>Schultz Eszter<\/strong>: A P\u00c9NZ7 keret\u00e9ben volt sz\u00f3 a tudatos v\u00e1s\u00e1rl\u00f3i magatart\u00e1sr\u00f3l, mint \u00f6ko-t\u00e9ma. A P\u00c9NZ7 r\u00e9szben oszt\u00e1lyf\u0151n\u00f6ki r\u00e9szben t\u00e1rsadalomismeret \u00f3ra keret\u00e9ben interakt\u00edv foglalkoz\u00e1s form\u00e1ban val\u00f3sult meg.<\/p>\n\n\n\n<p>Valamint oszt\u00e1lyommal (10.b) r\u00e9szt vett\u00fcnk egy OTP \u00e1ltal meghirdetett p\u00e1ly\u00e1zaton, amely a bankk\u00e1rtya haszn\u00e1lat el\u0151nyeir\u0151l \u00e9s a junior nemzed\u00e9k megtakar\u00edt\u00e1si lehet\u0151s\u00e9geir\u0151l sz\u00f3lt, nemcsak mi \u00edrtunk egy p\u00e1ly\u00e1zatot, de egy teljes d\u00e9lel\u0151tt az oszt\u00e1ly r\u00e9szt vett az OTP F\u00e1y Andr\u00e1s Oktat\u00e1si K\u00f6zpontj\u00e1ban a fentiekkel kapcsolatos interakt\u00edv foglalkoz\u00e1son. &nbsp;<\/p>\n\n\n\n<p style=\"text-align:right\">K\u00e9sz\u00edtette: <strong>F\u00f6ldin\u00e9 Reider M\u00f3nika<\/strong> (\u00f6ko iskola felel\u0151s)<\/p>\n\n\n\n<p style=\"text-align:right\"><em>Budapest 2018. j\u00fanius 27.<\/em><\/p>\n","protected":false},"excerpt":{"rendered":"<p>Az \u00f6koiskola l\u00e9t\u00fcnknek vannak&nbsp;\u00e1lland\u00f3 elemei, amelyek ebben az \u00e9vben is folytat\u00f3dtak. a k\u00f6nyvt\u00e1rban az&nbsp;\u00f6kosarokm\u0171k\u00f6d\u00e9se (Holl\u00f3si Kata) az oszt\u00e1lyokban \u00e9s a folyos\u00f3n l\u00e9v\u0151 nagy&nbsp;\u00f6koiskola fali\u00fajs\u00e1g az \u00e9v elej\u00e9n megrendezett oszt\u00e1lyonk\u00e9nti&nbsp;teremdekor\u00e1ci\u00f3s verseny a&nbsp;szelekt\u00edv gy\u0171jt\u00e9s(pap\u00edr, kupak, elem, PET palack) az&nbsp;iskola\u00fajs\u00e1g \u00f6ko rovata&nbsp;(Dr. Mih\u00f3kn\u00e9 <a href=\"https:\/\/kosztolanyigimnazium.hu\/?page_id=1048\" class=\"read-more\">Olvass tov\u00e1bb&#8230;<\/a><\/p>\n","protected":false},"author":1,"featured_media":335,"parent":332,"menu_order":4,"comment_status":"closed","ping_status":"closed","template":"","meta":{"footnotes":""},"class_list":["post-1048","page","type-page","status-publish","has-post-thumbnail","hentry"],"_links":{"self":[{"href":"https:\/\/kosztolanyigimnazium.hu\/index.php?rest_route=\/wp\/v2\/pages\/1048","targetHints":{"allow":["GET"]}}],"collection":[{"href":"https:\/\/kosztolanyigimnazium.hu\/index.php?rest_route=\/wp\/v2\/pages"}],"about":[{"href":"https:\/\/kosztolanyigimnazium.hu\/index.php?rest_route=\/wp\/v2\/types\/page"}],"author":[{"embeddable":true,"href":"https:\/\/kosztolanyigimnazium.hu\/index.php?rest_route=\/wp\/v2\/users\/1"}],"replies":[{"embeddable":true,"href":"https:\/\/kosztolanyigimnazium.hu\/index.php?rest_route=%2Fwp%2Fv2%2Fcomments&post=1048"}],"version-history":[{"count":2,"href":"https:\/\/kosztolanyigimnazium.hu\/index.php?rest_route=\/wp\/v2\/pages\/1048\/revisions"}],"predecessor-version":[{"id":1050,"href":"https:\/\/kosztolanyigimnazium.hu\/index.php?rest_route=\/wp\/v2\/pages\/1048\/revisions\/1050"}],"up":[{"embeddable":true,"href":"https:\/\/kosztolanyigimnazium.hu\/index.php?rest_route=\/wp\/v2\/pages\/332"}],"wp:featuredmedia":[{"embeddable":true,"href":"https:\/\/kosztolanyigimnazium.hu\/index.php?rest_route=\/wp\/v2\/media\/335"}],"wp:attachment":[{"href":"https:\/\/kosztolanyigimnazium.hu\/index.php?rest_route=%2Fwp%2Fv2%2Fmedia&parent=1048"}],"curies":[{"name":"wp","href":"https:\/\/api.w.org\/{rel}","templated":true}]}}