{"id":134,"date":"2019-04-16T07:07:15","date_gmt":"2019-04-16T07:07:15","guid":{"rendered":"http:\/\/localhost:8888\/?page_id=134"},"modified":"2022-08-29T13:03:45","modified_gmt":"2022-08-29T12:03:45","slug":"adatkezeles","status":"publish","type":"page","link":"https:\/\/kosztolanyigimnazium.hu\/?page_id=134","title":{"rendered":"Adatkezel\u00e9si Szab\u00e1lyzat"},"content":{"rendered":"\n<p>Adatkezel\u00e9si tiszts\u00e9gvisel\u0151: <strong>dr. Szab\u00f3 J\u00f3zsef Zolt\u00e1n<\/strong><\/p>\n\n\n\n<p>El\u00e9rhet\u0151s\u00e9g (email):&nbsp;<a rel=\"noreferrer noopener\" href=\"mailto:adatvedelem.kosztolanyi@kozepbudaitk.hu\" target=\"_blank\">adatvedelem.kosztolanyi@kozepbudaitk.hu<\/a><\/p>\n\n\n\n<div data-wp-interactive=\"core\/file\" class=\"wp-block-file\"><object data-wp-bind--hidden=\"!state.hasPdfPreview\" hidden class=\"wp-block-file__embed\" data=\"https:\/\/kosztolanyigimnazium.hu\/wp-content\/uploads\/2022\/08\/Adatkezelesi-szabalyzat_2022KDG.pdf\" type=\"application\/pdf\" style=\"width:100%;height:600px\" aria-label=\"Adatkezelesi-szabalyzat_2022KDG be\u00e1gyaz\u00e1sa be\u00e1gyaz\u00e1sa\"><\/object><a id=\"wp-block-file--media-f3e074e1-d21a-407d-8fae-014779d50f00\" href=\"https:\/\/kosztolanyigimnazium.hu\/wp-content\/uploads\/2022\/08\/Adatkezelesi-szabalyzat_2022KDG.pdf\">Adatkezelesi-szabalyzat_2022KDG<\/a><a href=\"https:\/\/kosztolanyigimnazium.hu\/wp-content\/uploads\/2022\/08\/Adatkezelesi-szabalyzat_2022KDG.pdf\" class=\"wp-block-file__button\" download aria-describedby=\"wp-block-file--media-f3e074e1-d21a-407d-8fae-014779d50f00\">Let\u00f6lt\u00e9s<\/a><\/div>\n","protected":false},"excerpt":{"rendered":"<p>Adatkezel\u00e9si tiszts\u00e9gvisel\u0151: dr. Szab\u00f3 J\u00f3zsef Zolt\u00e1n El\u00e9rhet\u0151s\u00e9g (email):&nbsp;adatvedelem.kosztolanyi@kozepbudaitk.hu<\/p>\n","protected":false},"author":1,"featured_media":704,"parent":620,"menu_order":0,"comment_status":"closed","ping_status":"closed","template":"","meta":{"footnotes":""},"class_list":["post-134","page","type-page","status-publish","has-post-thumbnail","hentry"],"_links":{"self":[{"href":"https:\/\/kosztolanyigimnazium.hu\/index.php?rest_route=\/wp\/v2\/pages\/134","targetHints":{"allow":["GET"]}}],"collection":[{"href":"https:\/\/kosztolanyigimnazium.hu\/index.php?rest_route=\/wp\/v2\/pages"}],"about":[{"href":"https:\/\/kosztolanyigimnazium.hu\/index.php?rest_route=\/wp\/v2\/types\/page"}],"author":[{"embeddable":true,"href":"https:\/\/kosztolanyigimnazium.hu\/index.php?rest_route=\/wp\/v2\/users\/1"}],"replies":[{"embeddable":true,"href":"https:\/\/kosztolanyigimnazium.hu\/index.php?rest_route=%2Fwp%2Fv2%2Fcomments&post=134"}],"version-history":[{"count":11,"href":"https:\/\/kosztolanyigimnazium.hu\/index.php?rest_route=\/wp\/v2\/pages\/134\/revisions"}],"predecessor-version":[{"id":3858,"href":"https:\/\/kosztolanyigimnazium.hu\/index.php?rest_route=\/wp\/v2\/pages\/134\/revisions\/3858"}],"up":[{"embeddable":true,"href":"https:\/\/kosztolanyigimnazium.hu\/index.php?rest_route=\/wp\/v2\/pages\/620"}],"wp:featuredmedia":[{"embeddable":true,"href":"https:\/\/kosztolanyigimnazium.hu\/index.php?rest_route=\/wp\/v2\/media\/704"}],"wp:attachment":[{"href":"https:\/\/kosztolanyigimnazium.hu\/index.php?rest_route=%2Fwp%2Fv2%2Fmedia&parent=134"}],"curies":[{"name":"wp","href":"https:\/\/api.w.org\/{rel}","templated":true}]}}