{"id":1394,"date":"2019-09-26T18:24:31","date_gmt":"2019-09-26T16:24:31","guid":{"rendered":"https:\/\/kosztolanyigimnazium.hu\/?page_id=1394"},"modified":"2022-11-24T22:25:58","modified_gmt":"2022-11-24T21:25:58","slug":"fogadoora","status":"publish","type":"page","link":"https:\/\/kosztolanyigimnazium.hu\/?page_id=1394","title":{"rendered":"Fogad\u00f3\u00f3ra"},"content":{"rendered":"\n<p>A&nbsp;&nbsp;KR\u00c9TA&nbsp;&nbsp;&nbsp;egy \u00fajabb modulj\u00e1val b\u0151v\u00fclt, amikor is a pedag\u00f3gusok fogad\u00f3\u00f3r\u00e1i l\u00e1that\u00f3ak.&nbsp;A&nbsp;&nbsp;KR\u00c9TA&nbsp;\u00d6n\u00f6knek levelet k\u00fcld, ha \u00fagy \u00e1ll\u00edtott\u00e1k be a felhaszn\u00e1l\u00f3i profiljukat, amikor egy pedag\u00f3gus be\u00e1ll\u00edt egy fogad\u00f3\u00f3r\u00e1t. Tudjuk, hogy sok levelet kapnak, ez\u00e9rt t\u00fcrelm\u00fcket \u00e9s meg\u00e9rt\u00e9s\u00fcket k\u00e9rj\u00fck.<\/p>\n\n\n\n<hr class=\"wp-block-separator has-css-opacity\"\/>\n\n\n\n<p><strong>A j\u00e1rv\u00e1ny\u00fcgyi helyzet miatt a napk\u00f6zbeni fogad\u00f3\u00f3r\u00e1k online zajlanak, k\u00e9rj\u00fck el\u0151zetesen egyeztessenek a pedag\u00f3gusokkal!<\/strong><\/p>\n\n\n\n<hr class=\"wp-block-separator has-css-opacity\"\/>\n\n\n\n<p>A fogad\u00f3\u00f3r\u00e1ra jelentkezni elektronikusan, a KR\u00c9TA e-ellen\u0151rz\u0151j\u00e9n&nbsp;a k\u00f6vetkez\u0151k\u00e9ppen lehet:<\/p>\n\n\n\n<p><strong>1.<\/strong> Be kell jelentkezni az e-ellen\u0151rz\u0151 fel\u00fclet\u00e9re.&nbsp;<a href=\"https:\/\/klik032347005.e-kreta.hu\/Adminisztracio\/Login\" class=\"ek-link\">KR\u00c9TA BEJELENTKEZ\u00c9S<\/a><br><strong>(Bel\u00e9pni a gondvisel\u0151i jogosults\u00e1ggal kell, mert a fel\u00fcleten csak \u00edgy jelenik meg a fogad\u00f3\u00f3ra men\u00fcpont!)<\/strong><\/p>\n\n\n\n<p><strong>2.<\/strong> Az Inform\u00e1ci\u00f3k men\u00fcpontj\u00e1ban kattintson r\u00e1 a Fogad\u00f3\u00f3ra elemre.<\/p>\n\n\n\n<p><strong>3.<\/strong> V\u00e1lassza ki a leny\u00edl\u00f3 men\u00fcb\u0151l azt a pedag\u00f3gust, akihez szeretne bejelentkezni.<\/p>\n\n\n\n<p><strong>4.<\/strong> A list\u00e1b\u00f3l a pedag\u00f3gus nev\u00e9t tartalmaz\u00f3 sor v\u00e9g\u00e9n tal\u00e1lhat\u00f3 \u201e<strong>JELENTKEZ\u00c9S<\/strong>\u201d gombra kattintva tudunk a megadott fogad\u00f3\u00f3r\u00e1ra jelentkezni. Amennyiben a pedag\u00f3gus az adott napon t\u00f6bb id\u0151s\u00e1vot is megjel\u00f6lt fogad\u00f3\u00f3r\u00e1ra, ebben az esetben leg\u00f6rd\u00fcl\u0151 men\u00fcb\u0151l v\u00e1laszthat\u00f3 ki a megfelel\u0151 id\u0151s\u00e1v.<\/p>\n\n\n\n<p><strong>5.<\/strong> A fogad\u00f3\u00f3ra t\u00f6rt\u00e9n\u0151 jelentkez\u00e9st k\u00f6vet\u0151en a sorv\u00e9gi z\u00f6ld sz\u00edn\u0171 <span style=\"background-color:#b5dcaf\" class=\"has-inline-background\">JELENTKEZ\u00c9S<\/span>-gomb \u00e1tv\u00e1lt piros sz\u00edn\u0171 <span style=\"background-color:#ffbfb5\" class=\"has-inline-background\">LEMOND\u00c1S<\/span>-gombra, amelyre kattintva lemondhatjuk a kor\u00e1bbi jelentkez\u00e9s\u00fcnket.<\/p>\n\n\n\n<hr class=\"wp-block-separator has-css-opacity\"\/>\n\n\n\n<p>B\u0151vebb felvil\u00e1gos\u00edt\u00e1s a&nbsp;<a href=\"https:\/\/tudasbazis.ekreta.hu\/pages\/viewpage.action?pageId=22675968\">https:\/\/tudasbazis.ekreta.hu\/pages\/viewpage.action?pageId=22675968<\/a>&nbsp;oldalon tal\u00e1lhat\u00f3.<\/p>\n\n\n\n<div data-wp-interactive=\"core\/file\" class=\"wp-block-file\"><object data-wp-bind--hidden=\"!state.hasPdfPreview\" hidden class=\"wp-block-file__embed\" data=\"https:\/\/kosztolanyigimnazium.hu\/wp-content\/uploads\/2022\/11\/a_.pdf\" type=\"application\/pdf\" style=\"width:100%;height:600px\" aria-label=\"fogad\u00f3 \u00f3r\u00e1k be\u00e1gyaz\u00e1sa\"><\/object><a id=\"wp-block-file--media-3bf21ac2-a641-4c16-87af-e02a9eba8672\" href=\"https:\/\/kosztolanyigimnazium.hu\/wp-content\/uploads\/2022\/11\/a_.pdf\">fogad\u00f3 \u00f3r\u00e1k<\/a><a href=\"https:\/\/kosztolanyigimnazium.hu\/wp-content\/uploads\/2022\/11\/a_.pdf\" class=\"wp-block-file__button wp-element-button\" download aria-describedby=\"wp-block-file--media-3bf21ac2-a641-4c16-87af-e02a9eba8672\">Let\u00f6lt\u00e9s<\/a><\/div>\n","protected":false},"excerpt":{"rendered":"<p>A&nbsp;&nbsp;KR\u00c9TA&nbsp;&nbsp;&nbsp;egy \u00fajabb modulj\u00e1val b\u0151v\u00fclt, amikor is a pedag\u00f3gusok fogad\u00f3\u00f3r\u00e1i l\u00e1that\u00f3ak.&nbsp;A&nbsp;&nbsp;KR\u00c9TA&nbsp;\u00d6n\u00f6knek levelet k\u00fcld, ha \u00fagy \u00e1ll\u00edtott\u00e1k be a felhaszn\u00e1l\u00f3i profiljukat, amikor egy pedag\u00f3gus be\u00e1ll\u00edt egy fogad\u00f3\u00f3r\u00e1t. Tudjuk, hogy sok levelet kapnak, ez\u00e9rt t\u00fcrelm\u00fcket \u00e9s meg\u00e9rt\u00e9s\u00fcket k\u00e9rj\u00fck. A j\u00e1rv\u00e1ny\u00fcgyi helyzet miatt a <a href=\"https:\/\/kosztolanyigimnazium.hu\/?page_id=1394\" class=\"read-more\">Olvass tov\u00e1bb&#8230;<\/a><\/p>\n","protected":false},"author":1,"featured_media":727,"parent":235,"menu_order":0,"comment_status":"closed","ping_status":"closed","template":"","meta":{"footnotes":""},"class_list":["post-1394","page","type-page","status-publish","has-post-thumbnail","hentry"],"_links":{"self":[{"href":"https:\/\/kosztolanyigimnazium.hu\/index.php?rest_route=\/wp\/v2\/pages\/1394","targetHints":{"allow":["GET"]}}],"collection":[{"href":"https:\/\/kosztolanyigimnazium.hu\/index.php?rest_route=\/wp\/v2\/pages"}],"about":[{"href":"https:\/\/kosztolanyigimnazium.hu\/index.php?rest_route=\/wp\/v2\/types\/page"}],"author":[{"embeddable":true,"href":"https:\/\/kosztolanyigimnazium.hu\/index.php?rest_route=\/wp\/v2\/users\/1"}],"replies":[{"embeddable":true,"href":"https:\/\/kosztolanyigimnazium.hu\/index.php?rest_route=%2Fwp%2Fv2%2Fcomments&post=1394"}],"version-history":[{"count":3,"href":"https:\/\/kosztolanyigimnazium.hu\/index.php?rest_route=\/wp\/v2\/pages\/1394\/revisions"}],"predecessor-version":[{"id":4266,"href":"https:\/\/kosztolanyigimnazium.hu\/index.php?rest_route=\/wp\/v2\/pages\/1394\/revisions\/4266"}],"up":[{"embeddable":true,"href":"https:\/\/kosztolanyigimnazium.hu\/index.php?rest_route=\/wp\/v2\/pages\/235"}],"wp:featuredmedia":[{"embeddable":true,"href":"https:\/\/kosztolanyigimnazium.hu\/index.php?rest_route=\/wp\/v2\/media\/727"}],"wp:attachment":[{"href":"https:\/\/kosztolanyigimnazium.hu\/index.php?rest_route=%2Fwp%2Fv2%2Fmedia&parent=1394"}],"curies":[{"name":"wp","href":"https:\/\/api.w.org\/{rel}","templated":true}]}}