{"id":148,"date":"2019-04-16T07:14:39","date_gmt":"2019-04-16T07:14:39","guid":{"rendered":"http:\/\/localhost:8888\/?page_id=148"},"modified":"2024-04-10T08:10:34","modified_gmt":"2024-04-10T07:10:34","slug":"panaszkezelesi-eljaras","status":"publish","type":"page","link":"https:\/\/kosztolanyigimnazium.hu\/?page_id=148","title":{"rendered":"Panaszkezel\u00e9si Elj\u00e1r\u00e1s"},"content":{"rendered":"\n<div data-wp-interactive=\"core\/file\" class=\"wp-block-file\"><object data-wp-bind--hidden=\"!state.hasPdfPreview\" hidden class=\"wp-block-file__embed\" data=\"https:\/\/kosztolanyigimnazium.hu\/wp-content\/uploads\/2024\/04\/Panaszkezelesi-eljarasrend_2023_KDG.pdf\" type=\"application\/pdf\" style=\"width:100%;height:600px\" aria-label=\"Kosztol\u00e1nyi Dezs\u0151 Gimn\u00e1zium - Panaszkezel\u00e9si elj\u00e1r\u00e1s:  be\u00e1gyaz\u00e1sa\"><\/object><a id=\"wp-block-file--media-c59938bc-383b-4aff-bfc9-c2af78f59900\" href=\"https:\/\/kosztolanyigimnazium.hu\/wp-content\/uploads\/2024\/04\/Panaszkezelesi-eljarasrend_2023_KDG.pdf\">Kosztol\u00e1nyi Dezs\u0151 Gimn\u00e1zium &#8211; Panaszkezel\u00e9si elj\u00e1r\u00e1s: <\/a><a href=\"https:\/\/kosztolanyigimnazium.hu\/wp-content\/uploads\/2024\/04\/Panaszkezelesi-eljarasrend_2023_KDG.pdf\" class=\"wp-block-file__button wp-element-button\" download aria-describedby=\"wp-block-file--media-c59938bc-383b-4aff-bfc9-c2af78f59900\">Let\u00f6lt\u00e9s<\/a><\/div>\n","protected":false},"excerpt":{"rendered":"","protected":false},"author":1,"featured_media":0,"parent":130,"menu_order":0,"comment_status":"closed","ping_status":"closed","template":"","meta":{"footnotes":""},"class_list":["post-148","page","type-page","status-publish","hentry"],"_links":{"self":[{"href":"https:\/\/kosztolanyigimnazium.hu\/index.php?rest_route=\/wp\/v2\/pages\/148","targetHints":{"allow":["GET"]}}],"collection":[{"href":"https:\/\/kosztolanyigimnazium.hu\/index.php?rest_route=\/wp\/v2\/pages"}],"about":[{"href":"https:\/\/kosztolanyigimnazium.hu\/index.php?rest_route=\/wp\/v2\/types\/page"}],"author":[{"embeddable":true,"href":"https:\/\/kosztolanyigimnazium.hu\/index.php?rest_route=\/wp\/v2\/users\/1"}],"replies":[{"embeddable":true,"href":"https:\/\/kosztolanyigimnazium.hu\/index.php?rest_route=%2Fwp%2Fv2%2Fcomments&post=148"}],"version-history":[{"count":4,"href":"https:\/\/kosztolanyigimnazium.hu\/index.php?rest_route=\/wp\/v2\/pages\/148\/revisions"}],"predecessor-version":[{"id":4767,"href":"https:\/\/kosztolanyigimnazium.hu\/index.php?rest_route=\/wp\/v2\/pages\/148\/revisions\/4767"}],"up":[{"embeddable":true,"href":"https:\/\/kosztolanyigimnazium.hu\/index.php?rest_route=\/wp\/v2\/pages\/130"}],"wp:attachment":[{"href":"https:\/\/kosztolanyigimnazium.hu\/index.php?rest_route=%2Fwp%2Fv2%2Fmedia&parent=148"}],"curies":[{"name":"wp","href":"https:\/\/api.w.org\/{rel}","templated":true}]}}