{"id":157,"date":"2019-04-16T07:19:46","date_gmt":"2019-04-16T07:19:46","guid":{"rendered":"http:\/\/localhost:8888\/?page_id=157"},"modified":"2024-04-10T08:05:54","modified_gmt":"2024-04-10T07:05:54","slug":"szervezeti-es-mukodesi-szabalyzat","status":"publish","type":"page","link":"https:\/\/kosztolanyigimnazium.hu\/?page_id=157","title":{"rendered":"Szervezeti \u00e9s M\u0171k\u00f6d\u00e9si Szab\u00e1lyzat"},"content":{"rendered":"\n<div class=\"wp-block-file\"><a id=\"wp-block-file--media-804a03f8-466a-4fd3-901f-090bd4b2d75f\" href=\"https:\/\/kosztolanyigimnazium.hu\/wp-content\/uploads\/2023\/fontos\/KDG_szmsz_2023_12_20_kicsi-signed.pdf\" target=\"_blank\" rel=\"noreferrer noopener\">Szervezeti \u00e9s M\u0171k\u0151d\u00e9si Szab\u00e1lyzat<\/a><a href=\"https:\/\/kosztolanyigimnazium.hu\/wp-content\/uploads\/2023\/fontos\/KDG_szmsz_2023_12_20_kicsi-signed.pdf\" class=\"wp-block-file__button wp-element-button\" download aria-describedby=\"wp-block-file--media-804a03f8-466a-4fd3-901f-090bd4b2d75f\">Let\u00f6lt\u00e9s<\/a><\/div>\n\n\n\n<h2 class=\"wp-block-heading\">Mell\u00e9kletek:<\/h2>\n\n\n\n<div class=\"wp-block-file\"><a id=\"wp-block-file--media-e2bd2f04-c98b-424d-82c1-521f95eb6609\" href=\"https:\/\/kosztolanyigimnazium.hu\/wp-content\/uploads\/2019\/08\/kdg-szmsz-2sz-melleklet-konyvtari-mukodesi-szabalyzat-2018.pdf\">2.sz mell\u00e9klet: K\u00f6nyvt\u00e1ri m\u0171k\u00f6d\u00e9si szab\u00e1lyzat<\/a><a href=\"https:\/\/kosztolanyigimnazium.hu\/wp-content\/uploads\/2019\/08\/kdg-szmsz-2sz-melleklet-konyvtari-mukodesi-szabalyzat-2018.pdf\" class=\"wp-block-file__button wp-element-button\" download aria-describedby=\"wp-block-file--media-e2bd2f04-c98b-424d-82c1-521f95eb6609\">Let\u00f6lt\u00e9s<\/a><\/div>\n\n\n\n<div class=\"wp-block-file\"><a id=\"wp-block-file--media-3c4f0cf4-02e2-43a9-8f35-204503f08706\" href=\"https:\/\/kosztolanyigimnazium.hu\/wp-content\/uploads\/2019\/08\/kdg-szmsz-3sz-melleklet-konyvtar-gyujtokori-szabalyzata-2018.pdf\">3.sz mell\u00e9klet: K\u00f6nyvt\u00e1r gy\u0171jt\u0151k\u00f6ri szab\u00e1lyzata<\/a><a href=\"https:\/\/kosztolanyigimnazium.hu\/wp-content\/uploads\/2019\/08\/kdg-szmsz-3sz-melleklet-konyvtar-gyujtokori-szabalyzata-2018.pdf\" class=\"wp-block-file__button wp-element-button\" download aria-describedby=\"wp-block-file--media-3c4f0cf4-02e2-43a9-8f35-204503f08706\">Let\u00f6lt\u00e9s<\/a><\/div>\n\n\n\n<div class=\"wp-block-file\"><a id=\"wp-block-file--media-fe1f0630-0cf0-41a9-99cc-17934c60a841\" href=\"https:\/\/kosztolanyigimnazium.hu\/wp-content\/uploads\/2019\/08\/kdg-szmsz-4sz-melleklet-konyvtarhasznalati-szabalyzat-2018.pdf\">4.sz mell\u00e9klet: K\u00f6nyvt\u00e1rhaszn\u00e1lati szab\u00e1lyzat<\/a><a href=\"https:\/\/kosztolanyigimnazium.hu\/wp-content\/uploads\/2019\/08\/kdg-szmsz-4sz-melleklet-konyvtarhasznalati-szabalyzat-2018.pdf\" class=\"wp-block-file__button wp-element-button\" download aria-describedby=\"wp-block-file--media-fe1f0630-0cf0-41a9-99cc-17934c60a841\">Let\u00f6lt\u00e9s<\/a><\/div>\n\n\n\n<div class=\"wp-block-file\"><a id=\"wp-block-file--media-878fa884-c8a0-4d0b-863a-7007820d753f\" href=\"https:\/\/kosztolanyigimnazium.hu\/wp-content\/uploads\/2019\/08\/kdg-szmsz-5sz-melleklet-tankonyvtar-es-tartoskonyvek-szabalyzata-2018.pdf\">5.sz mell\u00e9klet: Tank\u00f6nyvt\u00e1r \u00e9s tart\u00f3sk\u00f6nyvek szab\u00e1lyzata<\/a><a href=\"https:\/\/kosztolanyigimnazium.hu\/wp-content\/uploads\/2019\/08\/kdg-szmsz-5sz-melleklet-tankonyvtar-es-tartoskonyvek-szabalyzata-2018.pdf\" class=\"wp-block-file__button wp-element-button\" download aria-describedby=\"wp-block-file--media-878fa884-c8a0-4d0b-863a-7007820d753f\">Let\u00f6lt\u00e9s<\/a><\/div>\n\n\n\n<div class=\"wp-block-file\"><a id=\"wp-block-file--media-d0e7789f-a376-4a64-b427-e13098b79d33\" href=\"https:\/\/kosztolanyigimnazium.hu\/wp-content\/uploads\/2019\/08\/kdg-szmsz-6sz-melleklet-belyegzohasznalati-szabalyzat-2018.pdf\">6.sz mell\u00e9klet: B\u00e9lyegz\u0151haszn\u00e1lati szab\u00e1lyzat<\/a><a href=\"https:\/\/kosztolanyigimnazium.hu\/wp-content\/uploads\/2019\/08\/kdg-szmsz-6sz-melleklet-belyegzohasznalati-szabalyzat-2018.pdf\" class=\"wp-block-file__button wp-element-button\" download aria-describedby=\"wp-block-file--media-d0e7789f-a376-4a64-b427-e13098b79d33\">Let\u00f6lt\u00e9s<\/a><\/div>\n\n\n\n<div class=\"wp-block-file\"><a id=\"wp-block-file--media-663b9b96-e4f0-450a-86e5-590251b8ee3b\" href=\"https:\/\/kosztolanyigimnazium.hu\/wp-content\/uploads\/2019\/08\/kdg-szmsz-7sz-melleklet-dok-2018.pdf\">7.sz mell\u00e9klet: D\u00d6K<\/a><a href=\"https:\/\/kosztolanyigimnazium.hu\/wp-content\/uploads\/2019\/08\/kdg-szmsz-7sz-melleklet-dok-2018.pdf\" class=\"wp-block-file__button wp-element-button\" download aria-describedby=\"wp-block-file--media-663b9b96-e4f0-450a-86e5-590251b8ee3b\">Let\u00f6lt\u00e9s<\/a><\/div>\n\n\n\n<div class=\"wp-block-file\"><a id=\"wp-block-file--media-79247d24-ee43-470d-ad7e-c689e0ea4543\" href=\"https:\/\/kosztolanyigimnazium.hu\/wp-content\/uploads\/2019\/08\/kdg-szmsz-8sz-melleklet-szaktantermi-rendek-2018.pdf\">8.sz mell\u00e9klet: Szaktantermi rendek<\/a><a href=\"https:\/\/kosztolanyigimnazium.hu\/wp-content\/uploads\/2019\/08\/kdg-szmsz-8sz-melleklet-szaktantermi-rendek-2018.pdf\" class=\"wp-block-file__button wp-element-button\" download aria-describedby=\"wp-block-file--media-79247d24-ee43-470d-ad7e-c689e0ea4543\">Let\u00f6lt\u00e9s<\/a><\/div>\n\n\n\n<div class=\"wp-block-file\"><a id=\"wp-block-file--media-deb8f517-fc85-44ff-9f5e-ccdc4284feda\" href=\"https:\/\/kosztolanyigimnazium.hu\/wp-content\/uploads\/2019\/08\/kdg-szmsz-9a-melleklet-pedagogus-munkakori-2018.pdf\">9\/a mell\u00e9klet: Pedag\u00f3gus munkak\u00f6ri<\/a><a href=\"https:\/\/kosztolanyigimnazium.hu\/wp-content\/uploads\/2019\/08\/kdg-szmsz-9a-melleklet-pedagogus-munkakori-2018.pdf\" class=\"wp-block-file__button wp-element-button\" download aria-describedby=\"wp-block-file--media-deb8f517-fc85-44ff-9f5e-ccdc4284feda\">Let\u00f6lt\u00e9s<\/a><\/div>\n\n\n\n<div class=\"wp-block-file\"><a id=\"wp-block-file--media-b2489b65-addc-47f9-8dcd-c8f92578a392\" href=\"https:\/\/kosztolanyigimnazium.hu\/wp-content\/uploads\/2019\/08\/kdg-szmsz-9b-melleklet-noks-munkakori-2018.pdf\">9\/b mell\u00e9klet: NOKS munkak\u00f6ri<\/a><a href=\"https:\/\/kosztolanyigimnazium.hu\/wp-content\/uploads\/2019\/08\/kdg-szmsz-9b-melleklet-noks-munkakori-2018.pdf\" class=\"wp-block-file__button wp-element-button\" download aria-describedby=\"wp-block-file--media-b2489b65-addc-47f9-8dcd-c8f92578a392\">Let\u00f6lt\u00e9s<\/a><\/div>\n\n\n\n<div class=\"wp-block-file\"><a id=\"wp-block-file--media-d6332730-063c-493b-a8d8-1f86a341cd41\" href=\"https:\/\/kosztolanyigimnazium.hu\/wp-content\/uploads\/2019\/08\/kdg-szmsz-9c-melleklet-iskolai-konyvtaros-2018.pdf\">9\/c mell\u00e9klet: Iskolai k\u00f6nyvt\u00e1ros<\/a><a href=\"https:\/\/kosztolanyigimnazium.hu\/wp-content\/uploads\/2019\/08\/kdg-szmsz-9c-melleklet-iskolai-konyvtaros-2018.pdf\" class=\"wp-block-file__button wp-element-button\" download aria-describedby=\"wp-block-file--media-d6332730-063c-493b-a8d8-1f86a341cd41\">Let\u00f6lt\u00e9s<\/a><\/div>\n\n\n\n<div class=\"wp-block-file\"><a id=\"wp-block-file--media-95cd299b-8174-467c-8ac2-b50b6f502dea\" href=\"https:\/\/kosztolanyigimnazium.hu\/wp-content\/uploads\/2019\/08\/kdg-szmsz-10sz-melleklet-iratkezelesi-szabalyzat-2018.pdf\">10.sz mell\u00e9klet: Iratkezel\u00e9si szab\u00e1lyzat<\/a><a href=\"https:\/\/kosztolanyigimnazium.hu\/wp-content\/uploads\/2019\/08\/kdg-szmsz-10sz-melleklet-iratkezelesi-szabalyzat-2018.pdf\" class=\"wp-block-file__button wp-element-button\" download aria-describedby=\"wp-block-file--media-95cd299b-8174-467c-8ac2-b50b6f502dea\">Let\u00f6lt\u00e9s<\/a><\/div>\n\n\n\n<div class=\"wp-block-file\"><a id=\"wp-block-file--media-6467038f-2a64-43ed-a098-94feea146ee7\" href=\"https:\/\/kosztolanyigimnazium.hu\/wp-content\/uploads\/2019\/08\/kdg-szmsz-11sz-melleklet-ugyviteli-szabalyzat-2018.pdf\">11.sz mell\u00e9klet: \u00dcgyviteli szab\u00e1lyzat<\/a><a href=\"https:\/\/kosztolanyigimnazium.hu\/wp-content\/uploads\/2019\/08\/kdg-szmsz-11sz-melleklet-ugyviteli-szabalyzat-2018.pdf\" class=\"wp-block-file__button wp-element-button\" download aria-describedby=\"wp-block-file--media-6467038f-2a64-43ed-a098-94feea146ee7\">Let\u00f6lt\u00e9s<\/a><\/div>\n\n\n\n<div class=\"wp-block-file\"><a id=\"wp-block-file--media-5919a08f-a417-497b-a6a7-48e5718815bf\" href=\"https:\/\/kosztolanyigimnazium.hu\/wp-content\/uploads\/2024\/04\/KDG-Panaszkezelesi-szabalyzat-2024_04_09.pdf\">12. sz. mell\u00e9klet: Panaszkezelesi szabalyzat<\/a><a href=\"https:\/\/kosztolanyigimnazium.hu\/wp-content\/uploads\/2024\/04\/KDG-Panaszkezelesi-szabalyzat-2024_04_09.pdf\" class=\"wp-block-file__button wp-element-button\" download aria-describedby=\"wp-block-file--media-5919a08f-a417-497b-a6a7-48e5718815bf\">Let\u00f6lt\u00e9s<\/a><\/div>\n\n\n\n<div class=\"wp-block-file\"><a id=\"wp-block-file--media-4c08d7c3-034d-45ba-8990-81a8b394c702\" href=\"https:\/\/kosztolanyigimnazium.hu\/wp-content\/uploads\/2023\/fontos\/adat%20szab%20KDG.pdf\">13.sz mell\u00e9klet: Adatkezelesi-szabalyzat<\/a><a href=\"https:\/\/kosztolanyigimnazium.hu\/wp-content\/uploads\/2023\/fontos\/adat%20szab%20KDG.pdf\" class=\"wp-block-file__button wp-element-button\" download aria-describedby=\"wp-block-file--media-4c08d7c3-034d-45ba-8990-81a8b394c702\">Let\u00f6lt\u00e9s<\/a><\/div>\n","protected":false},"excerpt":{"rendered":"<p>Szervezeti \u00e9s M\u0171k\u0151d\u00e9si Szab\u00e1lyzatLet\u00f6lt\u00e9s Mell\u00e9kletek:<\/p>\n","protected":false},"author":1,"featured_media":0,"parent":130,"menu_order":0,"comment_status":"closed","ping_status":"closed","template":"","meta":{"footnotes":""},"class_list":["post-157","page","type-page","status-publish","hentry"],"_links":{"self":[{"href":"https:\/\/kosztolanyigimnazium.hu\/index.php?rest_route=\/wp\/v2\/pages\/157","targetHints":{"allow":["GET"]}}],"collection":[{"href":"https:\/\/kosztolanyigimnazium.hu\/index.php?rest_route=\/wp\/v2\/pages"}],"about":[{"href":"https:\/\/kosztolanyigimnazium.hu\/index.php?rest_route=\/wp\/v2\/types\/page"}],"author":[{"embeddable":true,"href":"https:\/\/kosztolanyigimnazium.hu\/index.php?rest_route=\/wp\/v2\/users\/1"}],"replies":[{"embeddable":true,"href":"https:\/\/kosztolanyigimnazium.hu\/index.php?rest_route=%2Fwp%2Fv2%2Fcomments&post=157"}],"version-history":[{"count":15,"href":"https:\/\/kosztolanyigimnazium.hu\/index.php?rest_route=\/wp\/v2\/pages\/157\/revisions"}],"predecessor-version":[{"id":4922,"href":"https:\/\/kosztolanyigimnazium.hu\/index.php?rest_route=\/wp\/v2\/pages\/157\/revisions\/4922"}],"up":[{"embeddable":true,"href":"https:\/\/kosztolanyigimnazium.hu\/index.php?rest_route=\/wp\/v2\/pages\/130"}],"wp:attachment":[{"href":"https:\/\/kosztolanyigimnazium.hu\/index.php?rest_route=%2Fwp%2Fv2%2Fmedia&parent=157"}],"curies":[{"name":"wp","href":"https:\/\/api.w.org\/{rel}","templated":true}]}}