{"id":162,"date":"2019-04-16T07:40:43","date_gmt":"2019-04-16T07:40:43","guid":{"rendered":"http:\/\/localhost:8888\/?page_id=162"},"modified":"2019-04-16T07:40:44","modified_gmt":"2019-04-16T07:40:44","slug":"tanev-rendje-2014-2015","status":"publish","type":"page","link":"https:\/\/kosztolanyigimnazium.hu\/?page_id=162","title":{"rendered":"Tan\u00e9v rendje 2014\/2015"},"content":{"rendered":"\n<table>\n\t<thead>\n\t\t<tr>\n\t\t\t<th>\n\t\t\t\tD\u00e1tum<\/th>\n\t\t\t<th>\n\t\t\t\tNap<\/th>\n\t\t\t<th>\n\t\t\t\tEsem\u00e9ny<\/th>\n\t\t<\/tr>\n\t<\/thead>\n\t<tbody>\n\t\t<tr>\n\t\t\t<td colspan=\"3\">\n\t\t\t\t<strong>Augusztus<\/strong><\/td>\n\t\t<\/tr>\n\t\t<tr>\n\t\t\t<td>\n\t\t\t\t<em>25-29.<\/em><\/td>\n\t\t\t<td>\n\t\t\t\th\u00e9tf\u0151-p\u00e9ntek<\/td>\n\t\t\t<td>\n\t\t\t\tTank\u00f6nyvek \u00e1tad\u00e1sa<\/td>\n\t\t<\/tr>\n\t\t<tr>\n\t\t\t<td>\n\t\t\t\t<em>26-27.<\/em><\/td>\n\t\t\t<td>\n\t\t\t\tkedd-szerda<\/td>\n\t\t\t<td>\n\t\t\t\tJav\u00edt\u00f3- \u00e9s oszt\u00e1lyoz\u00f3 vizsg\u00e1k<\/td>\n\t\t<\/tr>\n\t\t<tr>\n\t\t\t<td>\n\t\t\t\t<em>27.<\/em><\/td>\n\t\t\t<td>\n\t\t\t\tszerda<\/td>\n\t\t\t<td>\n\t\t\t\tSz\u00fcl\u0151i \u00e9rtekezlet&nbsp; 5. \u00e9vfolyam<\/td>\n\t\t<\/tr>\n\t\t<tr>\n\t\t\t<td colspan=\"3\">\n\t\t\t\t<strong>Szeptember<\/strong><\/td>\n\t\t<\/tr>\n\t\t<tr>\n\t\t\t<td>\n\t\t\t\t<em>1.<\/em><\/td>\n\t\t\t<td>\n\t\t\t\th\u00e9tf\u0151<\/td>\n\t\t\t<td>\n\t\t\t\tTan\u00e9vnyit\u00f3 \u00fcnnep\u00e9ly<\/td>\n\t\t<\/tr>\n\t\t<tr>\n\t\t\t<td>\n\t\t\t\t<em>1-4.<\/em><\/td>\n\t\t\t<td>\n\t\t\t\th\u00e9tf\u0151-cs\u00fct\u00f6rt\u00f6k<\/td>\n\t\t\t<td>\n\t\t\t\tTank\u00f6nyvek \u00e1tad\u00e1sa<\/td>\n\t\t<\/tr>\n\t\t<tr>\n\t\t\t<td>\n\t\t\t\t<em>2-4.<\/em><\/td>\n\t\t\t<td>\n\t\t\t\tkedd-cs\u00fct\u00f6rt\u00f6k<\/td>\n\t\t\t<td>\n\t\t\t\tKir\u00e1ndul\u00e1s 11.a (G\u00e1rdony)<\/td>\n\t\t<\/tr>\n\t\t<tr>\n\t\t\t<td>\n\t\t\t\t<em>2-5.<\/em><\/td>\n\t\t\t<td>\n\t\t\t\tkedd-p\u00e9ntek<\/td>\n\t\t\t<td>\n\t\t\t\tKir\u00e1ndul\u00e1s Pr\u00e1g\u00e1ba 12.a-b<\/td>\n\t\t<\/tr>\n\t\t<tr>\n\t\t\t<td>\n\t\t\t\t<em>3-5.<\/em><\/td>\n\t\t\t<td>\n\t\t\t\tszerda-p\u00e9ntek<\/td>\n\t\t\t<td>\n\t\t\t\tKir\u00e1ndul\u00e1s Kom\u00e1romba 12.c<\/td>\n\t\t<\/tr>\n\t\t<tr>\n\t\t\t<td>\n\t\t\t\t<em>4.<\/em><\/td>\n\t\t\t<td>\n\t\t\t\tcs\u00fct\u00f6rt\u00f6k<\/td>\n\t\t\t<td>\n\t\t\t\tEg\u00e9szs\u00e9gv\u00e9delmi nap<\/td>\n\t\t<\/tr>\n\t\t<tr>\n\t\t\t<td>\n\t\t\t\t<em>5.<\/em><\/td>\n\t\t\t<td>\n\t\t\t\tcs\u00fct\u00f6rt\u00f6k<\/td>\n\t\t\t<td>\n\t\t\t\tJelentkez\u00e9s az \u0151szi \u00e9retts\u00e9gire<\/td>\n\t\t<\/tr>\n\t\t<tr>\n\t\t\t<td>\n\t\t\t\t<em>10.<\/em><\/td>\n\t\t\t<td>\n\t\t\t\tszerda<\/td>\n\t\t\t<td>\n\t\t\t\tSZMK a r\u00e9gi sz\u00fcl\u0151kkel 17:00<\/td>\n\t\t<\/tr>\n\t\t<tr>\n\t\t\t<td>\n\t\t\t\t<em>15 &#8211; okt\u00f3ber 10.<\/em><\/td>\n\t\t\t<td>\n\t\t\t\th\u00e9tf\u0151-p\u00e9ntek<\/td>\n\t\t\t<td>\n\t\t\t\tTeremdekor\u00e1ci\u00f3s verseny<\/td>\n\t\t<\/tr>\n\t\t<tr>\n\t\t\t<td>\n\t\t\t\t<em>17.<\/em><\/td>\n\t\t\t<td>\n\t\t\t\tszerda<\/td>\n\t\t\t<td>\n\t\t\t\tSz\u00fcl\u0151i \u00e9rtekezlet&nbsp; 6-12. \u00e9vf.<\/td>\n\t\t<\/tr>\n\t\t<tr>\n\t\t\t<td>\n\t\t\t\t<em>19.<\/em><\/td>\n\t\t\t<td>\n\t\t\t\tp\u00e9ntek<\/td>\n\t\t\t<td>\n\t\t\t\tJelentkez\u00e9s OKTV-re<\/td>\n\t\t<\/tr>\n\t\t<tr>\n\t\t\t<td>\n\t\t\t\t<em>24.<\/em><\/td>\n\t\t\t<td>\n\t\t\t\tszerda<\/td>\n\t\t\t<td>\n\t\t\t\tSZMK alakul\u00f3 \u00e9rtekezlet 17.00<\/td>\n\t\t<\/tr>\n\t\t<tr>\n\t\t\t<td colspan=\"3\">\n\t\t\t\t<strong>Okt\u00f3ber<\/strong><\/td>\n\t\t<\/tr>\n\t\t<tr>\n\t\t\t<td>\n\t\t\t\t<em>1.<\/em><\/td>\n\t\t\t<td>\n\t\t\t\tszerda<\/td>\n\t\t\t<td>\n\t\t\t\tMegeml\u00e9kez\u00e9s az Aradi v\u00e9rtan\u00fakr\u00f3l<\/td>\n\t\t<\/tr>\n\t\t<tr>\n\t\t\t<td>\n\t\t\t\t<em>2.<\/em><\/td>\n\t\t\t<td>\n\t\t\t\tcs\u00fct\u00f6rt\u00f6k<\/td>\n\t\t\t<td>\n\t\t\t\t<ul>\n\t\t\t\t\t<li>\n\t\t\t\t\t\tCsibeb\u00e1l 14:00<\/li>\n\t\t\t\t\t<li>\n\t\t\t\t\t\tG\u00f3lyab\u00e1l 17:00<\/li>\n\t\t\t\t<\/ul>\n\t\t\t<\/td>\n\t\t<\/tr>\n\t\t<tr>\n\t\t\t<td>\n\t\t\t\t<em>6-17.<\/em><\/td>\n\t\t\t<td>\n\t\t\t\th\u00e9tf\u0151-p\u00e9ntek<\/td>\n\t\t\t<td>\n\t\t\t\tPap\u00edrgy\u0171jt\u00e9s<\/td>\n\t\t<\/tr>\n\t\t<tr>\n\t\t\t<td>\n\t\t\t\t<em>8.<\/em><\/td>\n\t\t\t<td>\n\t\t\t\tszerda<\/td>\n\t\t\t<td>\n\t\t\t\tSz\u00fcl\u0151i \u00e9rtekezlet 5. \u00e9vfolyam<\/td>\n\t\t<\/tr>\n\t\t<tr>\n\t\t\t<td>\n\t\t\t\t<em>10-27.<\/em><\/td>\n\t\t\t<td>\n\t\t\t\tp\u00e9ntek-h\u00e9tf\u0151<\/td>\n\t\t\t<td>\n\t\t\t\t\u0150szi \u00edr\u00e1sbeli \u00e9retts\u00e9gi<\/td>\n\t\t<\/tr>\n\t\t<tr>\n\t\t\t<td>\n\t\t\t\t<em>13-2014. janu\u00e1r 30.<\/em><\/td>\n\t\t\t<td>\n\t\t\t\th\u00e9tf\u0151-p\u00e9ntek<\/td>\n\t\t\t<td>\n\t\t\t\tOKTV<\/td>\n\t\t<\/tr>\n\t\t<tr>\n\t\t\t<td>\n\t\t\t\t<em>13-17.<\/em><\/td>\n\t\t\t<td>\n\t\t\t\th\u00e9tf\u0151-p\u00e9ntek<\/td>\n\t\t\t<td>\n\t\t\t\t<a href=\"content\/budapest-13-17102014.html\">Comenius program &#8211; Budapest<\/a><\/td>\n\t\t<\/tr>\n\t\t<tr>\n\t\t\t<td>\n\t\t\t\t<em>17-22.<\/em><\/td>\n\t\t\t<td>\n\t\t\t\tp\u00e9ntek-szerda<\/td>\n\t\t\t<td>\n\t\t\t\tFranciaorsz\u00e1gi tanulm\u00e1nyi \u00fat<\/td>\n\t\t<\/tr>\n\t\t<tr>\n\t\t\t<td>\n\t\t\t\t<em>18.<\/em><\/td>\n\t\t\t<td>\n\t\t\t\tszombat<\/td>\n\t\t\t<td>\n\t\t\t\tOrsz\u00e1gos munkanap (2014.10.24.)<\/td>\n\t\t<\/tr>\n\t\t<tr>\n\t\t\t<td>\n\t\t\t\t<em>22.<\/em><\/td>\n\t\t\t<td>\n\t\t\t\tszerda<\/td>\n\t\t\t<td>\n\t\t\t\tMegeml\u00e9kez\u00e9s 1956. okt\u00f3ber 23.<br \/>\n\t\t\t\t\u0150szi sz\u00fcnet el\u00f6tti utols\u00f3 tan\u00edt\u00e1si nap<\/td>\n\t\t<\/tr>\n\t\t<tr>\n\t\t\t<td>\n\t\t\t\t<em>24.<\/em><\/td>\n\t\t\t<td>\n\t\t\t\tp\u00e9ntek<\/td>\n\t\t\t<td>\n\t\t\t\tOrsz\u00e1gos pihen\u0151nap (2014.10.18.)<\/td>\n\t\t<\/tr>\n\t\t<tr>\n\t\t\t<td colspan=\"3\">\n\t\t\t\t<strong>November<\/strong><\/td>\n\t\t<\/tr>\n\t\t<tr>\n\t\t\t<td>\n\t\t\t\t<em>3.<\/em><\/td>\n\t\t\t<td>\n\t\t\t\th\u00e9tf\u0151<\/td>\n\t\t\t<td>\n\t\t\t\t\u0150szi sz\u00fcnet ut\u00e1ni els\u0151 tan\u00edt\u00e1si nap<\/td>\n\t\t<\/tr>\n\t\t<tr>\n\t\t\t<td>\n\t\t\t\t<em>5.<\/em><\/td>\n\t\t\t<td>\n\t\t\t\tszerda<\/td>\n\t\t\t<td>\n\t\t\t\tNegyed\u00e9ves \u00e9rt\u00e9kel\u00e9s<\/td>\n\t\t<\/tr>\n\t\t<tr>\n\t\t\t<td>\n\t\t\t\t<em>6-10.<\/em><\/td>\n\t\t\t<td>\n\t\t\t\tcs\u00fct\u00f6rt\u00f6k-h\u00e9tf\u0151<\/td>\n\t\t\t<td>\n\t\t\t\t\u0150szi emelt szint\u0171 sz\u00f3beli \u00e9retts\u00e9gi<\/td>\n\t\t<\/tr>\n\t\t<tr>\n\t\t\t<td>\n\t\t\t\t<em>17-22.<\/em><\/td>\n\t\t\t<td>\n\t\t\t\th\u00e9tf\u0151-szombat<\/td>\n\t\t\t<td>\n\t\t\t\t\u0150szi k\u00f6z\u00e9pszint\u0171 sz\u00f3beli \u00e9retts\u00e9gi<\/td>\n\t\t<\/tr>\n\t\t<tr>\n\t\t\t<td>\n\t\t\t\t<em>19.<\/em><\/td>\n\t\t\t<td>\n\t\t\t\tszerda<\/td>\n\t\t\t<td>\n\t\t\t\tFogad\u00f3 \u00f3ra (hum\u00e1n, id. nyelv) 17:00 &#8211; 19:00<\/td>\n\t\t<\/tr>\n\t\t<tr>\n\t\t\t<td>\n\t\t\t\t<em>26.<\/em><\/td>\n\t\t\t<td>\n\t\t\t\tszerda<\/td>\n\t\t\t<td>\n\t\t\t\tde: Tan\u00edt\u00e1s<br \/>\n\t\t\t\t11:00 &#8211; \u0150szi nevel\u00e9si \u00e9rtekezlet<br \/>\n\t\t\t\tFogad\u00f3 \u00f3ra (re\u00e1l, k\u00e9szs\u00e9gt.) 17:00 &#8211; 19:00<\/td>\n\t\t<\/tr>\n\t\t<tr>\n\t\t\t<td>\n\t\t\t\t<em>27.<\/em><\/td>\n\t\t\t<td>\n\t\t\t\tcs\u00fct\u00f6rt\u00f6k<\/td>\n\t\t\t<td>\n\t\t\t\t<ul>\n\t\t\t\t\t<li>\n\t\t\t\t\t\tde: F\u0151pr\u00f3ba<\/li>\n\t\t\t\t\t<li>\n\t\t\t\t\t\tdu: Szalagavat\u00f3 b\u00e1l<\/li>\n\t\t\t\t<\/ul>\n\n\t\t\t\t<p>\n\t\t\t\t\tEls\u0151 tan\u00edt\u00e1s n\u00e9lk\u00fcli munkanap<\/p>\n\t\t\t<\/td>\n\t\t<\/tr>\n\t\t<tr>\n\t\t\t<td colspan=\"3\">\n\t\t\t\t<strong>December<\/strong><\/td>\n\t\t<\/tr>\n\t\t<tr>\n\t\t\t<td>\n\t\t\t\t<em>1.<\/em><\/td>\n\t\t\t<td>\n\t\t\t\th\u00e9tf\u0151<\/td>\n\t\t\t<td>\n\t\t\t\tSz\u00fcl\u0151i t\u00e1j\u00e9koztat\u00f3 leend\u0151 5.\u00e9vf. sz\u00fcl\u0151knek<\/td>\n\t\t<\/tr>\n\t\t<tr>\n\t\t\t<td>\n\t\t\t\t<em>2.<\/em><\/td>\n\t\t\t<td>\n\t\t\t\tkedd<\/td>\n\t\t\t<td>\n\t\t\t\tNy\u00edlt nap (5-8. \u00e9vf.)<\/td>\n\t\t<\/tr>\n\t\t<tr>\n\t\t\t<td>\n\t\t\t\t<em>3.<\/em><\/td>\n\t\t\t<td>\n\t\t\t\tszerda<\/td>\n\t\t\t<td>\n\t\t\t\tNy\u00edlt nap (9-12. \u00e9vf.)<\/td>\n\t\t<\/tr>\n\t\t<tr>\n\t\t\t<td>\n\t\t\t\t<em>5.<\/em><\/td>\n\t\t\t<td>\n\t\t\t\tp\u00e9ntek<\/td>\n\t\t\t<td>\n\t\t\t\tD\u00d6K Mikul\u00e1s<\/td>\n\t\t<\/tr>\n\t\t<tr>\n\t\t\t<td>\n\t\t\t\t<em>9-16.<\/em><\/td>\n\t\t\t<td>\n\t\t\t\tkedd-kedd<\/td>\n\t\t\t<td>\n\t\t\t\tRegensburgi csereprogram Budapest<\/td>\n\t\t<\/tr>\n\t\t<tr>\n\t\t\t<td>\n\t\t\t\t<em>13.<\/em><\/td>\n\t\t\t<td>\n\t\t\t\tszombat<\/td>\n\t\t\t<td>\n\t\t\t\tOrsz\u00e1gos munkanap (2013.12.24.)<br \/>\n\t\t\t\tTan\u00edt\u00e1s + Luca napi v\u00e1s\u00e1r<\/td>\n\t\t<\/tr>\n\t\t<tr>\n\t\t\t<td>\n\t\t\t\t<em>15.<\/em><\/td>\n\t\t\t<td>\n\t\t\t\th\u00e9tf\u0151<\/td>\n\t\t\t<td>\n\t\t\t\tKar\u00e1csonyi Koncert (FFZ.)<\/td>\n\t\t<\/tr>\n\t\t<tr>\n\t\t\t<td>\n\t\t\t\t<em>19.<\/em><\/td>\n\t\t\t<td>\n\t\t\t\tp\u00e9ntek<\/td>\n\t\t\t<td>\n\t\t\t\tTan\u00edt\u00e1s + Oszt\u00e1lykar\u00e1csony<br \/>\n\t\t\t\tT\u00e9li sz\u00fcnet el\u0151tti utols\u00f3 tan\u00edt\u00e1si nap<\/td>\n\t\t<\/tr>\n\t\t<tr>\n\t\t\t<td colspan=\"3\">\n\t\t\t\t<strong>Janu\u00e1r<\/strong><\/td>\n\t\t<\/tr>\n\t\t<tr>\n\t\t\t<td>\n\t\t\t\t<em>5. <\/em><\/td>\n\t\t\t<td>\n\t\t\t\th\u00e9tf\u0151<\/td>\n\t\t\t<td>\n\t\t\t\tT\u00e9li sz\u00fcnet ut\u00e1ni els\u0151 tan\u00edt\u00e1si nap<br \/>\n\t\t\t\tTestnevel\u00e9s felm\u00e9r\u00e9s (01.05. &#8211; 05.25.)<\/td>\n\t\t<\/tr>\n\t\t<tr>\n\t\t\t<td>\n\t\t\t\t<em>7.<\/em><\/td>\n\t\t\t<td>\n\t\t\t\tszerda<\/td>\n\t\t\t<td>\n\t\t\t\t\u00d6sszevont fogad\u00f3\u00f3ra 17:00<\/td>\n\t\t<\/tr>\n\t\t<tr>\n\t\t\t<td>\n\t\t\t\t<em>12.<\/em><\/td>\n\t\t\t<td>\n\t\t\t\th\u00e9tf\u0151<\/td>\n\t\t\t<td>\n\t\t\t\tSz\u00fcl\u0151i t\u00e1j\u00e9koztat\u00f3 leend\u0151 5.\u00e9vf. sz\u00fcl\u0151knek<\/td>\n\t\t<\/tr>\n\t\t<tr>\n\t\t\t<td>\n\t\t\t\t<em>16.<\/em><\/td>\n\t\t\t<td>\n\t\t\t\tp\u00e9ntek<\/td>\n\t\t\t<td>\n\t\t\t\t1. f\u00e9l\u00e9v utols\u00f3 tan\u00edt\u00e1si napja<\/td>\n\t\t<\/tr>\n\t\t<tr>\n\t\t\t<td>\n\t\t\t\t<em>21.<\/em><\/td>\n\t\t\t<td>\n\t\t\t\tszerda<\/td>\n\t\t\t<td>\n\t\t\t\tF\u00e9l\u00e9vi \u00e9rtes\u00edt\u0151k kioszt\u00e1sa<\/td>\n\t\t<\/tr>\n\t\t<tr>\n\t\t\t<td>\n\t\t\t\t22-23.<\/td>\n\t\t\t<td>\n\t\t\t\tcs\u00fct\u00f6rt\u00f6k-p\u00e9ntek<\/td>\n\t\t\t<td>\n\t\t\t\t2015 perces foci<\/td>\n\t\t<\/tr>\n\t\t<tr>\n\t\t\t<td>\n\t\t\t\t<em>28.<\/em><\/td>\n\t\t\t<td>\n\t\t\t\tszerda<\/td>\n\t\t\t<td>\n\t\t\t\t<ul>\n\t\t\t\t\t<li>\n\t\t\t\t\t\tde: Tan\u00edt\u00e1s<\/li>\n\t\t\t\t\t<li>\n\t\t\t\t\t\tdu: F\u00e9l\u00e9vz\u00e1r\u00f3 tantest\u00fcleti \u00e9rtekezlet<\/li>\n\t\t\t\t\t<li>\n\t\t\t\t\t\tSZMK \u00e9rtekezlet 17:00<\/li>\n\t\t\t\t<\/ul>\n\t\t\t<\/td>\n\t\t<\/tr>\n\t\t<tr>\n\t\t\t<td colspan=\"3\">\n\t\t\t\t<strong>Febru\u00e1r<\/strong><\/td>\n\t\t<\/tr>\n\t\t<tr>\n\t\t\t<td>\n\t\t\t\t<em>4.<\/em><\/td>\n\t\t\t<td>\n\t\t\t\tszerda<\/td>\n\t\t\t<td>\n\t\t\t\tSz\u00fcl\u0151i \u00e9rtekezlet 5-12. \u00e9vfolyam 17:00<\/td>\n\t\t<\/tr>\n\t\t<tr>\n\t\t\t<td>\n\t\t\t\t<em>5.<\/em><\/td>\n\t\t\t<td>\n\t\t\t\tcs\u00fct\u00f6rt\u00f6k<\/td>\n\t\t\t<td>\n\t\t\t\tDi\u00e1kfarsang (5-6. + 9. \u00e9vf)<\/td>\n\t\t<\/tr>\n\t\t<tr>\n\t\t\t<td>\n\t\t\t\t<em>9.<\/em><\/td>\n\t\t\t<td>\n\t\t\t\th\u00e9tf\u0151<\/td>\n\t\t\t<td>\n\t\t\t\t<ul>\n\t\t\t\t\t<li>\n\t\t\t\t\t\tM\u00e1sodik tan\u00edt\u00e1s n\u00e9lk\u00fcli munkanap<\/li>\n\t\t\t\t\t<li>\n\t\t\t\t\t\tCsere: 2015.03.28. szombat (sportnap)<\/li>\n\t\t\t\t<\/ul>\n\t\t\t<\/td>\n\t\t<\/tr>\n\t\t<tr>\n\t\t\t<td>\n\t\t\t\t<em>11.<\/em><\/td>\n\t\t\t<td>\n\t\t\t\tszerda<\/td>\n\t\t\t<td>\n\t\t\t\tSZMK \u00e9rtekezlet 17:00<\/td>\n\t\t<\/tr>\n\t\t<tr>\n\t\t\t<td>\n\t\t\t\t<em>13.<\/em><\/td>\n\t\t\t<td>\n\t\t\t\tp\u00e9ntek<\/td>\n\t\t\t<td>\n\t\t\t\t\u00c9retts\u00e9gire val\u00f3 jelentkez\u00e9s hat\u00e1rideje<\/td>\n\t\t<\/tr>\n\t\t<tr>\n\t\t\t<td>\n\t\t\t\t<em>18-25.<\/em><\/td>\n\t\t\t<td>\n\t\t\t\tszerda-szerda<\/td>\n\t\t\t<td>\n\t\t\t\tRegensburgi csereprogram<\/td>\n\t\t<\/tr>\n\t\t<tr>\n\t\t\t<td>\n\t\t\t\t<em>20.<\/em><\/td>\n\t\t\t<td>\n\t\t\t\tp\u00e9ntek<\/td>\n\t\t\t<td>\n\t\t\t\tOrsz\u00e1gos Zr\u00ednyi matematika verseny<\/td>\n\t\t<\/tr>\n\t\t<tr>\n\t\t\t<td>\n\t\t\t\t<em>25.<\/em><\/td>\n\t\t\t<td>\n\t\t\t\tszerda<\/td>\n\t\t\t<td>\n\t\t\t\tMegeml\u00e9kez\u00e9s a kommunista diktat\u00far\u00e1k \u00e1ldozatair\u00f3l 9-12. \u00e9vf.<\/td>\n\t\t<\/tr>\n\t\t<tr>\n\t\t\t<td colspan=\"3\">\n\t\t\t\t<strong>M\u00e1rcius<\/strong><\/td>\n\t\t<\/tr>\n\t\t<tr>\n\t\t\t<td>\n\t\t\t\t<em>2-6.<\/em><\/td>\n\t\t\t<td>\n\t\t\t\th\u00e9tf\u0151-p\u00e9ntek<\/td>\n\t\t\t<td>\n\t\t\t\tComenius program Norv\u00e9gia<\/td>\n\t\t<\/tr>\n\t\t<tr>\n\t\t\t<td>\n\t\t\t\t<em>11.<\/em><\/td>\n\t\t\t<td>\n\t\t\t\tszerda<\/td>\n\t\t\t<td>\n\t\t\t\tMegeml\u00e9kez\u00e9s 1848. m\u00e1rcius 15-r\u0151l<\/td>\n\t\t<\/tr>\n\t\t<tr>\n\t\t\t<td>\n\t\t\t\t<em>18.<\/em><\/td>\n\t\t\t<td>\n\t\t\t\tszerda<\/td>\n\t\t\t<td>\n\t\t\t\tH\u00e1romnegyed \u00e9ves \u00e9rt\u00e9kel\u00e9s<\/td>\n\t\t<\/tr>\n\t\t<tr>\n\t\t\t<td>\n\t\t\t\t<em>27.<\/em><\/td>\n\t\t\t<td>\n\t\t\t\tp\u00e9ntek<\/td>\n\t\t\t<td>\n\t\t\t\t<ul>\n\t\t\t\t\t<li>\n\t\t\t\t\t\tde: Tan\u00edt\u00e1s<\/li>\n\t\t\t\t\t<li>\n\t\t\t\t\t\tdu: Kosztol\u00e1nyi G\u00e1la<\/li>\n\t\t\t\t<\/ul>\n\t\t\t<\/td>\n\t\t<\/tr>\n\t\t<tr>\n\t\t\t<td>\n\t\t\t\t<em>28.<\/em><\/td>\n\t\t\t<td>\n\t\t\t\tszombat<\/td>\n\t\t\t<td>\n\t\t\t\t<em>Sportnap (csere: 2015.02.09.)<\/em><\/td>\n\t\t<\/tr>\n\t\t<tr>\n\t\t\t<td>\n\t\t\t\t<em>31.<\/em><\/td>\n\t\t\t<td>\n\t\t\t\tkedd<\/td>\n\t\t\t<td>\n\t\t\t\tTavaszi sz\u00fcnet el\u0151tti utols\u00f3 tan\u00edt\u00e1si nap<\/td>\n\t\t<\/tr>\n\t\t<tr>\n\t\t\t<td colspan=\"3\">\n\t\t\t\t<strong>\u00c1prilis<\/strong><\/td>\n\t\t<\/tr>\n\t\t<tr>\n\t\t\t<td>\n\t\t\t\t<em>1.<\/em><\/td>\n\t\t\t<td>\n\t\t\t\tszerda<\/td>\n\t\t\t<td>\n\t\t\t\tTan\u00e1ri tov\u00e1bbk\u00e9pz\u00e9<br \/>\n\t\t\t\tHarmadik tan\u00edt\u00e1s n\u00e9lk\u00fcli munkanap<\/td>\n\t\t<\/tr>\n\t\t<tr>\n\t\t\t<td>\n\t\t\t\t<em>8.<\/em><\/td>\n\t\t\t<td>\n\t\t\t\tszerda<\/td>\n\t\t\t<td>\n\t\t\t\tTavaszi sz\u00fcnet ut\u00e1ni els\u0151 tan\u00edt\u00e1si nap<br \/>\n\t\t\t\tMegeml\u00e9kez\u00e9s a Holocaust \u00e1ldozatair\u00f3l (9-12. \u00e9vf)<br \/>\n\t\t\t\tSZMK \u00e9rtekezlet 17:00<\/td>\n\t\t<\/tr>\n\t\t<tr>\n\t\t\t<td>\n\t\t\t\t<em>15.<\/em><\/td>\n\t\t\t<td>\n\t\t\t\tszerda<\/td>\n\t\t\t<td>\n\t\t\t\tde: Tan\u00edt\u00e1s<br \/>\n\t\t\t\t11:00 Tavaszi nevel\u00e9si \u00e9rtekezlet<br \/>\n\t\t\t\tSz\u00fcl\u0151i \u00e9rtekezlet (5-12. \u00e9vf)<\/td>\n\t\t<\/tr>\n\t\t<tr>\n\t\t\t<td>\n\t\t\t\t<em>20-25.<\/em><\/td>\n\t\t\t<td>\n\t\t\t\th\u00e9tf\u0151-p\u00e9ntek<\/td>\n\t\t\t<td>\n\t\t\t\tComenius program T\u00f6r\u00f6korsz\u00e1g<\/td>\n\t\t<\/tr>\n\t\t<tr>\n\t\t\t<td>\n\t\t\t\t<em>22.<\/em><\/td>\n\t\t\t<td>\n\t\t\t\tszerda<\/td>\n\t\t\t<td>\n\t\t\t\t\u00d6sszevont fogad\u00f3 \u00f3ra 17:00<\/td>\n\t\t<\/tr>\n\t\t<tr>\n\t\t\t<td>\n\t\t\t\t<em>24.<\/em><\/td>\n\t\t\t<td>\n\t\t\t\tp\u00e9ntek<\/td>\n\t\t\t<td>\n\t\t\t\tTan\u00e1r, \u00d6regdi\u00e1k, Sz\u00fcl\u0151 tal\u00e1lkoz\u00f3 18:00<\/td>\n\t\t<\/tr>\n\t\t<tr>\n\t\t\t<td>\n\t\t\t\t<em>30.<\/em><\/td>\n\t\t\t<td>\n\t\t\t\tcs\u00fct\u00f6rt\u00f6k<\/td>\n\t\t\t<td>\n\t\t\t\t12. \u00e9vf utols\u00f3 tan\u00edt\u00e1si nap<br \/>\n\t\t\t\tBallag\u00e1s 12:00<\/td>\n\t\t<\/tr>\n\t\t<tr>\n\t\t\t<td colspan=\"3\">\n\t\t\t\t<strong>M\u00e1jus<\/strong><\/td>\n\t\t<\/tr>\n\t\t<tr>\n\t\t\t<td>\n\t\t\t\t<em>1.<\/em><\/td>\n\t\t\t<td>\n\t\t\t\tp\u00e9ntek<\/td>\n\t\t\t<td>\n\t\t\t\tMunkasz\u00fcneti nap<\/td>\n\t\t<\/tr>\n\t\t<tr>\n\t\t\t<td>\n\t\t\t\t4.<\/td>\n\t\t\t<td>\n\t\t\t\th\u00e9tf\u0151<\/td>\n\t\t\t<td>\n\t\t\t\t<ul>\n\t\t\t\t\t<li>\n\t\t\t\t\t\tK\u00f6z\u00e9p- \u00e9s emelt szint\u0171 \u00edr\u00e1sbeli \u00e9retts\u00e9gi<\/li>\n\t\t\t\t\t<li>\n\t\t\t\t\t\t5-11. \u00e9vf. Tanulm\u00e1nyi kir\u00e1ndul\u00e1s<\/li>\n\t\t\t\t\t<li>\n\t\t\t\t\t\tNegyedik tan\u00edt\u00e1s n\u00e9lk\u00fcli munkanap<\/li>\n\t\t\t\t<\/ul>\n\t\t\t<\/td>\n\t\t<\/tr>\n\t\t<tr>\n\t\t\t<td>\n\t\t\t\t<em>5.<\/em><\/td>\n\t\t\t<td>\n\t\t\t\tkedd<\/td>\n\t\t\t<td>\n\t\t\t\t<ul>\n\t\t\t\t\t<li>\n\t\t\t\t\t\tK\u00f6z\u00e9p- \u00e9s emelt szint\u0171 \u00edr\u00e1sbeli \u00e9retts\u00e9gi<\/li>\n\t\t\t\t\t<li>\n\t\t\t\t\t\t5-11. \u00e9vf. Tanulm\u00e1nyi kir\u00e1ndul\u00e1s<\/li>\n\t\t\t\t\t<li>\n\t\t\t\t\t\t\u00d6t\u00f6dik tan\u00edt\u00e1s n\u00e9lk\u00fcli munkanap<\/li>\n\t\t\t\t<\/ul>\n\t\t\t<\/td>\n\t\t<\/tr>\n\t\t<tr>\n\t\t\t<td>\n\t\t\t\t<em>6.<\/em><\/td>\n\t\t\t<td>\n\t\t\t\tszerda<\/td>\n\t\t\t<td>\n\t\t\t\t<ul>\n\t\t\t\t\t<li>\n\t\t\t\t\t\tK\u00f6z\u00e9p- \u00e9s emelt szint\u0171 \u00edr\u00e1sbeli \u00e9retts\u00e9gi<\/li>\n\t\t\t\t\t<li>\n\t\t\t\t\t\t5-11. \u00e9vf. Tanulm\u00e1nyi kir\u00e1ndul\u00e1s<\/li>\n\t\t\t\t\t<li>\n\t\t\t\t\t\tHatodik tan\u00edt\u00e1s n\u00e9lk\u00fcli munkanap<\/li>\n\t\t\t\t<\/ul>\n\t\t\t<\/td>\n\t\t<\/tr>\n\t\t<tr>\n\t\t\t<td>\n\t\t\t\t<em>11-15.<\/em><\/td>\n\t\t\t<td>\n\t\t\t\th\u00e9tf\u0151-p\u00e9ntek<\/td>\n\t\t\t<td>\n\t\t\t\tPr\u00f3bafelm\u00e9r\u00e9sek (6., 8., 10. \u00e9vfolyam)<\/td>\n\t\t<\/tr>\n\t\t<tr>\n\t\t\t<td>\n\t\t\t\t<em>13.<\/em><\/td>\n\t\t\t<td>\n\t\t\t\tszerda<\/td>\n\t\t\t<td>\n\t\t\t\tOlaszorsz\u00e1gi tanulm\u00e1ny\u00fat<\/td>\n\t\t<\/tr>\n\t\t<tr>\n\t\t\t<td>\n\t\t\t\t<em>25.<\/em><\/td>\n\t\t\t<td>\n\t\t\t\th\u00e9tf\u0151<\/td>\n\t\t\t<td>\n\t\t\t\tP\u00fcnk\u00f6sd (munkasz\u00fcneti nap)<\/td>\n\t\t<\/tr>\n\t\t<tr>\n\t\t\t<td>\n\t\t\t\t<em>26.<\/em><\/td>\n\t\t\t<td>\n\t\t\t\tkedd<\/td>\n\t\t\t<td>\n\t\t\t\tTavaszi \u00edr\u00e1sbeli \u00e9retts\u00e9gi v\u00e9ge<\/td>\n\t\t<\/tr>\n\t\t<tr>\n\t\t\t<td>\n\t\t\t\t<em>27.<\/em><\/td>\n\t\t\t<td>\n\t\t\t\tszerda<\/td>\n\t\t\t<td>\n\t\t\t\tOrsz\u00e1gos kompetencia 6., 8., 10. \u00e9vf.<\/td>\n\t\t<\/tr>\n\t\t<tr>\n\t\t\t<td>\n\t\t\t\t<em>28-29.<\/em><\/td>\n\t\t\t<td>\n\t\t\t\tcs\u00fct\u00f6rt\u00f6k-p\u00e9ntek<\/td>\n\t\t\t<td>\n\t\t\t\t\u00c9vfolyamvizsg\u00e1k 6-11. \u00e9vf. r\u00e9sz\u00e9re<\/td>\n\t\t<\/tr>\n\t\t<tr>\n\t\t\t<td>\n\t\t\t\t<em>30.<\/em><\/td>\n\t\t\t<td>\n\t\t\t\tszombat<\/td>\n\t\t\t<td>\n\t\t\t\tTal\u00e1lkoz\u00f3 a hat\u00e1ron t\u00fali koll\u00e9g\u00e1kkal<\/td>\n\t\t<\/tr>\n\t\t<tr>\n\t\t\t<td colspan=\"3\">\n\t\t\t\t<strong>J\u00fanius<\/strong><\/td>\n\t\t<\/tr>\n\t\t<tr>\n\t\t\t<td>\n\t\t\t\t<em>1-2.<\/em><\/td>\n\t\t\t<td>\n\t\t\t\th\u00e9tf\u0151-kedd<\/td>\n\t\t\t<td>\n\t\t\t\t\u00c9vfolyamvizsg\u00e1k 6-11. \u00e9vf. r\u00e9sz\u00e9re<\/td>\n\t\t<\/tr>\n\t\t<tr>\n\t\t\t<td>\n\t\t\t\t<em>4.<\/em><\/td>\n\t\t\t<td>\n\t\t\t\tcs\u00fct\u00f6rt\u00f6k<\/td>\n\t\t\t<td>\n\t\t\t\tNemzeti \u00d6sszetartoz\u00e1s Napja<\/td>\n\t\t<\/tr>\n\t\t<tr>\n\t\t\t<td>\n\t\t\t\t<em>4-11.<\/em><\/td>\n\t\t\t<td>\n\t\t\t\tcs\u00fct\u00f6rt\u00f6k-cs\u00fct\u00f6rt\u00f6k<\/td>\n\t\t\t<td>\n\t\t\t\tEmelt szint\u0171 sz\u00f3beli \u00e9retts\u00e9gi vizsg\u00e1k<\/td>\n\t\t<\/tr>\n\t\t<tr>\n\t\t\t<td>\n\t\t\t\t<em>8-9.<\/em><\/td>\n\t\t\t<td>\n\t\t\t\th\u00e9tf\u0151-kedd<\/td>\n\t\t\t<td>\n\t\t\t\tP\u00f3tl\u00f3vizsg\u00e1k<\/td>\n\t\t<\/tr>\n\t\t<tr>\n\t\t\t<td>\n\t\t\t\t<em>11<\/em><\/td>\n\t\t\t<td>\n\t\t\t\tcs\u00fct\u00f6rt\u00f6k<\/td>\n\t\t\t<td>\n\t\t\t\tOrsz\u00e1gos nyelvi kompetencia 6., 8. \u00e9vf<\/td>\n\t\t<\/tr>\n\t\t<tr>\n\t\t\t<td>\n\t\t\t\t<em>15.<\/em><\/td>\n\t\t\t<td>\n\t\t\t\th\u00e9tf\u0151<\/td>\n\t\t\t<td>\n\t\t\t\tUtols\u00f3 tan\u00edt\u00e1si nap<\/td>\n\t\t<\/tr>\n\t\t<tr>\n\t\t\t<td>\n\t\t\t\t<em>15-26.<\/em><\/td>\n\t\t\t<td>\n\t\t\t\th\u00e9tf\u0151-p\u00e9ntek<\/td>\n\t\t\t<td>\n\t\t\t\tK\u00f6z\u00e9pszint\u0171 sz\u00f3beli \u00e9retts\u00e9gi az iskol\u00e1ban<\/td>\n\t\t<\/tr>\n\t\t<tr>\n\t\t\t<td>\n\t\t\t\t17-18.<\/td>\n\t\t\t<td>\n\t\t\t\tszerda-cs\u00fct\u00f6rt\u00f6k<\/td>\n\t\t\t<td>\n\t\t\t\t5. \u00e9vf. beiratkoz\u00e1s<\/td>\n\t\t<\/tr>\n\t\t<tr>\n\t\t\t<td>\n\t\t\t\t<em>19.<\/em><\/td>\n\t\t\t<td>\n\t\t\t\tp\u00e9ntek<\/td>\n\t\t\t<td>\n\t\t\t\tTan\u00e9vz\u00e1r\u00f3 \u00fcnnep\u00e9ly, bizony\u00edtv\u00e1nyoszt\u00e1s<\/td>\n\t\t<\/tr>\n\t<\/tbody>\n<\/table>\n\n","protected":false},"excerpt":{"rendered":"<p>D\u00e1tum Nap Esem\u00e9ny Augusztus 25-29. h\u00e9tf\u0151-p\u00e9ntek Tank\u00f6nyvek \u00e1tad\u00e1sa 26-27. kedd-szerda Jav\u00edt\u00f3- \u00e9s oszt\u00e1lyoz\u00f3 vizsg\u00e1k 27. szerda Sz\u00fcl\u0151i \u00e9rtekezlet&nbsp; 5. \u00e9vfolyam Szeptember 1. h\u00e9tf\u0151 Tan\u00e9vnyit\u00f3 \u00fcnnep\u00e9ly 1-4. h\u00e9tf\u0151-cs\u00fct\u00f6rt\u00f6k Tank\u00f6nyvek \u00e1tad\u00e1sa 2-4. kedd-cs\u00fct\u00f6rt\u00f6k Kir\u00e1ndul\u00e1s 11.a (G\u00e1rdony) 2-5. kedd-p\u00e9ntek Kir\u00e1ndul\u00e1s Pr\u00e1g\u00e1ba 12.a-b 3-5. <a href=\"https:\/\/kosztolanyigimnazium.hu\/?page_id=162\" class=\"read-more\">Olvass tov\u00e1bb&#8230;<\/a><\/p>\n","protected":false},"author":1,"featured_media":0,"parent":160,"menu_order":0,"comment_status":"closed","ping_status":"closed","template":"","meta":{"footnotes":""},"class_list":["post-162","page","type-page","status-publish","hentry"],"_links":{"self":[{"href":"https:\/\/kosztolanyigimnazium.hu\/index.php?rest_route=\/wp\/v2\/pages\/162","targetHints":{"allow":["GET"]}}],"collection":[{"href":"https:\/\/kosztolanyigimnazium.hu\/index.php?rest_route=\/wp\/v2\/pages"}],"about":[{"href":"https:\/\/kosztolanyigimnazium.hu\/index.php?rest_route=\/wp\/v2\/types\/page"}],"author":[{"embeddable":true,"href":"https:\/\/kosztolanyigimnazium.hu\/index.php?rest_route=\/wp\/v2\/users\/1"}],"replies":[{"embeddable":true,"href":"https:\/\/kosztolanyigimnazium.hu\/index.php?rest_route=%2Fwp%2Fv2%2Fcomments&post=162"}],"version-history":[{"count":1,"href":"https:\/\/kosztolanyigimnazium.hu\/index.php?rest_route=\/wp\/v2\/pages\/162\/revisions"}],"predecessor-version":[{"id":163,"href":"https:\/\/kosztolanyigimnazium.hu\/index.php?rest_route=\/wp\/v2\/pages\/162\/revisions\/163"}],"up":[{"embeddable":true,"href":"https:\/\/kosztolanyigimnazium.hu\/index.php?rest_route=\/wp\/v2\/pages\/160"}],"wp:attachment":[{"href":"https:\/\/kosztolanyigimnazium.hu\/index.php?rest_route=%2Fwp%2Fv2%2Fmedia&parent=162"}],"curies":[{"name":"wp","href":"https:\/\/api.w.org\/{rel}","templated":true}]}}