{"id":1913,"date":"2020-03-15T21:11:53","date_gmt":"2020-03-15T20:11:53","guid":{"rendered":"https:\/\/kosztolanyigimnazium.hu\/?page_id=1913"},"modified":"2022-03-09T10:25:05","modified_gmt":"2022-03-09T09:25:05","slug":"koronavirus","status":"publish","type":"page","link":"https:\/\/kosztolanyigimnazium.hu\/?page_id=1913","title":{"rendered":"Koronav\u00edrus (COVID-19)"},"content":{"rendered":"\n<h3 class=\"wp-block-heading\">Oldal a Koronav\u00edrussal kapcsolatos teend\u0151kr\u0151l \u00e9s h\u00edrekr\u0151l itt a Kosztol\u00e1nyi Dezs\u0151 Gimn\u00e1ziumban tanul\u00f3k \u00e9s sz\u00fcleik r\u00e9sz\u00e9re.<\/h3>\n\n\n\n<ul class=\"wp-block-list\"><li><strong>T\u00e1j\u00e9koztat\u00f3 a tanul\u00f3ink \u00e9s sz\u00fcleik r\u00e9sz\u00e9re:<\/strong><\/li><\/ul>\n\n\n\n<blockquote class=\"wp-block-quote is-layout-flow wp-block-quote-is-layout-flow\"><p><strong>A tov\u00e1bbi inform\u00e1ci\u00f3kat a <a href=\"https:\/\/klik035344002.e-kreta.hu\" class=\"ek-link\">KR\u00c9TA fel\u00fclet\u00e9n<\/a> tessz\u00fck k\u00f6zz\u00e9.<\/strong><\/p><\/blockquote>\n\n\n\n<div data-wp-interactive=\"core\/file\" class=\"wp-block-file\"><object data-wp-bind--hidden=\"!state.hasPdfPreview\" hidden class=\"wp-block-file__embed\" data=\"https:\/\/kosztolanyigimnazium.hu\/wp-content\/uploads\/2022\/03\/Jarvanyugyi-protokoll-KDG-legujabb-22.03.08-1.pdf\" type=\"application\/pdf\" style=\"width:100%;height:600px\" aria-label=\"J\u00e1rv\u00e1ny\u00fcgyi protokoll - 2022.03.08 v2 be\u00e1gyaz\u00e1sa be\u00e1gyaz\u00e1sa\"><\/object><a id=\"wp-block-file--media-16416888-7322-4e63-bf45-66288bf865d9\" href=\"https:\/\/kosztolanyigimnazium.hu\/wp-content\/uploads\/2022\/03\/Jarvanyugyi-protokoll-KDG-legujabb-22.03.08-1.pdf\">J\u00e1rv\u00e1ny\u00fcgyi protokoll &#8211; 2022.03.08 v2<\/a><a href=\"https:\/\/kosztolanyigimnazium.hu\/wp-content\/uploads\/2022\/03\/Jarvanyugyi-protokoll-KDG-legujabb-22.03.08-1.pdf\" class=\"wp-block-file__button\" download aria-describedby=\"wp-block-file--media-16416888-7322-4e63-bf45-66288bf865d9\">Let\u00f6lt\u00e9s<\/a><\/div>\n","protected":false},"excerpt":{"rendered":"<p>Oldal a Koronav\u00edrussal kapcsolatos teend\u0151kr\u0151l \u00e9s h\u00edrekr\u0151l itt a Kosztol\u00e1nyi Dezs\u0151 Gimn\u00e1ziumban tanul\u00f3k \u00e9s sz\u00fcleik r\u00e9sz\u00e9re. T\u00e1j\u00e9koztat\u00f3 a tanul\u00f3ink \u00e9s sz\u00fcleik r\u00e9sz\u00e9re: A tov\u00e1bbi inform\u00e1ci\u00f3kat a KR\u00c9TA fel\u00fclet\u00e9n tessz\u00fck k\u00f6zz\u00e9.<\/p>\n","protected":false},"author":1,"featured_media":1919,"parent":473,"menu_order":0,"comment_status":"closed","ping_status":"closed","template":"","meta":{"footnotes":""},"class_list":["post-1913","page","type-page","status-publish","has-post-thumbnail","hentry"],"_links":{"self":[{"href":"https:\/\/kosztolanyigimnazium.hu\/index.php?rest_route=\/wp\/v2\/pages\/1913","targetHints":{"allow":["GET"]}}],"collection":[{"href":"https:\/\/kosztolanyigimnazium.hu\/index.php?rest_route=\/wp\/v2\/pages"}],"about":[{"href":"https:\/\/kosztolanyigimnazium.hu\/index.php?rest_route=\/wp\/v2\/types\/page"}],"author":[{"embeddable":true,"href":"https:\/\/kosztolanyigimnazium.hu\/index.php?rest_route=\/wp\/v2\/users\/1"}],"replies":[{"embeddable":true,"href":"https:\/\/kosztolanyigimnazium.hu\/index.php?rest_route=%2Fwp%2Fv2%2Fcomments&post=1913"}],"version-history":[{"count":29,"href":"https:\/\/kosztolanyigimnazium.hu\/index.php?rest_route=\/wp\/v2\/pages\/1913\/revisions"}],"predecessor-version":[{"id":3621,"href":"https:\/\/kosztolanyigimnazium.hu\/index.php?rest_route=\/wp\/v2\/pages\/1913\/revisions\/3621"}],"up":[{"embeddable":true,"href":"https:\/\/kosztolanyigimnazium.hu\/index.php?rest_route=\/wp\/v2\/pages\/473"}],"wp:featuredmedia":[{"embeddable":true,"href":"https:\/\/kosztolanyigimnazium.hu\/index.php?rest_route=\/wp\/v2\/media\/1919"}],"wp:attachment":[{"href":"https:\/\/kosztolanyigimnazium.hu\/index.php?rest_route=%2Fwp%2Fv2%2Fmedia&parent=1913"}],"curies":[{"name":"wp","href":"https:\/\/api.w.org\/{rel}","templated":true}]}}