{"id":197,"date":"2019-04-16T08:16:51","date_gmt":"2019-04-16T08:16:51","guid":{"rendered":"http:\/\/localhost:8888\/?page_id=197"},"modified":"2023-10-24T11:14:21","modified_gmt":"2023-10-24T10:14:21","slug":"netfit","status":"publish","type":"page","link":"https:\/\/kosztolanyigimnazium.hu\/?page_id=197","title":{"rendered":"Netfit"},"content":{"rendered":"\n<p>Netfit m\u00e9r\u00e9si eredm\u00e9nyek<\/p>\n\n\n\n<div class=\"wp-block-file\"><a id=\"wp-block-file--media-133a1252-5fc6-41da-8470-1895ca852fda\" href=\"\/wp-content\/uploads\/2019\/04\/kdg-eredmenyek-netfit-2015.pdf\">Kosztol\u00e1nyi Dezs\u0151 Gimn\u00e1zium &#8211; Netfit 2015<\/a><a href=\"\/wp-content\/uploads\/2019\/04\/kdg-eredmenyek-netfit-2015.pdf\" class=\"wp-block-file__button wp-element-button\" download aria-describedby=\"wp-block-file--media-133a1252-5fc6-41da-8470-1895ca852fda\">Let\u00f6lt\u00e9s<\/a><\/div>\n\n\n\n<div class=\"wp-block-file\"><a id=\"wp-block-file--media-c1f7a40a-874a-4029-8277-2ef2910c26ca\" href=\"\/wp-content\/uploads\/2019\/04\/kdg-eredmenyek-netfit-2016.pdf\">Kosztol\u00e1nyi Dezs\u0151 Gimn\u00e1zium &#8211; Netfit 2016<\/a><a href=\"\/wp-content\/uploads\/2019\/04\/kdg-eredmenyek-netfit-2016.pdf\" class=\"wp-block-file__button wp-element-button\" download aria-describedby=\"wp-block-file--media-c1f7a40a-874a-4029-8277-2ef2910c26ca\">Let\u00f6lt\u00e9s<\/a><\/div>\n\n\n\n<div class=\"wp-block-file\"><a id=\"wp-block-file--media-28bd6cca-625e-42de-b4fa-a0f24b951ca9\" href=\"\/wp-content\/uploads\/2019\/04\/kdg-eredmenyek-netfit-2017.pdf\">Kosztol\u00e1nyi Dezs\u0151 Gimn\u00e1zium &#8211; Netfit 2017<\/a><a href=\"\/wp-content\/uploads\/2019\/04\/kdg-eredmenyek-netfit-2017.pdf\" class=\"wp-block-file__button wp-element-button\" download aria-describedby=\"wp-block-file--media-28bd6cca-625e-42de-b4fa-a0f24b951ca9\">Let\u00f6lt\u00e9s<\/a><\/div>\n\n\n\n<div class=\"wp-block-file\"><a id=\"wp-block-file--media-dd706f66-f455-4e46-8c6d-5d3a750a225a\" href=\"https:\/\/kosztolanyigimnazium.hu\/wp-content\/uploads\/2022\/10\/netfitt_2017_18.pdf\">Kosztol\u00e1nyi Dezs\u0151 Gimn\u00e1zium &#8211; Netfit 2018<\/a><a href=\"https:\/\/kosztolanyigimnazium.hu\/wp-content\/uploads\/2022\/10\/netfitt_2017_18.pdf\" class=\"wp-block-file__button wp-element-button\" download aria-describedby=\"wp-block-file--media-dd706f66-f455-4e46-8c6d-5d3a750a225a\">Let\u00f6lt\u00e9s<\/a><\/div>\n\n\n\n<div class=\"wp-block-file\"><a id=\"wp-block-file--media-5b80bfac-848f-45f5-ad61-90977287daf2\" href=\"https:\/\/kosztolanyigimnazium.hu\/wp-content\/uploads\/2022\/10\/NETFIT-20172018.pdf\">KDG-elemz\u00e9s-NETFIT-2018<\/a><a href=\"https:\/\/kosztolanyigimnazium.hu\/wp-content\/uploads\/2022\/10\/NETFIT-20172018.pdf\" class=\"wp-block-file__button wp-element-button\" download aria-describedby=\"wp-block-file--media-5b80bfac-848f-45f5-ad61-90977287daf2\">Let\u00f6lt\u00e9s<\/a><\/div>\n\n\n\n<div class=\"wp-block-file\"><a id=\"wp-block-file--media-bcc99b1e-e4aa-42c9-a914-b3db9e7511d7\" href=\"https:\/\/kosztolanyigimnazium.hu\/wp-content\/uploads\/2022\/10\/netfitt_2018_19.pdf\">Kosztol\u00e1nyi Dezs\u0151 Gimn\u00e1zium &#8211; Netfit 2019<\/a><a href=\"https:\/\/kosztolanyigimnazium.hu\/wp-content\/uploads\/2022\/10\/netfitt_2018_19.pdf\" class=\"wp-block-file__button wp-element-button\" download aria-describedby=\"wp-block-file--media-bcc99b1e-e4aa-42c9-a914-b3db9e7511d7\">Let\u00f6lt\u00e9s<\/a><\/div>\n\n\n\n<div class=\"wp-block-file\"><a id=\"wp-block-file--media-f9799798-9298-4ba8-b93a-5a44620c8ea6\" href=\"https:\/\/kosztolanyigimnazium.hu\/wp-content\/uploads\/2022\/10\/NETFIT20182019.pdf\">KDG-elemz\u00e9s-NETFIT2019<\/a><a href=\"https:\/\/kosztolanyigimnazium.hu\/wp-content\/uploads\/2022\/10\/NETFIT20182019.pdf\" class=\"wp-block-file__button wp-element-button\" download aria-describedby=\"wp-block-file--media-f9799798-9298-4ba8-b93a-5a44620c8ea6\">Let\u00f6lt\u00e9s<\/a><\/div>\n\n\n\n<div class=\"wp-block-file\"><a id=\"wp-block-file--media-ebd73eb0-1fd8-4ab4-be7b-a39fbcad6aa2\" href=\"https:\/\/kosztolanyigimnazium.hu\/wp-content\/uploads\/2022\/10\/netfitt_2019_20.pdf\">Kosztol\u00e1nyi Dezs\u0151 Gimn\u00e1zium &#8211; Netfit 2020<\/a><a href=\"https:\/\/kosztolanyigimnazium.hu\/wp-content\/uploads\/2022\/10\/netfitt_2019_20.pdf\" class=\"wp-block-file__button wp-element-button\" download aria-describedby=\"wp-block-file--media-ebd73eb0-1fd8-4ab4-be7b-a39fbcad6aa2\">Let\u00f6lt\u00e9s<\/a><\/div>\n\n\n\n<div class=\"wp-block-file\"><a id=\"wp-block-file--media-091d8534-c912-4d9c-a531-4116c1349a9c\" href=\"https:\/\/kosztolanyigimnazium.hu\/wp-content\/uploads\/2022\/10\/NETFIT20192020.pdf\">KDG-elemz\u00e9s-NETFIT20192020<\/a><a href=\"https:\/\/kosztolanyigimnazium.hu\/wp-content\/uploads\/2022\/10\/NETFIT20192020.pdf\" class=\"wp-block-file__button wp-element-button\" download aria-describedby=\"wp-block-file--media-091d8534-c912-4d9c-a531-4116c1349a9c\">Let\u00f6lt\u00e9s<\/a><\/div>\n\n\n\n<div class=\"wp-block-file\"><a id=\"wp-block-file--media-1772589d-8516-40ed-8338-9f222420afd9\" href=\"https:\/\/kosztolanyigimnazium.hu\/wp-content\/uploads\/2022\/10\/netfitt_2020_21.pdf\">Kosztol\u00e1nyi Dezs\u0151 Gimn\u00e1zium &#8211; Netfit 2021<\/a><a href=\"https:\/\/kosztolanyigimnazium.hu\/wp-content\/uploads\/2022\/10\/netfitt_2020_21.pdf\" class=\"wp-block-file__button wp-element-button\" download aria-describedby=\"wp-block-file--media-1772589d-8516-40ed-8338-9f222420afd9\">Let\u00f6lt\u00e9s<\/a><\/div>\n\n\n\n<div class=\"wp-block-file\"><a id=\"wp-block-file--media-07d8041b-f297-4d44-8594-48794024d165\" href=\"https:\/\/kosztolanyigimnazium.hu\/wp-content\/uploads\/2022\/10\/NETFIT20202021.pdf\">KDG-elemz\u00e9s-NETFIT20202021<\/a><a href=\"https:\/\/kosztolanyigimnazium.hu\/wp-content\/uploads\/2022\/10\/NETFIT20202021.pdf\" class=\"wp-block-file__button wp-element-button\" download aria-describedby=\"wp-block-file--media-07d8041b-f297-4d44-8594-48794024d165\">Let\u00f6lt\u00e9s<\/a><\/div>\n\n\n\n<div class=\"wp-block-file\"><a id=\"wp-block-file--media-828acd7b-6fb4-405a-ae17-360b20053f0a\" href=\"https:\/\/kosztolanyigimnazium.hu\/wp-content\/uploads\/2022\/10\/netfitt_2021_22.pdf\">Kosztol\u00e1nyi Dezs\u0151 Gimn\u00e1zium &#8211; Netfit 2022<\/a><a href=\"https:\/\/kosztolanyigimnazium.hu\/wp-content\/uploads\/2022\/10\/netfitt_2021_22.pdf\" class=\"wp-block-file__button wp-element-button\" download aria-describedby=\"wp-block-file--media-828acd7b-6fb4-405a-ae17-360b20053f0a\">Let\u00f6lt\u00e9s<\/a><\/div>\n\n\n\n<div class=\"wp-block-file\"><a id=\"wp-block-file--media-57b3677e-2502-4d11-863d-6ee4890c582d\" href=\"https:\/\/kosztolanyigimnazium.hu\/wp-content\/uploads\/2022\/10\/NETFIT20212022.pdf\">KDG-elemz\u00e9s-NETFIT2022<\/a><a href=\"https:\/\/kosztolanyigimnazium.hu\/wp-content\/uploads\/2022\/10\/NETFIT20212022.pdf\" class=\"wp-block-file__button wp-element-button\" download aria-describedby=\"wp-block-file--media-57b3677e-2502-4d11-863d-6ee4890c582d\">Let\u00f6lt\u00e9s<\/a><\/div>\n\n\n\n<div class=\"wp-block-file\"><a id=\"wp-block-file--media-57b3677e-2502-4d11-863d-6ee4890c582d\" href=\"https:\/\/kosztolanyigimnazium.hu\/wp-content\/uploads\/2023\/10\/NETFIT_2022.pdf\">KDG-elemz\u00e9s-NETFIT2022<\/a><a href=\"https:\/\/kosztolanyigimnazium.hu\/wp-content\/uploads\/2023\/10\/NETFIT_2022.pdf\" class=\"wp-block-file__button wp-element-button\" download aria-describedby=\"wp-block-file--media-57b3677e-2502-4d11-863d-6ee4890c582d\">Let\u00f6lt\u00e9s<\/a><\/div>\n\n\n\n<p>Az interneten (nyilv\u00e1nosan is) el\u00e9rhet\u0151 m\u00e9r\u00e9si eredm\u00e9nyek <a href=\"https:\/\/www.netfit.eu\/public\/pb_riport_int.php?om=035344\" class=\"ek-link\">ide kattintva <\/a>\u00e9rhet\u0151ek el.<\/p>\n","protected":false},"excerpt":{"rendered":"<p>Netfit m\u00e9r\u00e9si eredm\u00e9nyek KDG-elemz\u00e9s-NETFIT2022Let\u00f6lt\u00e9s Az interneten (nyilv\u00e1nosan is) el\u00e9rhet\u0151 m\u00e9r\u00e9si eredm\u00e9nyek ide kattintva \u00e9rhet\u0151ek el.<\/p>\n","protected":false},"author":1,"featured_media":198,"parent":624,"menu_order":0,"comment_status":"closed","ping_status":"closed","template":"","meta":{"footnotes":""},"class_list":["post-197","page","type-page","status-publish","has-post-thumbnail","hentry"],"_links":{"self":[{"href":"https:\/\/kosztolanyigimnazium.hu\/index.php?rest_route=\/wp\/v2\/pages\/197","targetHints":{"allow":["GET"]}}],"collection":[{"href":"https:\/\/kosztolanyigimnazium.hu\/index.php?rest_route=\/wp\/v2\/pages"}],"about":[{"href":"https:\/\/kosztolanyigimnazium.hu\/index.php?rest_route=\/wp\/v2\/types\/page"}],"author":[{"embeddable":true,"href":"https:\/\/kosztolanyigimnazium.hu\/index.php?rest_route=\/wp\/v2\/users\/1"}],"replies":[{"embeddable":true,"href":"https:\/\/kosztolanyigimnazium.hu\/index.php?rest_route=%2Fwp%2Fv2%2Fcomments&post=197"}],"version-history":[{"count":6,"href":"https:\/\/kosztolanyigimnazium.hu\/index.php?rest_route=\/wp\/v2\/pages\/197\/revisions"}],"predecessor-version":[{"id":4504,"href":"https:\/\/kosztolanyigimnazium.hu\/index.php?rest_route=\/wp\/v2\/pages\/197\/revisions\/4504"}],"up":[{"embeddable":true,"href":"https:\/\/kosztolanyigimnazium.hu\/index.php?rest_route=\/wp\/v2\/pages\/624"}],"wp:featuredmedia":[{"embeddable":true,"href":"https:\/\/kosztolanyigimnazium.hu\/index.php?rest_route=\/wp\/v2\/media\/198"}],"wp:attachment":[{"href":"https:\/\/kosztolanyigimnazium.hu\/index.php?rest_route=%2Fwp%2Fv2%2Fmedia&parent=197"}],"curies":[{"name":"wp","href":"https:\/\/api.w.org\/{rel}","templated":true}]}}