{"id":21,"date":"2019-04-15T12:36:17","date_gmt":"2019-04-15T12:36:17","guid":{"rendered":"http:\/\/localhost:8888\/?page_id=21"},"modified":"2026-04-14T08:23:21","modified_gmt":"2026-04-14T07:23:21","slug":"kapcsolat","status":"publish","type":"page","link":"https:\/\/kosztolanyigimnazium.hu\/?page_id=21","title":{"rendered":"Kapcsolat"},"content":{"rendered":"\n<h2 class=\"wp-block-heading\">Budapest I. Ker\u00fcleti Kosztol\u00e1nyi Dezs\u0151 Gimn\u00e1zium<\/h2>\n\n\n\n<ul class=\"wp-block-list\">\n<li>C\u00edm: 1012 Budapest, Attila \u00fat 135-137.<\/li>\n\n\n\n<li>Telefon: 06\/1-375-2282 ,+36 (30) 877-2118<\/li>\n\n\n\n<li>Email: titkarsag@kosztolanyigimnazium.hu<\/li>\n<\/ul>\n\n\n\n<figure><iframe loading=\"lazy\" src=\"https:\/\/www.google.com\/maps\/embed?pb=!1m14!1m8!1m3!1d1347.6261378607692!2d19.025079!3d47.504478!3m2!1i1024!2i768!4f13.1!3m3!1m2!1s0x0%3A0xe8a2d9bb5fd8ce38!2zS29zenRvbMOhbnlpIERlenPFkSBHaW1uw6F6aXVt!5e0!3m2!1sen!2shu!4v1555430980477!5m2!1sen!2shu\" width=\"800\" height=\"600\" frameborder=\"0\" style=\"border:0\" allowfullscreen=\"\"><\/iframe><\/figure>\n","protected":false},"excerpt":{"rendered":"<p>Budapest I. Ker\u00fcleti Kosztol\u00e1nyi Dezs\u0151 Gimn\u00e1zium<\/p>\n","protected":false},"author":1,"featured_media":1360,"parent":0,"menu_order":0,"comment_status":"closed","ping_status":"closed","template":"","meta":{"footnotes":""},"class_list":["post-21","page","type-page","status-publish","has-post-thumbnail","hentry"],"_links":{"self":[{"href":"https:\/\/kosztolanyigimnazium.hu\/index.php?rest_route=\/wp\/v2\/pages\/21","targetHints":{"allow":["GET"]}}],"collection":[{"href":"https:\/\/kosztolanyigimnazium.hu\/index.php?rest_route=\/wp\/v2\/pages"}],"about":[{"href":"https:\/\/kosztolanyigimnazium.hu\/index.php?rest_route=\/wp\/v2\/types\/page"}],"author":[{"embeddable":true,"href":"https:\/\/kosztolanyigimnazium.hu\/index.php?rest_route=\/wp\/v2\/users\/1"}],"replies":[{"embeddable":true,"href":"https:\/\/kosztolanyigimnazium.hu\/index.php?rest_route=%2Fwp%2Fv2%2Fcomments&post=21"}],"version-history":[{"count":14,"href":"https:\/\/kosztolanyigimnazium.hu\/index.php?rest_route=\/wp\/v2\/pages\/21\/revisions"}],"predecessor-version":[{"id":5463,"href":"https:\/\/kosztolanyigimnazium.hu\/index.php?rest_route=\/wp\/v2\/pages\/21\/revisions\/5463"}],"wp:featuredmedia":[{"embeddable":true,"href":"https:\/\/kosztolanyigimnazium.hu\/index.php?rest_route=\/wp\/v2\/media\/1360"}],"wp:attachment":[{"href":"https:\/\/kosztolanyigimnazium.hu\/index.php?rest_route=%2Fwp%2Fv2%2Fmedia&parent=21"}],"curies":[{"name":"wp","href":"https:\/\/api.w.org\/{rel}","templated":true}]}}