{"id":212,"date":"2019-04-16T12:35:48","date_gmt":"2019-04-16T12:35:48","guid":{"rendered":"http:\/\/localhost:8888\/?page_id=212"},"modified":"2021-05-05T07:38:03","modified_gmt":"2021-05-05T06:38:03","slug":"facebook-kdgbp","status":"publish","type":"page","link":"https:\/\/kosztolanyigimnazium.hu\/?page_id=212","title":{"rendered":"Facebook (KDGBP)"},"content":{"rendered":"\n<p>K\u00f6vesd a Kosztol\u00e1nyit a Facebook-on, hogy gyorsabban \u00e9rtes\u00fclj a h\u00edrekr\u0151l, valamint tov\u00e1bbi k\u00e9peket \u00e9s tartalmakat \u00e9rj el.<\/p>\n\n\n\n<!--more-->\n\n\n\n<h2 class=\"wp-block-heading\"><a href=\"https:\/\/www.facebook.com\/kdgbp\/\">Kosztol\u00e1nyi Dezs\u0151 Gimn\u00e1zium hivatalos Facebook oldala el\u00e9r\u00e9s\u00e9hez kattints ide, vagy a k\u00e9pre<\/a>.<\/h2>\n\n\n\n<figure class=\"wp-block-image\"><a href=\"https:\/\/www.facebook.com\/kdgbp\/\" target=\"_blank\" rel=\"noreferrer noopener\"><img loading=\"lazy\" decoding=\"async\" width=\"1024\" height=\"1024\" src=\"http:\/\/localhost:8888\/wp-content\/uploads\/2019\/04\/kdg-kepek-oldal-logo-facebook-page-1024x1024.png\" alt=\"https:\/\/www.facebook.com\/kdgbp\/\" class=\"wp-image-213\" srcset=\"https:\/\/kosztolanyigimnazium.hu\/wp-content\/uploads\/2019\/04\/kdg-kepek-oldal-logo-facebook-page-1024x1024.png 1024w, https:\/\/kosztolanyigimnazium.hu\/wp-content\/uploads\/2019\/04\/kdg-kepek-oldal-logo-facebook-page-150x150.png 150w, https:\/\/kosztolanyigimnazium.hu\/wp-content\/uploads\/2019\/04\/kdg-kepek-oldal-logo-facebook-page-300x300.png 300w, https:\/\/kosztolanyigimnazium.hu\/wp-content\/uploads\/2019\/04\/kdg-kepek-oldal-logo-facebook-page-768x768.png 768w, https:\/\/kosztolanyigimnazium.hu\/wp-content\/uploads\/2019\/04\/kdg-kepek-oldal-logo-facebook-page-270x270.png 270w, https:\/\/kosztolanyigimnazium.hu\/wp-content\/uploads\/2019\/04\/kdg-kepek-oldal-logo-facebook-page.png 1500w\" sizes=\"auto, (max-width: 1024px) 100vw, 1024px\" \/><\/a><\/figure>\n","protected":false},"excerpt":{"rendered":"<p>K\u00f6vesd a Kosztol\u00e1nyit a Facebook-on, hogy gyorsabban \u00e9rtes\u00fclj a h\u00edrekr\u0151l, valamint tov\u00e1bbi k\u00e9peket \u00e9s tartalmakat \u00e9rj el.<\/p>\n","protected":false},"author":1,"featured_media":13,"parent":21,"menu_order":0,"comment_status":"closed","ping_status":"closed","template":"","meta":{"footnotes":""},"class_list":["post-212","page","type-page","status-publish","has-post-thumbnail","hentry"],"_links":{"self":[{"href":"https:\/\/kosztolanyigimnazium.hu\/index.php?rest_route=\/wp\/v2\/pages\/212","targetHints":{"allow":["GET"]}}],"collection":[{"href":"https:\/\/kosztolanyigimnazium.hu\/index.php?rest_route=\/wp\/v2\/pages"}],"about":[{"href":"https:\/\/kosztolanyigimnazium.hu\/index.php?rest_route=\/wp\/v2\/types\/page"}],"author":[{"embeddable":true,"href":"https:\/\/kosztolanyigimnazium.hu\/index.php?rest_route=\/wp\/v2\/users\/1"}],"replies":[{"embeddable":true,"href":"https:\/\/kosztolanyigimnazium.hu\/index.php?rest_route=%2Fwp%2Fv2%2Fcomments&post=212"}],"version-history":[{"count":11,"href":"https:\/\/kosztolanyigimnazium.hu\/index.php?rest_route=\/wp\/v2\/pages\/212\/revisions"}],"predecessor-version":[{"id":2932,"href":"https:\/\/kosztolanyigimnazium.hu\/index.php?rest_route=\/wp\/v2\/pages\/212\/revisions\/2932"}],"up":[{"embeddable":true,"href":"https:\/\/kosztolanyigimnazium.hu\/index.php?rest_route=\/wp\/v2\/pages\/21"}],"wp:featuredmedia":[{"embeddable":true,"href":"https:\/\/kosztolanyigimnazium.hu\/index.php?rest_route=\/wp\/v2\/media\/13"}],"wp:attachment":[{"href":"https:\/\/kosztolanyigimnazium.hu\/index.php?rest_route=%2Fwp%2Fv2%2Fmedia&parent=212"}],"curies":[{"name":"wp","href":"https:\/\/api.w.org\/{rel}","templated":true}]}}