{"id":2301,"date":"2020-10-13T09:17:30","date_gmt":"2020-10-13T08:17:30","guid":{"rendered":"https:\/\/kosztolanyigimnazium.hu\/?page_id=2301"},"modified":"2020-10-13T09:17:30","modified_gmt":"2020-10-13T08:17:30","slug":"tanev-rendje-2020-2021","status":"publish","type":"page","link":"https:\/\/kosztolanyigimnazium.hu\/?page_id=2301","title":{"rendered":"Tan\u00e9v rendje 2020\/2021"},"content":{"rendered":"\n<div class=\"wp-block-file\"><a href=\"https:\/\/kosztolanyigimnazium.hu\/wp-content\/uploads\/2020\/10\/kdg-tanevrendje-2020-2021.pdf\">Kosztol\u00e1nyi Dezs\u0151 Gimn\u00e1zim &#8211; Tan\u00e9v rendje 2020\/2021.<\/a><a href=\"https:\/\/kosztolanyigimnazium.hu\/wp-content\/uploads\/2020\/10\/kdg-tanevrendje-2020-2021.pdf\" class=\"wp-block-file__button\" download>Let\u00f6lt\u00e9s<\/a><\/div>\n\n\n<a href=\"https:\/\/kosztolanyigimnazium.hu\/wp-content\/uploads\/2020\/10\/kdg-tanevrendje-2020-2021.pdf\" class=\"pdfemb-viewer\" style=\"\" data-width=\"max\" data-height=\"max\" data-toolbar=\"both\" data-toolbar-fixed=\"off\">kdg-tanevrendje-2020-2021<\/a>\n<p class=\"wp-block-pdfemb-pdf-embedder-viewer\"><\/p>\n","protected":false},"excerpt":{"rendered":"","protected":false},"author":1,"featured_media":0,"parent":160,"menu_order":0,"comment_status":"closed","ping_status":"closed","template":"","meta":{"footnotes":""},"class_list":["post-2301","page","type-page","status-publish","hentry"],"_links":{"self":[{"href":"https:\/\/kosztolanyigimnazium.hu\/index.php?rest_route=\/wp\/v2\/pages\/2301","targetHints":{"allow":["GET"]}}],"collection":[{"href":"https:\/\/kosztolanyigimnazium.hu\/index.php?rest_route=\/wp\/v2\/pages"}],"about":[{"href":"https:\/\/kosztolanyigimnazium.hu\/index.php?rest_route=\/wp\/v2\/types\/page"}],"author":[{"embeddable":true,"href":"https:\/\/kosztolanyigimnazium.hu\/index.php?rest_route=\/wp\/v2\/users\/1"}],"replies":[{"embeddable":true,"href":"https:\/\/kosztolanyigimnazium.hu\/index.php?rest_route=%2Fwp%2Fv2%2Fcomments&post=2301"}],"version-history":[{"count":1,"href":"https:\/\/kosztolanyigimnazium.hu\/index.php?rest_route=\/wp\/v2\/pages\/2301\/revisions"}],"predecessor-version":[{"id":2306,"href":"https:\/\/kosztolanyigimnazium.hu\/index.php?rest_route=\/wp\/v2\/pages\/2301\/revisions\/2306"}],"up":[{"embeddable":true,"href":"https:\/\/kosztolanyigimnazium.hu\/index.php?rest_route=\/wp\/v2\/pages\/160"}],"wp:attachment":[{"href":"https:\/\/kosztolanyigimnazium.hu\/index.php?rest_route=%2Fwp%2Fv2%2Fmedia&parent=2301"}],"curies":[{"name":"wp","href":"https:\/\/api.w.org\/{rel}","templated":true}]}}