{"id":2326,"date":"2020-10-15T10:59:15","date_gmt":"2020-10-15T09:59:15","guid":{"rendered":"https:\/\/kosztolanyigimnazium.hu\/?page_id=2326"},"modified":"2020-11-16T09:54:42","modified_gmt":"2020-11-16T08:54:42","slug":"vezetoi-fejlesztesi-terv","status":"publish","type":"page","link":"https:\/\/kosztolanyigimnazium.hu\/?page_id=2326","title":{"rendered":"Vezet\u0151i fejleszt\u00e9si terv"},"content":{"rendered":"\n<div class=\"wp-block-file\"><a href=\"https:\/\/kosztolanyigimnazium.hu\/wp-content\/uploads\/2020\/10\/Bodor-Eszter-vezetoi-tanfelugyeleti-f-ejlesztesi-terve_2017_2018_02_22_E.pdf\">Bodor Eszter &#8211; Vezet\u0151i tanfel\u00fcgyeleti fejleszt\u00e9si terve (2017 \/2018)<\/a><a href=\"https:\/\/kosztolanyigimnazium.hu\/wp-content\/uploads\/2020\/10\/Bodor-Eszter-vezetoi-tanfelugyeleti-f-ejlesztesi-terve_2017_2018_02_22_E.pdf\" class=\"wp-block-file__button\" download>Let\u00f6lt\u00e9s<\/a><\/div>\n\n\n<a href=\"https:\/\/kosztolanyigimnazium.hu\/wp-content\/uploads\/2020\/10\/Bodor-Eszter-vezetoi-tanfelugyeleti-f-ejlesztesi-terve_2017_2018_02_22_E.pdf\" class=\"pdfemb-viewer\" style=\"\" data-width=\"max\" data-height=\"max\" data-toolbar=\"both\" data-toolbar-fixed=\"off\">Bodor-Eszter-vezetoi-tanfelugyeleti-f-ejlesztesi-terve_2017_2018_02_22_E<\/a>\n<p class=\"wp-block-pdfemb-pdf-embedder-viewer\"><\/p>\n\n\n\n<div class=\"wp-block-file\"><a href=\"https:\/\/kosztolanyigimnazium.hu\/wp-content\/uploads\/2020\/11\/Bodor-Eszter-vezetoi-tanfelugyeleti-f-ejlesztesi-terv-megvalosulasa-2020.pdf\">Bodor Eszter &#8211; Vezet\u0151i tanfel\u00fcgyeleti fejleszt\u00e9si terv megval\u00f3sul\u00e1sa (2020)<\/a><a href=\"https:\/\/kosztolanyigimnazium.hu\/wp-content\/uploads\/2020\/11\/Bodor-Eszter-vezetoi-tanfelugyeleti-f-ejlesztesi-terv-megvalosulasa-2020.pdf\" class=\"wp-block-file__button\" download>Let\u00f6lt\u00e9s<\/a><\/div>\n\n\n<a href=\"https:\/\/kosztolanyigimnazium.hu\/wp-content\/uploads\/2020\/11\/Bodor-Eszter-vezetoi-tanfelugyeleti-f-ejlesztesi-terv-megvalosulasa-2020.pdf\" class=\"pdfemb-viewer\" style=\"\" data-width=\"max\" data-height=\"max\" data-toolbar=\"both\" data-toolbar-fixed=\"off\">Bodor-Eszter-vezetoi-tanfelugyeleti-f-ejlesztesi-terv-megvalosulasa-2020<\/a>\n<p class=\"wp-block-pdfemb-pdf-embedder-viewer\"><\/p>\n","protected":false},"excerpt":{"rendered":"","protected":false},"author":1,"featured_media":0,"parent":130,"menu_order":0,"comment_status":"closed","ping_status":"closed","template":"","meta":{"footnotes":""},"class_list":["post-2326","page","type-page","status-publish","hentry"],"_links":{"self":[{"href":"https:\/\/kosztolanyigimnazium.hu\/index.php?rest_route=\/wp\/v2\/pages\/2326","targetHints":{"allow":["GET"]}}],"collection":[{"href":"https:\/\/kosztolanyigimnazium.hu\/index.php?rest_route=\/wp\/v2\/pages"}],"about":[{"href":"https:\/\/kosztolanyigimnazium.hu\/index.php?rest_route=\/wp\/v2\/types\/page"}],"author":[{"embeddable":true,"href":"https:\/\/kosztolanyigimnazium.hu\/index.php?rest_route=\/wp\/v2\/users\/1"}],"replies":[{"embeddable":true,"href":"https:\/\/kosztolanyigimnazium.hu\/index.php?rest_route=%2Fwp%2Fv2%2Fcomments&post=2326"}],"version-history":[{"count":2,"href":"https:\/\/kosztolanyigimnazium.hu\/index.php?rest_route=\/wp\/v2\/pages\/2326\/revisions"}],"predecessor-version":[{"id":2496,"href":"https:\/\/kosztolanyigimnazium.hu\/index.php?rest_route=\/wp\/v2\/pages\/2326\/revisions\/2496"}],"up":[{"embeddable":true,"href":"https:\/\/kosztolanyigimnazium.hu\/index.php?rest_route=\/wp\/v2\/pages\/130"}],"wp:attachment":[{"href":"https:\/\/kosztolanyigimnazium.hu\/index.php?rest_route=%2Fwp%2Fv2%2Fmedia&parent=2326"}],"curies":[{"name":"wp","href":"https:\/\/api.w.org\/{rel}","templated":true}]}}