{"id":273,"date":"2019-04-16T15:29:11","date_gmt":"2019-04-16T15:29:11","guid":{"rendered":"http:\/\/localhost:8888\/?page_id=273"},"modified":"2019-04-22T20:07:09","modified_gmt":"2019-04-22T20:07:09","slug":"mentoralo-intezmeny","status":"publish","type":"page","link":"https:\/\/kosztolanyigimnazium.hu\/?page_id=273","title":{"rendered":"Mentor\u00e1l\u00f3 Int\u00e9zm\u00e9ny"},"content":{"rendered":"\n<p>&#8222;K\u00f6znevel\u00e9s az iskol\u00e1ban&#8221;&nbsp;<strong>T\u00c1MOP-3.1.4.B-13\/1-2013-0001&nbsp;<\/strong>kiemelt projekt keret\u00e9ben iskol\u00e1nk elnyerte a MENTOR\u00c1L\u00d3 INT\u00c9ZM\u00c9NY-i c\u00edmet. A m\u00f3dszertani modell c\u00edme: &#8222;IKT eszk\u00f6z\u00f6k \u00e9s hagyom\u00e1nyos pedag\u00f3giai m\u00f3dszerek egy\u00fcttes alkalmaz\u00e1sa a k\u00f6rnyezeti \u00e9s term\u00e9szettudom\u00e1nyos nevel\u00e9sben.&#8221;<\/p>\n\n\n\n<p>Nyitott int\u00e9zm\u00e9nyk\u00e9nt hospit\u00e1l\u00e1si lehet\u0151s\u00e9get biztos\u00edtunk a megadott id\u0151pontokban pedag\u00f3gusoknak, sz\u00fcl\u0151knek, di\u00e1koknak:<\/p>\n\n\n\n<ul class=\"wp-block-list\"><li>okt\u00f3ber 21. 13.30-15.00. &#8211;&nbsp;<strong>Kovalens k\u00f6t\u00e9s a sz\u00e9nvegy\u00fcletekben<\/strong>.<\/li><li>november 10. 12.35-14.00. &#8211;&nbsp;<strong>T\u00f6meg- \u00e9s t\u00e9rfogatm\u00e9r\u00e9s<\/strong><\/li><li>november 13. 13.30-15.00. &#8211;&nbsp;<strong>Kever\u00e9kek sz\u00e9tv\u00e1laszt\u00e1sa alkot\u00f3r\u00e9szeire<\/strong><\/li><li>november 14. 13.30-15.00. &#8211;&nbsp;<strong>Workshop<\/strong><\/li><\/ul>\n\n\n\n<p>Az id\u0151pontokat \u00e9s a t\u00e9mak\u00f6r\u00f6ket folyamatosan friss\u00edtj\u00fck.<\/p>\n","protected":false},"excerpt":{"rendered":"<p>&#8222;K\u00f6znevel\u00e9s az iskol\u00e1ban&#8221;&nbsp;T\u00c1MOP-3.1.4.B-13\/1-2013-0001&nbsp;kiemelt projekt keret\u00e9ben iskol\u00e1nk elnyerte a MENTOR\u00c1L\u00d3 INT\u00c9ZM\u00c9NY-i c\u00edmet. A m\u00f3dszertani modell c\u00edme: &#8222;IKT eszk\u00f6z\u00f6k \u00e9s hagyom\u00e1nyos pedag\u00f3giai m\u00f3dszerek egy\u00fcttes alkalmaz\u00e1sa a k\u00f6rnyezeti \u00e9s term\u00e9szettudom\u00e1nyos nevel\u00e9sben.&#8221; Nyitott int\u00e9zm\u00e9nyk\u00e9nt hospit\u00e1l\u00e1si lehet\u0151s\u00e9get biztos\u00edtunk a megadott id\u0151pontokban pedag\u00f3gusoknak, sz\u00fcl\u0151knek, di\u00e1koknak: okt\u00f3ber <a href=\"https:\/\/kosztolanyigimnazium.hu\/?page_id=273\" class=\"read-more\">Olvass tov\u00e1bb&#8230;<\/a><\/p>\n","protected":false},"author":1,"featured_media":274,"parent":616,"menu_order":0,"comment_status":"closed","ping_status":"closed","template":"","meta":{"footnotes":""},"class_list":["post-273","page","type-page","status-publish","has-post-thumbnail","hentry"],"_links":{"self":[{"href":"https:\/\/kosztolanyigimnazium.hu\/index.php?rest_route=\/wp\/v2\/pages\/273","targetHints":{"allow":["GET"]}}],"collection":[{"href":"https:\/\/kosztolanyigimnazium.hu\/index.php?rest_route=\/wp\/v2\/pages"}],"about":[{"href":"https:\/\/kosztolanyigimnazium.hu\/index.php?rest_route=\/wp\/v2\/types\/page"}],"author":[{"embeddable":true,"href":"https:\/\/kosztolanyigimnazium.hu\/index.php?rest_route=\/wp\/v2\/users\/1"}],"replies":[{"embeddable":true,"href":"https:\/\/kosztolanyigimnazium.hu\/index.php?rest_route=%2Fwp%2Fv2%2Fcomments&post=273"}],"version-history":[{"count":1,"href":"https:\/\/kosztolanyigimnazium.hu\/index.php?rest_route=\/wp\/v2\/pages\/273\/revisions"}],"predecessor-version":[{"id":275,"href":"https:\/\/kosztolanyigimnazium.hu\/index.php?rest_route=\/wp\/v2\/pages\/273\/revisions\/275"}],"up":[{"embeddable":true,"href":"https:\/\/kosztolanyigimnazium.hu\/index.php?rest_route=\/wp\/v2\/pages\/616"}],"wp:featuredmedia":[{"embeddable":true,"href":"https:\/\/kosztolanyigimnazium.hu\/index.php?rest_route=\/wp\/v2\/media\/274"}],"wp:attachment":[{"href":"https:\/\/kosztolanyigimnazium.hu\/index.php?rest_route=%2Fwp%2Fv2%2Fmedia&parent=273"}],"curies":[{"name":"wp","href":"https:\/\/api.w.org\/{rel}","templated":true}]}}