{"id":2898,"date":"2021-04-26T07:57:19","date_gmt":"2021-04-26T06:57:19","guid":{"rendered":"https:\/\/kosztolanyigimnazium.hu\/?page_id=2898"},"modified":"2025-09-19T10:17:35","modified_gmt":"2025-09-19T09:17:35","slug":"felveteli-jegyzek","status":"publish","type":"page","link":"https:\/\/kosztolanyigimnazium.hu\/?page_id=2898","title":{"rendered":"Felv\u00e9teli jegyz\u00e9k"},"content":{"rendered":"\n<h2 class=\"wp-block-heading\">A 2026\/2027-es tan\u00e9vre vonatkoz\u00f3 felv\u00e9teli jegyz\u00e9k\u00fcnk:<\/h2>\n\n\n\n<p>A felv\u00e9teli d\u00f6nt\u00e9sr\u0151l\u00a0<strong>m\u00e1jus 8-\u00e1ig<\/strong>\u00a0hat\u00e1rozat form\u00e1j\u00e1ban \u00e9rtes\u00edt\u00e9st k\u00fcld\u00fcnk.<\/p>\n\n\n\n<p style=\"text-decoration:underline\">0004<\/p>\n\n\n\n<p style=\"text-decoration:underline\">0005<\/p>\n\n\n\n<p style=\"text-decoration:underline\">0008<\/p>\n\n\n\n<p style=\"text-decoration:underline\">0009<\/p>\n\n\n\n<p>A m\u00e1s iskol\u00e1ba bejut\u00f3knak, illetve a m\u00e1sik iskol\u00e1t v\u00e1laszt\u00f3knak is gratul\u00e1lunk \u00e9s eredm\u00e9nyes tan\u00e9veket k\u00edv\u00e1nunk.<\/p>\n\n\n\n<p>A hozz\u00e1nk felvett di\u00e1kokat szeretettel v\u00e1rjuk 2026.<strong>&nbsp;j\u00fanius 25-\u00e9n<\/strong>&nbsp;a beiratkoz\u00e1skor.<\/p>\n","protected":false},"excerpt":{"rendered":"<p>A 2026\/2027-es tan\u00e9vre vonatkoz\u00f3 felv\u00e9teli jegyz\u00e9k\u00fcnk: A felv\u00e9teli d\u00f6nt\u00e9sr\u0151l\u00a0m\u00e1jus 8-\u00e1ig\u00a0hat\u00e1rozat form\u00e1j\u00e1ban \u00e9rtes\u00edt\u00e9st k\u00fcld\u00fcnk. 0004 0005 0008 0009 A m\u00e1s iskol\u00e1ba bejut\u00f3knak, illetve a m\u00e1sik iskol\u00e1t v\u00e1laszt\u00f3knak is gratul\u00e1lunk \u00e9s eredm\u00e9nyes tan\u00e9veket k\u00edv\u00e1nunk. A hozz\u00e1nk felvett di\u00e1kokat szeretettel v\u00e1rjuk 2026.&nbsp;j\u00fanius 25-\u00e9n&nbsp;a <a href=\"https:\/\/kosztolanyigimnazium.hu\/?page_id=2898\" class=\"read-more\">Olvass tov\u00e1bb&#8230;<\/a><\/p>\n","protected":false},"author":1,"featured_media":1986,"parent":392,"menu_order":0,"comment_status":"closed","ping_status":"closed","template":"","meta":{"footnotes":""},"class_list":["post-2898","page","type-page","status-publish","has-post-thumbnail","hentry"],"_links":{"self":[{"href":"https:\/\/kosztolanyigimnazium.hu\/index.php?rest_route=\/wp\/v2\/pages\/2898","targetHints":{"allow":["GET"]}}],"collection":[{"href":"https:\/\/kosztolanyigimnazium.hu\/index.php?rest_route=\/wp\/v2\/pages"}],"about":[{"href":"https:\/\/kosztolanyigimnazium.hu\/index.php?rest_route=\/wp\/v2\/types\/page"}],"author":[{"embeddable":true,"href":"https:\/\/kosztolanyigimnazium.hu\/index.php?rest_route=\/wp\/v2\/users\/1"}],"replies":[{"embeddable":true,"href":"https:\/\/kosztolanyigimnazium.hu\/index.php?rest_route=%2Fwp%2Fv2%2Fcomments&post=2898"}],"version-history":[{"count":15,"href":"https:\/\/kosztolanyigimnazium.hu\/index.php?rest_route=\/wp\/v2\/pages\/2898\/revisions"}],"predecessor-version":[{"id":5270,"href":"https:\/\/kosztolanyigimnazium.hu\/index.php?rest_route=\/wp\/v2\/pages\/2898\/revisions\/5270"}],"up":[{"embeddable":true,"href":"https:\/\/kosztolanyigimnazium.hu\/index.php?rest_route=\/wp\/v2\/pages\/392"}],"wp:featuredmedia":[{"embeddable":true,"href":"https:\/\/kosztolanyigimnazium.hu\/index.php?rest_route=\/wp\/v2\/media\/1986"}],"wp:attachment":[{"href":"https:\/\/kosztolanyigimnazium.hu\/index.php?rest_route=%2Fwp%2Fv2%2Fmedia&parent=2898"}],"curies":[{"name":"wp","href":"https:\/\/api.w.org\/{rel}","templated":true}]}}