{"id":304,"date":"2019-04-16T16:17:44","date_gmt":"2019-04-16T16:17:44","guid":{"rendered":"http:\/\/localhost:8888\/?page_id=304"},"modified":"2019-04-16T16:17:44","modified_gmt":"2019-04-16T16:17:44","slug":"fenntarto","status":"publish","type":"page","link":"https:\/\/kosztolanyigimnazium.hu\/?page_id=304","title":{"rendered":"Fenntart\u00f3"},"content":{"rendered":"\n<h2 class=\"wp-block-heading\">K\u00f6z\u00e9p-Budai Tanker\u00fcleti K\u00f6zpont<\/h2>\n\n\n\n<ul class=\"wp-block-list\"><li>C\u00edm: 1027 Budapest, F\u0151 utca 80.<\/li><li>Telefon:&nbsp;<a href=\"tel:+3617958225\">+3617958225<\/a><\/li><li>Email:&nbsp;<a href=\"mailto:kozepbuda@kk.gov.hu\">kozepbuda kukac kk pont gov pont hu<\/a><\/li><li>Web:&nbsp;<a href=\"http:\/\/kk.gov.hu\/kozepbuda\">http:\/\/kk.gov.hu\/kozepbuda<\/a><\/li><\/ul>\n","protected":false},"excerpt":{"rendered":"<p>K\u00f6z\u00e9p-Budai Tanker\u00fcleti K\u00f6zpont C\u00edm: 1027 Budapest, F\u0151 utca 80. Telefon:&nbsp;+3617958225 Email:&nbsp;kozepbuda kukac kk pont gov pont hu Web:&nbsp;http:\/\/kk.gov.hu\/kozepbuda<\/p>\n","protected":false},"author":1,"featured_media":305,"parent":21,"menu_order":0,"comment_status":"closed","ping_status":"closed","template":"","meta":{"footnotes":""},"class_list":["post-304","page","type-page","status-publish","has-post-thumbnail","hentry"],"_links":{"self":[{"href":"https:\/\/kosztolanyigimnazium.hu\/index.php?rest_route=\/wp\/v2\/pages\/304","targetHints":{"allow":["GET"]}}],"collection":[{"href":"https:\/\/kosztolanyigimnazium.hu\/index.php?rest_route=\/wp\/v2\/pages"}],"about":[{"href":"https:\/\/kosztolanyigimnazium.hu\/index.php?rest_route=\/wp\/v2\/types\/page"}],"author":[{"embeddable":true,"href":"https:\/\/kosztolanyigimnazium.hu\/index.php?rest_route=\/wp\/v2\/users\/1"}],"replies":[{"embeddable":true,"href":"https:\/\/kosztolanyigimnazium.hu\/index.php?rest_route=%2Fwp%2Fv2%2Fcomments&post=304"}],"version-history":[{"count":1,"href":"https:\/\/kosztolanyigimnazium.hu\/index.php?rest_route=\/wp\/v2\/pages\/304\/revisions"}],"predecessor-version":[{"id":306,"href":"https:\/\/kosztolanyigimnazium.hu\/index.php?rest_route=\/wp\/v2\/pages\/304\/revisions\/306"}],"up":[{"embeddable":true,"href":"https:\/\/kosztolanyigimnazium.hu\/index.php?rest_route=\/wp\/v2\/pages\/21"}],"wp:featuredmedia":[{"embeddable":true,"href":"https:\/\/kosztolanyigimnazium.hu\/index.php?rest_route=\/wp\/v2\/media\/305"}],"wp:attachment":[{"href":"https:\/\/kosztolanyigimnazium.hu\/index.php?rest_route=%2Fwp%2Fv2%2Fmedia&parent=304"}],"curies":[{"name":"wp","href":"https:\/\/api.w.org\/{rel}","templated":true}]}}