{"id":309,"date":"2019-04-16T16:48:58","date_gmt":"2019-04-16T16:48:58","guid":{"rendered":"http:\/\/localhost:8888\/?page_id=309"},"modified":"2019-04-16T16:48:58","modified_gmt":"2019-04-16T16:48:58","slug":"partnereink","status":"publish","type":"page","link":"https:\/\/kosztolanyigimnazium.hu\/?page_id=309","title":{"rendered":"Partnereink"},"content":{"rendered":"\n<p>Kosztol\u00e1nyi Dezs\u0151 Gimn\u00e1zium haza partner int\u00e9zm\u00e9nyei, iskol\u00e1i \u00e9s c\u00e9gei.<\/p>\n\n\n\n<ul class=\"wp-block-list\"><li><a href=\"http:\/\/www.budavar.hu\/index.php?l=hu\">http:\/\/www.budavar.hu\/index.php?l=hu<\/a><\/li><li><a href=\"https:\/\/www.elte.hu\/\">https:\/\/www.elte.hu\/<\/a><\/li><li><a href=\"http:\/\/he-ba.hu\/\">http:\/\/he-ba.hu\/<\/a><\/li><li><a href=\"http:\/\/www.police.hu\/ugyintezes\/szerv\/orszagos-rendor-fokapitanysag\/budapesti-rendor-fokapitanysag\/i-keruleti\">http:\/\/www.police.hu\/ugyintezes\/szerv\/orszagos-rendor-fokapitanysag\/buda&#8230;<\/a><\/li><li><a href=\"http:\/\/budavarnevtan.mindenkilapja.hu\/\">http:\/\/budavarnevtan.mindenkilapja.hu\/<\/a><\/li><li><a href=\"http:\/\/www.mategye.hu\/\">http:\/\/www.mategye.hu\/<\/a><\/li><li><a href=\"https:\/\/hu.sodexo.com\/home.html\">https:\/\/hu.sodexo.com\/home.html<\/a><\/li><li><a href=\"http:\/\/tf.hu\/\">http:\/\/tf.hu\/<\/a><\/li><\/ul>\n","protected":false},"excerpt":{"rendered":"<p>Kosztol\u00e1nyi Dezs\u0151 Gimn\u00e1zium haza partner int\u00e9zm\u00e9nyei, iskol\u00e1i \u00e9s c\u00e9gei. http:\/\/www.budavar.hu\/index.php?l=hu https:\/\/www.elte.hu\/ http:\/\/he-ba.hu\/ http:\/\/www.police.hu\/ugyintezes\/szerv\/orszagos-rendor-fokapitanysag\/buda&#8230; http:\/\/budavarnevtan.mindenkilapja.hu\/ http:\/\/www.mategye.hu\/ https:\/\/hu.sodexo.com\/home.html http:\/\/tf.hu\/<\/p>\n","protected":false},"author":1,"featured_media":310,"parent":21,"menu_order":0,"comment_status":"closed","ping_status":"closed","template":"","meta":{"footnotes":""},"class_list":["post-309","page","type-page","status-publish","has-post-thumbnail","hentry"],"_links":{"self":[{"href":"https:\/\/kosztolanyigimnazium.hu\/index.php?rest_route=\/wp\/v2\/pages\/309","targetHints":{"allow":["GET"]}}],"collection":[{"href":"https:\/\/kosztolanyigimnazium.hu\/index.php?rest_route=\/wp\/v2\/pages"}],"about":[{"href":"https:\/\/kosztolanyigimnazium.hu\/index.php?rest_route=\/wp\/v2\/types\/page"}],"author":[{"embeddable":true,"href":"https:\/\/kosztolanyigimnazium.hu\/index.php?rest_route=\/wp\/v2\/users\/1"}],"replies":[{"embeddable":true,"href":"https:\/\/kosztolanyigimnazium.hu\/index.php?rest_route=%2Fwp%2Fv2%2Fcomments&post=309"}],"version-history":[{"count":1,"href":"https:\/\/kosztolanyigimnazium.hu\/index.php?rest_route=\/wp\/v2\/pages\/309\/revisions"}],"predecessor-version":[{"id":311,"href":"https:\/\/kosztolanyigimnazium.hu\/index.php?rest_route=\/wp\/v2\/pages\/309\/revisions\/311"}],"up":[{"embeddable":true,"href":"https:\/\/kosztolanyigimnazium.hu\/index.php?rest_route=\/wp\/v2\/pages\/21"}],"wp:featuredmedia":[{"embeddable":true,"href":"https:\/\/kosztolanyigimnazium.hu\/index.php?rest_route=\/wp\/v2\/media\/310"}],"wp:attachment":[{"href":"https:\/\/kosztolanyigimnazium.hu\/index.php?rest_route=%2Fwp%2Fv2%2Fmedia&parent=309"}],"curies":[{"name":"wp","href":"https:\/\/api.w.org\/{rel}","templated":true}]}}