{"id":332,"date":"2019-04-16T19:01:48","date_gmt":"2019-04-16T19:01:48","guid":{"rendered":"http:\/\/localhost:8888\/?page_id=332"},"modified":"2022-03-18T20:12:52","modified_gmt":"2022-03-18T19:12:52","slug":"oko-suli","status":"publish","type":"page","link":"https:\/\/kosztolanyigimnazium.hu\/?page_id=332","title":{"rendered":"\u00d6ko-Suli"},"content":{"rendered":"\n<p>2022-ben iskol\u00e1nk <strong>\u00d6r\u00f6k\u00f6s \u00d6koiskola<\/strong>i elismer\u00e9st kapott.<\/p>\n\n\n\n<hr class=\"wp-block-separator is-style-wide\"\/>\n\n\n\n<p>A Kosztol\u00e1nyi Dezs\u0151 Gimn\u00e1zium <strong>\u00d6KO iskola<\/strong>. Ez nem csak a szelekt\u00edv hullad\u00e9kgy\u0171jt\u00e9s foglalja mag\u00e1ban, hanem azt a teljes szeml\u00e9let rendszert, melyet a fenntarthat\u00f3 fejl\u0151d\u00e9s keretein bel\u00fcl pr\u00f3b\u00e1lunk tov\u00e1bbadni a k\u00f6vetkez\u0151 nemzed\u00e9knek.<\/p>\n\n\n\n<h2 class=\"wp-block-heading\" id=\"munkatervek-ide-kattintva-erhetoek-el\">Munkatervek <a href=\"https:\/\/kosztolanyigimnazium.hu\/oko-suli\/okoiskolai-munkatervek\/\" class=\"ek-link\">ide kattintva<\/a> \u00e9rhet\u0151ek el.<\/h2>\n\n\n\n<p>Besz\u00e1mol\u00f3k az almen\u00fcben \u00e9rhet\u0151ek el.<\/p>\n\n\n\n<hr class=\"wp-block-separator is-style-wide\"\/>\n\n\n\n<p>Tov\u00e1bbi inform\u00e1ci\u00f3k az Oktat\u00e1skutat\u00f3 \u00e9s Fejleszt\u0151int\u00e9zet kifejezetten az \u00d6koiskol\u00e1ra tervezett honlapj\u00e1n tal\u00e1lhat\u00f3ak.<\/p>\n\n\n\n<div class=\"wp-block-image\"><figure class=\"aligncenter size-large\"><img loading=\"lazy\" decoding=\"async\" width=\"1024\" height=\"637\" src=\"https:\/\/kosztolanyigimnazium.hu\/wp-content\/uploads\/2022\/03\/orokos_okoiskola_logojpg-1024x637.jpg\" alt=\"\u00d6r\u00f6k\u00f6s \u00d6koiskola\" class=\"wp-image-3657\" srcset=\"https:\/\/kosztolanyigimnazium.hu\/wp-content\/uploads\/2022\/03\/orokos_okoiskola_logojpg-1024x637.jpg 1024w, https:\/\/kosztolanyigimnazium.hu\/wp-content\/uploads\/2022\/03\/orokos_okoiskola_logojpg-300x186.jpg 300w, https:\/\/kosztolanyigimnazium.hu\/wp-content\/uploads\/2022\/03\/orokos_okoiskola_logojpg-768x477.jpg 768w, https:\/\/kosztolanyigimnazium.hu\/wp-content\/uploads\/2022\/03\/orokos_okoiskola_logojpg-360x224.jpg 360w, https:\/\/kosztolanyigimnazium.hu\/wp-content\/uploads\/2022\/03\/orokos_okoiskola_logojpg.jpg 1311w\" sizes=\"auto, (max-width: 1024px) 100vw, 1024px\" \/><figcaption>\u00d6koiskol\u00e1kkal kapcsolatos inform\u00e1ci\u00f3k <a href=\"http:\/\/www.okoiskola.hu\" class=\"ek-link\">ide kattintva<\/a> \u00e9rhet\u0151ek el<\/figcaption><\/figure><\/div>\n\n\n\n<hr class=\"wp-block-separator is-style-wide\"\/>\n\n\n\n<h4 class=\"wp-block-heading\" id=\"a-kosztolanyi-dezso-gimnazium-buszke-arra-hogy-elnyerte-az-okoiskolai-cimet-melynek-bizonyitekakent-az-oklevelunk-lentebb-lathato\">A Kosztol\u00e1nyi Dezs\u0151 Gimn\u00e1zium b\u00fcszke arra, hogy elnyerte az \u00d6koiskolai c\u00edmet, melynek bizony\u00edt\u00e9kak\u00e9nt az oklevel\u00fcnk lentebb l\u00e1that\u00f3.<\/h4>\n\n\n\n<div class=\"wp-block-image\"><figure class=\"aligncenter\"><img loading=\"lazy\" decoding=\"async\" width=\"717\" height=\"1024\" src=\"https:\/\/kosztolanyigimnazium.hu\/wp-content\/uploads\/2019\/10\/kdg-okosuli-oklevel-2019-2022-717x1024.png\" alt=\"\" class=\"wp-image-1525\" srcset=\"https:\/\/kosztolanyigimnazium.hu\/wp-content\/uploads\/2019\/10\/kdg-okosuli-oklevel-2019-2022-717x1024.png 717w, https:\/\/kosztolanyigimnazium.hu\/wp-content\/uploads\/2019\/10\/kdg-okosuli-oklevel-2019-2022-210x300.png 210w, https:\/\/kosztolanyigimnazium.hu\/wp-content\/uploads\/2019\/10\/kdg-okosuli-oklevel-2019-2022-768x1097.png 768w, https:\/\/kosztolanyigimnazium.hu\/wp-content\/uploads\/2019\/10\/kdg-okosuli-oklevel-2019-2022-189x270.png 189w, https:\/\/kosztolanyigimnazium.hu\/wp-content\/uploads\/2019\/10\/kdg-okosuli-oklevel-2019-2022.png 1210w\" sizes=\"auto, (max-width: 717px) 100vw, 717px\" \/><figcaption>Oklev\u00e9l<\/figcaption><\/figure><\/div>\n\n\n\n<p>Saj\u00e1t tervez\u00e9s\u0171 \u00d6koIskola log\u00f3val rendelkez\u00fcnk, valamint egy (nem nyomtatott) plak\u00e1tunk is van, mely a legfontosabbakat foglalja \u00f6ssze a programmal kapcsolatban. T\u00f6reksz\u00fcnk arra, hogy min\u00e9l k\u00f6rnyezettudatosabban \u00e9lj\u00fcnk &#8211; az iskola falain bel\u00fcl \u00e9s k\u00edv\u0171l egyar\u00e1nt &#8211; \u00edgy k\u00e9r\u00fcnk te se nyomtasd ki a plak\u00e1tot.<\/p>\n\n\n\n<div class=\"wp-block-image\"><figure class=\"aligncenter\"><img loading=\"lazy\" decoding=\"async\" width=\"1024\" height=\"470\" src=\"https:\/\/kosztolanyigimnazium.hu\/wp-content\/uploads\/2019\/04\/kdg-kepek-oldal-logo-okoiskola-jelveny-1024x470.png\" alt=\"\u00d6KO Logo\" class=\"wp-image-335\"\/><\/figure><\/div>\n\n\n\n<figure class=\"wp-block-image\"><a href=\"\/wp-content\/uploads\/2019\/04\/kdg-kepek-oldal-logo-okoiskola-plakat.png\"><img loading=\"lazy\" decoding=\"async\" width=\"1024\" height=\"724\" src=\"\/wp-content\/uploads\/2019\/04\/kdg-kepek-oldal-logo-okoiskola-plakat-1024x724.png\" alt=\"\" class=\"wp-image-334\" srcset=\"https:\/\/kosztolanyigimnazium.hu\/wp-content\/uploads\/2019\/04\/kdg-kepek-oldal-logo-okoiskola-plakat-1024x724.png 1024w, https:\/\/kosztolanyigimnazium.hu\/wp-content\/uploads\/2019\/04\/kdg-kepek-oldal-logo-okoiskola-plakat-300x212.png 300w, https:\/\/kosztolanyigimnazium.hu\/wp-content\/uploads\/2019\/04\/kdg-kepek-oldal-logo-okoiskola-plakat-768x543.png 768w, https:\/\/kosztolanyigimnazium.hu\/wp-content\/uploads\/2019\/04\/kdg-kepek-oldal-logo-okoiskola-plakat-360x255.png 360w\" sizes=\"auto, (max-width: 1024px) 100vw, 1024px\" \/><\/a><figcaption>\u00d6KO Plak\u00e1tunk, mely le is t\u00f6lthet\u0151! Ne nyomtass!<\/figcaption><\/figure>\n\n\n\n<p><em>Minden tov\u00e1bbi \u00e9rdekes inform\u00e1ci\u00f3 a t\u00e9m\u00e1ban a men\u00fcben \u00e9rhet\u0151 el.<\/em><\/p>\n","protected":false},"excerpt":{"rendered":"<p>2022-ben iskol\u00e1nk \u00d6r\u00f6k\u00f6s \u00d6koiskolai elismer\u00e9st kapott. A Kosztol\u00e1nyi Dezs\u0151 Gimn\u00e1zium \u00d6KO iskola. Ez nem csak a szelekt\u00edv hullad\u00e9kgy\u0171jt\u00e9s foglalja mag\u00e1ban, hanem azt a teljes szeml\u00e9let rendszert, melyet a fenntarthat\u00f3 fejl\u0151d\u00e9s keretein bel\u00fcl pr\u00f3b\u00e1lunk tov\u00e1bbadni a k\u00f6vetkez\u0151 nemzed\u00e9knek. Munkatervek ide kattintva <a href=\"https:\/\/kosztolanyigimnazium.hu\/?page_id=332\" class=\"read-more\">Olvass tov\u00e1bb&#8230;<\/a><\/p>\n","protected":false},"author":1,"featured_media":1178,"parent":0,"menu_order":0,"comment_status":"closed","ping_status":"closed","template":"","meta":{"footnotes":""},"class_list":["post-332","page","type-page","status-publish","has-post-thumbnail","hentry"],"_links":{"self":[{"href":"https:\/\/kosztolanyigimnazium.hu\/index.php?rest_route=\/wp\/v2\/pages\/332","targetHints":{"allow":["GET"]}}],"collection":[{"href":"https:\/\/kosztolanyigimnazium.hu\/index.php?rest_route=\/wp\/v2\/pages"}],"about":[{"href":"https:\/\/kosztolanyigimnazium.hu\/index.php?rest_route=\/wp\/v2\/types\/page"}],"author":[{"embeddable":true,"href":"https:\/\/kosztolanyigimnazium.hu\/index.php?rest_route=\/wp\/v2\/users\/1"}],"replies":[{"embeddable":true,"href":"https:\/\/kosztolanyigimnazium.hu\/index.php?rest_route=%2Fwp%2Fv2%2Fcomments&post=332"}],"version-history":[{"count":13,"href":"https:\/\/kosztolanyigimnazium.hu\/index.php?rest_route=\/wp\/v2\/pages\/332\/revisions"}],"predecessor-version":[{"id":3662,"href":"https:\/\/kosztolanyigimnazium.hu\/index.php?rest_route=\/wp\/v2\/pages\/332\/revisions\/3662"}],"wp:featuredmedia":[{"embeddable":true,"href":"https:\/\/kosztolanyigimnazium.hu\/index.php?rest_route=\/wp\/v2\/media\/1178"}],"wp:attachment":[{"href":"https:\/\/kosztolanyigimnazium.hu\/index.php?rest_route=%2Fwp%2Fv2%2Fmedia&parent=332"}],"curies":[{"name":"wp","href":"https:\/\/api.w.org\/{rel}","templated":true}]}}