{"id":338,"date":"2019-04-16T19:10:57","date_gmt":"2019-04-16T19:10:57","guid":{"rendered":"http:\/\/localhost:8888\/?page_id=338"},"modified":"2019-04-16T19:12:10","modified_gmt":"2019-04-16T19:12:10","slug":"fenntarthato-fejlodes-ntp-mttd-15","status":"publish","type":"page","link":"https:\/\/kosztolanyigimnazium.hu\/?page_id=338","title":{"rendered":"Fenntarthat\u00f3 fejl\u0151d\u00e9s (NTP-MTTD-15)"},"content":{"rendered":"\n<p>Iskol\u00e1nkban m\u0171k\u00f6d\u0151 projekttel kapcsolatban olvashat\u00f3ak itt inform\u00e1ci\u00f3k.<\/p>\n\n\n\n<div class=\"wp-block-image\"><figure class=\"aligncenter\"><img loading=\"lazy\" decoding=\"async\" width=\"299\" height=\"75\" src=\"http:\/\/localhost:8888\/wp-content\/uploads\/2019\/04\/kdg-kepek-oldal-logo-ntp.jpg\" alt=\"\" class=\"wp-image-340\"\/><\/figure><\/div>\n\n\n\n<div>\n\t<details class=\"pre\" data-bordered=\"true\" data-collapse=\"true\" data-color=\"\" data-cssclass=\"\" data-hidesummary=\"\" data-maxheight=\"\" data-monospace=\"\" data-wrap=\"true\" style=\"border: 1px solid rgb(221, 221, 221);\">\n\t\t<summary class=\"pre-title\" style=\"font-weight: bold; padding: 2px 12px;\">A f\u00e9ny \u00e9ve (2015)<\/summary>\n<div class=\"pre-content\" style=\"padding: 4px 12px; margin-top: 2px; overflow: auto;\">\n\t\t\tAz Eur\u00f3pai Fizikai T\u00e1rsulat kezdem\u00e9nyez\u00e9s\u00e9re az UNESCO \u00e9s az ENSZ t\u00e1mogat\u00e1s\u00e1val 2015-\u00f6t kinevezt\u00e9k a f\u00e9ny nemzetk\u00f6zi \u00e9v\u00e9nek.<br>\n\t\t\tEnnek keret\u00e9ben t\u00f6bb nemzetk\u00f6zi esem\u00e9nysorozatot szerveznek vil\u00e1gszerte, hogy felh\u00edvj\u00e1k a figyelmet arra, milyen fontos szerepet j\u00e1tszik a f\u00e9ny \u00e9s a f\u00e9nnyel kapcsolatos technol\u00f3gia az \u00e9let\u00fcnkben. Ezenk\u00edv\u00fcll 2015-ben t\u00f6bb olyan \u00e9vfordul\u00f3 is van, amely a f\u00e9nnyel kapcsolatos. 1000 \u00e9ve jelent meg az els\u0151 optikai t\u00e9m\u00e1j\u00fa k\u00f6nyv, Al-Hajszam arab tud\u00f3s m\u0171ve a De Aspectibus vagyis magyarul <strong>\u201eA l\u00e1t\u00e1sr\u00f3l\u201d<\/strong> c\u00edm\u0171 m\u0171.<br>\n\t\t\tA f\u00e9ny nemzetk\u00f6zi \u00e9v\u00e9ben megeml\u00e9kez\u00fcnk a kozmikus h\u00e1tt\u00e9rsug\u00e1rz\u00e1s felfedez\u00e9s\u00e9nek 50. \u00e9s Einstein \u00e1ltal\u00e1nos relativit\u00e1selm\u00e9let\u00e9nek 100. \u00e9vfordul\u00f3j\u00e1r\u00f3l. A rendezv\u00e9nysorozathoz Magyarorsz\u00e1g is csatlakozott, \u00e9s az esem\u00e9nysor koordin\u00e1l\u00e1s\u00e1ra az MTA programbizotts\u00e1got hozott l\u00e9tre, amelynek eln\u00f6ke Kro\u00f3 Norbert akad\u00e9mikus, az E\u00f6tv\u00f6s Lor\u00e1nd Fizikai T\u00e1rsulat tiszteletbeli eln\u00f6ke. A f\u00e9ny nemzetk\u00f6zi \u00e9ve alprogramjak\u00e9nt a <em>Nemzetk\u00f6zi Csillag\u00e1szati Uni\u00f3 (IAU) <\/em>a Kozmikus f\u00e9ny \u00e9v\u00e9t hirdette meg.<br>\n\t\t\tIskol\u00e1nk sem akar ebb\u0151l a nagyszab\u00e1s\u00fa programsorozatb\u00f3l kimaradni, ez\u00e9rt a 9.c oszt\u00e1ly ifj\u00fa kutat\u00f3i a <em>december 12<\/em>-\u00e9n megszervezett <strong>\u00d6KO-nap<\/strong>on, optikai \u00e9s f\u00e9nyk\u00eds\u00e9rletek bemutat\u00e1s\u00e1val eml\u00e9kezett meg a f\u00e9ny \u00e9v\u00e9r\u0151l. A r\u00e9sztvev\u0151k megismerkedhettek a Camera obscur\u00e1val, k\u00fcl\u00f6nb\u00f6z\u0151 lencs\u00e9k \u00e9s t\u00fckr\u00f6k optikai t\u00f6rt\u00e9neti h\u00e1tter\u00e9vel \u00e9s tulajdons\u00e1gaival valamint a sarki f\u00e9ny jelens\u00e9g\u00e9vel.<br>\n\t\t\tAz el\u0151ad\u00e1s v\u00e9g\u00e9n m\u00e9g arra is lehet\u0151s\u00e9g ny\u00edlt, hogy a hallgat\u00f3s\u00e1g is kipr\u00f3b\u00e1lja a k\u00eds\u00e9rleti eszk\u00f6z\u00f6ket.<\/div>\n\t<\/details>\n<\/div>\n\n\n\n<div>\n\t<details class=\"pre\" data-bordered=\"true\" data-collapse=\"true\" data-color=\"\" data-cssclass=\"\" data-hidesummary=\"\" data-maxheight=\"\" data-monospace=\"\" data-wrap=\"true\" style=\"border: 1px solid rgb(221, 221, 221);\">\n\t\t<summary class=\"pre-title\" style=\"font-weight: bold; padding: 2px 12px;\">Hullad\u00e9k Akad\u00e9mia Ki\u00e1ll\u00edt\u00e1son j\u00e1rtunk (2016)<\/summary>\n<div class=\"pre-content\" style=\"padding: 4px 12px; margin-top: 2px; overflow: auto;\">\n\t\t\tA szakmai el\u0151ad\u00e1ssal egybek\u00f6t\u00f6tt t\u00e1rlatvezet\u00e9sen megismerkedt\u00fcnk a hullad\u00e9k gazd\u00e1lkod\u00e1s legfontosabb tudnival\u00f3ival, mint a hullad\u00e9kt\u00f6rt\u00e9nelem m\u00e9rf\u00f6ldk\u00f6vei, a hullad\u00e9kpiramis k\u00fcl\u00f6nb\u00f6z\u0151 hullad\u00e9kfeldolgoz\u00e1si m\u00f3djai: <strong>lerak\u00e1s, energetikai hasznos\u00edt\u00e1s, \u00fajrahaszn\u00e1lat, megel\u0151z\u00e9s. <\/strong><br>\n\t\t\tMegismert\u00fck a hullad\u00e9kgazd\u00e1lkod\u00e1s k\u00fcl\u00f6nb\u00f6z\u0151 m\u00f3djainak<em> el\u0151nyeit \u00e9s h\u00e1tr\u00e1nyait.<\/em><br>\n\t\t\tEzen fel\u00fcl z\u00e1mos h\u00e9tk\u00f6znapi, k\u00f6rnyezettudatos \u00f6tlettel gazdagodtunk a t\u00e1rlat sor\u00e1n, a tudatos fogyaszt\u00e1s praktik\u00e1in kereszt\u00fcl a komposzt\u00e1l\u00e1sig. Megtanultuk, hogy a hangs\u00faly a MEGEL\u0150Z\u00c9S-en van: &#8222;A legjobb hullad\u00e9k az, ami nem is keletkezik.&#8221;<br>\n\t\t\tTov\u00e1bbi inform\u00e1ci\u00f3k a ki\u00e1ll\u00edt\u00e1sr\u00f3l: <a href=\"http:\/\/kopack.hu\/hu\/hulladek-akademia\" target=\"_blank\" rel=\"noopener noreferrer\">http:\/\/kopack.hu\/hu\/hulladek-akademia<\/a><\/div>\n\t<\/details>\n<\/div>\n\n\n\n<div>\n\t<details class=\"pre\" data-bordered=\"true\" data-collapse=\"true\" data-color=\"\" data-cssclass=\"\" data-hidesummary=\"\" data-maxheight=\"\" data-monospace=\"\" data-wrap=\"true\" style=\"border: 1px solid rgb(221, 221, 221);\">\n\t\t<summary class=\"pre-title\" style=\"font-weight: bold; padding: 2px 12px;\">Fenntarthat\u00f3s\u00e1g el\u0151ad\u00e1sok a Di\u00e1k Akad\u00e9mi\u00e1n<\/summary>\n<div class=\"pre-content\" style=\"padding: 4px 12px; margin-top: 2px; overflow: auto;\">\n\t\t\tIskol\u00e1nk <strong>10. a oszt\u00e1ly<\/strong>os tanul\u00f3i:<br>\n\t\t\tAntal \u00c1ron,<br>\n\t\t\tBiernaczki Kiara,<br>\n\t\t\tFedor Gergely,<br>\n\t\t\tErd\u0151s R\u00e9ka,<br>\n\t\t\tIstv\u00e1nfi Emese,<br>\n\t\t\tLaub R\u00e9ka,<br>\n\t\t\tT\u00f3th Merc\u00e9desz<br>\n\t\t\ta hullad\u00e9k gazd\u00e1lkod\u00e1s \u00e9s hullad\u00e9k \u00fajrahasznos\u00edt\u00e1s t\u00e9m\u00e1ba \u00e1st\u00e1k bele magukat. A kutat\u00f3munk\u00e1juk eredm\u00e9ny\u00e9t bemutatt\u00e1k a m\u00e1rcius 5-i Di\u00e1k Akad\u00e9mi\u00e1n. Az el\u0151ad\u00e1sokhoz egy-egy poszter is k\u00e9sz\u00fclt, amely megtekinthet\u0151 az els\u0151 emeleti zsibong\u00f3ban m\u00e1rcius 5 \u00e9s \u00e1prilis 25 k\u00f6z\u00f6tt, ut\u00e1na pedig az alagsori informatika teremben, valamint elektronikusan itt a csatolm\u00e1nyok k\u00f6z\u00f6tt.<br>\n\t\t\tA poszterek megtekint\u00e9s\u00e9hez c\u00e9lszer\u0171 magunkkal vinni egy <strong>QR k\u00f3d olvas\u00f3<\/strong>val rendelkez\u0151 mobil eszk\u00f6zt, ekkor a t\u00e9m\u00e1hoz kapcsol\u00f3d\u00f3 \u00e9rdekes k\u00e9peket \u00e9s vide\u00f3kat tekinthet\u00fcnk meg.<\/div>\n\t<\/details>\n<\/div>\n\n\n\n<div>\n\t<details class=\"pre\" data-bordered=\"true\" data-collapse=\"true\" data-color=\"\" data-cssclass=\"\" data-hidesummary=\"\" data-maxheight=\"\" data-monospace=\"\" data-wrap=\"true\" style=\"border: 1px solid rgb(221, 221, 221);\">\n\t\t<summary class=\"pre-title\" style=\"font-weight: bold; padding: 2px 12px;\">Tanulm\u00e1nyi kir\u00e1ndul\u00e1s \u2013 Lip\u00f3t<\/summary>\n<div class=\"pre-content\" style=\"padding: 4px 12px; margin-top: 2px; overflow: auto;\">\n\t\t\t<strong>2015. november\u00e9ben<\/strong> nagy meglepet\u00e9ssel t\u00f6lt\u00f6tt el amikor Papd\u00e1nn\u00e9 Nagy Jol\u00e1n \u00e9s Mahler Lak\u00f3 Vikt\u00f3ria tan\u00e1rn\u0151k bejelentett\u00e9k, hogy r\u00e9szt vesz\u00fcnk a <em>Nemzeti tehets\u00e9gfejleszt\u0151 program<\/em> keret\u00e9ben a fenntarthat\u00f3 fejl\u0151d\u00e9s p\u00e1ly\u00e1zatban, amely keret\u00e9ben k\u00fcl\u00f6nb\u00f6z\u0151 tematik\u00e1j\u00fa projekteket dolgozunk fel. A feladatokat lelkesen v\u00e9gezt\u00fck el az \u00e9v sor\u00e1n \u00edgy nagy \u00f6r\u00f6mmel szolg\u00e1lt, amikor megtudtuk, hogy egy k\u00e9t napos kir\u00e1ndul\u00e1son vesz\u00fcnk r\u00e9szt a projekt\u00fcnk r\u00e9szek\u00e9nt.<br>\n\t\t\t<strong>M\u00e1jus 11-\u00e9n reggel 8 \u00f3ra<\/strong>-kor tal\u00e1lkoztunk a D\u00e9li p\u00e1lyaudvaron \u00e9s nagy izgalommal telve sz\u00e1lltunk fel a Gy\u0151rbe tart\u00f3 vonatra. A hossz\u00fa, \u00e1m de igen r\u00f6vidnek t\u0171n\u0151 utaz\u00e1s ut\u00e1n buszra sz\u00e1lltunk \u00e9s egy \u00f3r\u00e1s \u00fat ut\u00e1n meg\u00e9rkezt\u00fcnk a Lip\u00f3ti Orchidea Hotelbe. A szob\u00e1k kioszt\u00e1sa ut\u00e1n egy nagyon finom eb\u00e9det fogyasztottunk el. Az eb\u00e9d ledolgoz\u00e1sa \u00e9rdek\u00e9ben egy kis s\u00e9t\u00e1ra indultunk, amib\u0151l azt\u00e1n egy hatalmas nagy t\u00fara lett majd kilyukadtunk a Duna ment\u00e9re.&nbsp;Visszat\u00e9rve a sz\u00e1ll\u00e1sra birtokba vett\u00fck a wellness r\u00e9szleget. Mindenki sz\u00e1m\u00e1ra fel\u00fcd\u00fcl\u00e9s volt kiz\u00f6kkenni a mindennapokb\u00f3l \u00e9s egy kicsit pihen\u00e9sre ford\u00edtani az id\u0151t. A hosszas f\u00fcrd\u0151z\u00e9s ut\u00e1n k\u00f6z\u00f6sen vacsor\u00e1ztunk, ami szint\u00e9n remek volt. Ezut\u00e1n a programok h\u00e1tra l\u00e9v\u0151 r\u00e9sz\u00e9t besz\u00e9lt\u00fck meg \u00e9s kiosztott\u00e1k a projekt k\u00f6vetkez\u0151 feladatait is. Egy kis esti f\u00fcrd\u0151z\u00e9s vagy t\u00e1rsasoz\u00e1s ut\u00e1n mindenki vissza t\u00e9rt a szob\u00e1j\u00e1ba.<br>\n\t\t\tUgyanis reggel az es\u0151s id\u0151 ellen\u00e9re j\u00f3 kedvel megreggelizve elhagytuk a szob\u00e1kat \u00e9s ell\u00e1togattunk a Lip\u00f3ti P\u00e9ks\u00e9g l\u00e1tv\u00e1ny k\u00f6zpontj\u00e1ba ahol betekint\u00e9st nyerhett\u00fcnk a p\u00e9ks\u00e9g \u00e9let\u00e9be \u00e9s mindennapi feladataiba. E mell\u00e9 kaptunk egy kis el\u0151ad\u00e1st a t\u00e9m\u00e1val, a p\u00e9ks\u00e9ggel, Lip\u00f3ttal kapcsolatban, a c\u00e9gpolitik\u00e1ja p\u00e9lda\u00e9rt\u00e9k\u0171, egy igazi fenntarthat\u00f3 gazdas\u00e1gi modellt ismerhett\u00fcnk meg. Az el\u0151ad\u00e1s alatt helyben s\u00fct\u00f6tt medvehagym\u00e1s pog\u00e1cs\u00e1val kedveskedtek nek\u00fcnk.&nbsp;A p\u00e9ks\u00e9g ut\u00e1n buszra sz\u00e1lltunk \u00e9s meg sem \u00e1lltunk Gy\u0151rig. A v\u00e1rosban kaptunk egy kis szabad id\u0151t, hogy nyugodtan k\u00f6r\u00fcln\u00e9zhess\u00fcnk. Ut\u00e1na ell\u00e1togattunk az Audi Mobilis interakt\u00edv k\u00f6zpontj\u00e1ba ahol rengeteg \u00e9rdekes, izgalmas, logikai, fejleszt\u0151 j\u00e1t\u00e9kokat pr\u00f3b\u00e1lhattunk ki. Miut\u00e1n kipr\u00f3b\u00e1ltunk mindent, r\u00e9szesei lehett\u00fcnk egy roppant izgalmas fizikai \u00e9s k\u00e9miai k\u00eds\u00e9rletnek. Nagyon remek \u00e9s sz\u00f3rakoztat\u00f3 volt mindenki sz\u00e1m\u00e1ra.&nbsp;<br>\n\t\t\tSajnos ezzel a programmal v\u00e9get is \u00e9rt a kir\u00e1ndul\u00e1sunk. F\u00e1radtan, szomor\u00faan, hogy m\u00e1r menni kell, boldogan, \u00e9lm\u00e9nyekkel teli felsz\u00e1lltunk a Budapest fel\u00e9 tart\u00f3 vonatra. Nagyon j\u00f3l \u00e9rezt\u00fck magunkat \u00e9s szeretn\u00e9nk megk\u00f6sz\u00f6nni a k\u00e9t tan\u00e1rn\u0151nek, hogy ilyen remek kir\u00e1ndul\u00e1son volt lehet\u0151s\u00e9g\u00fcnk r\u00e9szt venni. Rem\u00e9lj\u00fck m\u00e9g sok ilyen lesz.<br>\n\t\t\t<em>Biernacki Kiara, Laub R\u00e9ka<\/em> (10.a)<\/div>\n\t<\/details>\n<\/div>\n\n\n\n<div>\n\t<details class=\"pre\" data-bordered=\"true\" data-collapse=\"true\" data-color=\"\" data-cssclass=\"\" data-hidesummary=\"\" data-maxheight=\"\" data-monospace=\"\" data-wrap=\"true\" style=\"border: 1px solid rgb(221, 221, 221);\">\n\t\t<summary class=\"pre-title\" style=\"font-weight: bold; padding: 2px 12px;\">Iskol\u00e1nk Fenntarthat\u00f3s\u00e1g Projektj\u00e9nek tagjai megnyitott\u00e1k ki\u00e1ll\u00edt\u00e1sukat az 1. emeleti aul\u00e1ban.<\/summary>\n<div class=\"pre-content\" style=\"padding: 4px 12px; margin-top: 2px; overflow: auto;\">\n\t\t\tA ki\u00e1ll\u00edt\u00e1st j\u00fanius 6-\u00e1n az igazgat\u00f3n\u0151 Bodor Eszter \u00e9s a projekt vezet\u0151k: Mahler-Lak\u00f3 Vikt\u00f3ria \u00e9s Papd\u00e1nn\u00e9 Nagy Jol\u00e1n tan\u00e1rn\u0151 nyitott\u00e1k meg az int\u00e9zm\u00e9ny 9-11. \u00e9vfolyamos tanul\u00f3i jelenl\u00e9t\u00e9ben. A ki\u00e1ll\u00edt\u00e1s megtekinthet\u0151 j\u00fanius 24-\u00e9ig. A ki\u00e1ll\u00edt\u00e1sra a projekt r\u00e9sztvev\u0151i&nbsp; elk\u00e9sz\u00edtett\u00e9k a Pacsirta Term\u00e9szettudom\u00e1nyos k\u00fcl\u00f6nkiad\u00e1s\u00e1t.<\/div>\n\t<\/details>\n<\/div>\n\n\n\n<div>\n\t<details class=\"pre\" data-bordered=\"true\" data-collapse=\"true\" data-color=\"\" data-cssclass=\"\" data-hidesummary=\"\" data-maxheight=\"\" data-monospace=\"\" data-wrap=\"true\" style=\"border: 1px solid rgb(221, 221, 221);\">\n\t\t<summary class=\"pre-title\" style=\"font-weight: bold; padding: 2px 12px;\">A projekt z\u00e1r\u00e1sak\u00e9nt egy egynapos kir\u00e1ndul\u00e1st szervezt\u00fcnk<\/summary>\n<div class=\"pre-content\" style=\"padding: 4px 12px; margin-top: 2px; overflow: auto;\">\n\t\t\tA Paksi Atomenergetikai M\u00fazeumba, ahol megismerhett\u00fck az atomer\u0151m\u0171 t\u00f6rt\u00e9net\u00e9t, m\u0171k\u00f6d\u00e9s\u00e9t, a k\u00fcl\u00f6nb\u00f6z\u0151 v\u00e9d\u0151felszerel\u00e9seket, m\u0171szereket. A m\u00e1sf\u00e9l \u00f3r\u00e1s t\u00e1rlatvezet\u00e9s ut\u00e1n Kalocs\u00e1nak vett\u00fck az \u00fatir\u00e1nyt \u00e9s \u00fczeml\u00e1togat\u00e1son vett\u00fcnk r\u00e9szt a Porcel\u00e1n Manufakt\u00far\u00e1ban, ahol megismerhett\u00fck a k\u00e9zzel k\u00e9sz\u00fclt porcel\u00e1n gy\u00e1rt\u00e1s folyamat\u00e1nak k\u00fcl\u00f6nb\u00f6z\u0151 f\u00e1zisait, v\u00e9g\u00fcl az aj\u00e1nd\u00e9kboltban szuven\u00edreket is v\u00e1s\u00e1rolhattunk. A szakmai program ut\u00e1n r\u00f6vid v\u00e1rosn\u00e9z\u00e9s k\u00f6vetkezett, amelynek a szakad\u00f3 es\u0151 vetett v\u00e9get, \u00e9s visszaindultunk Budapestre.<\/div>\n\t<\/details>\n<\/div>\n\n\n\n<h2 class=\"wp-block-heading\"><br>Let\u00f6lthet\u0151 plak\u00e1tjaink:<\/h2>\n\n\n\n<div class=\"wp-block-file\"><a href=\"http:\/\/localhost:8888\/wp-content\/uploads\/2019\/04\/kdg-okoiskola-15-16-elektronikai-hulladek.pdf\">Elektronikai Hullad\u00e9k &#8211; \u00d6ko-Iskola Plak\u00e1t<\/a><a href=\"http:\/\/localhost:8888\/wp-content\/uploads\/2019\/04\/kdg-okoiskola-15-16-elektronikai-hulladek.pdf\" class=\"wp-block-file__button\" download>Let\u00f6lt\u00e9s<\/a><\/div>\n\n\n\n<div class=\"wp-block-file\"><a href=\"http:\/\/localhost:8888\/wp-content\/uploads\/2019\/04\/kdg-okoiskola-15-16-rajz.pdf\">Akkumul\u00e1torok, elemek &#8211; \u00d6ko-Iskola Plak\u00e1t<\/a><a href=\"http:\/\/localhost:8888\/wp-content\/uploads\/2019\/04\/kdg-okoiskola-15-16-rajz.pdf\" class=\"wp-block-file__button\" download>Let\u00f6lt\u00e9s<\/a><\/div>\n\n\n\n<div class=\"wp-block-file\"><a href=\"http:\/\/localhost:8888\/wp-content\/uploads\/2019\/04\/kdg-okoiskola-15-16-papirplakat.pdf\">Pap\u00edr &#8211; \u00d6ko-Iskola Plak\u00e1t<\/a><a href=\"http:\/\/localhost:8888\/wp-content\/uploads\/2019\/04\/kdg-okoiskola-15-16-papirplakat.pdf\" class=\"wp-block-file__button\" download>Let\u00f6lt\u00e9s<\/a><\/div>\n\n\n\n<div class=\"wp-block-file\"><a href=\"http:\/\/localhost:8888\/wp-content\/uploads\/2019\/04\/kdg-okoiskola-15-16-muanyag.pdf\">M\u0171anyag &#8211; \u00d6ko-Iskola Plak\u00e1t<\/a><a href=\"http:\/\/localhost:8888\/wp-content\/uploads\/2019\/04\/kdg-okoiskola-15-16-muanyag.pdf\" class=\"wp-block-file__button\" download>Let\u00f6lt\u00e9s<\/a><\/div>\n\n\n\n<div class=\"wp-block-file\"><a href=\"http:\/\/localhost:8888\/wp-content\/uploads\/2019\/04\/kdg-okoiskola-15-16-ujrahasznositas.pdf\">\u00dajrahasznos\u00edt\u00e1s &#8211; \u00d6ko-Iskola Plak\u00e1t<\/a><a href=\"http:\/\/localhost:8888\/wp-content\/uploads\/2019\/04\/kdg-okoiskola-15-16-ujrahasznositas.pdf\" class=\"wp-block-file__button\" download>Let\u00f6lt\u00e9s<\/a><\/div>\n","protected":false},"excerpt":{"rendered":"<p>Iskol\u00e1nkban m\u0171k\u00f6d\u0151 projekttel kapcsolatban olvashat\u00f3ak itt inform\u00e1ci\u00f3k. A f\u00e9ny \u00e9ve (2015) Az Eur\u00f3pai Fizikai T\u00e1rsulat kezdem\u00e9nyez\u00e9s\u00e9re az UNESCO \u00e9s az ENSZ t\u00e1mogat\u00e1s\u00e1val 2015-\u00f6t kinevezt\u00e9k a f\u00e9ny nemzetk\u00f6zi \u00e9v\u00e9nek. Ennek keret\u00e9ben t\u00f6bb nemzetk\u00f6zi esem\u00e9nysorozatot szerveznek vil\u00e1gszerte, hogy felh\u00edvj\u00e1k a figyelmet arra, <a href=\"https:\/\/kosztolanyigimnazium.hu\/?page_id=338\" class=\"read-more\">Olvass tov\u00e1bb&#8230;<\/a><\/p>\n","protected":false},"author":1,"featured_media":339,"parent":332,"menu_order":0,"comment_status":"closed","ping_status":"closed","template":"","meta":{"footnotes":""},"class_list":["post-338","page","type-page","status-publish","has-post-thumbnail","hentry"],"_links":{"self":[{"href":"https:\/\/kosztolanyigimnazium.hu\/index.php?rest_route=\/wp\/v2\/pages\/338","targetHints":{"allow":["GET"]}}],"collection":[{"href":"https:\/\/kosztolanyigimnazium.hu\/index.php?rest_route=\/wp\/v2\/pages"}],"about":[{"href":"https:\/\/kosztolanyigimnazium.hu\/index.php?rest_route=\/wp\/v2\/types\/page"}],"author":[{"embeddable":true,"href":"https:\/\/kosztolanyigimnazium.hu\/index.php?rest_route=\/wp\/v2\/users\/1"}],"replies":[{"embeddable":true,"href":"https:\/\/kosztolanyigimnazium.hu\/index.php?rest_route=%2Fwp%2Fv2%2Fcomments&post=338"}],"version-history":[{"count":3,"href":"https:\/\/kosztolanyigimnazium.hu\/index.php?rest_route=\/wp\/v2\/pages\/338\/revisions"}],"predecessor-version":[{"id":349,"href":"https:\/\/kosztolanyigimnazium.hu\/index.php?rest_route=\/wp\/v2\/pages\/338\/revisions\/349"}],"up":[{"embeddable":true,"href":"https:\/\/kosztolanyigimnazium.hu\/index.php?rest_route=\/wp\/v2\/pages\/332"}],"wp:featuredmedia":[{"embeddable":true,"href":"https:\/\/kosztolanyigimnazium.hu\/index.php?rest_route=\/wp\/v2\/media\/339"}],"wp:attachment":[{"href":"https:\/\/kosztolanyigimnazium.hu\/index.php?rest_route=%2Fwp%2Fv2%2Fmedia&parent=338"}],"curies":[{"name":"wp","href":"https:\/\/api.w.org\/{rel}","templated":true}]}}