{"id":3401,"date":"2022-02-06T18:38:40","date_gmt":"2022-02-06T17:38:40","guid":{"rendered":"https:\/\/kosztolanyigimnazium.hu\/?page_id=3401"},"modified":"2022-02-06T18:38:41","modified_gmt":"2022-02-06T17:38:41","slug":"okoiskolai-beszamolo-2019-2020","status":"publish","type":"page","link":"https:\/\/kosztolanyigimnazium.hu\/?page_id=3401","title":{"rendered":"\u00d6koiskolai Besz\u00e1mol\u00f3  &#8211; 2019\/2020"},"content":{"rendered":"\n<p>Az \u00f6koiskola l\u00e9t\u00fcnknek vannak\u00a0<strong>\u00e1lland\u00f3 eleme<\/strong>i, amelyek ebben az \u00e9vben is folytat\u00f3dtak.<\/p>\n\n\n\n<ul class=\"wp-block-list\"><li>a k\u00f6nyvt\u00e1rban az&nbsp;<strong>\u00f6kosarok<\/strong>m\u0171k\u00f6d\u00e9se (Holl\u00f3si Kata)<\/li><li>az oszt\u00e1lyokban \u00e9s a folyos\u00f3n l\u00e9v\u0151 nagy&nbsp;<strong>\u00f6koiskola fali\u00fajs\u00e1g<\/strong><\/li><li>az \u00e9v elej\u00e9n megrendezett oszt\u00e1lyonk\u00e9nti&nbsp;<strong>teremdekor\u00e1ci\u00f3s verseny<\/strong><\/li><li>a&nbsp;<strong>szelekt\u00edv gy\u0171jt\u00e9s<\/strong>(pap\u00edr, kupak, elem, PET palack)<\/li><li>az&nbsp;<strong>iskola\u00fajs\u00e1g \u00f6ko rovata&nbsp;<\/strong>(Dr. Mih\u00f3kn\u00e9 Bartha Katalin)<\/li><li>a&nbsp;<strong>web lapunk \u00f6koiskola rovata<\/strong><\/li><li><strong>\u00fajrapap\u00edr haszn\u00e1lata stb<\/strong><\/li><li><strong>Di\u00e1kakad\u00e9mia szervez\u00e9se<\/strong><\/li><li><strong>mad\u00e1retet\u0151 kihelyez\u00e9se stb.<\/strong><\/li><\/ul>\n\n\n\n<p><strong>\u00d6koiskolai t\u00e9nyked\u00e9s\u00fcnk<\/strong><\/p>\n\n\n\n<p><strong>Karsain\u00e9 Nika Anita 2019\/2020<\/strong><\/p>\n\n\n\n<p>Regensburgiak \u00e9rkez\u00e9se \u2013egy hetet t\u00f6lt\u00f6ttek n\u00e1lunk a regensburgi cseredi\u00e1kok. Sajnos a j\u00e1rv\u00e1ny miatt a viszontl\u00e1togat\u00e1sra m\u00e1r nem volt lehet\u0151s\u00e9g, ezt a k\u00f6vetkez\u0151 \u0151szre tervezz\u00fck a Goethe Gimn\u00e1ziummal egyeztetve.<\/p>\n\n\n\n<p><strong>Idegennyelvi munkak\u00f6z\u00f6ss\u00e9g 2019\/20<\/strong><\/p>\n\n\n\n<div class=\"wp-block-group\"><div class=\"wp-block-group__inner-container is-layout-flow wp-block-group-is-layout-flow\">\n<p>B\u00e9csi kir\u00e1ndul\u00e1s alkalm\u00e1val megl\u00e1togattuk a Bio Kar\u00e1csonyi V\u00e1s\u00e1rt. \u2022 A tantervi k\u00f6vetelm\u00e9nyeknek megfelel\u0151en sz\u00e1mos csoportban foglalkozunk tan\u00f3r\u00e1n rendszeresen a k\u00f6rnyezetv\u00e9delem \u00e9s -tudatoss\u00e1g t\u00e9mak\u00f6r\u00e9vel.<strong>\u00a0<\/strong>2020 PERCES FOCI \u2013 23. \u00e9ve rendezz\u00fck meg. Siker\u00fclt id\u00e9n is a rekord, nem szakadt  meg a m\u00e9rk\u0151z\u00e9s, a testnevel\u0151k szervezt\u00e9k a vend\u00e9geket, meccsek beoszt\u00e1s\u00e1t, \u00e9s \u00e9jszak\u00e1ra j\u00f6ttek volt di\u00e1kjaink is. Voltak sajnos s\u00e9r\u00fcl\u00e9sek is, szerencs\u00e9s kimenetellel.<\/p>\n<\/div><\/div>\n\n\n\n<p><strong>F\u00f6ldin\u00e9 Reider M\u00f3nika 2019\/20<\/strong><\/p>\n\n\n\n<ul class=\"wp-block-list\"><li>Az \u00e9n feladatom volt az \u00f6koiskolai munkaterv meg\u00edr\u00e1sa, amely tartalmazta a munkak\u00f6z\u00f6ss\u00e9gek v\u00e1llal\u00e1sait \u00e9s egy\u00e9b feladatokat.<\/li><li>Az id\u00e9n is szerveztem kupakgy\u0171jt\u0151 versenyt<\/li><li>Folytat\u00f3dott az elemgy\u0171jt\u00e9s is<\/li><li>Elv\u00e9geztem a sz\u00ednh\u00e1ziskola k\u00e9pz\u00e9s 30 \u00f3r\u00e1s tanfolyam\u00e1t<\/li><\/ul>\n\n\n\n<p><strong>Term\u00e9szettudom\u00e1nyos munkak\u00f6z\u00f6ss\u00e9g 2019\/2020<\/strong><\/p>\n\n\n\n<ul class=\"wp-block-list\"><li>Az \u00e9ves programban r\u00f6gz\u00edtett \u00d6kov\u00e1llal\u00e1saink els\u0151 f\u00e9l\u00e9vre es\u0151 r\u00e9sz\u00e9t sikeresen teljes\u00edtett\u00fck, tanmeneteinkben<\/li><li>fokozottan \u00fcgyelt\u00fcnk a fenntarthat\u00f3s\u00e1gi megfelel\u00e9sre, Oszt\u00e1lyf\u0151n\u00f6kk\u00e9nt fokozottan odafigyel\u00fcnk az oszt\u00e1lyszint\u0171<\/li><li>\u00d6ko-t\u00e9mak\u00f6r\u00f6kre, \u00e9s az oszt\u00e1lydekor\u00e1ci\u00f3ra.<\/li><li>Sikeres p\u00e1ly\u00e1zatot ny\u00fajtottunk be \u00fajabb h\u00e1rom \u00e9vre az int\u00e9zm\u00e9nyi \u00d6KOISKOLA c\u00edm meg\u00faj\u00edt\u00e1s\u00e1ra.<\/li><li>A m\u00e1sodik f\u00e9l\u00e9ves \u00d6KO-teljes\u00edt\u00e9sek egy r\u00e9sze a digit\u00e1lis oktat\u00e1sra val\u00f3 \u00e1t\u00e1ll\u00e1s miatt elmaradt. Az elmaradt<\/li><li>programokat sz\u00e1nd\u00e9kunkban \u00e1ll a k\u00f6vetkez\u0151 tan\u00e9vben megval\u00f3s\u00edtani: V\u00e9rad\u00e1s, Szennyv\u00edztiszt\u00edt\u00f3 l\u00e1togat\u00e1s,<\/li><li>Fenntarthat\u00f3s\u00e1gi t\u00e9mah\u00e9t, szem\u00e9tszed\u00e9s, erdei iskola.<\/li><\/ul>\n\n\n\n<p><strong>A m\u00e1sodik f\u00e9l\u00e9vben teljes\u00edtett \u00d6KO-v\u00e1llal\u00e1saink:<\/strong><\/p>\n\n\n\n<ul class=\"wp-block-list\"><li>P\u00e9nzh\u00e9t megval\u00f3s\u00edt\u00e1sa a fenntarthat\u00f3s\u00e1g \u00e9s \u00d6KO szellem\u00e9ben zajlott le<\/li><li>A digit\u00e1lis oktat\u00e1s keret\u00e9ben t\u00f6bb projektet k\u00e9sz\u00edtettek a di\u00e1kok, mely az \u00d6KO szelleme hatott \u00e1t: Id\u0151j\u00e1r\u00e1s egyhetes vizsg\u00e1lata lak\u00f3helyemen, illetve K\u00f6rnyezetszennyez\u00e9s \u00e9s megold\u00e1si lehet\u0151s\u00e9gei glob\u00e1lis \u00e9s lok\u00e1lis szinten. \u00c1llatok bemutat\u00e1s\u00e1val kapcsolatos projektek (5.a)<\/li><li>A 7.a \u00e9s 7. b t\u00f6bb \u00d6ko t\u00e9mak\u00f6rben k\u00e9sz\u00edtett ppt-ket, illetve projekteket<\/li><li>Az elemgy\u0171jt\u00e9s folytat\u00f3dott<\/li><li>Z\u00f6ld forgatag p\u00e1ly\u00e1zaton vett\u00fcnk r\u00e9szt, melynek elb\u00edr\u00e1l\u00e1sa folyamatban<\/li><li>A MVM Okosb\u00fator p\u00e1ly\u00e1zat\u00e1n is r\u00e9szt vett\u00fcnk, sajnos eredm\u00e9nytelen\u00fcl<\/li><\/ul>\n\n\n\n<p><strong>T\u00f6rt\u00e9nelem munkak\u00f6z\u00f6ss\u00e9g 2019\/2020<\/strong><\/p>\n\n\n\n<ul class=\"wp-block-list\"><li>\u00d6KO v\u00e1llal\u00e1sok: Az idei \u00e9v eleji v\u00e1llal\u00e1sok nagy r\u00e9sz\u00e9t nem tudtuk megoldani, de a k\u00fcl\u00f6nleges helyzet \u00faj lehet\u0151s\u00e9get adott nek\u00fcnk. Ennek k\u00f6sz\u00f6nhet\u0151en a munkak\u00f6z\u00f6ss\u00e9g egy nagyon j\u00f3l m\u0171k\u00f6d\u0151 digitalis adatb\u00e1zis alapjait rakta le. Google Drive felhaszn\u00e1l\u00e1s\u00e1val elkezdt\u00fck digitalis form\u00e1ban eljuttatni anyagainkat di\u00e1kjainknak. A gyerekek visszajelz\u00e9sei alapj\u00e1n ki tudom jelenteni, hogy semmilyen nagyobb probl\u00e9ma nem volt az elm\u00falt 3 h\u00f3napban, \u00edgy ez k\u00fcl\u00f6n\u00f6sen sikeres v\u00e1llakoz\u00e1snak mondhatjuk. Ennek hat\u00e1s\u00e1ra tervezz\u00fck a fel\u00fclet tov\u00e1bbfejleszt\u00e9s\u00e9t \u00e9s bekapcsol\u00e1s\u00e1t a normal oktat\u00e1s keretei k\u00f6z\u00e9.<\/li><\/ul>\n\n\n\n<p><strong>Matematika munkak\u00f6z\u00f6ss\u00e9g 2019\/20<\/strong><\/p>\n\n\n\n<ul class=\"wp-block-list\"><li>oszt\u00e1lydekor\u00e1ci\u00f3ban szorgalmaztuk az \u00fajrafelhaszn\u00e1lt anyagok haszn\u00e1lat\u00e1t &#8211; a fenntarthat\u00f3 fejl\u0151d\u00e9s t\u00e9mak\u00f6r\u00e9t folyamatosan be\u00e9p\u00edtetj\u00fck a tan\u00f3r\u00e1k anyag\u00e1ba.\u00a0<\/li><li>minden koll\u00e9ga figyel arra, hogy t\u00f6m\u00f6r\u00edtett dolgazatot \u00edrasson, n\u00e1lunk a f\u00e9nym\u00e1sol\u00e1s minim\u00e1lis. A tank\u00f6nyvet fokozott m\u00e9rt\u00e9kben haszn\u00e1ljuk matematika \u00e9s fizika \u00f3r\u00e1kon is. Amikor plusz feladatokra van sz\u00fcks\u00e9g, akkor a di\u00e1kok azt lefot\u00f3zz\u00e1k \u00e9s csoportba k\u00fcldik. Ez ma m\u00e1r fizika \u00f3r\u00e1kon teljes m\u00e9rt\u00e9kben szokv\u00e1nyos.\u00a0<\/li><li>a kompetencia feladatlapok nagyr\u00e9szt elk\u00e9sz\u00fcltek, -ezeket lamin\u00e1lni fogjuk ( egyeztettem a f\u00f3li\u00e1k megv\u00e9tel\u00e9r\u0151l). Ezeket a lapokat helyettes\u00edt\u00e9sek alkalm\u00e1val kiv\u00e1l\u00f3an lehet majd haszn\u00e1lni. A kompetenciam\u00e9r\u00e9shez gyakorl\u00e1s gyan\u00e1nt \u00f6sszegy\u0171jt\u00f6tt\u00fck az iskol\u00e1ban fellelhet\u0151 f\u00fczeteket,<\/li><li>ezeket az igazgat\u00f3helyettesi szekr\u00e9nyben meg lehet tal\u00e1lni. Az online oktat\u00e1si tanrend miatt ez elmaradt- a j\u00f6v\u0151 tan\u00e9vben k\u00edv\u00e1njuk p\u00f3tolni.<\/li><\/ul>\n\n\n\n<p><strong>M\u0171v\u00e9szetek munkak\u00f6z\u00f6ss\u00e9g 2019\/2020<\/strong><\/p>\n\n\n\n<ul class=\"wp-block-list\"><li>A 7. A illetve 8. A oszt\u00e1lyok r\u00e9szv\u00e9tel\u00e9vel jelentkezt\u00fcnk az \u201eAdj egy \u00f6t\u00f6st\u201d elnevez\u00e9s\u0171 \u00e9rz\u00e9keny\u00edt\u0151 p\u00e1ly\u00e1zatra. A p\u00e1lyam\u0171v\u00fcnk tervezet\u00e9t elk\u00fcldt\u00fck. Ehhez kapcsol\u00f3d\u00f3an k\u00e9t alkalommal ell\u00e1togattunk a MEREK int\u00e9zetbe, ahol mozg\u00e1ss\u00e9r\u00fclt emberek \u00e9let\u00e9be nyerhett\u00fcnk bepillant\u00e1st.\u00a0<\/li><li>Febru\u00e1rban n\u00e9h\u00e1ny tanul\u00f3val r\u00e9szt vett\u00fcnk a fogyat\u00e9koss\u00e1ggal \u00e9l\u0151 embereket foglalkoztat\u00f3 Nem adom fel k\u00e1v\u00e9z\u00f3 farsangi programj\u00e1n, ahol egy\u00fctt mulattunk, t\u00e1ncoltunk. Fantasztikus \u00e9lm\u00e9ny volt!\u00a0A Kosztol\u00e1nyi G\u00e1l\u00e1ra is a t\u00e9m\u00e1hoz kapcsol\u00f3d\u00f3 produkci\u00f3val k\u00e9sz\u00fclt\u00fcnk, ami sajnos a v\u00edrushelyzet miatt elmaradt.\u00a0<\/li><li>A p\u00e1lyam\u0171v\u00fcnkh\u00f6z k\u00e9t vide\u00f3 film k\u00e9sz\u00fcl, aminek felt\u00f6lt\u00e9si hat\u00e1ridej\u00e9t \u2013 szint\u00e9n av\u00edrushelyzet miatt \u2013 2020. okt\u00f3ber 31-\u00e9re halasztott\u00e1k a szervez\u0151k.<\/li><li>Novemberben a J\u00e1tsz\u00f3h\u00e1z Projekt csapat\u00e1nak megh\u00edv\u00e1s\u00e1val k\u00f6z\u00f6ss\u00e9g\u00e9p\u00edt\u0151 t\u00e1rsasj\u00e1t\u00e9k \u00f3r\u00e1kat szervezt\u00fcnk t\u00f6bb oszt\u00e1lyban. A gyerekek elmond\u00e1sa alapj\u00e1n nagy \u00e9lm\u00e9ny volt sz\u00e1mukra.<\/li><li>Tov\u00e1bb gazdag\u00edtottuk az \u00d6kokar\u00e1csonyfa d\u00edszeinek mennyis\u00e9g\u00e9t \u00e9s v\u00e1ltozatoss\u00e1g\u00e1t, \u00fajrahasznos\u00edtott t\u00e1rgyakb\u00f3l.<\/li><li>A fenntarthat\u00f3s\u00e1gi t\u00e9mah\u00e9t hivatalosan ugyan elmaradt, de online szak\u00f3r\u00e1inkon t\u00f6bb szempontb\u00f3l foglalkoztunk a k\u00f6rnyezet v\u00e9delm\u00e9vel. Tudatosabb v\u00e1s\u00e1rl\u00e1s, hullad\u00e9kcs\u00f6kkent\u00e9s lehet\u0151s\u00e9gei, m\u00e9lt\u00e1nyos kereskedelem k\u00e9rd\u00e9sk\u00f6reit is \u00e9rintett\u00fck.<\/li><\/ul>\n\n\n\n<p>\u00dajrahasznos\u00edt\u00e1ssal k\u00e9sz\u00fclt alkot\u00e1sok, d\u00edszt\u00e1rgyak sz\u00fclettek.<\/p>\n\n\n\n<ul class=\"wp-block-list\"><li>Dekor\u00e1ci\u00f3kat k\u00e9sz\u00edtett\u00fcnk az iskola, k\u00fcl\u00f6nb\u00f6z\u0151 esem\u00e9nyeihez. (Kar\u00e1csonyi koncert, a meg\u00fajult aula kar\u00e1csonyi dekor\u00e1ci\u00f3ja, \u00fcnneps\u00e9gek). Seg\u00edtett\u00fck a teremdekor\u00e1ci\u00f3s versenyt. A Csibeb\u00e1lra csibed\u00edjat k\u00e9sz\u00edtett\u00fcnk.<\/li><li>T\u00f6bb alkalommal szervezt\u00fcnk l\u00e1togat\u00e1st a V\u00e1rfok Gal\u00e9ri\u00e1ba \u00e9s s\u00e9t\u00e1kat a V\u00e1rnegyedbe.<\/li><li>Menhely Alap\u00edtv\u00e1ny rajz p\u00e1ly\u00e1zat\u00e1ra k\u00e9t tucat rajzot k\u00fcldt\u00fcnk,<\/li><li>A Hagyom\u00e1nyok h\u00e1za \u00e1ltal meghirdetett, Ter\u00edtett asztal c\u00edm\u0171 p\u00e1ly\u00e1zatra ugyancsak sz\u00e9p sz\u00e1m\u00fa p\u00e1lyam\u0171vet juttatunk el. T\u00f6bb mint ezer rajz \u00e9rkezett, mivel nagyon sok magas sz\u00ednvonal\u00fa, ez\u00e9rt mi is kaptunk D\u00edszokleveleket tanul\u00f3ink r\u00e9sz\u00e9re.<\/li><\/ul>\n\n\n\n<p><strong>D\u00d6K 2019\/20<\/strong><\/p>\n\n\n\n<ul class=\"wp-block-list\"><li>Id\u00e9n a D\u00d6K szervezte a Di\u00e1kakad\u00e9mia programot.&nbsp;<\/li><li>Id\u00e9n el\u0151sz\u00f6r elind\u00edtottuk a Kosztol\u00e1nyi teah\u00e1zat, ahol fenntarthat\u00f3s\u00e1g t\u00e9m\u00e1kkal foglalkozunk.<\/li><\/ul>\n\n\n\n<p>Els\u0151 alkalommal a p\u00f3kokr\u00f3l volt interakt\u00edv el\u0151ad\u00e1s. Sajnos a m\u00e1sodik f\u00e9l\u00e9vben m\u00e1r nem ker\u00fclhetett sor \u00fajabb el\u0151ad\u00e1sra a kialakult j\u00e1rv\u00e1ny\u00fcgyi helyzet miatt.&nbsp;<\/p>\n\n\n\n<ul class=\"wp-block-list\"><li>oszt\u00e1lydekor\u00e1ci\u00f3s verseny lebonyol\u00edt\u00e1sa<\/li><\/ul>\n\n\n\n<p><strong>Szondi Gy\u00f6rgy iskolarend\u0151r<\/strong><\/p>\n\n\n\n<ul class=\"wp-block-list\"><li>siker\u00fclt megszervezni a drog-prevenci\u00f3s program keret\u00e9ben a BRFK kuty\u00e1s<\/li><\/ul>\n\n\n\n<p>&nbsp;&nbsp; &nbsp; &nbsp; &nbsp; &nbsp; &nbsp; &nbsp; bemutat\u00f3j\u00e1t a 11. \u00e9vfolyamosok r\u00e9sz\u00e9re, melyet nagy \u00e9rdekl\u0151d\u00e9ssel fogadt\u00e1k a di\u00e1kok.<\/p>\n\n\n\n<p><strong>Mih\u00f3kn\u00e9 Bartha Katalin: <\/strong>\u00d6ko mese\u00edr\u00f3 p\u00e1ly\u00e1zaton vett\u00fcnk r\u00e9szt<\/p>\n\n\n\n<figure class=\"wp-block-table is-style-stripes\"><table class=\"has-light-green-cyan-to-vivid-green-cyan-gradient-background has-background\"><tbody><tr><td><strong>Oszt\u00e1ly<\/strong><\/td><td><strong>T\u00e9ma&nbsp;<\/strong><\/td><td><strong>Oszt\u00e1lyf\u0151n\u00f6k&nbsp;<\/strong><\/td><td><strong>Tervezett id\u0151pont&nbsp;<\/strong><\/td><\/tr><tr><td>5.a&nbsp;<\/td><td>\u00c1llatok vil\u00e1gnapja, V\u00edz vil\u00e1gnapja&nbsp;<\/td><td>Weiszkopfn\u00e9 K\u00f6vesk\u00f6zi Zsuzsanna&nbsp;<\/td><td>okt\u00f3ber elmaradt&nbsp;<\/td><\/tr><tr><td>5.b&nbsp;<\/td><td>\u00c1llatok vil\u00e1gnapja V\u00edz vil\u00e1gnapja&nbsp;<\/td><td>F\u00f6ldin\u00e9 Reider M\u00f3nika&nbsp;<\/td><td>okt\u00f3ber elmaradt&nbsp;<\/td><\/tr><tr><td>6.a&nbsp;<\/td><td>Szem\u00e9tszed\u00e9s,&nbsp; Millen\u00e1ris piknik&nbsp;<\/td><td>Dr. Mih\u00f3kn\u00e9 Bartha Katalin&nbsp;<\/td><td>okt\u00f3ber elmaradt&nbsp;<\/td><\/tr><tr><td>6.b&nbsp;<\/td><td>Szem\u00e9tszed\u00e9s &nbsp; Term\u00e9szetv\u00e9d\u0151 Sz\u00f6vets\u00e9g ter\u00fcletkezel\u00e9s&nbsp;<\/td><td>Pint\u00e9rn\u00e9 Dancs Zsuzsa&nbsp;<\/td><td>okt\u00f3ber m\u00e1rcius&nbsp;<\/td><\/tr><tr><td>7.a&nbsp;<\/td><td>Lucanap, b\u00faza\u00fcltet\u00e9s Tisza-tavi \u00d6kocentrum&nbsp;<\/td><td>Tringer D\u00f3ra&nbsp; &nbsp;<\/td><td>december elmaradt&nbsp;<\/td><\/tr><tr><td>7.b&nbsp;<\/td><td>Barlangt\u00fara Szem\u00e9tszed\u00e9s&nbsp;<\/td><td>Dr. Juh\u00e1szn\u00e9 M\u00e9sz\u00e1ros Henrietta&nbsp;<\/td><td>szeptember elmaradt&nbsp;<\/td><\/tr><tr><td>8.a&nbsp;<\/td><td>OM\u00c9K BNV ter\u00fclete&nbsp; Hasznos hullad\u00e9k tan\u00f6sv\u00e9ny&nbsp;<\/td><td>Luk\u00e1cs Katalin&nbsp; &nbsp;<\/td><td>szeptember m\u00e1rcius&nbsp;<\/td><\/tr><tr><td>8.b&nbsp;<\/td><td>V\u00e9rmez\u0151, fitt-park szem\u00e9tszed\u00e9s, Hasznos hullad\u00e9k tan\u00f6sv\u00e9ny&nbsp;<\/td><td>Hatvany E\u00f6rs&nbsp; &nbsp;<\/td><td>szeptember m\u00e1rcius&nbsp;<\/td><\/tr><tr><td>9.a&nbsp;<\/td><td>Szem\u00e9tszed\u00e9s a Normaf\u00e1n\u00e1l Szelekt\u00edv hullad\u00e9kgy\u0171jt\u00e9s&nbsp;<\/td><td>Alf\u00f6ldin\u00e9 Petr\u00f3czki Dalma&nbsp;<\/td><td>okt\u00f3ber folyamatos&nbsp;<\/td><\/tr><tr><td>9.b&nbsp;<\/td><td>Kosztol\u00e1nyi-fa gondoz\u00e1sa Duna-Ipoly N.P. &nbsp;<\/td><td>Sz\u00e1nt\u00f3 L\u00e1szl\u00f3&nbsp; &nbsp;<\/td><td>folyamatos elmaradt&nbsp;<\/td><\/tr><tr><td>9.c&nbsp;<\/td><td>Kenut\u00fara a Dun\u00e1n&nbsp;<\/td><td>Megyery P\u00e1l&nbsp; &nbsp;<\/td><td>2019. augusztus&nbsp;<\/td><\/tr><tr><td>10.a&nbsp;<\/td><td>Z\u00f6ldg\u00f6mb fesztiv\u00e1l&nbsp; Tan\u00f6sv\u00e9ny bej\u00e1r\u00e1s&nbsp;<\/td><td>Alm\u00e1si Orsolya&nbsp; &nbsp;<\/td><td>okt\u00f3ber elmaradt&nbsp;<\/td><\/tr><tr><td>10.b&nbsp;<\/td><td>Szem\u00e9tszed\u00e9s a t\u00faranapon, Szelekt\u00edv hullad\u00e9kgy\u0171jt\u00e9s&nbsp;<\/td><td>Kov\u00e1cs G\u00e1bor Kriszti\u00e1n&nbsp;<\/td><td>szeptember folyamatos&nbsp;<\/td><\/tr><tr><td>10.c&nbsp;<\/td><td>Szem\u00e9tszed\u00e9s,&nbsp; Szelekt\u00edv gy\u0171jt\u00e9s&nbsp;<\/td><td>Kassitzky Tam\u00e1s&nbsp; &nbsp;<\/td><td>folyamatos&nbsp;<\/td><\/tr><tr><td>11.a&nbsp;<\/td><td>Ping-pong asztal&nbsp; \u00fczembehelyez\u00e9se, karbantart\u00e1sa Kegyeleti v\u00e1lt\u00f3fut\u00e1s ut\u00e1n szem\u00e9tszed\u00e9s&nbsp;<\/td><td>Papp Zolt\u00e1n&nbsp; &nbsp;<\/td><td>szeptember&nbsp; &nbsp; okt\u00f3ber&nbsp;<\/td><\/tr><tr><td>11.b&nbsp;<\/td><td>Ker\u00e9kp\u00e1rt\u00fara,&nbsp; Kenut\u00fara,&nbsp; Dunakanyar t\u00fara \u00e9s piknik&nbsp;<\/td><td>G\u00e1sp\u00e1r Csaba&nbsp; &nbsp;<\/td><td>szeptember szeptember elmaradt&nbsp;<\/td><\/tr><tr><td>11.c&nbsp;<\/td><td>Szem\u00e9tszed\u00e9s&nbsp;<\/td><td>Magyar G\u00e1bor&nbsp; &nbsp;<\/td><td>folyamatos&nbsp;<\/td><\/tr><\/tbody><\/table><\/figure>\n\n\n\n<figure class=\"wp-block-table is-style-stripes\"><table class=\"has-light-green-cyan-to-vivid-green-cyan-gradient-background has-background\"><tbody><tr><td>12.a&nbsp;<\/td><td>T\u00fara&nbsp;<\/td><td>Pop Stella&nbsp;<\/td><td>elmaradt&nbsp;<\/td><\/tr><tr><td>12.b&nbsp;<\/td><td>Mad\u00e1retet\u0151k kihelyez\u00e9se&nbsp;<\/td><td>Schultz Eszter&nbsp; &nbsp;<\/td><td>december &#8211; febru\u00e1r&nbsp;<\/td><\/tr><tr><td>12.c&nbsp;<\/td><td>Plak\u00e1tok kihelyez\u00e9se&nbsp;<\/td><td>Papd\u00e1nn\u00e9 Nagy Jol\u00e1n&nbsp; &nbsp;<\/td><td>okt\u00f3ber&nbsp;<\/td><\/tr><tr><td>12.d&nbsp;<\/td><td>Term\u00e9szetv\u00e9delmi ter\u00fclet Szem\u00e9tszed\u00e9s&nbsp;<\/td><td>Gy\u0151rik Gy\u0151z\u0151&nbsp; &nbsp;<\/td><td>szeptember folyamatos&nbsp;<\/td><\/tr><\/tbody><\/table><\/figure>\n","protected":false},"excerpt":{"rendered":"<p>Az \u00f6koiskola l\u00e9t\u00fcnknek vannak\u00a0\u00e1lland\u00f3 elemei, amelyek ebben az \u00e9vben is folytat\u00f3dtak. a k\u00f6nyvt\u00e1rban az&nbsp;\u00f6kosarokm\u0171k\u00f6d\u00e9se (Holl\u00f3si Kata) az oszt\u00e1lyokban \u00e9s a folyos\u00f3n l\u00e9v\u0151 nagy&nbsp;\u00f6koiskola fali\u00fajs\u00e1g az \u00e9v elej\u00e9n megrendezett oszt\u00e1lyonk\u00e9nti&nbsp;teremdekor\u00e1ci\u00f3s verseny a&nbsp;szelekt\u00edv gy\u0171jt\u00e9s(pap\u00edr, kupak, elem, PET palack) az&nbsp;iskola\u00fajs\u00e1g \u00f6ko rovata&nbsp;(Dr. Mih\u00f3kn\u00e9 <a href=\"https:\/\/kosztolanyigimnazium.hu\/?page_id=3401\" class=\"read-more\">Olvass tov\u00e1bb&#8230;<\/a><\/p>\n","protected":false},"author":1,"featured_media":1178,"parent":3397,"menu_order":0,"comment_status":"closed","ping_status":"closed","template":"","meta":{"footnotes":""},"class_list":["post-3401","page","type-page","status-publish","has-post-thumbnail","hentry"],"_links":{"self":[{"href":"https:\/\/kosztolanyigimnazium.hu\/index.php?rest_route=\/wp\/v2\/pages\/3401","targetHints":{"allow":["GET"]}}],"collection":[{"href":"https:\/\/kosztolanyigimnazium.hu\/index.php?rest_route=\/wp\/v2\/pages"}],"about":[{"href":"https:\/\/kosztolanyigimnazium.hu\/index.php?rest_route=\/wp\/v2\/types\/page"}],"author":[{"embeddable":true,"href":"https:\/\/kosztolanyigimnazium.hu\/index.php?rest_route=\/wp\/v2\/users\/1"}],"replies":[{"embeddable":true,"href":"https:\/\/kosztolanyigimnazium.hu\/index.php?rest_route=%2Fwp%2Fv2%2Fcomments&post=3401"}],"version-history":[{"count":2,"href":"https:\/\/kosztolanyigimnazium.hu\/index.php?rest_route=\/wp\/v2\/pages\/3401\/revisions"}],"predecessor-version":[{"id":3404,"href":"https:\/\/kosztolanyigimnazium.hu\/index.php?rest_route=\/wp\/v2\/pages\/3401\/revisions\/3404"}],"up":[{"embeddable":true,"href":"https:\/\/kosztolanyigimnazium.hu\/index.php?rest_route=\/wp\/v2\/pages\/3397"}],"wp:featuredmedia":[{"embeddable":true,"href":"https:\/\/kosztolanyigimnazium.hu\/index.php?rest_route=\/wp\/v2\/media\/1178"}],"wp:attachment":[{"href":"https:\/\/kosztolanyigimnazium.hu\/index.php?rest_route=%2Fwp%2Fv2%2Fmedia&parent=3401"}],"curies":[{"name":"wp","href":"https:\/\/api.w.org\/{rel}","templated":true}]}}