{"id":3405,"date":"2022-02-06T18:44:13","date_gmt":"2022-02-06T17:44:13","guid":{"rendered":"https:\/\/kosztolanyigimnazium.hu\/?page_id=3405"},"modified":"2022-02-06T18:44:14","modified_gmt":"2022-02-06T17:44:14","slug":"okoiskolai-beszamolo-2020-2021","status":"publish","type":"page","link":"https:\/\/kosztolanyigimnazium.hu\/?page_id=3405","title":{"rendered":"\u00d6koiskolai Besz\u00e1mol\u00f3 2020\/2021"},"content":{"rendered":"\n<p>Az \u00f6koiskola l\u00e9t\u00fcnknek vannak&nbsp;<strong>\u00e1lland\u00f3 eleme<\/strong>i, amelyek ebben az \u00e9vben is folytat\u00f3dtak.<\/p>\n\n\n\n<ul class=\"wp-block-list\"><li>a k\u00f6nyvt\u00e1rban az&nbsp;<strong>\u00f6kosarok <\/strong>m\u0171k\u00f6d\u00e9se (Holl\u00f3si Kata)<\/li><li>az oszt\u00e1lyokban \u00e9s a folyos\u00f3n l\u00e9v\u0151 nagy&nbsp;<strong>\u00f6koiskola fali\u00fajs\u00e1g<\/strong><\/li><li>az \u00e9v elej\u00e9n megrendezett oszt\u00e1lyonk\u00e9nti&nbsp;<strong>teremdekor\u00e1ci\u00f3s verseny<\/strong><\/li><li>a&nbsp;<strong>szelekt\u00edv gy\u0171jt\u00e9s <\/strong>(pap\u00edr, kupak, elem, PET palack)<\/li><li>az&nbsp;<strong>iskola\u00fajs\u00e1g \u00f6ko rovata&nbsp;<\/strong>(Dr. Mih\u00f3kn\u00e9 Bartha Katalin)<\/li><li>a&nbsp;<strong>web lapunk \u00f6koiskola rovata<\/strong><\/li><li><strong>\u00fajrapap\u00edr haszn\u00e1lata stb.<\/strong><\/li><li><strong>Di\u00e1kakad\u00e9mia szervez\u00e9se<\/strong><\/li><li><strong>mad\u00e1retet\u0151 kihelyez\u00e9se stb.<\/strong><\/li><\/ul>\n\n\n\n<p>A fenn\u00e1ll\u00f3 j\u00e1rv\u00e1nyhelyzet miatt ebben a tan\u00e9vben nagyon kev\u00e9s program val\u00f3sulhatott meg. Az al\u00e1bbiakban \u00f6sszegy\u0171jt\u00f6ttem az iskol\u00e1ban \u00e1ltal\u00e1nosan \u00e9s a koll\u00e9g\u00e1k \u00e1ltal v\u00e1llalt \u00e9s meg is val\u00f3sult \u00f6koprogramokat.<\/p>\n\n\n\n<p>A munkak\u00f6z\u00f6ss\u00e9gek a tan\u00e9v eleji tervez\u00e9sn\u00e9l az \u00d6KO szempontok figyelembev\u00e9tel\u00e9vel k\u00e9sz\u00edtett\u00e9k el \u00e9ves terv\u00fcket, csak\u00fagy a szaktan\u00e1rok is tanmeneteikbe betervezt\u00e9k az \u00d6KO-t. A tanmeneteket felh\u0151alap\u00fa t\u00e1rhelyen t\u00e1roljuk, itt sincs nyomtat\u00e1s.<\/p>\n\n\n\n<p>Iskola szint\u0171 projekthetet tervezt\u00fcnk, t\u00e9m\u00e1ja a SZINEK voltak. A teremdekor\u00e1ci\u00f3 ennek jegy\u00e9ben k\u00e9sz\u00fclt, sajnos a t\u00f6bbi programot a j\u00e1rv\u00e1nyhelyzet miatt nem tudtuk megtartani.<\/p>\n\n\n\n<p>A digit\u00e1lis tesztek miatt lecs\u00f6kkent a pap\u00edrfelhaszn\u00e1l\u00e1s, \u00e9s a f\u00e9nym\u00e1sol\u00e1s.<\/p>\n\n\n\n<p>Az oszt\u00e1ly kar\u00e1csonyokon m\u00e1r m\u0171feny\u0151t d\u00edsz\u00edt &#8211; szinte &#8211; mindenki, ez tart\u00f3sabb (sok \u00e9vig\u00a0haszn\u00e1lhat\u00f3), ez\u00e1ltal k\u00f6rnyezetbar\u00e1tabb.<\/p>\n\n\n\n<p>A gy\u00fcm\u00f6lcs-program folytat\u00f3dik 5-6 \u00e9vfolyamokon. (eg\u00e9szs\u00e9ges \u00e9letm\u00f3d)<\/p>\n\n\n\n<p>A 6.a oszt\u00e1ly t\u00f6bb s\u00e9t\u00e1t tett a Budai V\u00e1rban; az \u00e9p\u00edtett k\u00f6rnyezet\u00fcnk megismer\u00e9se jegy\u00e9ben.<\/p>\n\n\n\n<p>A p\u00e1lyaorient\u00e1ci\u00f3s napon mesters\u00e9gekkel,\u00a0 &#8211; k\u00f6z\u00f6tt\u00fck \u0151si magyar mesters\u00e9gekkel &#8211; ismerkedtek meg\u00a0a gyerekek (M5-mesterember sorozat)\u00a0<\/p>\n\n\n\n<p><strong>M\u00e9sz\u00e1ros Henriett<\/strong>:<\/p>\n\n\n\n<ul class=\"wp-block-list\"><li>\u00d6KO kir\u00e1ndul\u00e1s megval\u00f3s\u00edt\u00e1sa a Budai\u00a0hegyekben rengeteg kupak gy\u0171jt\u00e9se<\/li><\/ul>\n\n\n\n<p><strong>Mih\u00f3kn\u00e9 Bartha Katalin<\/strong>:<\/p>\n\n\n\n<ul class=\"wp-block-list\"><li>Mes\u00e9lnek a f\u00e1k (\u00f6ko) vers \u00e9s pr\u00f3za\u00edr\u00f3 p\u00e1ly\u00e1zat 5-9.\u00e9vfolyamosok\u00a0r\u00e9szv\u00e9tel\u00e9vel (Pacsuta Zs\u00f3fia 1.hely).<\/li><li>A Nagy Szaval\u00e1s \u2013 Kosztol\u00e1nyi Dezs\u0151 eml\u00e9k\u00e9re a Sz\u00e9ll K\u00e1lm\u00e1n T\u00e9ren val\u00f3sult meg \u00f3ri\u00e1si sikerrel.<\/li><\/ul>\n\n\n\n<p><strong>Tringer D\u00f3ra<\/strong>:<\/p>\n\n\n\n<ul class=\"wp-block-list\"><li>Luca-napi b\u00faza \u00fcltet\u00e9se \u00e9s teremdekor\u00e1ci\u00f3 \u00f6ko szeml\u00e9letben t\u00f6rt\u00e9n\u0151 megval\u00f3s\u00edt\u00e1sa<\/li><li>T\u00f6bb tan\u00f3r\u00e1val is bekapcsol\u00f3dtunk a fenntarthat\u00f3s\u00e1gi t\u00e9mah\u00e9tbe online m\u00f3don, mivel ez a h\u00e9t az online oktat\u00e1s idej\u00e9re esett. Technika \u00f3r\u00e1kon foglalkoztunk az \u00e9lelmiszerpazarl\u00e1s, tudatos v\u00e1s\u00e1rl\u00e1s, fenntarthat\u00f3 divat t\u00e9m\u00e1ival is.<\/li><li>Technika \u00e9s rajz \u00f3r\u00e1kon kiemelt hangs\u00falyt kap az \u00fajrahasznos\u00edt\u00e1s. Id\u00e9n is k\u00e9sz\u00fcltek hullad\u00e9kokb\u00f3l d\u00edszt\u00e1rgyak: f\u00e9nyk\u00e9ptart\u00f3k, textilk\u00e9pek<\/li><li>V\u00e9gz\u0151seink ballag\u00e1s\u00e1ra, 5-6-7. \u00e9vfolyamos di\u00e1kokkal pap\u00edrvir\u00e1gokat k\u00e9sz\u00edtett\u00fcnk, melyeket m\u00e1s esem\u00e9nyeken is fel tudunk majd haszn\u00e1lni dekor\u00e1ci\u00f3k\u00e9nt<\/li><\/ul>\n\n\n\n<figure class=\"wp-block-image\"><img decoding=\"async\" src=\"blob:https:\/\/kosztolanyigimnazium.hu\/d58c1659-5988-4c93-a161-6fea2a77309a\" alt=\"pastedGraphic.png\"\/><\/figure>\n\n\n\n<p><strong>Luk\u00e1cs Katalin<\/strong>: \u00f6ko fali\u00fajs\u00e1g friss\u00edt\u00e9se \u00e9s szelekt\u00edv hullad\u00e9kgy\u0171jt\u00e9s<\/p>\n\n\n\n<p><strong>Schultz Eszter<\/strong>: Az \u00e9p\u00edtett k\u00f6rnyezet\u00fcnk megismer\u00e9se keret\u00e9ben egy vet\u00e9lked\u0151t rendezett\u00a0a\u00a0V\u00e1rnegyedben a\u00a0 6.B oszt\u00e1lynak a\u00a0 t\u00faranap alkalm\u00e1b\u00f3l.<\/p>\n\n\n\n<p><strong>Bereczky Judit<\/strong>:<\/p>\n\n\n\n<ul class=\"wp-block-list\"><li>Pacsuta Zs\u00f3fi az oszt\u00e1lyomb\u00f3l az els\u0151 helyezettek k\u00f6z\u00f6tt volt a Mes\u00e9lnek a f\u00e1k c.\u00a0novella\u00edr\u00f3 p\u00e1ly\u00e1zaton\u00a0a Fenntarthat\u00f3s\u00e1gi t\u00e9mah\u00e9t keret\u00e9ben sz\u00f6veg\u00e9rt\u00e9s feladatok \u00f6ko t\u00e9m\u00e1kkal<\/li><\/ul>\n\n\n\n<p><strong>Alm\u00e1si Orsi:<\/strong> Natura 2000-s ter\u00fcleten kir\u00e1ndul\u00e1s + tan\u00f6sv\u00e9ny<\/p>\n\n\n\n<p><strong>Holl\u00f3si Kata<\/strong>: dr\u00e1mafoglalkoz\u00e1sok, szimul\u00e1ci\u00f3s j\u00e1t\u00e9k \u00f6ko t\u00e9mak\u00f6rben:<\/p>\n\n\n\n<p>Dr\u00e1ma\u00f3r\u00e1kon az \u00f6t\u00f6dik \u00e9vfolyamos di\u00e1kokkal, a Falu\u00e9p\u00edt\u00e9s elnevez\u00e9s\u0171 szimul\u00e1ci\u00f3s j\u00e1t\u00e9k sor\u00e1n a term\u00e9szetv\u00e9delem, a k\u00f6r\u00fcl\u00f6tt\u00fcnk l\u00e9v\u0151 vil\u00e1g \u00f6ko probl\u00e9m\u00e1it is feldolgoztuk. A kilencedik \u00e9vfolyamon pedig, a Szigetfoglal\u00f3k nev\u0171 j\u00e1t\u00e9kkal az \u00f3ce\u00e1nok pusztul\u00e1s\u00e1nak k\u00e9rd\u00e9seit j\u00e1rtuk k\u00f6r\u00fcl.<\/p>\n\n\n\n<p><strong>F\u00f6ldi M\u00f3ni<\/strong>:<\/p>\n\n\n\n<ul class=\"wp-block-list\"><li>kupakgy\u0171jt\u00e9s lebonyol\u00edt\u00e1sa-21, \u00f6ko szeml\u00e9let\u0171 teremdekor\u00e1ci\u00f3<\/li><li>sajnos a v\u00e9rad\u00e1st ebben a tan\u00e9vben sem lehetett megszervezni.<\/li><\/ul>\n\n\n\n<p><strong>Mih\u00f3kn\u00e9 Bartha Katalin:<\/strong> R\u00e9szt vett\u00fcnk a Mes\u00e9lnek a f\u00e1k vers- \u00e9s pr\u00f3za\u00edr\u00f3 versenyen ( \u00d6KO), melyen 1. helyezett lett Pacsuta Zs\u00f3fia ( Bereczky Judit). A 6.b \u00e9s 7.a oszt\u00e1lyb\u00f3l is\u00a0voltak p\u00e1ly\u00e1z\u00f3k.<\/p>\n\n\n\n<p><strong>Term\u00e9szettudom\u00e1nyos munkak\u00f6z\u00f6ss\u00e9g:<\/strong><\/p>\n\n\n\n<ul class=\"wp-block-list\"><li>A digit\u00e1lis oktat\u00e1s alatt jelent\u0151sen cs\u00f6kkent a nyomtat\u00e1s \u00e9s f\u00e9nym\u00e1sol\u00e1s<\/li><li>Natura 2000 ter\u00fcletre t\u00f6rt\u00e9n\u0151 kir\u00e1ndul\u00e1sok: H\u00e1rmashat\u00e1rhegy (Alm\u00e1si Orsolya), Sas-hegy (Weiszkopfn\u00e9) Normafa (Korb\u00e9li Anna),&nbsp;<\/li><li>Az iskolai 3D nyomtat\u00f3hoz \u00fajrahasznos\u00edtott m\u0171anyagot hasn\u00e1lunk fel<\/li><li>Folytat\u00f3dott a kupakgy\u0171jt\u00e9si program (F\u00f6ldin\u00e9)<\/li><li>Ferenczi Judit \u00e1ltal rendelt Z\u00f6ld F\u00f6ld tank\u00f6nyv \u00e9s munkaf\u00fczet: A K\u00e9k Bolyg\u00f3 alap\u00edtv\u00e1ny k\u00e9sz\u00edtette:<a href=\"https:\/\/kbka.org\/tankonyv\/?cn-reloaded=1\">https:\/\/kbka.org\/tankonyv\/?cn-reloaded=1<\/a> \u00d6koiskolak\u00e9nt tudjuk majd haszn\u00e1lni.<\/li><li>A P\u00e9nz7 \u2013 en r\u00e9szt vett a 10.c, 11.a, 10.b, 6.a oszt\u00e1ly<\/li><li>Fenntarthat\u00f3s\u00e1gi t\u00e9mah\u00e9ttel kapcsolatos tev\u00e9kenys\u00e9geink:<\/li><li>A h\u00e9t egyik f\u0151 esem\u00e9nye a Fenntarthat\u00f3s\u00e1gi t\u00e9mah\u00e9t rendezv\u00e9ny \u00e9s a F\u00f6ld napja. Ezzel kapcsolatban az int\u00e9zm\u00e9ny tan\u00e1rainak kik\u00fcldt\u00fcnk egy megval\u00f3s\u00edthat\u00f3 programsort, melyet \u00d6koiskolak\u00e9nt aj\u00e1nlottunk megval\u00f3s\u00edt\u00e1sra. Kaptunk visszajelz\u00e9seket tan\u00e1rokt\u00f3l, hogy siker\u00fclt bekapcsol\u00f3dni az esem\u00e9nyekbe. pl. on-line el\u0151ad\u00e1sok meghallgat\u00e1sa, Nagy Di\u00e1k Kl\u00edmateszt megold\u00e1sa, Fenntarthat\u00f3s\u00e1gi fejl\u0151d\u00e9si c\u00e9lokr\u00f3l val\u00f3 besz\u00e9lget\u00e9s. Az idegennyelv tan\u00e1rok is \u00f6r\u00fcltek a kik\u00fcld\u00f6tt idegennyelv\u0171 honlapaj\u00e1nl\u00f3nak (Sustainable Development Goals)<\/li><li>A munkak\u00f6z\u00f6ss\u00e9g tagjai a tan\u00edtott oszt\u00e1lyaikban \u2013 els\u0151sorban a tananyaghoz kapcsoltan foglalkoztak a Fenntarthat\u00f3s\u00e1gi t\u00e9m\u00e1kkal. A biol\u00f3gia, f\u00f6ldrajz \u00e9s k\u00e9mia tant\u00e1rgyak k\u00fcl\u00f6n\u00f6sen is foglalkoznak kapcsol\u00f3d\u00f3 tananyagokkal. pl. v\u00edzv\u00e9delem, v\u00edzgazd\u00e1lkod\u00e1s, biodiverzit\u00e1s, anyagok k\u00f6rforg\u00e1sa, tiszt\u00edt\u00f3szerek. M\u00e1s kolleg\u00e1k kisel\u0151ad\u00e1s, vagy j\u00e1t\u00e9kos vet\u00e9lked\u0151 szervez\u00e9s\u00e9t v\u00e1llalt\u00e1k. Oszt\u00e1lyink t\u00f6bbs\u00e9g\u00e9t b\u00edztattuk a Nagy Kl\u00edmatesztre t\u00f6rt\u00e9n\u0151 regisztr\u00e1ci\u00f3ra \u00e9s megold\u00e1sra<\/li><\/ul>\n","protected":false},"excerpt":{"rendered":"<p>Az \u00f6koiskola l\u00e9t\u00fcnknek vannak&nbsp;\u00e1lland\u00f3 elemei, amelyek ebben az \u00e9vben is folytat\u00f3dtak. a k\u00f6nyvt\u00e1rban az&nbsp;\u00f6kosarok m\u0171k\u00f6d\u00e9se (Holl\u00f3si Kata) az oszt\u00e1lyokban \u00e9s a folyos\u00f3n l\u00e9v\u0151 nagy&nbsp;\u00f6koiskola fali\u00fajs\u00e1g az \u00e9v elej\u00e9n megrendezett oszt\u00e1lyonk\u00e9nti&nbsp;teremdekor\u00e1ci\u00f3s verseny a&nbsp;szelekt\u00edv gy\u0171jt\u00e9s (pap\u00edr, kupak, elem, PET palack) az&nbsp;iskola\u00fajs\u00e1g \u00f6ko <a href=\"https:\/\/kosztolanyigimnazium.hu\/?page_id=3405\" class=\"read-more\">Olvass tov\u00e1bb&#8230;<\/a><\/p>\n","protected":false},"author":1,"featured_media":1178,"parent":3397,"menu_order":0,"comment_status":"closed","ping_status":"closed","template":"","meta":{"footnotes":""},"class_list":["post-3405","page","type-page","status-publish","has-post-thumbnail","hentry"],"_links":{"self":[{"href":"https:\/\/kosztolanyigimnazium.hu\/index.php?rest_route=\/wp\/v2\/pages\/3405","targetHints":{"allow":["GET"]}}],"collection":[{"href":"https:\/\/kosztolanyigimnazium.hu\/index.php?rest_route=\/wp\/v2\/pages"}],"about":[{"href":"https:\/\/kosztolanyigimnazium.hu\/index.php?rest_route=\/wp\/v2\/types\/page"}],"author":[{"embeddable":true,"href":"https:\/\/kosztolanyigimnazium.hu\/index.php?rest_route=\/wp\/v2\/users\/1"}],"replies":[{"embeddable":true,"href":"https:\/\/kosztolanyigimnazium.hu\/index.php?rest_route=%2Fwp%2Fv2%2Fcomments&post=3405"}],"version-history":[{"count":2,"href":"https:\/\/kosztolanyigimnazium.hu\/index.php?rest_route=\/wp\/v2\/pages\/3405\/revisions"}],"predecessor-version":[{"id":3408,"href":"https:\/\/kosztolanyigimnazium.hu\/index.php?rest_route=\/wp\/v2\/pages\/3405\/revisions\/3408"}],"up":[{"embeddable":true,"href":"https:\/\/kosztolanyigimnazium.hu\/index.php?rest_route=\/wp\/v2\/pages\/3397"}],"wp:featuredmedia":[{"embeddable":true,"href":"https:\/\/kosztolanyigimnazium.hu\/index.php?rest_route=\/wp\/v2\/media\/1178"}],"wp:attachment":[{"href":"https:\/\/kosztolanyigimnazium.hu\/index.php?rest_route=%2Fwp%2Fv2%2Fmedia&parent=3405"}],"curies":[{"name":"wp","href":"https:\/\/api.w.org\/{rel}","templated":true}]}}