{"id":3437,"date":"2022-02-18T22:53:54","date_gmt":"2022-02-18T21:53:54","guid":{"rendered":"https:\/\/kosztolanyigimnazium.hu\/?page_id=3437"},"modified":"2022-02-18T22:53:55","modified_gmt":"2022-02-18T21:53:55","slug":"oko-anyagok","status":"publish","type":"page","link":"https:\/\/kosztolanyigimnazium.hu\/?page_id=3437","title":{"rendered":"\u00d6ko-anyagok"},"content":{"rendered":"\n<p>\u00d6KO Iskolai \u00f6sszegy\u0171jt\u00f6tt anyagaink &#8211; elektronikusan t\u00e1rolva &#8211; el\u00e9rhet\u0151ek lentebb a megosztott mapp\u00e1nkban vagy <a href=\"https:\/\/drive.google.com\/drive\/folders\/1pw7nv0_D1SgZ9323_b_0e2Huo3hmo_1Z?usp=sharing\" class=\"ek-link\">ide kattintva<\/a>.<\/p>\n\n\n\n<figure><iframe src=\"https:\/\/drive.google.com\/embeddedfolderview?id=1pw7nv0_D1SgZ9323_b_0e2Huo3hmo_1Z#grid\" style=\"height:550px; border:0px; width:90%;\"><\/iframe><\/figure>\n","protected":false},"excerpt":{"rendered":"<p>\u00d6KO Iskolai \u00f6sszegy\u0171jt\u00f6tt anyagaink &#8211; elektronikusan t\u00e1rolva &#8211; el\u00e9rhet\u0151ek lentebb a megosztott mapp\u00e1nkban vagy ide kattintva.<\/p>\n","protected":false},"author":1,"featured_media":335,"parent":332,"menu_order":0,"comment_status":"closed","ping_status":"closed","template":"","meta":{"footnotes":""},"class_list":["post-3437","page","type-page","status-publish","has-post-thumbnail","hentry"],"_links":{"self":[{"href":"https:\/\/kosztolanyigimnazium.hu\/index.php?rest_route=\/wp\/v2\/pages\/3437","targetHints":{"allow":["GET"]}}],"collection":[{"href":"https:\/\/kosztolanyigimnazium.hu\/index.php?rest_route=\/wp\/v2\/pages"}],"about":[{"href":"https:\/\/kosztolanyigimnazium.hu\/index.php?rest_route=\/wp\/v2\/types\/page"}],"author":[{"embeddable":true,"href":"https:\/\/kosztolanyigimnazium.hu\/index.php?rest_route=\/wp\/v2\/users\/1"}],"replies":[{"embeddable":true,"href":"https:\/\/kosztolanyigimnazium.hu\/index.php?rest_route=%2Fwp%2Fv2%2Fcomments&post=3437"}],"version-history":[{"count":1,"href":"https:\/\/kosztolanyigimnazium.hu\/index.php?rest_route=\/wp\/v2\/pages\/3437\/revisions"}],"predecessor-version":[{"id":3439,"href":"https:\/\/kosztolanyigimnazium.hu\/index.php?rest_route=\/wp\/v2\/pages\/3437\/revisions\/3439"}],"up":[{"embeddable":true,"href":"https:\/\/kosztolanyigimnazium.hu\/index.php?rest_route=\/wp\/v2\/pages\/332"}],"wp:featuredmedia":[{"embeddable":true,"href":"https:\/\/kosztolanyigimnazium.hu\/index.php?rest_route=\/wp\/v2\/media\/335"}],"wp:attachment":[{"href":"https:\/\/kosztolanyigimnazium.hu\/index.php?rest_route=%2Fwp%2Fv2%2Fmedia&parent=3437"}],"curies":[{"name":"wp","href":"https:\/\/api.w.org\/{rel}","templated":true}]}}