{"id":350,"date":"2019-04-16T19:16:11","date_gmt":"2019-04-16T19:16:11","guid":{"rendered":"http:\/\/localhost:8888\/?page_id=350"},"modified":"2019-05-30T21:35:01","modified_gmt":"2019-05-30T19:35:01","slug":"tanulmany-ut-ntp-mttd-16","status":"publish","type":"page","link":"https:\/\/kosztolanyigimnazium.hu\/?page_id=350","title":{"rendered":"Tanulm\u00e1ny \u00dat (NTP-MTTD-16)"},"content":{"rendered":"\n<p><strong>2017. 04. 04<\/strong>-\u00e9n, kedden l\u00e1togat\u00e1st tett\u00fcnk a paksi&nbsp;<em>Atomer\u0151m\u0171ben <\/em>\u00e9s&nbsp;<em>Kalocs\u00e1n<\/em>,&nbsp; Papd\u00e1nn\u00e9 Nagy Jol\u00e1n \u00e9s N\u00e9meth Dorottya tan\u00e1rn\u0151k vezet\u00e9s\u00e9vel a Tehets\u00e9ggondoz\u00f3 Program keret\u00e9ben.<\/p>\n\n\n\n<figure class=\"wp-block-image\"><img loading=\"lazy\" decoding=\"async\" width=\"960\" height=\"540\" src=\"\/wp-content\/uploads\/2019\/04\/kdg-kepek-oldal-okoiskola-projekt-06.jpg\" alt=\"\u00daton az er\u0151m\u0171be\" class=\"wp-image-351\" srcset=\"https:\/\/kosztolanyigimnazium.hu\/wp-content\/uploads\/2019\/04\/kdg-kepek-oldal-okoiskola-projekt-06.jpg 960w, https:\/\/kosztolanyigimnazium.hu\/wp-content\/uploads\/2019\/04\/kdg-kepek-oldal-okoiskola-projekt-06-300x169.jpg 300w, https:\/\/kosztolanyigimnazium.hu\/wp-content\/uploads\/2019\/04\/kdg-kepek-oldal-okoiskola-projekt-06-768x432.jpg 768w, https:\/\/kosztolanyigimnazium.hu\/wp-content\/uploads\/2019\/04\/kdg-kepek-oldal-okoiskola-projekt-06-360x203.jpg 360w\" sizes=\"auto, (max-width: 960px) 100vw, 960px\" \/><figcaption>\u00daton az er\u0151m\u0171be<\/figcaption><\/figure>\n\n\n\n<p>A Paksi Atomer\u0151m\u0171be tulajdonk\u00e9ppen b\u00e1rki bemehet, van egy szuper L\u00e1togat\u00f3k\u00f6zpont, ahol fogadj\u00e1k a vend\u00e9geket. Csoportoknak el\u0151re be kell jelentkezni, \u00e9s aki elm\u00falt 16 \u00e9ves, ak\u00e1r \u00fczeml\u00e1togat\u00e1sra is mehet,- nagyon izgalmas, \u00e9rdekes \u00e9lm\u00e9nyekkel gazdagodhat. \u00c9rkez\u00e9s\u00fcnkkor m\u00e1r v\u00e1rt minket a k\u00eds\u00e9r\u0151 szakember, \u00e9s hamarosan meg is kezd\u0151d\u00f6tt az er\u0151m\u0171 bemutat\u00e1sa. A L\u00e1togat\u00f3k\u00f6zpont sz\u00ednes makettekkel, inform\u00e1ci\u00f3s t\u00e1bl\u00e1kkal van tele, a bemutat\u00e1s a Duna \u00e9l\u0151vil\u00e1g\u00e1nak megismertet\u00e9s\u00e9vel kezd\u0151dik. Egy akv\u00e1riumban modellezik a t\u00f6rt\u00e9n\u00e9seket, az er\u0151m\u0171 \u00e9s a Duna viz\u00e9nek szerep\u00e9t, azt\u00e1n l\u00e1thatunk helyt\u00f6rt\u00e9neti ki\u00e1ll\u00edt\u00e1st, majd mindent megtudhatunk a vil\u00e1g energiahelyzet\u00e9r\u0151l, nukle\u00e1ris beruh\u00e1z\u00e1sokr\u00f3l, de egy ker\u00e9kp\u00e1ron tekerve mi magunk is fejleszthet\u00fcnk \u00e1ramot. Nagyon \u00e9rdekes modellez\u00e9sekkel mutatj\u00e1k be az energiatermel\u00e9s folyamat\u00e1t, az energiaforr\u00e1sokat, ismertetik a blokkok m\u0171k\u00f6d\u00e9s\u00e9t, melyet anim\u00e1ci\u00f3s modelleken mutatnak be.<\/p>\n\n\n\n<p>Megtudhatjuk mi lesz a radioakt\u00edv hullad\u00e9k sorsa, \u00e9s azt is, hogy mennyi\u00e9rt termeli az \u00e1ramot az er\u0151m\u0171. Miel\u0151tt azonban az \u00fczemi ter\u00fcletre l\u00e9p\u00fcnk, -vagyis a reaktorokhoz- szigor\u00fa biztons\u00e1gi ellen\u0151rz\u00e9seknek vetnek al\u00e1 minket. Szem\u00e9lyi igazolv\u00e1ny ellen\u0151rz\u00e9s, \u00e9s egyeztet\u00e9s ut\u00e1n l\u00e1togat\u00f3 k\u00e1rty\u00e1t kapunk, majd, mint a reptereken, \u00e1tvizsg\u00e1lnak minket. Semmit nem lehet magunkkal vinni, sem telefont, sem f\u00e9nyk\u00e9pez\u0151g\u00e9pet, sem t\u00e1sk\u00e1t, stb. A hatalmas reaktorok, a vez\u00e9rl\u0151terem, a turbinacsarnok mind fantasztikus \u00e9lm\u00e9ny. Term\u00e9szetesen v\u00e9d\u0151sisakkal, f\u00fcldug\u00f3val felszerelve s\u00e9t\u00e1ltunk sok emeletmagass\u00e1gban, a biztons\u00e1g nagyon fontos az er\u0151m\u0171ben. Ezt k\u00f6vet\u0151en Kalocs\u00e1ra ment\u00fcnk, ahol&nbsp; r\u00f6vid szabadid\u0151 ut\u00e1n a Kalocsai F\u0151sz\u00e9kesegyh\u00e1zi \u00c9rseki Palota K\u00f6nyvt\u00e1rba l\u00e1thattunk el. Megn\u00e9zt\u00fck egy 16&nbsp;000 k\u00f6tetb\u0151l \u00e1ll\u00f3 ki\u00e1ll\u00edt\u00e1st, ahol megtekinthett\u00fck a t\u00f6bb sz\u00e1z \u00e9vre visszany\u00fal\u00f3 \u00edrott eml\u00e9keket- pl. Luther M\u00e1rton saj\u00e1t Bibli\u00e1j\u00e1t.<\/p>\n\n\n\n<figure class=\"wp-block-image\"><img loading=\"lazy\" decoding=\"async\" width=\"960\" height=\"540\" src=\"\/wp-content\/uploads\/2019\/04\/kdg-kepek-oldal-okoiskola-projekt-07.jpg\" alt=\"\" class=\"wp-image-352\" srcset=\"https:\/\/kosztolanyigimnazium.hu\/wp-content\/uploads\/2019\/04\/kdg-kepek-oldal-okoiskola-projekt-07.jpg 960w, https:\/\/kosztolanyigimnazium.hu\/wp-content\/uploads\/2019\/04\/kdg-kepek-oldal-okoiskola-projekt-07-300x169.jpg 300w, https:\/\/kosztolanyigimnazium.hu\/wp-content\/uploads\/2019\/04\/kdg-kepek-oldal-okoiskola-projekt-07-768x432.jpg 768w, https:\/\/kosztolanyigimnazium.hu\/wp-content\/uploads\/2019\/04\/kdg-kepek-oldal-okoiskola-projekt-07-360x203.jpg 360w\" sizes=\"auto, (max-width: 960px) 100vw, 960px\" \/><\/figure>\n\n\n\n<p>\u00d6sszegezve,- nagyszer\u0171 napot t\u00f6lt\u00f6tt\u00fcnk el, j\u00f3, hogy ott lehettem.<\/p>\n\n\n\n<p style=\"text-align:right\">K\u00f6sz\u00f6nj\u00fck a cikket: <em>Simon \u00c1kos 10. c <\/em>oszt\u00e1lyos tanul\u00f3nak (2017)<\/p>\n","protected":false},"excerpt":{"rendered":"<p>2017. 04. 04-\u00e9n, kedden l\u00e1togat\u00e1st tett\u00fcnk a paksi&nbsp;Atomer\u0151m\u0171ben \u00e9s&nbsp;Kalocs\u00e1n,&nbsp; Papd\u00e1nn\u00e9 Nagy Jol\u00e1n \u00e9s N\u00e9meth Dorottya tan\u00e1rn\u0151k vezet\u00e9s\u00e9vel a Tehets\u00e9ggondoz\u00f3 Program keret\u00e9ben. A Paksi Atomer\u0151m\u0171be tulajdonk\u00e9ppen b\u00e1rki bemehet, van egy szuper L\u00e1togat\u00f3k\u00f6zpont, ahol fogadj\u00e1k a vend\u00e9geket. Csoportoknak el\u0151re be kell jelentkezni, <a href=\"https:\/\/kosztolanyigimnazium.hu\/?page_id=350\" class=\"read-more\">Olvass tov\u00e1bb&#8230;<\/a><\/p>\n","protected":false},"author":1,"featured_media":1121,"parent":332,"menu_order":0,"comment_status":"closed","ping_status":"closed","template":"","meta":{"footnotes":""},"class_list":["post-350","page","type-page","status-publish","has-post-thumbnail","hentry"],"_links":{"self":[{"href":"https:\/\/kosztolanyigimnazium.hu\/index.php?rest_route=\/wp\/v2\/pages\/350","targetHints":{"allow":["GET"]}}],"collection":[{"href":"https:\/\/kosztolanyigimnazium.hu\/index.php?rest_route=\/wp\/v2\/pages"}],"about":[{"href":"https:\/\/kosztolanyigimnazium.hu\/index.php?rest_route=\/wp\/v2\/types\/page"}],"author":[{"embeddable":true,"href":"https:\/\/kosztolanyigimnazium.hu\/index.php?rest_route=\/wp\/v2\/users\/1"}],"replies":[{"embeddable":true,"href":"https:\/\/kosztolanyigimnazium.hu\/index.php?rest_route=%2Fwp%2Fv2%2Fcomments&post=350"}],"version-history":[{"count":2,"href":"https:\/\/kosztolanyigimnazium.hu\/index.php?rest_route=\/wp\/v2\/pages\/350\/revisions"}],"predecessor-version":[{"id":1122,"href":"https:\/\/kosztolanyigimnazium.hu\/index.php?rest_route=\/wp\/v2\/pages\/350\/revisions\/1122"}],"up":[{"embeddable":true,"href":"https:\/\/kosztolanyigimnazium.hu\/index.php?rest_route=\/wp\/v2\/pages\/332"}],"wp:featuredmedia":[{"embeddable":true,"href":"https:\/\/kosztolanyigimnazium.hu\/index.php?rest_route=\/wp\/v2\/media\/1121"}],"wp:attachment":[{"href":"https:\/\/kosztolanyigimnazium.hu\/index.php?rest_route=%2Fwp%2Fv2%2Fmedia&parent=350"}],"curies":[{"name":"wp","href":"https:\/\/api.w.org\/{rel}","templated":true}]}}