{"id":3818,"date":"2022-08-04T11:46:13","date_gmt":"2022-08-04T10:46:13","guid":{"rendered":"https:\/\/kosztolanyigimnazium.hu\/?page_id=3818"},"modified":"2024-01-22T14:50:15","modified_gmt":"2024-01-22T13:50:15","slug":"hatartalanul-2022","status":"publish","type":"page","link":"https:\/\/kosztolanyigimnazium.hu\/?page_id=3818","title":{"rendered":"Hat\u00e1rtalanul!"},"content":{"rendered":"\n<h2 class=\"wp-block-heading\">Alm\u00e1si Orsolya tan\u00e1rn\u0151 besz\u00e1mol\u00f3ja<\/h2>\n\n\n\n<p> 2020-as p\u00e1ly\u00e1zatunk, ami 2022-ben val\u00f3sult meg.<\/p>\n\n\n\n<h3 class=\"wp-block-heading\"><strong>Budapest \u2013 Sz\u00e9kelyudvarhely \u2013 Hat\u00e1rtalanul!<\/strong><\/h3>\n\n\n\n<p>2020-ban megnyert\u00fcnk egy p\u00e1ly\u00e1zatot, melynek az volt a c\u00e9lja, hogy egy erd\u00e9lyi k\u00f6rutaz\u00e1s sor\u00e1n a di\u00e1kok testk\u00f6zelb\u0151l ismerj\u00e9k meg a hat\u00e1ron t\u00fali magyars\u00e1g \u00e9let\u00e9t. A p\u00e1ly\u00e1zatot a pand\u00e9mia miatt nagyon neh\u00e9zkesen tudtuk megval\u00f3s\u00edtani. Amikor v\u00e9g\u00fcl siker\u00fclt \u2013 2022. m\u00e1rcius 27-e \u00e9s \u00e1prilis 1-je k\u00f6z\u00f6tt \u2013 akkor egy nagyon j\u00f3l siker\u00fclt \u00e9s tartalmas utaz\u00e1st tudhattunk magunk m\u00f6g\u00f6tt.&nbsp;<\/p>\n\n\n<div class=\"wp-block-image\">\n<figure class=\"aligncenter size-large\"><img loading=\"lazy\" decoding=\"async\" width=\"1024\" height=\"768\" src=\"https:\/\/kosztolanyigimnazium.hu\/wp-content\/uploads\/2022\/08\/296341794_5055428291251690_873130001886188695_n-1024x768.jpg\" alt=\"\" class=\"wp-image-3824\" srcset=\"https:\/\/kosztolanyigimnazium.hu\/wp-content\/uploads\/2022\/08\/296341794_5055428291251690_873130001886188695_n-1024x768.jpg 1024w, https:\/\/kosztolanyigimnazium.hu\/wp-content\/uploads\/2022\/08\/296341794_5055428291251690_873130001886188695_n-300x225.jpg 300w, https:\/\/kosztolanyigimnazium.hu\/wp-content\/uploads\/2022\/08\/296341794_5055428291251690_873130001886188695_n-768x576.jpg 768w, https:\/\/kosztolanyigimnazium.hu\/wp-content\/uploads\/2022\/08\/296341794_5055428291251690_873130001886188695_n-1536x1152.jpg 1536w, https:\/\/kosztolanyigimnazium.hu\/wp-content\/uploads\/2022\/08\/296341794_5055428291251690_873130001886188695_n-360x270.jpg 360w, https:\/\/kosztolanyigimnazium.hu\/wp-content\/uploads\/2022\/08\/296341794_5055428291251690_873130001886188695_n.jpg 2048w\" sizes=\"auto, (max-width: 1024px) 100vw, 1024px\" \/><\/figure>\n<\/div>\n\n\n<p>Az els\u0151 napunk f\u0151leg utaz\u00e1ssal telt, hiszen t\u00f6bb, mint 500 km-t buszoztunk, de Ady Endre \u00e9s Szent L\u00e1szl\u00f3 v\u00e1ros\u00e1ban (Nagyv\u00e1rad), valamint Hunyadi M\u00e1ty\u00e1s sz\u00fcl\u0151v\u00e1ros\u00e1ban ( Kolozsv\u00e1r) is s\u00e9t\u00e1lhattunk egyet. Itt csatlakozott hozz\u00e1nk a Sz\u00e9kelyf\u00f6ldr\u0151l sz\u00e1rmaz\u00f3 idegenvezet\u0151, aki utunk sor\u00e1n kalauzolt minket \u00e9s a helyiek szempontj\u00e1b\u00f3l mutatta meg, milyen az \u00e9let Erd\u00e9lyben.&nbsp;<\/p>\n\n\n\n<p>M\u00e1snap Erd\u00e9ly belseje fel\u00e9 indultunk, els\u0151 meg\u00e1ll\u00f3hely\u00fcnk a tordai s\u00f3b\u00e1nya volt, mely a fel\u00faj\u00edt\u00e1snak k\u00f6sz\u00f6nhet\u0151en \u00e9rdekesen mutatja be a t\u00f6bb sz\u00e1z \u00e9ve tart\u00f3 s\u00f3b\u00e1ny\u00e1szat hat\u00e1sait, az \u00f3ri\u00e1si t\u00e1rn\u00e1kat \u00e9s akn\u00e1kat. A v\u00e1llalkoz\u00f3 szellem\u0171ek m\u00e9g a minigolf p\u00e1ly\u00e1t is kipr\u00f3b\u00e1lt\u00e1k. Ezut\u00e1n szint\u00e9n egy hosszabb utaz\u00e1s k\u00f6vetkezett, amit r\u00f6videbb meg\u00e1ll\u00f3kkal szak\u00edtottunk meg: Marosv\u00e1s\u00e1rhelyen buszos v\u00e1rosn\u00e9z\u00e9s, Korondon a helyi term\u00e9kek v\u00e1s\u00e1ra \u00e9s Farkaslak\u00e1n Tam\u00e1si \u00c1ron s\u00edreml\u00e9ke ok\u00e1n. Ezek ut\u00e1n \u00e9rkezt\u00fcnk meg Sz\u00e9kelyudvarhelyre, ahol r\u00f6vid s\u00e9t\u00e1t tett\u00fcnk, majd elfoglaltuk sz\u00e1ll\u00e1sunkat egy kis k\u00f6zeli faluban, Sz\u00e9kelyszentl\u00e9leken.<\/p>\n\n\n\n<p>A harmadik napon l\u00e1togattunk el a sz\u00e9kelyudvarhelyi B\u00e1nyai J\u00e1nos Szakk\u00f6z\u00e9piskol\u00e1ba, ahol m\u00e1r v\u00e1rtak minket \u2013 \u201ep\u00e1nk\u00f3\u201d-val (f\u00e1nk) &#8211; \u00edgy betekint\u00e9st nyert\u00fcnk egy erd\u00e9lyi magyar iskola mindennapjaiba.&nbsp;&nbsp;Bemutatt\u00e1k nek\u00fcnk az iskol\u00e1t, majd k\u00f6rbe is vezettek minket. Nagyon \u00e9rdekesek voltak a tanm\u0171helyek, pl. a fodr\u00e1sz- \u00e9s az asztalosm\u0171hely, de megn\u00e9zt\u00fck a hat 3D-nyomtat\u00f3t is a hatalmas, okost\u00e1bl\u00e1val felszerelt sz\u00e1m\u00edt\u00f3g\u00e9pes term\u00fckben.&nbsp;&nbsp;A hatalmas udvar, a koll\u00e9gium, a sportp\u00e1ly\u00e1k, a fel\u00faj\u00edtott eb\u00e9dl\u0151 is r\u00e9sz\u00e9t k\u00e9pezi az iskolakomplexumnak, de azt is elmondt\u00e1k, hogy sajnos k\u00f6zel sincs annyi di\u00e1k az iskol\u00e1ban, mint ah\u00e1ny elf\u00e9rne.&nbsp;<\/p>\n\n\n\n<p>A napot Szov\u00e1t\u00e1n folytattuk, ahol fantasztikus eb\u00e9det ett\u00fcnk \u00e9s k\u00f6rbes\u00e9t\u00e1ltunk a v\u00e1rosk\u00e1ban, majd a s\u00f3s viz\u0171 Medve-tavat is megl\u00e1togattuk. Nagyon \u00e9rdekes volt a Parajd mellett tal\u00e1lhat\u00f3 S\u00f3-szoros, ahol a v\u00edz a m\u00e9szk\u0151 karsztosod\u00e1s\u00e1nak form\u00e1it hozta l\u00e9tre s\u00f3ban. Utols\u00f3 programpontk\u00e9nt aznap Orb\u00e1n Bal\u00e1zs s\u00edreml\u00e9k\u00e9t n\u00e9zt\u00fck meg Szejkef\u00fcrd\u0151n, melynek az a k\u00fcl\u00f6nlegess\u00e9ge, hogy 14 \u2013 jelk\u00e9pekkel telefaragott \u2013 sz\u00e9kelykapu vezet hozz\u00e1.<\/p>\n\n\n\n<p>Negyedik napunk kir\u00e1ndul\u00e1sokkal telt, de el\u0151bb m\u00e9g megl\u00e1togattuk Cs\u00edksomly\u00f3n a kegytemplomot, mely minden \u00e9vben zar\u00e1ndokok ezreit vonzza. A Hargita vulk\u00e1nj\u00e1n t\u00f6lt\u00f6tt\u00fck a nap t\u00f6bbi r\u00e9sz\u00e9t, ahol a torjai B\u00fcd\u00f6s-barlangban a k\u00e9nes \u00e9s sz\u00e9n-dioxidos kig\u0151z\u00f6lg\u00e9sekbe szagolhattunk \u00f3vatosan bele. De nem csak erre kellett a k\u00f6rny\u00e9ken figyelni: t\u00f6bbsz\u00f6r felh\u00edvt\u00e1k a figyelm\u00fcnket arra, hogy b\u00e1rmikor felbukkanhat medve, \u00edgy kik\u00e9pz\u00e9st is kaptunk azzal kapcsolatban, hogy mit kell olyankor tenni. Szerencs\u00e9re a tal\u00e1lkoz\u00f3ra nem ker\u00fclt sor. Ezut\u00e1n a Csom\u00e1d-hegys\u00e9g j\u00f3l kivehet\u0151 kr\u00e1terperem\u00e9re kapaszkodott fel buszunk, ahol sok h\u00f3folttal is tal\u00e1lkoztunk. A Szent Anna-t\u00f3 kr\u00e1ter\u00e9be les\u00e9t\u00e1lva m\u00e9g h\u00f3goly\u00f3zni is lehetett, de a t\u00f3 jeg\u00e9re nem volt tan\u00e1csos r\u00e1l\u00e9pni\u2026 A kett\u0151s kr\u00e1ter m\u00e1sik fele, Mohos-l\u00e1p csak helyi szakemberrel l\u00e1togathat\u00f3, de nagyon \u00e9rdekes a j\u00e9gkorb\u00f3l itt maradt n\u00f6v\u00e9nyzet, ami elbor\u00edtja. Szejkef\u00fcrd\u0151n ism\u00e9t meg\u00e1lltunk, hogy a rengeteg oldott \u00e1sv\u00e1nyi anyag tartalm\u00fa \u201eborvizet\u201d megk\u00f3stoljuk.&nbsp;&nbsp;M\u00e1r az illata sokakat elt\u00e1ntor\u00edtott att\u00f3l, hogy megk\u00f3stolja, ugyanis a benzinhez hasonl\u00edt\u00f3 er\u0151s \u201epetr\u00f3leumos\u201d szaga van. Egy nap m\u00falva pedig vastartalm\u00fa lerak\u00f3d\u00e1s is megfigyelhet\u0151 a palack oldal\u00e1n. Ennek ellen\u00e9re a helyiek sokszor ezt viszik, mert iv\u00f3v\u00edzk\u00e9nt fogyasztj\u00e1k.<\/p>\n\n\n<div class=\"wp-block-image\">\n<figure class=\"aligncenter size-large\"><img loading=\"lazy\" decoding=\"async\" width=\"1024\" height=\"473\" src=\"https:\/\/kosztolanyigimnazium.hu\/wp-content\/uploads\/2022\/08\/296132254_5055432357917950_1642352579953322009_n-1024x473.jpg\" alt=\"\" class=\"wp-image-3825\" srcset=\"https:\/\/kosztolanyigimnazium.hu\/wp-content\/uploads\/2022\/08\/296132254_5055432357917950_1642352579953322009_n-1024x473.jpg 1024w, https:\/\/kosztolanyigimnazium.hu\/wp-content\/uploads\/2022\/08\/296132254_5055432357917950_1642352579953322009_n-300x138.jpg 300w, https:\/\/kosztolanyigimnazium.hu\/wp-content\/uploads\/2022\/08\/296132254_5055432357917950_1642352579953322009_n-768x354.jpg 768w, https:\/\/kosztolanyigimnazium.hu\/wp-content\/uploads\/2022\/08\/296132254_5055432357917950_1642352579953322009_n-1536x709.jpg 1536w, https:\/\/kosztolanyigimnazium.hu\/wp-content\/uploads\/2022\/08\/296132254_5055432357917950_1642352579953322009_n-360x166.jpg 360w, https:\/\/kosztolanyigimnazium.hu\/wp-content\/uploads\/2022\/08\/296132254_5055432357917950_1642352579953322009_n.jpg 2048w\" sizes=\"auto, (max-width: 1024px) 100vw, 1024px\" \/><\/figure>\n<\/div>\n\n\n<p>\u00d6t\u00f6dik napon elhagytuk Sz\u00e9kelyf\u00f6ldet \u00e9s Sz\u00e1szf\u00f6ldre utaztunk. Nagyszebenben megn\u00e9zt\u00fck a fel\u00faj\u00edtott belv\u00e1rost, mely 2007-ben elnyerte az Eur\u00f3pa Kultur\u00e1lis F\u0151v\u00e1rosa c\u00edmet. S\u00e9t\u00e1ltunk a t\u00e1gas tereken, a sz\u00ednes h\u00e1zak k\u00f6z\u00f6tt \u00e9s a rendk\u00edv\u00fcl impoz\u00e1ns, g\u00f3tikus st\u00edlusban \u00e9p\u00fclt evang\u00e9likus sz\u00e9kesegyh\u00e1zba is bement\u00fcnk. Hosszas buszoz\u00e1st k\u00f6vet\u0151en \u00e9rkezt\u00fcnk Vajdahunyad v\u00e1r\u00e1hoz, ahol a m\u00e1r j\u00f3l ismert k\u00e9p fogadott minket (a v\u00e1rosligeti t\u00f3 n\u00e9lk\u00fcl). Ezt a v\u00e1rat&nbsp;&nbsp;is fel\u00faj\u00edtj\u00e1k, de a k\u00f6z\u00e9pkorb\u00f3l maradt t\u00e1rgyakat \u00e9s n\u00e9h\u00e1ny termet meg tudtuk n\u00e9zni. Tov\u00e1bb utazva D\u00e9v\u00e1ra, f\u00e1radts\u00e1got nem k\u00edm\u00e9lve kapaszkodtunk fel a rengeteg l\u00e9pcs\u0151n a v\u00e1rba, azonban jelenleg a fel\u00faj\u00edt\u00e1si munk\u00e1latok miatt csak a k\u00fcls\u0151 falak l\u00e1togathat\u00f3ak. A finom vacsora az algy\u00f3gyi sz\u00e1ll\u00e1son vill\u00e1mgyorsan elfogyott a f\u00e1raszt\u00f3 nap v\u00e9g\u00e9n, de az esti s\u00e9t\u00e1t aut\u00f3s t\u00e1rsasj\u00e1t\u00e9kot nem lehetett kihagyni lefekv\u00e9s el\u0151tt.&nbsp;Reggel kider\u00fclt, hogy a sz\u00e1ll\u00e1sunk kertj\u00e9ben k\u00e9t templom is tal\u00e1lhat\u00f3, amib\u0151l az egyik egy ritka, k\u00fcl\u00f6nleges, k\u00f6z\u00e9pkori k\u00f6rtemplom. Ennek megtekint\u00e9se miatt indul\u00e1sunk kiss\u00e9 elcs\u00faszott, de ut\u00e1na meg\u00e1ll\u00e1s n\u00e9lk\u00fcl \u00e9rt\u00fcnk Aradra. Itt a Zala Gy\u00f6rgy \u00e1ltal k\u00e9sz\u00edtett Szabads\u00e1g-szobrot \u00e9s a tizenh\u00e1rom t\u00e1bornok eml\u00e9koszlop\u00e1t n\u00e9zt\u00fck meg. Ezek ut\u00e1n b\u00facs\u00fat vett\u00fcnk idegenvezet\u0151nkt\u0151l \u00e9s Erd\u00e9lyt\u0151l\/Partiumt\u00f3l, \u00e9s \u00e9lm\u00e9nyekkel tel\u00edtve \u00e9rkezt\u00fcnk a d\u00e9lut\u00e1ni \u00f3r\u00e1kban Budapestre.&nbsp;<\/p>\n\n\n\n<p><a href=\"https:\/\/www.facebook.com\/media\/set\/?set=a.5055443784583474&amp;type=3\">K\u00e9pek ide kattintva a Facebook oldalunkon el\u00e9rhet\u0151ek!<\/a><\/p>\n","protected":false},"excerpt":{"rendered":"<p>Alm\u00e1si Orsolya tan\u00e1rn\u0151 besz\u00e1mol\u00f3ja 2020-as p\u00e1ly\u00e1zatunk, ami 2022-ben val\u00f3sult meg. Budapest \u2013 Sz\u00e9kelyudvarhely \u2013 Hat\u00e1rtalanul! 2020-ban megnyert\u00fcnk egy p\u00e1ly\u00e1zatot, melynek az volt a c\u00e9lja, hogy egy erd\u00e9lyi k\u00f6rutaz\u00e1s sor\u00e1n a di\u00e1kok testk\u00f6zelb\u0151l ismerj\u00e9k meg a hat\u00e1ron t\u00fali magyars\u00e1g \u00e9let\u00e9t. A <a href=\"https:\/\/kosztolanyigimnazium.hu\/?page_id=3818\" class=\"read-more\">Olvass tov\u00e1bb&#8230;<\/a><\/p>\n","protected":false},"author":1,"featured_media":4639,"parent":616,"menu_order":0,"comment_status":"closed","ping_status":"closed","template":"","meta":{"footnotes":""},"class_list":["post-3818","page","type-page","status-publish","has-post-thumbnail","hentry"],"_links":{"self":[{"href":"https:\/\/kosztolanyigimnazium.hu\/index.php?rest_route=\/wp\/v2\/pages\/3818","targetHints":{"allow":["GET"]}}],"collection":[{"href":"https:\/\/kosztolanyigimnazium.hu\/index.php?rest_route=\/wp\/v2\/pages"}],"about":[{"href":"https:\/\/kosztolanyigimnazium.hu\/index.php?rest_route=\/wp\/v2\/types\/page"}],"author":[{"embeddable":true,"href":"https:\/\/kosztolanyigimnazium.hu\/index.php?rest_route=\/wp\/v2\/users\/1"}],"replies":[{"embeddable":true,"href":"https:\/\/kosztolanyigimnazium.hu\/index.php?rest_route=%2Fwp%2Fv2%2Fcomments&post=3818"}],"version-history":[{"count":4,"href":"https:\/\/kosztolanyigimnazium.hu\/index.php?rest_route=\/wp\/v2\/pages\/3818\/revisions"}],"predecessor-version":[{"id":4642,"href":"https:\/\/kosztolanyigimnazium.hu\/index.php?rest_route=\/wp\/v2\/pages\/3818\/revisions\/4642"}],"up":[{"embeddable":true,"href":"https:\/\/kosztolanyigimnazium.hu\/index.php?rest_route=\/wp\/v2\/pages\/616"}],"wp:featuredmedia":[{"embeddable":true,"href":"https:\/\/kosztolanyigimnazium.hu\/index.php?rest_route=\/wp\/v2\/media\/4639"}],"wp:attachment":[{"href":"https:\/\/kosztolanyigimnazium.hu\/index.php?rest_route=%2Fwp%2Fv2%2Fmedia&parent=3818"}],"curies":[{"name":"wp","href":"https:\/\/api.w.org\/{rel}","templated":true}]}}