{"id":39,"date":"2019-04-15T12:41:22","date_gmt":"2019-04-15T12:41:22","guid":{"rendered":"http:\/\/localhost:8888\/?page_id=39"},"modified":"2025-12-11T20:39:38","modified_gmt":"2025-12-11T19:39:38","slug":"bemutatkozas","status":"publish","type":"page","link":"https:\/\/kosztolanyigimnazium.hu\/","title":{"rendered":"Bemutatkoz\u00e1s"},"content":{"rendered":"<a href=\"https:\/\/kosztolanyigimnazium.hu\/wp-content\/uploads\/2025\/12\/KaracsonyiKoncertMeghivo2025.pdf\" class=\"pdfemb-viewer\" style=\"\" data-width=\"max\" data-height=\"max\" data-toolbar=\"both\" data-toolbar-fixed=\"off\">KaracsonyiKoncertMeghivo2025<\/a>\n\n\n<h2 class=\"wp-block-heading\">\u00dcdv\u00f6zl\u00fcnk a Budapest I. Ker\u00fcleti Kosztol\u00e1nyi Dezs\u0151 Gimn\u00e1zium honlapj\u00e1n, vagy ahogy a di\u00e1kjaink is szokt\u00e1k emlegetni a KDG oldalon.<\/h2>\n\n\n\n<p class=\"has-drop-cap\">A Kosztol\u00e1nyi Gimn\u00e1zium Bud\u00e1n els\u0151k\u00e9nt, 1991-ben vezette be a nyolcoszt\u00e1lyos gimn\u00e1ziumi oktat\u00e1si rendszert, annak \u00e9rdek\u00e9ben hogy a di\u00e1koknak a serd\u00fcl\u0151kor k\u00f6zep\u00e9n ne kelljen iskol\u00e1t v\u00e1ltaniuk, ezzel fenntartva az addig kialakult kapcsolatokat mind a tanul\u00f3t\u00e1rsakkal mind a tan\u00e1rokkal. Az iskola jelenlegi nev\u00e9t annak k\u00f6sz\u00f6nhet\u0151en kapta&nbsp;<a href=\"https:\/\/hu.wikipedia.org\/wiki\/Kosztol%C3%A1nyi_Dezs%C5%91\">Kosztol\u00e1nyi Dezs\u0151r\u0151l<\/a>&nbsp;mert \u0151 is az els\u0151 ker\u00fcletben \u00e9lt, a&nbsp;<em>Logodi utc\u00e1ban<\/em>&nbsp;amely az iskola \u00e9p\u00fclete m\u00f6g\u00f6tt tal\u00e1lhat\u00f3. Az iskola el\u0151z\u0151 neve \u00e9s jogel\u0151d int\u00e9zm\u00e9nye volt p\u00e9ld\u00e1ul: <strong>Attila utcai \u00c1ltal\u00e1nos Iskola, Krisztinav\u00e1rosi \u00c1ltal\u00e1nos Iskola, Kosztol\u00e1nyi Dezs\u0151 \u00c1ltal\u00e1nos Iskola \u00e9s Gimn\u00e1zium<\/strong>. Az iskola t\u00f6rt\u00e9nete t\u00f6bb mint 100 \u00e9vre ny\u00falik vissza.<\/p>\n\n\n\n<figure class=\"wp-block-embed is-type-video is-provider-youtube wp-block-embed-youtube wp-embed-aspect-16-9 wp-has-aspect-ratio\"><div class=\"wp-block-embed__wrapper\">\n<iframe loading=\"lazy\" title=\"Bemutatkoz\u00e1s\" width=\"847\" height=\"476\" src=\"https:\/\/www.youtube.com\/embed\/0TVummL2JZc?start=5&#038;feature=oembed\" frameborder=\"0\" allow=\"accelerometer; autoplay; clipboard-write; encrypted-media; gyroscope; picture-in-picture; web-share\" referrerpolicy=\"strict-origin-when-cross-origin\" allowfullscreen><\/iframe>\n<\/div><figcaption class=\"wp-element-caption\">Bemutatkoz\u00f3 vide\u00f3nk.<\/figcaption><\/figure>\n\n\n\n<p>Iskol\u00e1nk nyolcoszt\u00e1lyos gimn\u00e1ziumk\u00e9nt 10 \u00e9ves kort\u00f3l 18 \u00e9ves korig tan\u00edt itt di\u00e1kokat, azaz 5. oszt\u00e1lyt\u00f3l 12. oszt\u00e1lyig. A 2015. szeptember\u00e9ben ind\u00edtott 4 \u00e9vfolyamos gimn\u00e1zium a 8. ut\u00e1n \u00e9rkez\u0151ket is lefedi. Az iskola tanul\u00f3i l\u00e9tsz\u00e1ma nagyj\u00e1b\u00f3l <strong>600<\/strong> a tan\u00e1ri l\u00e9tsz\u00e1ma pedig <strong>50<\/strong> f\u0151 k\u00f6r\u00fcli. Az iskol\u00e1ban idegennyelvk\u00e9nt, lehet tanulni<em> angolul, spanyolul, olaszul, franci\u00e1ul<\/em> \u00e9s <em>n\u00e9met\u00fcl<\/em> is.<\/p>\n\n\n\n<p>Int\u00e9zm\u00e9ny\u00fcnk az E\u00f6tv\u00f6s Lor\u00e1nd Tudom\u00e1nyegyetem gyakorl\u00f3helye, a Testnevel\u00e9si Egyetem, valamint a K\u00e1roli G\u00e1sp\u00e1r Reform\u00e1tus Egyetem \u00e9s az Eszterh\u00e1zy K\u00e1roly F\u0151iskola partneriskol\u00e1ja, pedag\u00f3giai-szakmai Mentor\u00e1l\u00f3 Int\u00e9zm\u00e9ny, Kiv\u00e1l\u00f3 Akkredit\u00e1lt Tehets\u00e9gpont, \u00d6koiskola, Boldog Iskola.<\/p>\n\n\n\n<figure class=\"wp-block-embed is-type-video is-provider-youtube wp-block-embed-youtube wp-embed-aspect-16-9 wp-has-aspect-ratio\"><div class=\"wp-block-embed__wrapper\">\n<iframe loading=\"lazy\" title=\"Virtu\u00e1lis s\u00e9ta a KDG-ben.\" width=\"847\" height=\"476\" src=\"https:\/\/www.youtube.com\/embed\/1R9-zu1vDR8?feature=oembed\" frameborder=\"0\" allow=\"accelerometer; autoplay; clipboard-write; encrypted-media; gyroscope; picture-in-picture; web-share\" referrerpolicy=\"strict-origin-when-cross-origin\" allowfullscreen><\/iframe>\n<\/div><figcaption class=\"wp-element-caption\">Virtu\u00e1lis s\u00e9ta a Kosztol\u00e1nyi Dezs\u0151 Gimn\u00e1ziumban.<\/figcaption><\/figure>\n\n\n\n<h3 class=\"wp-block-heading\">Tov\u00e1bbi r\u00e9szletes inform\u00e1ci\u00f3kat a honlapunk oldalai tartalmaznak.<\/h3>\n\n\n\n<p class=\"has-text-align-right\"><em>J\u00f3 b\u00f6ng\u00e9sz\u00e9st k\u00edv\u00e1n a teljes Kosztol\u00e1nyi Gimn\u00e1zium tan\u00e1ri kara \u00e9s az oldal szerkeszt\u0151je.<\/em><\/p>\n","protected":false},"excerpt":{"rendered":"<p>\u00dcdv\u00f6zl\u00fcnk a Budapest I. Ker\u00fcleti Kosztol\u00e1nyi Dezs\u0151 Gimn\u00e1zium honlapj\u00e1n, vagy ahogy a di\u00e1kjaink is szokt\u00e1k emlegetni a KDG oldalon. A Kosztol\u00e1nyi Gimn\u00e1zium Bud\u00e1n els\u0151k\u00e9nt, 1991-ben vezette be a nyolcoszt\u00e1lyos gimn\u00e1ziumi oktat\u00e1si rendszert, annak \u00e9rdek\u00e9ben hogy a di\u00e1koknak a serd\u00fcl\u0151kor k\u00f6zep\u00e9n <a href=\"https:\/\/kosztolanyigimnazium.hu\/\" class=\"read-more\">Olvass tov\u00e1bb&#8230;<\/a><\/p>\n","protected":false},"author":1,"featured_media":15,"parent":620,"menu_order":0,"comment_status":"closed","ping_status":"closed","template":"","meta":{"footnotes":""},"class_list":["post-39","page","type-page","status-publish","has-post-thumbnail","hentry"],"_links":{"self":[{"href":"https:\/\/kosztolanyigimnazium.hu\/index.php?rest_route=\/wp\/v2\/pages\/39","targetHints":{"allow":["GET"]}}],"collection":[{"href":"https:\/\/kosztolanyigimnazium.hu\/index.php?rest_route=\/wp\/v2\/pages"}],"about":[{"href":"https:\/\/kosztolanyigimnazium.hu\/index.php?rest_route=\/wp\/v2\/types\/page"}],"author":[{"embeddable":true,"href":"https:\/\/kosztolanyigimnazium.hu\/index.php?rest_route=\/wp\/v2\/users\/1"}],"replies":[{"embeddable":true,"href":"https:\/\/kosztolanyigimnazium.hu\/index.php?rest_route=%2Fwp%2Fv2%2Fcomments&post=39"}],"version-history":[{"count":14,"href":"https:\/\/kosztolanyigimnazium.hu\/index.php?rest_route=\/wp\/v2\/pages\/39\/revisions"}],"predecessor-version":[{"id":5382,"href":"https:\/\/kosztolanyigimnazium.hu\/index.php?rest_route=\/wp\/v2\/pages\/39\/revisions\/5382"}],"up":[{"embeddable":true,"href":"https:\/\/kosztolanyigimnazium.hu\/index.php?rest_route=\/wp\/v2\/pages\/620"}],"wp:featuredmedia":[{"embeddable":true,"href":"https:\/\/kosztolanyigimnazium.hu\/index.php?rest_route=\/wp\/v2\/media\/15"}],"wp:attachment":[{"href":"https:\/\/kosztolanyigimnazium.hu\/index.php?rest_route=%2Fwp%2Fv2%2Fmedia&parent=39"}],"curies":[{"name":"wp","href":"https:\/\/api.w.org\/{rel}","templated":true}]}}