{"id":392,"date":"2019-04-16T19:39:06","date_gmt":"2019-04-16T19:39:06","guid":{"rendered":"http:\/\/localhost:8888\/?page_id=392"},"modified":"2023-10-24T11:22:35","modified_gmt":"2023-10-24T10:22:35","slug":"beiskolazas","status":"publish","type":"page","link":"https:\/\/kosztolanyigimnazium.hu\/?page_id=392","title":{"rendered":"Beiskol\u00e1z\u00e1s"},"content":{"rendered":"\n<figure class=\"wp-block-embed is-type-wp-embed is-provider-budapest-i-keruleti-kosztolanyi-dezso-gimnazium wp-block-embed-budapest-i-keruleti-kosztolanyi-dezso-gimnazium\"><div class=\"wp-block-embed__wrapper\">\n<blockquote class=\"wp-embedded-content\" data-secret=\"jThkvqqdMJ\"><a href=\"https:\/\/kosztolanyigimnazium.hu\/2023\/08\/13\/kedves-kosztolanyis-diakok-a-tankonyvek-atvetele\/\">Kedves Kosztol\u00e1nyis Di\u00e1kok! A TANK\u00d6NYVEK\u00a0\u00c1TV\u00c9TELE<\/a><\/blockquote><iframe loading=\"lazy\" class=\"wp-embedded-content\" sandbox=\"allow-scripts\" security=\"restricted\" style=\"position: absolute; clip: rect(1px, 1px, 1px, 1px);\" title=\"&#8220;Kedves Kosztol\u00e1nyis Di\u00e1kok! A TANK\u00d6NYVEK\u00a0\u00c1TV\u00c9TELE&#8221; &#8212; Budapest I. Ker\u00fcleti Kosztol\u00e1nyi Dezs\u0151 Gimn\u00e1zium\" src=\"https:\/\/kosztolanyigimnazium.hu\/2023\/08\/13\/kedves-kosztolanyis-diakok-a-tankonyvek-atvetele\/embed\/#?secret=r3tS8Vq1Mo#?secret=jThkvqqdMJ\" data-secret=\"jThkvqqdMJ\" width=\"600\" height=\"338\" frameborder=\"0\" marginwidth=\"0\" marginheight=\"0\" scrolling=\"no\"><\/iframe>\n<\/div><figcaption class=\"wp-element-caption\">Tank\u00f6nyv Oszt\u00e1s<\/figcaption><\/figure>\n\n\n\n<p>Szeretettel k\u00f6sz\u00f6nj\u00fck az iskol\u00e1nk ir\u00e1nt \u00e9rdekl\u0151d\u0151ket honlapunkon!<\/p>\n\n\n\n<p>Fogadj\u00e1k szeretettel bemutatkoz\u00f3 vide\u00f3inkat!<\/p>\n\n\n\n<figure class=\"wp-block-embed is-type-video is-provider-youtube wp-block-embed-youtube wp-embed-aspect-16-9 wp-has-aspect-ratio\"><div class=\"wp-block-embed__wrapper\">\n<iframe loading=\"lazy\" title=\"Bemutatkoz\u00f3 vide\u00f3\" width=\"847\" height=\"476\" src=\"https:\/\/www.youtube.com\/embed\/sUitvGa9F9k?feature=oembed\" frameborder=\"0\" allow=\"accelerometer; autoplay; clipboard-write; encrypted-media; gyroscope; picture-in-picture; web-share\" allowfullscreen><\/iframe>\n<\/div><\/figure>\n\n\n\n<figure class=\"wp-block-embed is-type-video is-provider-youtube wp-block-embed-youtube wp-embed-aspect-16-9 wp-has-aspect-ratio\"><div class=\"wp-block-embed__wrapper\">\n<iframe loading=\"lazy\" title=\"4 oszt\u00e1lyos k\u00e9pz\u00e9s\" width=\"847\" height=\"476\" src=\"https:\/\/www.youtube.com\/embed\/Fz81IzxBD0s?feature=oembed\" frameborder=\"0\" allow=\"accelerometer; autoplay; clipboard-write; encrypted-media; gyroscope; picture-in-picture; web-share\" allowfullscreen><\/iframe>\n<\/div><\/figure>\n\n\n\n<figure class=\"wp-block-embed is-type-video is-provider-youtube wp-block-embed-youtube wp-embed-aspect-16-9 wp-has-aspect-ratio\"><div class=\"wp-block-embed__wrapper\">\n<iframe loading=\"lazy\" title=\"8 oszt\u00e1lyos k\u00e9pz\u00e9s\" width=\"847\" height=\"476\" src=\"https:\/\/www.youtube.com\/embed\/wuw_yCSLLAM?feature=oembed\" frameborder=\"0\" allow=\"accelerometer; autoplay; clipboard-write; encrypted-media; gyroscope; picture-in-picture; web-share\" allowfullscreen><\/iframe>\n<\/div><\/figure>\n\n\n\n<figure class=\"wp-block-embed is-type-video is-provider-youtube wp-block-embed-youtube wp-embed-aspect-16-9 wp-has-aspect-ratio\"><div class=\"wp-block-embed__wrapper\">\n<iframe loading=\"lazy\" title=\"Term\u00e9szettudom\u00e1ny szak v0\" width=\"847\" height=\"476\" src=\"https:\/\/www.youtube.com\/embed\/VkbZb4lJg3A?feature=oembed\" frameborder=\"0\" allow=\"accelerometer; autoplay; clipboard-write; encrypted-media; gyroscope; picture-in-picture; web-share\" allowfullscreen><\/iframe>\n<\/div><\/figure>\n\n\n\n<figure class=\"wp-block-embed is-type-video is-provider-youtube wp-block-embed-youtube wp-embed-aspect-16-9 wp-has-aspect-ratio\"><div class=\"wp-block-embed__wrapper\">\n<iframe loading=\"lazy\" title=\"T\u00e1rsadaomtudom\u00e1ny szak v0\" width=\"847\" height=\"476\" src=\"https:\/\/www.youtube.com\/embed\/dhAL1J8HmH8?feature=oembed\" frameborder=\"0\" allow=\"accelerometer; autoplay; clipboard-write; encrypted-media; gyroscope; picture-in-picture; web-share\" allowfullscreen><\/iframe>\n<\/div><\/figure>\n","protected":false},"excerpt":{"rendered":"<p>Szeretettel k\u00f6sz\u00f6nj\u00fck az iskol\u00e1nk ir\u00e1nt \u00e9rdekl\u0151d\u0151ket honlapunkon! Fogadj\u00e1k szeretettel bemutatkoz\u00f3 vide\u00f3inkat!<\/p>\n","protected":false},"author":1,"featured_media":1450,"parent":0,"menu_order":0,"comment_status":"closed","ping_status":"closed","template":"","meta":{"footnotes":""},"class_list":["post-392","page","type-page","status-publish","has-post-thumbnail","hentry"],"_links":{"self":[{"href":"https:\/\/kosztolanyigimnazium.hu\/index.php?rest_route=\/wp\/v2\/pages\/392","targetHints":{"allow":["GET"]}}],"collection":[{"href":"https:\/\/kosztolanyigimnazium.hu\/index.php?rest_route=\/wp\/v2\/pages"}],"about":[{"href":"https:\/\/kosztolanyigimnazium.hu\/index.php?rest_route=\/wp\/v2\/types\/page"}],"author":[{"embeddable":true,"href":"https:\/\/kosztolanyigimnazium.hu\/index.php?rest_route=\/wp\/v2\/users\/1"}],"replies":[{"embeddable":true,"href":"https:\/\/kosztolanyigimnazium.hu\/index.php?rest_route=%2Fwp%2Fv2%2Fcomments&post=392"}],"version-history":[{"count":13,"href":"https:\/\/kosztolanyigimnazium.hu\/index.php?rest_route=\/wp\/v2\/pages\/392\/revisions"}],"predecessor-version":[{"id":4508,"href":"https:\/\/kosztolanyigimnazium.hu\/index.php?rest_route=\/wp\/v2\/pages\/392\/revisions\/4508"}],"wp:featuredmedia":[{"embeddable":true,"href":"https:\/\/kosztolanyigimnazium.hu\/index.php?rest_route=\/wp\/v2\/media\/1450"}],"wp:attachment":[{"href":"https:\/\/kosztolanyigimnazium.hu\/index.php?rest_route=%2Fwp%2Fv2%2Fmedia&parent=392"}],"curies":[{"name":"wp","href":"https:\/\/api.w.org\/{rel}","templated":true}]}}