{"id":412,"date":"2019-04-16T20:21:09","date_gmt":"2019-04-16T20:21:09","guid":{"rendered":"http:\/\/localhost:8888\/?page_id=412"},"modified":"2026-01-28T14:25:12","modified_gmt":"2026-01-28T13:25:12","slug":"csipegeto","status":"publish","type":"page","link":"https:\/\/kosztolanyigimnazium.hu\/?page_id=412","title":{"rendered":"Csipeget\u0151"},"content":{"rendered":"\n<p>Kedves Leend\u0151 5. \u00e9vfolyamos Di\u00e1kok \u00e9s Kedves Sz\u00fcl\u0151k!<\/p>\n\n\n\n<p><strong>Szombat d\u00e9lel\u0151tt\u00f6nk\u00e9nt&nbsp;<\/strong>9 &#8211; 11 \u00f3ra k\u00f6z\u00f6tt 3 alkalommal iskolak\u00f3stolgat\u00f3 \u201ccsipeget\u0151\u201d&nbsp; foglalkoz\u00e1st tartunk. Ezeknek az alkalmaknak a c\u00e9lja, hogy a gyerekek megismerj\u00e9k az iskola \u00e9p\u00fclet\u00e9t, tan\u00e1rait, hogy a sz\u00f3beli felv\u00e9teli vizsg\u00e1n\/ismerked\u0151 besz\u00e9lget\u00e9sen m\u00e1r otthonosan&nbsp;\u00e9rezz\u00e9k magukat a Kosztol\u00e1nyi Dezs\u0151 Gimn\u00e1ziumban.<\/p>\n\n\n\n<p>A foglalkoz\u00e1saink&nbsp;<strong>ingyenes<\/strong>ek \u00e9s&nbsp;<strong>nem k\u00f6telez\u0151ek<\/strong>, csak lehet\u0151s\u00e9get szeretn\u00e9nk k\u00edn\u00e1lni a negyedikes gyermekeknek az iskol\u00e1nkkal val\u00f3 bar\u00e1tkoz\u00e1sra.&nbsp;<\/p>\n\n\n\n<p>2026. \u00e9vben is tartunk Csipeget\u0151 foglalkoz\u00e1sokat, melyre sz\u00edvesen v\u00e1rjuk a kicsi 4. \u00e9vfolyamos gyermekeket az al\u00e1bbi foglalkoz\u00e1sokra :<\/p>\n\n\n\n<p>2026. febru\u00e1r 7. 9 &#8211; 11 \u00f3ra k\u00f6z\u00f6tt az al\u00e1bbi foglalkoztat\u00e1sok lesznek a k\u00fcl\u00f6nb\u00f6z\u0151 tagozatokat bemutatva:, j\u00e1t\u00e9kos foglakoz\u00e1s<\/p>\n\n\n\n<p>2026. febru\u00e1r 14. 9 \u2013 11 \u00f3ra k\u00f6z\u00f6tt az al\u00e1bbi foglalkoztat\u00e1sok lesznek a k\u00fcl\u00f6nb\u00f6z\u0151 tagozatokat bemutatva:\u00a0j\u00e1t\u00e9kos foglakoz\u00e1s \u00e9s testnevel\u00e9s (tornacip\u0151t k\u00e9rj\u00fck hozzanak a gyerekek)<\/p>\n\n\n\n<p>2026. febru\u00e1r 21. 9 &#8211; 11 \u00f3ra k\u00f6z\u00f6tt az al\u00e1bbi foglalkoztat\u00e1sok lesznek a k\u00fcl\u00f6nb\u00f6z\u0151 tagozatokat bemutatva:\u00a0j\u00e1t\u00e9kos foglakoz\u00e1sok \u00e9s testnevel\u00e9s ( tornacip\u0151 k\u00e9rj\u00fck hozzanak a gyerekek)<\/p>\n\n\n\n<p>Terveink szerint az utols\u00f3 alkalom alkalm\u00e1val bemutatjuk a k\u00e9t oszt\u00e1ly leend\u0151 oszt\u00e1lyf\u0151n\u00f6k\u00e9t!<br>Minden \u00e9rdekl\u0151d\u0151t sok szeretettel v\u00e1runk itt a Kosztol\u00e1nyi Dezs\u0151 Gimn\u00e1ziumba!<\/p>\n\n\n\n<p>A j\u00e1t\u00e9kot az al\u00e1bbi linken \u00e9rik el!<\/p>\n\n\n\n<p><a href=\"https:\/\/view.genial.ly\/600012927820616f433bfb65\/game-breakout-csipegeto\" class=\"ek-link\">https:\/\/view.genial.ly\/600012927820616f433bfb65\/game-breakout-csipegeto<\/a><\/p>\n\n\n\n<p><\/p>\n","protected":false},"excerpt":{"rendered":"<p>Kedves Leend\u0151 5. \u00e9vfolyamos Di\u00e1kok \u00e9s Kedves Sz\u00fcl\u0151k! Szombat d\u00e9lel\u0151tt\u00f6nk\u00e9nt&nbsp;9 &#8211; 11 \u00f3ra k\u00f6z\u00f6tt 3 alkalommal iskolak\u00f3stolgat\u00f3 \u201ccsipeget\u0151\u201d&nbsp; foglalkoz\u00e1st tartunk. Ezeknek az alkalmaknak a c\u00e9lja, hogy a gyerekek megismerj\u00e9k az iskola \u00e9p\u00fclet\u00e9t, tan\u00e1rait, hogy a sz\u00f3beli felv\u00e9teli vizsg\u00e1n\/ismerked\u0151 besz\u00e9lget\u00e9sen m\u00e1r <a href=\"https:\/\/kosztolanyigimnazium.hu\/?page_id=412\" class=\"read-more\">Olvass tov\u00e1bb&#8230;<\/a><\/p>\n","protected":false},"author":1,"featured_media":413,"parent":392,"menu_order":0,"comment_status":"closed","ping_status":"closed","template":"","meta":{"footnotes":""},"class_list":["post-412","page","type-page","status-publish","has-post-thumbnail","hentry"],"_links":{"self":[{"href":"https:\/\/kosztolanyigimnazium.hu\/index.php?rest_route=\/wp\/v2\/pages\/412","targetHints":{"allow":["GET"]}}],"collection":[{"href":"https:\/\/kosztolanyigimnazium.hu\/index.php?rest_route=\/wp\/v2\/pages"}],"about":[{"href":"https:\/\/kosztolanyigimnazium.hu\/index.php?rest_route=\/wp\/v2\/types\/page"}],"author":[{"embeddable":true,"href":"https:\/\/kosztolanyigimnazium.hu\/index.php?rest_route=\/wp\/v2\/users\/1"}],"replies":[{"embeddable":true,"href":"https:\/\/kosztolanyigimnazium.hu\/index.php?rest_route=%2Fwp%2Fv2%2Fcomments&post=412"}],"version-history":[{"count":17,"href":"https:\/\/kosztolanyigimnazium.hu\/index.php?rest_route=\/wp\/v2\/pages\/412\/revisions"}],"predecessor-version":[{"id":5407,"href":"https:\/\/kosztolanyigimnazium.hu\/index.php?rest_route=\/wp\/v2\/pages\/412\/revisions\/5407"}],"up":[{"embeddable":true,"href":"https:\/\/kosztolanyigimnazium.hu\/index.php?rest_route=\/wp\/v2\/pages\/392"}],"wp:featuredmedia":[{"embeddable":true,"href":"https:\/\/kosztolanyigimnazium.hu\/index.php?rest_route=\/wp\/v2\/media\/413"}],"wp:attachment":[{"href":"https:\/\/kosztolanyigimnazium.hu\/index.php?rest_route=%2Fwp%2Fv2%2Fmedia&parent=412"}],"curies":[{"name":"wp","href":"https:\/\/api.w.org\/{rel}","templated":true}]}}