{"id":431,"date":"2019-04-16T21:50:33","date_gmt":"2019-04-16T21:50:33","guid":{"rendered":"http:\/\/localhost:8888\/?page_id=431"},"modified":"2025-09-19T09:03:45","modified_gmt":"2025-09-19T08:03:45","slug":"jelentkezes","status":"publish","type":"page","link":"https:\/\/kosztolanyigimnazium.hu\/?page_id=431","title":{"rendered":"Jelentkez\u00e9s"},"content":{"rendered":"\n<h2 class=\"wp-block-heading\">K\u00f6z\u00e9pfok\u00fa felv\u00e9teli<\/h2>\n\n\n\n<h3 class=\"wp-block-heading\">Jelentkez\u00e9si id\u0151szak:<\/h3>\n\n\n\n<p><strong>A k\u00f6z\u00e9pfok\u00fa felv\u00e9teli elj\u00e1r\u00e1s sor\u00e1n beny\u00fajtand\u00f3 felv\u00e9teli lapok<\/strong><\/p>\n\n\n\n<p>A k\u00f6z\u00e9pfok\u00fa felv\u00e9teli elj\u00e1r\u00e1s sor\u00e1n felv\u00e9teli lapokat -jelentkez\u00e9si lapo(ka)t \u00e9s tanul\u00f3i adatlapot -kell beny\u00fajtania:<\/p>\n\n\n\n<ul class=\"wp-block-list\">\n<li>minden olyan \u00e1ltal\u00e1nos iskolai tanul\u00f3nak, aki k\u00f6z\u00e9pfok\u00fa iskol\u00e1ban k\u00edv\u00e1nja tanulm\u00e1nyait folytatni;<\/li>\n\n\n\n<li>minden tank\u00f6teles kor\u00fa tanul\u00f3nak, aki ebben a tan\u00e9vben a 8. \u00e9vfolyamra j\u00e1r<\/li>\n\n\n\n<li>annak, aki \u00e1ltal\u00e1nos iskolai (vagy m\u00e1s, ennek megfelel\u0151) tanulm\u00e1nyait k\u00fclf\u00f6ld\u00f6n v\u00e9gezte, azonban Magyarorsz\u00e1gon k\u00edv\u00e1n k\u00f6z\u00e9pfok\u00fa int\u00e9zm\u00e9nyben tov\u00e1bbtanulni.<br><\/li>\n<\/ul>\n\n\n\n<hr class=\"wp-block-separator has-css-opacity\"\/>\n\n\n\n<ol class=\"wp-block-list\">\n<li>Az \u00e1ltal\u00e1nos iskola 8. \u00e9vfolyam\u00e1n tanul\u00f3 jelentkez\u0151 eset\u00e9ben a felv\u00e9teli lapok kit\u00f6lt\u00e9s\u00e9t az \u00e1ltal\u00e1nos iskola szervezi meg. A felv\u00e9teli lapokat az \u00e1ltal\u00e1nos iskola a kit\u00f6lt\u00e9s\u00e9hez sz\u00fcks\u00e9ges adatok begy\u0171jt\u00e9se, ellen\u0151rz\u00e9se \u00e9s r\u00f6gz\u00edt\u00e9se ut\u00e1n, a KIFIR elektronikus adatlapkit\u00f6lt\u0151 rendszer \u00e1ltal\u00e1nos iskol\u00e1k sz\u00e1m\u00e1ra k\u00e9sz\u00fclt fel\u00fclet\u00e9n \u00e1ll\u00edtja el\u0151.<\/li>\n\n\n\n<li>Ha az \u00e1ltal\u00e1nos iskolai tanul\u00f3 a k\u00f6z\u00e9piskola kilencedik \u00e9vfolyamn\u00e1l alacsonyabb \u00e9vfolyam\u00e1ra jelentkezik, term\u00e9szetesen arra is van lehet\u0151s\u00e9g, hogy a sz\u00fcl\u0151 egy\u00e9nileg int\u00e9zze a KIFIR felv\u00e9teli lapok (jelentkez\u00e9si lapok, tanul\u00f3i adatlap) kit\u00f6lt\u00e9s\u00e9t. Az egy\u00e9ni jelentkez\u00e9s m\u00f3dj\u00e1ra vonatkoz\u00f3 inform\u00e1ci\u00f3kat a Hivatal a honlapj\u00e1n \u2013 a&nbsp;<a href=\"http:\/\/www.oktatas.hu\/\">www.oktatas.hu<\/a>oldalon a K\u00f6znevel\u00e9s\/K\u00f6z\u00e9pfok\u00fa felv\u00e9teli elj\u00e1r\u00e1s\/Aktu\u00e1lis beiskol\u00e1z\u00e1si id\u0151szak men\u00fcpont alatt \u2013 fogja nyilv\u00e1noss\u00e1gra hozni, a jelentkez\u00e9si id\u0151szakot megel\u0151z\u0151en. A KIFIR elektronikus adatlapkit\u00f6lt\u0151 rendszer minden esetben egy tanul\u00f3i adatlapot, \u00e9s a sz\u00fcks\u00e9ges sz\u00e1m\u00fa jelentkez\u00e9si lapot nyomtat. A program a jelentkez\u00e9si lapo(ka)t int\u00e9zm\u00e9nyenk\u00e9nt k\u00e9sz\u00edti el, a jelentkez\u00e9si lapo(ko)n az k\u00f6z\u00e9pfok\u00fa iskol\u00e1ban tov\u00e1bbtanul\u00e1sra megjel\u00f6lt \u00f6sszes tanulm\u00e1nyi ter\u00fclet szerepel. Amennyiben a jelentkez\u0151 az int\u00e9zm\u00e9ny t\u00f6bb \u2013 \u00f6n\u00e1ll\u00f3 \u00fcgyvitellel rendelkez\u0151 \u2013 feladatell\u00e1t\u00e1si hely\u00e9n (jellemz\u0151en egy szakk\u00e9pz\u00e9si centrumon bel\u00fcl t\u00f6bb tagint\u00e9zm\u00e9nyben) is megjel\u00f6l tanulm\u00e1nyi ter\u00fcleteket, ezek mind felker\u00fclnek a jelentkez\u00e9si lapra. A jelentkez\u00e9sek k\u00f6nnyebb helyi adminisztr\u00e1ci\u00f3ja \u00e9rdek\u00e9ben azonban a fenti esetben a program a minden post\u00e1z\u00e1si c\u00edmhez k\u00fcl\u00f6n jelentkez\u00e9si lapot \u00e1ll\u00edt el\u0151. A jelentkez\u00e9si lapokon az int\u00e9zm\u00e9nybe beny\u00fajtott \u00f6sszes jelentkez\u00e9s szerepel, term\u00e9szetesen nem a tanul\u00f3 \u00e1ltal megadott sorrendben (mivel azt a k\u00f6z\u00e9piskola nem ismerheti meg), hanem feladatell\u00e1t\u00e1si helyenk\u00e9nt csoportos\u00edtva, azon bel\u00fcl pedig a tanulm\u00e1nyi ter\u00fclet k\u00f3dsz\u00e1ma szerinti n\u00f6vekv\u0151 sorrendben. A tanulm\u00e1nyi ter\u00fcletek felsorol\u00e1sa mindig az adott feladatell\u00e1t\u00e1si hely tanulm\u00e1nyi ter\u00fcleteivel kezd\u0151dik.<br><strong>Figyelem!&nbsp;<\/strong>Az elektronikusan kit\u00f6lt\u00f6tt tanul\u00f3i adatlap m\u00f3dos\u00edt\u00e1s\u00e1t (a tan\u00e9v rendj\u00e9r\u0151l sz\u00f3l\u00f3 miniszteri rendeletben meghat\u00e1rozott m\u00f3dos\u00edt\u00e1si id\u0151szakban) csak a sz\u00e1m\u00edt\u00f3g\u00e9pes programban lehet elv\u00e9gezni, majd a m\u00f3dos\u00edt\u00e1st k\u00f6vet\u0151en ism\u00e9telten ki kell nyomtatni azt. Az al\u00e1\u00edr\u00e1son k\u00edv\u00fcl a kinyomtatott, tanul\u00f3i adatlapra \u00e9s jelentkez\u00e9si lap(ok)ra m\u00e1s, k\u00e9zzel \u00edrott sz\u00f6veg nem ker\u00fclhet.Ha az \u00e1ltal\u00e1nos iskolai tanul\u00f3 a k\u00f6z\u00e9piskola kilencedik \u00e9vfolyamn\u00e1l alacsonyabb \u00e9vfolyam\u00e1ra, teh\u00e1t 6, vagy 8 \u00e9vfolyamos gimn\u00e1ziumba jelentkezik, a felv\u00e9teli lapjainak el\u0151\u00e1ll\u00edt\u00e1s\u00e1ban k\u00f6zrem\u0171k\u00f6dhet az \u00e1ltal\u00e1nos iskola.<\/li>\n\n\n\n<li>Amennyiben a jelentkez\u0151nek magyarorsz\u00e1gi \u00e1ltal\u00e1nos iskol\u00e1val jelenleg nincs tanul\u00f3i jogviszonya, \u00fagy a felv\u00e9teli elj\u00e1r\u00e1sban val\u00f3 r\u00e9szv\u00e9telt a sz\u00fcl\u0151nek \u00f6n\u00e1ll\u00f3an kell kezdem\u00e9nyeznie. Az egy\u00e9ni jelentkez\u00e9s m\u00f3dj\u00e1ra vonatkoz\u00f3 inform\u00e1ci\u00f3kat a Hivatal a honlapj\u00e1n \u2013 a&nbsp;<a href=\"http:\/\/www.oktatas.hu\/\">www.oktatas.hu<\/a> oldalon a K\u00f6znevel\u00e9s\/K\u00f6z\u00e9pfok\u00fa felv\u00e9teli elj\u00e1r\u00e1s\/Aktu\u00e1lis beiskol\u00e1z\u00e1si id\u0151szak men\u00fcpont alatt \u2013 fogja nyilv\u00e1noss\u00e1gra hozni, a jelentkez\u00e9si id\u0151szakot megel\u0151z\u0151en.<\/li>\n<\/ol>\n\n\n\n<h2 class=\"wp-block-heading\">A felv\u00e9teli lapok (jelentkez\u00e9si lap(ok) \u00e9s a tanul\u00f3i adatlap) beny\u00fajt\u00e1sa<\/h2>\n\n\n\n<p>A felv\u00e9teli lapok al\u00e1\u00edr\u00e1sa hozz\u00e1j\u00e1rul\u00e1st jelent ahhoz, hogy a jelentkez\u0151 szem\u00e9lyes adatait a k\u00f6z\u00e9pfok\u00fa iskola \u00e9s a Hivatal a felv\u00e9teli elj\u00e1r\u00e1s t\u00f6rv\u00e9nyes lefolytat\u00e1sa \u00e9rdek\u00e9ben kezelje.<\/p>\n\n\n\n<p>A tanul\u00f3i adatlaplapok egy p\u00e9ld\u00e1ny\u00e1t, formai \u00e9s tartalmi ellen\u0151rz\u00e9s ut\u00e1n az \u00e1ltal\u00e1nos iskol\u00e1nak \u00f6sszegy\u0171jtve tov\u00e1bb\u00edtania kell a Hivatalba, egy p\u00e9ld\u00e1ny\u00e1t pedig meg kell \u0151rizni a m\u00f3dos\u00edt\u00f3 tanul\u00f3i adatlap esetleges kit\u00f6lt\u00e9s\u00e9hez. Amennyiben egy lev\u00e9len bel\u00fcl t\u00f6bb tanul\u00f3i adatlapot is tov\u00e1bb\u00edtanak, a tanul\u00f3i adatlapok mell\u00e9 az \u00e1ltal\u00e1nos iskol\u00e1knak k\u00eds\u00e9r\u0151 levelet is kell csatolnia, amelyben meg kell adnia a tanul\u00f3i adatlapok darabsz\u00e1m\u00e1t. Az \u00f6sszegy\u0171jt\u00f6tt tanul\u00f3i adatlapo(ka)t \u00e9s az esetleges k\u00eds\u00e9r\u0151 levelet, c\u00e9lszer\u0171en postai k\u00f6nyvelt k\u00fcldem\u00e9nyk\u00e9nt kell feladni a Hivatalnak az adatlapon meghat\u00e1rozott c\u00edmre. Az \u00e1ltal\u00e1nos iskola a tanul\u00f3i adatlap m\u00e1sodik p\u00e9ld\u00e1ny\u00e1t bor\u00edt\u00e9kba z\u00e1rja, \u00e9s a tan\u00e9v v\u00e9g\u00e9ig meg\u0151rzi oly m\u00f3don, hogy ahhoz \u2013 a tan\u00e9v rendj\u00e9r\u0151l sz\u00f3l\u00f3 miniszteri rendeletben meghat\u00e1rozott m\u00f3dos\u00edt\u00e1si id\u0151szakon k\u00edv\u00fcl \u2013 ne lehessen hozz\u00e1f\u00e9rni.<\/p>\n\n\n\n<p><em>A jelentkez\u00e9si lap(ok)at formai \u00e9s tartalmi ellen\u0151rz\u00e9s ut\u00e1n, c\u00e9lszer\u0171en k\u00f6nyvelt postai k\u00fcldem\u00e9nyk\u00e9nt a k\u00f6z\u00e9pfok\u00fa iskol\u00e1(k)ba, a jelentkez\u00e9si lap(ok)on l\u00e9v\u0151 c\u00edmre kell eljuttatni.<\/em><\/p>\n\n\n\n<p><em>A jelentkez\u00e9si lap(ok)at formai \u00e9s tartalmi ellen\u0151rz\u00e9s ut\u00e1n, c\u00e9lszer\u0171en k\u00f6nyvelt postai k\u00fcldem\u00e9nyk\u00e9nt a k\u00f6z\u00e9pfok\u00fa iskol\u00e1(k)ba, a jelentkez\u00e9si lap(ok)on l\u00e9v\u0151 c\u00edmre kell eljuttatni.<\/em><\/p>\n\n\n\n<p>A jelentkez\u00e9si lapok \u00e9s a tanul\u00f3i adatlap \u00e1ltal\u00e1nos iskolai tov\u00e1bb\u00edt\u00e1s\u00e1nak hat\u00e1rideje&nbsp;<strong>2026. febru\u00e1r 19.<\/strong>&nbsp;Az iskolai ellen\u0151rz\u00e9sek \u00e9rdek\u00e9ben az \u00e1ltal\u00e1nos iskol\u00e1k enn\u00e9l kor\u00e1bbi id\u0151pontban is k\u00e9rhetik a felv\u00e9teli lapok kit\u00f6lt\u00e9s\u00e9hez sz\u00fcks\u00e9ges adatok beny\u00fajt\u00e1s\u00e1t. A 8. \u00e9vfolyamot most v\u00e9gz\u0151knek a felv\u00e9teli jelentkez\u00e9si sz\u00e1nd\u00e9kukra vonatkoz\u00f3 inform\u00e1ci\u00f3kat az \u00e1ltal\u00e1nos iskol\u00e1jukban kell leadniuk, az \u00e1ltal\u00e1nos iskola \u00e1ltal meghat\u00e1rozott form\u00e1ban \u00e9s megjel\u00f6lt id\u0151pontig. M\u00e1s jelentkez\u0151k (pl. a k\u00fclf\u00f6ldiek) a jelentkez\u00e9si lapokat leadhatj\u00e1k, vagy megk\u00fcldhetik k\u00f6zvetlen\u00fcl a k\u00f6z\u00e9pfok\u00fa iskol\u00e1kba is. Ezzel p\u00e1rhuzamosan a tanul\u00f3i adatlapot a fenti id\u0151pontig nekik is meg kell k\u00fcldeni\u00fck k\u00f6zvetlen\u00fcl a Hivatalba.<\/p>\n\n\n\n<p><strong>Felh\u00edvjuk a figyelm\u00fcket, hogy a Hivatal, kiz\u00e1r\u00f3lag a tan\u00e9v rendj\u00e9ben megadott hat\u00e1rid\u0151 (2026. febru\u00e1r 19. \u00e9jf\u00e9l) el\u0151tt post\u00e1ra adott tanul\u00f3i adatlapokat r\u00f6gz\u00edti a KIFIR rendszerben.<\/strong><\/p>\n\n\n\n<p><\/p>\n","protected":false},"excerpt":{"rendered":"<p>K\u00f6z\u00e9pfok\u00fa felv\u00e9teli Jelentkez\u00e9si id\u0151szak: A k\u00f6z\u00e9pfok\u00fa felv\u00e9teli elj\u00e1r\u00e1s sor\u00e1n beny\u00fajtand\u00f3 felv\u00e9teli lapok A k\u00f6z\u00e9pfok\u00fa felv\u00e9teli elj\u00e1r\u00e1s sor\u00e1n felv\u00e9teli lapokat -jelentkez\u00e9si lapo(ka)t \u00e9s tanul\u00f3i adatlapot -kell beny\u00fajtania: A felv\u00e9teli lapok (jelentkez\u00e9si lap(ok) \u00e9s a tanul\u00f3i adatlap) beny\u00fajt\u00e1sa A felv\u00e9teli lapok al\u00e1\u00edr\u00e1sa <a href=\"https:\/\/kosztolanyigimnazium.hu\/?page_id=431\" class=\"read-more\">Olvass tov\u00e1bb&#8230;<\/a><\/p>\n","protected":false},"author":1,"featured_media":0,"parent":392,"menu_order":0,"comment_status":"closed","ping_status":"closed","template":"","meta":{"footnotes":""},"class_list":["post-431","page","type-page","status-publish","hentry"],"_links":{"self":[{"href":"https:\/\/kosztolanyigimnazium.hu\/index.php?rest_route=\/wp\/v2\/pages\/431","targetHints":{"allow":["GET"]}}],"collection":[{"href":"https:\/\/kosztolanyigimnazium.hu\/index.php?rest_route=\/wp\/v2\/pages"}],"about":[{"href":"https:\/\/kosztolanyigimnazium.hu\/index.php?rest_route=\/wp\/v2\/types\/page"}],"author":[{"embeddable":true,"href":"https:\/\/kosztolanyigimnazium.hu\/index.php?rest_route=\/wp\/v2\/users\/1"}],"replies":[{"embeddable":true,"href":"https:\/\/kosztolanyigimnazium.hu\/index.php?rest_route=%2Fwp%2Fv2%2Fcomments&post=431"}],"version-history":[{"count":4,"href":"https:\/\/kosztolanyigimnazium.hu\/index.php?rest_route=\/wp\/v2\/pages\/431\/revisions"}],"predecessor-version":[{"id":5262,"href":"https:\/\/kosztolanyigimnazium.hu\/index.php?rest_route=\/wp\/v2\/pages\/431\/revisions\/5262"}],"up":[{"embeddable":true,"href":"https:\/\/kosztolanyigimnazium.hu\/index.php?rest_route=\/wp\/v2\/pages\/392"}],"wp:attachment":[{"href":"https:\/\/kosztolanyigimnazium.hu\/index.php?rest_route=%2Fwp%2Fv2%2Fmedia&parent=431"}],"curies":[{"name":"wp","href":"https:\/\/api.w.org\/{rel}","templated":true}]}}