{"id":456,"date":"2019-04-17T07:02:29","date_gmt":"2019-04-17T07:02:29","guid":{"rendered":"http:\/\/localhost:8888\/?page_id=456"},"modified":"2022-05-30T21:12:08","modified_gmt":"2022-05-30T20:12:08","slug":"enaplo-ekreta","status":"publish","type":"page","link":"https:\/\/kosztolanyigimnazium.hu\/?page_id=456","title":{"rendered":"eNapl\u00f3 &#8211; Kr\u00e9ta"},"content":{"rendered":"\n<h2 class=\"has-text-align-center wp-block-heading\">A Kosztol\u00e1nyi Dezs\u0151 Gimn\u00e1zium digit\u00e1lis napl\u00f3t vezet, mely el\u00e9rhet\u0151 a&nbsp;<br><a rel=\"noreferrer noopener\" href=\"https:\/\/klik035344002.e-kreta.hu\/\" target=\"_blank\">https:\/\/klik035344002.e-kreta.hu<\/a><br>oldalon.<\/h2>\n\n\n\n<p>Az elektronikus napl\u00f3val kapcsolatosan r\u00e9szletesebb inform\u00e1ci\u00f3kat a <a href=\"https:\/\/tudasbazis.ekreta.hu\">Kr\u00e9ta Tud\u00e1sb\u00e1zis\u00e1ban<\/a> lehet kapni, vagy bel\u00e9p\u00e9ssel, jelsz\u00f3val kapcsolatosan az <a href=\"mailto:ferenczi.judit@kosztolanyigimnazium.hu\" class=\"ek-link\">eNapl\u00f3 helyi adminisztr\u00e1tor\u00e1t<\/a> kell keresni.<\/p>\n\n\n\n<div class=\"wp-block-file\"><a id=\"wp-block-file--media-54b1adce-f65b-4dad-bdd5-6c87b9eddff0\" href=\"https:\/\/kosztolanyigimnazium.hu\/wp-content\/uploads\/2020\/08\/kdg-kreta-bemutato-szulo.pptx\">R\u00f6vid bemutat\u00f3 a sz\u00fcl\u0151knek &#8211; Kr\u00e9ta haszn\u00e1lat\u00e1hoz<\/a><a href=\"https:\/\/kosztolanyigimnazium.hu\/wp-content\/uploads\/2020\/08\/kdg-kreta-bemutato-szulo.pptx\" class=\"wp-block-file__button\" download aria-describedby=\"wp-block-file--media-54b1adce-f65b-4dad-bdd5-6c87b9eddff0\">Let\u00f6lt\u00e9s<\/a><\/div>\n\n\n\n<!--more-->\n\n\n\n<h3 class=\"wp-block-heading\">e\u00dcgyint\u00e9z\u00e9s<\/h3>\n\n\n\n<p>Elindult az e-\u00dcgyint\u00e9z\u00e9s 2019. \u00e1prilis 1-j\u00e9vel az e-Napl\u00f3hoz kapcsol\u00f3dva.<\/p>\n\n\n\n<h4 class=\"wp-block-heading\">Elj\u00e1r\u00e1srend:<\/h4>\n\n\n\n<p>Az e-\u00dcgyint\u00e9z\u00e9s modul az int\u00e9zm\u00e9nyn\u00e9l a KR\u00c9TA Napl\u00f3ban t\u00f6rt\u00e9n\u0151 el\u0151zetes regisztr\u00e1ci\u00f3 ut\u00e1n haszn\u00e1lhat\u00f3.&nbsp;Az e-\u00dcgyint\u00e9z\u00e9s modul az int\u00e9zm\u00e9ny KR\u00c9TA rendszer\u00e9b\u0151l \u00e9rhet\u0151 el az e-\u00dcgyint\u00e9z\u00e9s funkci\u00f3t kiv\u00e1lasztva.&nbsp;A sikeres bejelentkez\u00e9st k\u00f6vet\u0151en a bejelentkez\u00e9s k\u00e9perny\u0151 elt\u0171nik, \u00e9s megjelenik az e-\u00dcgyint\u00e9z\u00e9s modul nyit\u00f3oldala, a men\u00fct megjelen\u00edt\u0151 \u00fcgyind\u00edt\u00f3 k\u00e9perny\u0151.&nbsp;<br>A K\u00f6znevel\u00e9si elektronikus \u00fcgyint\u00e9z\u00e9si rendszer komponensnek az al\u00e1bbi k\u00f6znevel\u00e9si, k\u00f6zigazgat\u00e1si elj\u00e1r\u00e1sok, illetve az azokhoz kapcsol\u00f3d\u00f3 m\u00e1sodfok\u00fa elj\u00e1r\u00e1sok \u00fcgyf\u00e9l oldali elektronikus elind\u00edt\u00e1s\u00e1t, a bej\u00f6v\u0151 k\u00fcldem\u00e9nyek, iratok iratkezel\u00e9s\u00e9t, az \u00fcgyint\u00e9z\u00e9shez sz\u00fcks\u00e9ges iratok elektronikus el\u0151\u00e1ll\u00edt\u00e1s\u00e1t biztos\u00edtja<br><strong>A rendszerben megval\u00f3s\u00edtott f\u0151 folyamatok:&nbsp;<\/strong><\/p>\n\n\n\n<ol class=\"wp-block-list\"><li>Kiiratkoztat\u00e1s a k\u00f6znevel\u00e9sb\u0151l;&nbsp;<\/li><li>Kiiratkoztat\u00e1s nem tank\u00f6telezetts\u00e9get teljes\u00edt\u0151 jogviszonyb\u00f3l;&nbsp;<\/li><li>K\u00fclf\u00f6ld\u00f6n t\u00f6lt\u00f6tt ideiglenes tanulm\u00e1nyi id\u0151szak bejelent\u00e9se;&nbsp;<\/li><li>Mag\u00e1ntanul\u00f3i jogviszony ir\u00e1nti k\u00e9rv\u00e9ny bejelent\u00e9se;&nbsp;<\/li><li>Vend\u00e9gtanul\u00f3i jogviszony bejelent\u00e9se;&nbsp;<\/li><li>Oszt\u00e1ly vagy tan\u00f3rai csoport v\u00e1ltoztat\u00e1si k\u00e9relm\u00e9nek beny\u00fajt\u00e1sa;&nbsp;<\/li><li>Igazgat\u00f3i enged\u00e9ly di\u00e1k mulaszt\u00e1s\u00e1nak igazol\u00e1s\u00e1ra gondvisel\u0151i k\u00e9relem beny\u00fajt\u00e1sa;&nbsp;<\/li><li>Tanul\u00f3i mulaszt\u00e1s igazol\u00e1s\u00e1ra szolg\u00e1l\u00f3 gondvisel\u0151i igazol\u00e1s beny\u00fajt\u00e1sa;&nbsp;<\/li><li>Tanul\u00f3i felment\u00e9sre, mentess\u00e9gre szolg\u00e1l\u00f3 gondvisel\u0151i k\u00e9relem beny\u00fajt\u00e1sa;&nbsp;<\/li><li>Tanul\u00f3i k\u00f6z\u00f6ss\u00e9gi szolg\u00e1lat\u00e1nak teljes\u00edt\u00e9s\u00e9r\u0151l sz\u00f3l\u00f3 igazol\u00e1s beny\u00fajt\u00e1sa;&nbsp;<\/li><li>Bizony\u00edtv\u00e1ny- vagy t\u00f6rzslapm\u00e1solat ig\u00e9nyl\u00e9se;&nbsp;<\/li><li>Szem\u00e9lyes adatokban bek\u00f6vetkezett v\u00e1ltoz\u00e1s bejelent\u00e9se<\/li><\/ol>\n\n\n\n<p>Ha b\u00e1rmi k\u00e9rd\u00e9se van, k\u00e9rem, keresse fel a k\u00f6vetkez\u0151 oldalt seg\u00edts\u00e9gk\u00e9nt:&nbsp;<a href=\"https:\/\/tudasbazis.ekreta.hu\/pages\/viewpage.action?pageId=17760714\">https:\/\/tudasbazis.ekreta.hu\/pages\/viewpage.action?pageId=17760714<\/a>&nbsp;illetve forduljon hozz\u00e1nk bizalommal.<\/p>\n\n\n\n<p>K\u00e9rj\u00fck, ha ind\u00edt a fel\u00fcleten egy \u00fcgyet, akkor felt\u00e9tlen\u00fcl vegye fel a kapcsolatot gyermeke oszt\u00e1lyf\u0151n\u00f6k\u00e9vel, illetve a titk\u00e1rs\u00e1ggal is, hogy az \u00fcgyint\u00e9z\u00e9s \u00e9s a&nbsp; kommunik\u00e1ci\u00f3 min\u00e9l z\u00f6kken\u0151mentesebb legyen.<\/p>\n","protected":false},"excerpt":{"rendered":"<p>A Kosztol\u00e1nyi Dezs\u0151 Gimn\u00e1zium digit\u00e1lis napl\u00f3t vezet, mely el\u00e9rhet\u0151 a&nbsp;https:\/\/klik035344002.e-kreta.huoldalon. Az elektronikus napl\u00f3val kapcsolatosan r\u00e9szletesebb inform\u00e1ci\u00f3kat a Kr\u00e9ta Tud\u00e1sb\u00e1zis\u00e1ban lehet kapni, vagy bel\u00e9p\u00e9ssel, jelsz\u00f3val kapcsolatosan az eNapl\u00f3 helyi adminisztr\u00e1tor\u00e1t kell keresni.<\/p>\n","protected":false},"author":1,"featured_media":12,"parent":0,"menu_order":0,"comment_status":"closed","ping_status":"closed","template":"","meta":{"footnotes":""},"class_list":["post-456","page","type-page","status-publish","has-post-thumbnail","hentry"],"_links":{"self":[{"href":"https:\/\/kosztolanyigimnazium.hu\/index.php?rest_route=\/wp\/v2\/pages\/456","targetHints":{"allow":["GET"]}}],"collection":[{"href":"https:\/\/kosztolanyigimnazium.hu\/index.php?rest_route=\/wp\/v2\/pages"}],"about":[{"href":"https:\/\/kosztolanyigimnazium.hu\/index.php?rest_route=\/wp\/v2\/types\/page"}],"author":[{"embeddable":true,"href":"https:\/\/kosztolanyigimnazium.hu\/index.php?rest_route=\/wp\/v2\/users\/1"}],"replies":[{"embeddable":true,"href":"https:\/\/kosztolanyigimnazium.hu\/index.php?rest_route=%2Fwp%2Fv2%2Fcomments&post=456"}],"version-history":[{"count":9,"href":"https:\/\/kosztolanyigimnazium.hu\/index.php?rest_route=\/wp\/v2\/pages\/456\/revisions"}],"predecessor-version":[{"id":3783,"href":"https:\/\/kosztolanyigimnazium.hu\/index.php?rest_route=\/wp\/v2\/pages\/456\/revisions\/3783"}],"wp:featuredmedia":[{"embeddable":true,"href":"https:\/\/kosztolanyigimnazium.hu\/index.php?rest_route=\/wp\/v2\/media\/12"}],"wp:attachment":[{"href":"https:\/\/kosztolanyigimnazium.hu\/index.php?rest_route=%2Fwp%2Fv2%2Fmedia&parent=456"}],"curies":[{"name":"wp","href":"https:\/\/api.w.org\/{rel}","templated":true}]}}