{"id":4709,"date":"2024-03-21T13:03:45","date_gmt":"2024-03-21T12:03:45","guid":{"rendered":"https:\/\/kosztolanyigimnazium.hu\/?page_id=4709"},"modified":"2024-03-21T15:37:49","modified_gmt":"2024-03-21T14:37:49","slug":"beszamolo-a-2023-24-es-nemet-magyar-diakcsere-regensburgi-programjarol","status":"publish","type":"page","link":"https:\/\/kosztolanyigimnazium.hu\/?page_id=4709","title":{"rendered":"Besz\u00e1mol\u00f3 2023\/24"},"content":{"rendered":"\n<p><strong>Besz\u00e1mol\u00f3 a 2023\/24-es n\u00e9met-magyar di\u00e1kcsere regensburgi programj\u00e1r\u00f3l<br>Budapest Kosztol\u00e1nyi Dezs\u0151 Gimn\u00e1zium \u2013 Regensburg Goethe Gimn\u00e1zium<\/strong><\/p>\n\n\n\n<p>M\u00e1rcius elej\u00e9n 16 magyar di\u00e1kkal \u00e9s k\u00e9t kis\u00e9r\u0151 tan\u00e1rral indultunk el Budapestr\u0151l. Regensburgba probl\u00e9ma n\u00e9lk\u00fcl meg\u00e9rkezt\u00fcnk, ahol a lelkes fogad\u00f3bizotts\u00e1g (akiket m\u00e1r ismert\u00fcnk, hiszen decemberben voltak n\u00e1lunk, Budapesten) v\u00e1rt minket. Innen gyorsan hazament\u00fcnk \u00e9s r\u00e1pihent\u00fcnk az el\u0151tt\u00fcnk \u00e1ll\u00f3 h\u00e9tre.<\/p>\n\n\n\n<p>A n\u00e9metek j\u00f3 kis programot raktak \u00f6ssze nek\u00fcnk, \u00edgy eg\u00e9sz nap kint voltunk, \u00fagyhogy szinte csak aludni j\u00e1rtunk haza. K\u00f6vetkez\u0151 nap Goethe-ben tal\u00e1lkoztunk \u00e9s h\u00e1t f\u00fa\u00fa\u00fa\u2026 Arra az iskol\u00e1ra nincsenek szavak! J\u00f3l felszerelt, modern, de m\u00e9gis van benn egy kis r\u00e9giess\u00e9g. Rengeteg a gyerek, folyamatos a ny\u00fczsg\u00e9s, kedvesek a tan\u00e1rok egysz\u00f3val; HIHETETLEN!<\/p>\n\n\n\n<p>F\u00e9lre\u00e9rt\u00e9s ne ess\u00e9k, \u00e9n szeretem a Kosztol\u00e1nyit, szeretem Budapestet, de ha nem n\u00e9met\u00fcl besz\u00e9ln\u00e9nek, k\u00f6lt\u00f6zn\u00e9k azonnal.<\/p>\n\n\n\n<p>Egy nagyon kedves idegenvezet\u0151 h\u00f6lgy seg\u00edts\u00e9g\u00e9vel k\u00f6rbej\u00e1rtuk az \u00f3v\u00e1rost, \u00e9s olyan t\u00f6rt\u00e9netek hallottunk, mint a gazdag keresked\u0151k \u00e9s az egyh\u00e1z \u201ek\u00fczdelme\u201d, a Regensburgban tartott fontos megbesz\u00e9l\u00e9sek, avagy, hogy milyen \u2013 sz\u00e1munkra &#8211; k\u00fcl\u00f6n\u00f6s j\u00f3 k\u00edv\u00e1ns\u00e1gokat lehet mondani Bajororsz\u00e1gban.<\/p>\n\n\n\n<p>Ker\u00e1mi\u00e1t festett\u00fcnk, v\u00e1rosi krimit forgattunk, bowlingoztunk, \u00e1llatkertben voltunk \u00e9s m\u00e9g sorolhatn\u00e1m\u2026 Szinte annyi mindent csin\u00e1ltunk, hogy az \u00e9szben tartani is sok.<\/p>\n\n\n\n<p>A fogad\u00f3csal\u00e1dok, a tan\u00e1rok, a gyerekek mind elk\u00e9peszt\u0151en kedvesek voltak vel\u00fcnk \u00e9s t\u00e9nyleg mindent megtettek, hogy j\u00f3l \u00e9rezz\u00fck magunkat. No, nem mintha ez egy neh\u00e9z feladat lenne egy olyan szuper helyen, mint Regensburg.<\/p>\n\n\n\n<p>B\u00e1r nyelvtanul\u00e1s szempontj\u00e1b\u00f3l mindig a csak a n\u00e9met gyakorl\u00e1s\u00e1ra gondolunk, de az egyik n\u00e9met fi\u00fa a program alatt eg\u00e9sz terjedelmes magyar sz\u00f3kincsre tett szert, \u00fagyhogy egyszer\u0171 mondatokat m\u00e1r egyed\u00fcl \u00f6ssze tudott rakni. A nyomdafest\u00e9ket nem t\u0171r\u0151 sz\u00f3kincs\u00e9r\u0151l nem is besz\u00e9lve\u2026<\/p>\n\n\n\n<p>V\u00e9gsz\u00f3nak m\u00e9g annyit, hogy ez a csereprogram tal\u00e1n az eddigi legjobb dolog volt, amit csin\u00e1ltam \u00e9s tal\u00e1n mindannyiunk nev\u00e9ben mondhatom: K\u00f6sz\u00f6nj\u00fck a lehet\u0151s\u00e9get, a szervez\u00e9st \u00e9s a lebonyol\u00edt\u00e1st!<\/p>\n\n\n\n<p>Felejthetetlen \u00e9lm\u00e9nyben volt r\u00e9sz\u00fcnk.<\/p>\n\n\n\n<p style=\"font-style:italic;font-weight:100\">Sajti Bal\u00e1zs<br>8.b oszt\u00e1ly<\/p>\n\n\n\n<figure class=\"wp-block-embed is-type-video is-provider-youtube wp-block-embed-youtube wp-embed-aspect-16-9 wp-has-aspect-ratio\"><div class=\"wp-block-embed__wrapper\">\n<iframe loading=\"lazy\" title=\"Regensburg 2024\" width=\"847\" height=\"476\" src=\"https:\/\/www.youtube.com\/embed\/970mPDWL9cY?feature=oembed\" frameborder=\"0\" allow=\"accelerometer; autoplay; clipboard-write; encrypted-media; gyroscope; picture-in-picture; web-share\" allowfullscreen><\/iframe>\n<\/div><\/figure>\n\n\n\n<figure class=\"wp-block-gallery has-nested-images columns-6 is-cropped wp-block-gallery-1 is-layout-flex wp-block-gallery-is-layout-flex\">\n<figure data-wp-context=\"{&quot;imageId&quot;:&quot;69f2c81b6f8b0&quot;}\" data-wp-interactive=\"core\/image\" data-wp-key=\"69f2c81b6f8b0\" class=\"wp-block-image size-thumbnail wp-lightbox-container\"><img loading=\"lazy\" decoding=\"async\" width=\"150\" height=\"150\" data-wp-class--hide=\"state.isContentHidden\" data-wp-class--show=\"state.isContentVisible\" data-wp-init=\"callbacks.setButtonStyles\" data-wp-on--click=\"actions.showLightbox\" data-wp-on--load=\"callbacks.setButtonStyles\" data-wp-on-window--resize=\"callbacks.setButtonStyles\" data-id=\"4719\" src=\"https:\/\/kosztolanyigimnazium.hu\/wp-content\/uploads\/2024\/03\/5.varosnezes-150x150.jpg\" alt=\"\" class=\"wp-image-4719\"\/><button\n\t\t\tclass=\"lightbox-trigger\"\n\t\t\ttype=\"button\"\n\t\t\taria-haspopup=\"dialog\"\n\t\t\taria-label=\"Nagy\u00edt\u00e1s\"\n\t\t\tdata-wp-init=\"callbacks.initTriggerButton\"\n\t\t\tdata-wp-on--click=\"actions.showLightbox\"\n\t\t\tdata-wp-style--right=\"state.imageButtonRight\"\n\t\t\tdata-wp-style--top=\"state.imageButtonTop\"\n\t\t>\n\t\t\t<svg xmlns=\"http:\/\/www.w3.org\/2000\/svg\" width=\"12\" height=\"12\" fill=\"none\" viewBox=\"0 0 12 12\">\n\t\t\t\t<path fill=\"#fff\" d=\"M2 0a2 2 0 0 0-2 2v2h1.5V2a.5.5 0 0 1 .5-.5h2V0H2Zm2 10.5H2a.5.5 0 0 1-.5-.5V8H0v2a2 2 0 0 0 2 2h2v-1.5ZM8 12v-1.5h2a.5.5 0 0 0 .5-.5V8H12v2a2 2 0 0 1-2 2H8Zm2-12a2 2 0 0 1 2 2v2h-1.5V2a.5.5 0 0 0-.5-.5H8V0h2Z\" \/>\n\t\t\t<\/svg>\n\t\t<\/button><\/figure>\n\n\n\n<figure data-wp-context=\"{&quot;imageId&quot;:&quot;69f2c81b6ff91&quot;}\" data-wp-interactive=\"core\/image\" data-wp-key=\"69f2c81b6ff91\" class=\"wp-block-image size-thumbnail wp-lightbox-container\"><img loading=\"lazy\" decoding=\"async\" width=\"150\" height=\"150\" data-wp-class--hide=\"state.isContentHidden\" data-wp-class--show=\"state.isContentVisible\" data-wp-init=\"callbacks.setButtonStyles\" data-wp-on--click=\"actions.showLightbox\" data-wp-on--load=\"callbacks.setButtonStyles\" data-wp-on-window--resize=\"callbacks.setButtonStyles\" data-id=\"4712\" src=\"https:\/\/kosztolanyigimnazium.hu\/wp-content\/uploads\/2024\/03\/6.kozos-fozes-150x150.jpg\" alt=\"\" class=\"wp-image-4712\"\/><button\n\t\t\tclass=\"lightbox-trigger\"\n\t\t\ttype=\"button\"\n\t\t\taria-haspopup=\"dialog\"\n\t\t\taria-label=\"Nagy\u00edt\u00e1s\"\n\t\t\tdata-wp-init=\"callbacks.initTriggerButton\"\n\t\t\tdata-wp-on--click=\"actions.showLightbox\"\n\t\t\tdata-wp-style--right=\"state.imageButtonRight\"\n\t\t\tdata-wp-style--top=\"state.imageButtonTop\"\n\t\t>\n\t\t\t<svg xmlns=\"http:\/\/www.w3.org\/2000\/svg\" width=\"12\" height=\"12\" fill=\"none\" viewBox=\"0 0 12 12\">\n\t\t\t\t<path fill=\"#fff\" d=\"M2 0a2 2 0 0 0-2 2v2h1.5V2a.5.5 0 0 1 .5-.5h2V0H2Zm2 10.5H2a.5.5 0 0 1-.5-.5V8H0v2a2 2 0 0 0 2 2h2v-1.5ZM8 12v-1.5h2a.5.5 0 0 0 .5-.5V8H12v2a2 2 0 0 1-2 2H8Zm2-12a2 2 0 0 1 2 2v2h-1.5V2a.5.5 0 0 0-.5-.5H8V0h2Z\" \/>\n\t\t\t<\/svg>\n\t\t<\/button><\/figure>\n\n\n\n<figure data-wp-context=\"{&quot;imageId&quot;:&quot;69f2c81b704fb&quot;}\" data-wp-interactive=\"core\/image\" data-wp-key=\"69f2c81b704fb\" class=\"wp-block-image size-thumbnail wp-lightbox-container\"><img loading=\"lazy\" decoding=\"async\" width=\"150\" height=\"150\" data-wp-class--hide=\"state.isContentHidden\" data-wp-class--show=\"state.isContentVisible\" data-wp-init=\"callbacks.setButtonStyles\" data-wp-on--click=\"actions.showLightbox\" data-wp-on--load=\"callbacks.setButtonStyles\" data-wp-on-window--resize=\"callbacks.setButtonStyles\" data-id=\"4717\" src=\"https:\/\/kosztolanyigimnazium.hu\/wp-content\/uploads\/2024\/03\/7.kozos-fozes-150x150.jpg\" alt=\"\" class=\"wp-image-4717\"\/><button\n\t\t\tclass=\"lightbox-trigger\"\n\t\t\ttype=\"button\"\n\t\t\taria-haspopup=\"dialog\"\n\t\t\taria-label=\"Nagy\u00edt\u00e1s\"\n\t\t\tdata-wp-init=\"callbacks.initTriggerButton\"\n\t\t\tdata-wp-on--click=\"actions.showLightbox\"\n\t\t\tdata-wp-style--right=\"state.imageButtonRight\"\n\t\t\tdata-wp-style--top=\"state.imageButtonTop\"\n\t\t>\n\t\t\t<svg xmlns=\"http:\/\/www.w3.org\/2000\/svg\" width=\"12\" height=\"12\" fill=\"none\" viewBox=\"0 0 12 12\">\n\t\t\t\t<path fill=\"#fff\" d=\"M2 0a2 2 0 0 0-2 2v2h1.5V2a.5.5 0 0 1 .5-.5h2V0H2Zm2 10.5H2a.5.5 0 0 1-.5-.5V8H0v2a2 2 0 0 0 2 2h2v-1.5ZM8 12v-1.5h2a.5.5 0 0 0 .5-.5V8H12v2a2 2 0 0 1-2 2H8Zm2-12a2 2 0 0 1 2 2v2h-1.5V2a.5.5 0 0 0-.5-.5H8V0h2Z\" \/>\n\t\t\t<\/svg>\n\t\t<\/button><\/figure>\n\n\n\n<figure data-wp-context=\"{&quot;imageId&quot;:&quot;69f2c81b70a87&quot;}\" data-wp-interactive=\"core\/image\" data-wp-key=\"69f2c81b70a87\" class=\"wp-block-image size-thumbnail wp-lightbox-container\"><img loading=\"lazy\" decoding=\"async\" width=\"150\" height=\"150\" data-wp-class--hide=\"state.isContentHidden\" data-wp-class--show=\"state.isContentVisible\" data-wp-init=\"callbacks.setButtonStyles\" data-wp-on--click=\"actions.showLightbox\" data-wp-on--load=\"callbacks.setButtonStyles\" data-wp-on-window--resize=\"callbacks.setButtonStyles\" data-id=\"4718\" src=\"https:\/\/kosztolanyigimnazium.hu\/wp-content\/uploads\/2024\/03\/8.A-fopolgarmesternel-150x150.jpg\" alt=\"\" class=\"wp-image-4718\"\/><button\n\t\t\tclass=\"lightbox-trigger\"\n\t\t\ttype=\"button\"\n\t\t\taria-haspopup=\"dialog\"\n\t\t\taria-label=\"Nagy\u00edt\u00e1s\"\n\t\t\tdata-wp-init=\"callbacks.initTriggerButton\"\n\t\t\tdata-wp-on--click=\"actions.showLightbox\"\n\t\t\tdata-wp-style--right=\"state.imageButtonRight\"\n\t\t\tdata-wp-style--top=\"state.imageButtonTop\"\n\t\t>\n\t\t\t<svg xmlns=\"http:\/\/www.w3.org\/2000\/svg\" width=\"12\" height=\"12\" fill=\"none\" viewBox=\"0 0 12 12\">\n\t\t\t\t<path fill=\"#fff\" d=\"M2 0a2 2 0 0 0-2 2v2h1.5V2a.5.5 0 0 1 .5-.5h2V0H2Zm2 10.5H2a.5.5 0 0 1-.5-.5V8H0v2a2 2 0 0 0 2 2h2v-1.5ZM8 12v-1.5h2a.5.5 0 0 0 .5-.5V8H12v2a2 2 0 0 1-2 2H8Zm2-12a2 2 0 0 1 2 2v2h-1.5V2a.5.5 0 0 0-.5-.5H8V0h2Z\" \/>\n\t\t\t<\/svg>\n\t\t<\/button><\/figure>\n\n\n\n<figure data-wp-context=\"{&quot;imageId&quot;:&quot;69f2c81b71032&quot;}\" data-wp-interactive=\"core\/image\" data-wp-key=\"69f2c81b71032\" class=\"wp-block-image size-thumbnail wp-lightbox-container\"><img loading=\"lazy\" decoding=\"async\" width=\"150\" height=\"150\" data-wp-class--hide=\"state.isContentHidden\" data-wp-class--show=\"state.isContentVisible\" data-wp-init=\"callbacks.setButtonStyles\" data-wp-on--click=\"actions.showLightbox\" data-wp-on--load=\"callbacks.setButtonStyles\" data-wp-on-window--resize=\"callbacks.setButtonStyles\" data-id=\"4715\" src=\"https:\/\/kosztolanyigimnazium.hu\/wp-content\/uploads\/2024\/03\/9.A-bajor-kiraly-150x150.jpg\" alt=\"\" class=\"wp-image-4715\"\/><button\n\t\t\tclass=\"lightbox-trigger\"\n\t\t\ttype=\"button\"\n\t\t\taria-haspopup=\"dialog\"\n\t\t\taria-label=\"Nagy\u00edt\u00e1s\"\n\t\t\tdata-wp-init=\"callbacks.initTriggerButton\"\n\t\t\tdata-wp-on--click=\"actions.showLightbox\"\n\t\t\tdata-wp-style--right=\"state.imageButtonRight\"\n\t\t\tdata-wp-style--top=\"state.imageButtonTop\"\n\t\t>\n\t\t\t<svg xmlns=\"http:\/\/www.w3.org\/2000\/svg\" width=\"12\" height=\"12\" fill=\"none\" viewBox=\"0 0 12 12\">\n\t\t\t\t<path fill=\"#fff\" d=\"M2 0a2 2 0 0 0-2 2v2h1.5V2a.5.5 0 0 1 .5-.5h2V0H2Zm2 10.5H2a.5.5 0 0 1-.5-.5V8H0v2a2 2 0 0 0 2 2h2v-1.5ZM8 12v-1.5h2a.5.5 0 0 0 .5-.5V8H12v2a2 2 0 0 1-2 2H8Zm2-12a2 2 0 0 1 2 2v2h-1.5V2a.5.5 0 0 0-.5-.5H8V0h2Z\" \/>\n\t\t\t<\/svg>\n\t\t<\/button><\/figure>\n\n\n\n<figure data-wp-context=\"{&quot;imageId&quot;:&quot;69f2c81b715ee&quot;}\" data-wp-interactive=\"core\/image\" data-wp-key=\"69f2c81b715ee\" class=\"wp-block-image size-thumbnail wp-lightbox-container\"><img loading=\"lazy\" decoding=\"async\" width=\"150\" height=\"150\" data-wp-class--hide=\"state.isContentHidden\" data-wp-class--show=\"state.isContentVisible\" data-wp-init=\"callbacks.setButtonStyles\" data-wp-on--click=\"actions.showLightbox\" data-wp-on--load=\"callbacks.setButtonStyles\" data-wp-on-window--resize=\"callbacks.setButtonStyles\" data-id=\"4714\" src=\"https:\/\/kosztolanyigimnazium.hu\/wp-content\/uploads\/2024\/03\/11.bucsu-a-vasutallomason-150x150.jpg\" alt=\"\" class=\"wp-image-4714\"\/><button\n\t\t\tclass=\"lightbox-trigger\"\n\t\t\ttype=\"button\"\n\t\t\taria-haspopup=\"dialog\"\n\t\t\taria-label=\"Nagy\u00edt\u00e1s\"\n\t\t\tdata-wp-init=\"callbacks.initTriggerButton\"\n\t\t\tdata-wp-on--click=\"actions.showLightbox\"\n\t\t\tdata-wp-style--right=\"state.imageButtonRight\"\n\t\t\tdata-wp-style--top=\"state.imageButtonTop\"\n\t\t>\n\t\t\t<svg xmlns=\"http:\/\/www.w3.org\/2000\/svg\" width=\"12\" height=\"12\" fill=\"none\" viewBox=\"0 0 12 12\">\n\t\t\t\t<path fill=\"#fff\" d=\"M2 0a2 2 0 0 0-2 2v2h1.5V2a.5.5 0 0 1 .5-.5h2V0H2Zm2 10.5H2a.5.5 0 0 1-.5-.5V8H0v2a2 2 0 0 0 2 2h2v-1.5ZM8 12v-1.5h2a.5.5 0 0 0 .5-.5V8H12v2a2 2 0 0 1-2 2H8Zm2-12a2 2 0 0 1 2 2v2h-1.5V2a.5.5 0 0 0-.5-.5H8V0h2Z\" \/>\n\t\t\t<\/svg>\n\t\t<\/button><\/figure>\n\n\n\n<figure data-wp-context=\"{&quot;imageId&quot;:&quot;69f2c81b71ba4&quot;}\" data-wp-interactive=\"core\/image\" data-wp-key=\"69f2c81b71ba4\" class=\"wp-block-image size-thumbnail wp-lightbox-container\"><img loading=\"lazy\" decoding=\"async\" width=\"150\" height=\"150\" data-wp-class--hide=\"state.isContentHidden\" data-wp-class--show=\"state.isContentVisible\" data-wp-init=\"callbacks.setButtonStyles\" data-wp-on--click=\"actions.showLightbox\" data-wp-on--load=\"callbacks.setButtonStyles\" data-wp-on-window--resize=\"callbacks.setButtonStyles\" data-id=\"4720\" src=\"https:\/\/kosztolanyigimnazium.hu\/wp-content\/uploads\/2024\/03\/1-Goethe-Gimnazium-150x150.jpg\" alt=\"\" class=\"wp-image-4720\"\/><button\n\t\t\tclass=\"lightbox-trigger\"\n\t\t\ttype=\"button\"\n\t\t\taria-haspopup=\"dialog\"\n\t\t\taria-label=\"Nagy\u00edt\u00e1s\"\n\t\t\tdata-wp-init=\"callbacks.initTriggerButton\"\n\t\t\tdata-wp-on--click=\"actions.showLightbox\"\n\t\t\tdata-wp-style--right=\"state.imageButtonRight\"\n\t\t\tdata-wp-style--top=\"state.imageButtonTop\"\n\t\t>\n\t\t\t<svg xmlns=\"http:\/\/www.w3.org\/2000\/svg\" width=\"12\" height=\"12\" fill=\"none\" viewBox=\"0 0 12 12\">\n\t\t\t\t<path fill=\"#fff\" d=\"M2 0a2 2 0 0 0-2 2v2h1.5V2a.5.5 0 0 1 .5-.5h2V0H2Zm2 10.5H2a.5.5 0 0 1-.5-.5V8H0v2a2 2 0 0 0 2 2h2v-1.5ZM8 12v-1.5h2a.5.5 0 0 0 .5-.5V8H12v2a2 2 0 0 1-2 2H8Zm2-12a2 2 0 0 1 2 2v2h-1.5V2a.5.5 0 0 0-.5-.5H8V0h2Z\" \/>\n\t\t\t<\/svg>\n\t\t<\/button><\/figure>\n\n\n\n<figure data-wp-context=\"{&quot;imageId&quot;:&quot;69f2c81b720fc&quot;}\" data-wp-interactive=\"core\/image\" data-wp-key=\"69f2c81b720fc\" class=\"wp-block-image size-thumbnail wp-lightbox-container\"><img loading=\"lazy\" decoding=\"async\" width=\"150\" height=\"150\" data-wp-class--hide=\"state.isContentHidden\" data-wp-class--show=\"state.isContentVisible\" data-wp-init=\"callbacks.setButtonStyles\" data-wp-on--click=\"actions.showLightbox\" data-wp-on--load=\"callbacks.setButtonStyles\" data-wp-on-window--resize=\"callbacks.setButtonStyles\" data-id=\"4713\" src=\"https:\/\/kosztolanyigimnazium.hu\/wp-content\/uploads\/2024\/03\/2-Goethe-Gimnazium-150x150.jpg\" alt=\"\" class=\"wp-image-4713\"\/><button\n\t\t\tclass=\"lightbox-trigger\"\n\t\t\ttype=\"button\"\n\t\t\taria-haspopup=\"dialog\"\n\t\t\taria-label=\"Nagy\u00edt\u00e1s\"\n\t\t\tdata-wp-init=\"callbacks.initTriggerButton\"\n\t\t\tdata-wp-on--click=\"actions.showLightbox\"\n\t\t\tdata-wp-style--right=\"state.imageButtonRight\"\n\t\t\tdata-wp-style--top=\"state.imageButtonTop\"\n\t\t>\n\t\t\t<svg xmlns=\"http:\/\/www.w3.org\/2000\/svg\" width=\"12\" height=\"12\" fill=\"none\" viewBox=\"0 0 12 12\">\n\t\t\t\t<path fill=\"#fff\" d=\"M2 0a2 2 0 0 0-2 2v2h1.5V2a.5.5 0 0 1 .5-.5h2V0H2Zm2 10.5H2a.5.5 0 0 1-.5-.5V8H0v2a2 2 0 0 0 2 2h2v-1.5ZM8 12v-1.5h2a.5.5 0 0 0 .5-.5V8H12v2a2 2 0 0 1-2 2H8Zm2-12a2 2 0 0 1 2 2v2h-1.5V2a.5.5 0 0 0-.5-.5H8V0h2Z\" \/>\n\t\t\t<\/svg>\n\t\t<\/button><\/figure>\n\n\n\n<figure data-wp-context=\"{&quot;imageId&quot;:&quot;69f2c81b72667&quot;}\" data-wp-interactive=\"core\/image\" data-wp-key=\"69f2c81b72667\" class=\"wp-block-image size-thumbnail wp-lightbox-container\"><img loading=\"lazy\" decoding=\"async\" width=\"150\" height=\"150\" data-wp-class--hide=\"state.isContentHidden\" data-wp-class--show=\"state.isContentVisible\" data-wp-init=\"callbacks.setButtonStyles\" data-wp-on--click=\"actions.showLightbox\" data-wp-on--load=\"callbacks.setButtonStyles\" data-wp-on-window--resize=\"callbacks.setButtonStyles\" data-id=\"4716\" src=\"https:\/\/kosztolanyigimnazium.hu\/wp-content\/uploads\/2024\/03\/3.keramiafestes-150x150.jpg\" alt=\"\" class=\"wp-image-4716\"\/><button\n\t\t\tclass=\"lightbox-trigger\"\n\t\t\ttype=\"button\"\n\t\t\taria-haspopup=\"dialog\"\n\t\t\taria-label=\"Nagy\u00edt\u00e1s\"\n\t\t\tdata-wp-init=\"callbacks.initTriggerButton\"\n\t\t\tdata-wp-on--click=\"actions.showLightbox\"\n\t\t\tdata-wp-style--right=\"state.imageButtonRight\"\n\t\t\tdata-wp-style--top=\"state.imageButtonTop\"\n\t\t>\n\t\t\t<svg xmlns=\"http:\/\/www.w3.org\/2000\/svg\" width=\"12\" height=\"12\" fill=\"none\" viewBox=\"0 0 12 12\">\n\t\t\t\t<path fill=\"#fff\" d=\"M2 0a2 2 0 0 0-2 2v2h1.5V2a.5.5 0 0 1 .5-.5h2V0H2Zm2 10.5H2a.5.5 0 0 1-.5-.5V8H0v2a2 2 0 0 0 2 2h2v-1.5ZM8 12v-1.5h2a.5.5 0 0 0 .5-.5V8H12v2a2 2 0 0 1-2 2H8Zm2-12a2 2 0 0 1 2 2v2h-1.5V2a.5.5 0 0 0-.5-.5H8V0h2Z\" \/>\n\t\t\t<\/svg>\n\t\t<\/button><\/figure>\n\n\n\n<figure data-wp-context=\"{&quot;imageId&quot;:&quot;69f2c81b72be6&quot;}\" data-wp-interactive=\"core\/image\" data-wp-key=\"69f2c81b72be6\" class=\"wp-block-image size-thumbnail wp-lightbox-container\"><img loading=\"lazy\" decoding=\"async\" width=\"150\" height=\"150\" data-wp-class--hide=\"state.isContentHidden\" data-wp-class--show=\"state.isContentVisible\" data-wp-init=\"callbacks.setButtonStyles\" data-wp-on--click=\"actions.showLightbox\" data-wp-on--load=\"callbacks.setButtonStyles\" data-wp-on-window--resize=\"callbacks.setButtonStyles\" data-id=\"4721\" src=\"https:\/\/kosztolanyigimnazium.hu\/wp-content\/uploads\/2024\/03\/4.varosnezes-150x150.jpg\" alt=\"\" class=\"wp-image-4721\"\/><button\n\t\t\tclass=\"lightbox-trigger\"\n\t\t\ttype=\"button\"\n\t\t\taria-haspopup=\"dialog\"\n\t\t\taria-label=\"Nagy\u00edt\u00e1s\"\n\t\t\tdata-wp-init=\"callbacks.initTriggerButton\"\n\t\t\tdata-wp-on--click=\"actions.showLightbox\"\n\t\t\tdata-wp-style--right=\"state.imageButtonRight\"\n\t\t\tdata-wp-style--top=\"state.imageButtonTop\"\n\t\t>\n\t\t\t<svg xmlns=\"http:\/\/www.w3.org\/2000\/svg\" width=\"12\" height=\"12\" fill=\"none\" viewBox=\"0 0 12 12\">\n\t\t\t\t<path fill=\"#fff\" d=\"M2 0a2 2 0 0 0-2 2v2h1.5V2a.5.5 0 0 1 .5-.5h2V0H2Zm2 10.5H2a.5.5 0 0 1-.5-.5V8H0v2a2 2 0 0 0 2 2h2v-1.5ZM8 12v-1.5h2a.5.5 0 0 0 .5-.5V8H12v2a2 2 0 0 1-2 2H8Zm2-12a2 2 0 0 1 2 2v2h-1.5V2a.5.5 0 0 0-.5-.5H8V0h2Z\" \/>\n\t\t\t<\/svg>\n\t\t<\/button><\/figure>\n\n\n\n<figure class=\"wp-block-image size-thumbnail\"><img loading=\"lazy\" decoding=\"async\" width=\"150\" height=\"150\" data-id=\"4740\" src=\"https:\/\/kosztolanyigimnazium.hu\/wp-content\/uploads\/2024\/03\/10.Seta-Straubingban-150x150.jpg\" alt=\"\" class=\"wp-image-4740\"\/><\/figure>\n<\/figure>\n","protected":false},"excerpt":{"rendered":"<p>Besz\u00e1mol\u00f3 a 2023\/24-es n\u00e9met-magyar di\u00e1kcsere regensburgi programj\u00e1r\u00f3lBudapest Kosztol\u00e1nyi Dezs\u0151 Gimn\u00e1zium \u2013 Regensburg Goethe Gimn\u00e1zium M\u00e1rcius elej\u00e9n 16 magyar di\u00e1kkal \u00e9s k\u00e9t kis\u00e9r\u0151 tan\u00e1rral indultunk el Budapestr\u0151l. Regensburgba probl\u00e9ma n\u00e9lk\u00fcl meg\u00e9rkezt\u00fcnk, ahol a lelkes fogad\u00f3bizotts\u00e1g (akiket m\u00e1r ismert\u00fcnk, hiszen decemberben voltak <a href=\"https:\/\/kosztolanyigimnazium.hu\/?page_id=4709\" class=\"read-more\">Olvass tov\u00e1bb&#8230;<\/a><\/p>\n","protected":false},"author":1,"featured_media":0,"parent":118,"menu_order":0,"comment_status":"closed","ping_status":"closed","template":"","meta":{"footnotes":""},"class_list":["post-4709","page","type-page","status-publish","hentry"],"_links":{"self":[{"href":"https:\/\/kosztolanyigimnazium.hu\/index.php?rest_route=\/wp\/v2\/pages\/4709","targetHints":{"allow":["GET"]}}],"collection":[{"href":"https:\/\/kosztolanyigimnazium.hu\/index.php?rest_route=\/wp\/v2\/pages"}],"about":[{"href":"https:\/\/kosztolanyigimnazium.hu\/index.php?rest_route=\/wp\/v2\/types\/page"}],"author":[{"embeddable":true,"href":"https:\/\/kosztolanyigimnazium.hu\/index.php?rest_route=\/wp\/v2\/users\/1"}],"replies":[{"embeddable":true,"href":"https:\/\/kosztolanyigimnazium.hu\/index.php?rest_route=%2Fwp%2Fv2%2Fcomments&post=4709"}],"version-history":[{"count":7,"href":"https:\/\/kosztolanyigimnazium.hu\/index.php?rest_route=\/wp\/v2\/pages\/4709\/revisions"}],"predecessor-version":[{"id":4743,"href":"https:\/\/kosztolanyigimnazium.hu\/index.php?rest_route=\/wp\/v2\/pages\/4709\/revisions\/4743"}],"up":[{"embeddable":true,"href":"https:\/\/kosztolanyigimnazium.hu\/index.php?rest_route=\/wp\/v2\/pages\/118"}],"wp:attachment":[{"href":"https:\/\/kosztolanyigimnazium.hu\/index.php?rest_route=%2Fwp%2Fv2%2Fmedia&parent=4709"}],"curies":[{"name":"wp","href":"https:\/\/api.w.org\/{rel}","templated":true}]}}