{"id":473,"date":"2019-04-17T07:23:05","date_gmt":"2019-04-17T07:23:05","guid":{"rendered":"http:\/\/localhost:8888\/?page_id=473"},"modified":"2019-04-17T07:23:05","modified_gmt":"2019-04-17T07:23:05","slug":"tanuloknak-szuloknek","status":"publish","type":"page","link":"https:\/\/kosztolanyigimnazium.hu\/?page_id=473","title":{"rendered":"Tanul\u00f3knak &#8211; Sz\u00fcl\u0151knek"},"content":{"rendered":"\n<p>Ebben a men\u00fcben a\u00a0<strong>Kosztol\u00e1nyi Dezs\u0151 Gimn\u00e1zium idej\u00e1r\u00f3 di\u00e1kjainak<\/strong> \u00e9s <strong>sz\u00fcleiknek <\/strong>sz\u00f3l\u00f3 inform\u00e1ci\u00f3k tal\u00e1lhat\u00f3ak.<\/p>\n\n\n\n<h4 class=\"wp-block-heading\">Az iskola \u00e1lland\u00f3 jelleg\u0171 \u00e9let\u00e9b\u0151l sz\u00e1rmaz\u00f3 inform\u00e1ci\u00f3k:<\/h4>\n\n\n\n<ul class=\"wp-block-list\"><li>Az \u00c9vfolyam \u00e9s egy\u00e9b vizsg\u00e1k<\/li><li>Szakk\u00f6r\u00f6k, k\u00fcl\u00f6n\u00f3r\u00e1k<\/li><li>Di\u00e1k\u00f6nkorm\u00e1nyzat, Foci*<\/li><li>Iskola\u00fajs\u00e1g<\/li><li>Pszichol\u00f3gus \u00e9s B\u0171nmegel\u0151z\u00e9si tan\u00e1csad\u00f3<\/li><li>K\u00f3rus<\/li><li>K\u00f6nyvt\u00e1r, Tank\u00f6nyv (rendel\u00e9s, \u00e1tv\u00e9tel)<\/li><li>K\u00f6z\u00f6ss\u00e9gi szolg\u00e1lat (IKSZ)<\/li><li>Tant\u00e1rgyak \u00e1lland\u00f3 inform\u00e1ci\u00f3i<\/li><li>T\u00e9mahetek (PDF)<\/li><li><\/li><\/ul>\n","protected":false},"excerpt":{"rendered":"<p>Ebben a men\u00fcben a\u00a0Kosztol\u00e1nyi Dezs\u0151 Gimn\u00e1zium idej\u00e1r\u00f3 di\u00e1kjainak \u00e9s sz\u00fcleiknek sz\u00f3l\u00f3 inform\u00e1ci\u00f3k tal\u00e1lhat\u00f3ak. Az iskola \u00e1lland\u00f3 jelleg\u0171 \u00e9let\u00e9b\u0151l sz\u00e1rmaz\u00f3 inform\u00e1ci\u00f3k: Az \u00c9vfolyam \u00e9s egy\u00e9b vizsg\u00e1k Szakk\u00f6r\u00f6k, k\u00fcl\u00f6n\u00f3r\u00e1k Di\u00e1k\u00f6nkorm\u00e1nyzat, Foci* Iskola\u00fajs\u00e1g Pszichol\u00f3gus \u00e9s B\u0171nmegel\u0151z\u00e9si tan\u00e1csad\u00f3 K\u00f3rus K\u00f6nyvt\u00e1r, Tank\u00f6nyv (rendel\u00e9s, \u00e1tv\u00e9tel) K\u00f6z\u00f6ss\u00e9gi <a href=\"https:\/\/kosztolanyigimnazium.hu\/?page_id=473\" class=\"read-more\">Olvass tov\u00e1bb&#8230;<\/a><\/p>\n","protected":false},"author":1,"featured_media":474,"parent":0,"menu_order":0,"comment_status":"closed","ping_status":"closed","template":"","meta":{"footnotes":""},"class_list":["post-473","page","type-page","status-publish","has-post-thumbnail","hentry"],"_links":{"self":[{"href":"https:\/\/kosztolanyigimnazium.hu\/index.php?rest_route=\/wp\/v2\/pages\/473","targetHints":{"allow":["GET"]}}],"collection":[{"href":"https:\/\/kosztolanyigimnazium.hu\/index.php?rest_route=\/wp\/v2\/pages"}],"about":[{"href":"https:\/\/kosztolanyigimnazium.hu\/index.php?rest_route=\/wp\/v2\/types\/page"}],"author":[{"embeddable":true,"href":"https:\/\/kosztolanyigimnazium.hu\/index.php?rest_route=\/wp\/v2\/users\/1"}],"replies":[{"embeddable":true,"href":"https:\/\/kosztolanyigimnazium.hu\/index.php?rest_route=%2Fwp%2Fv2%2Fcomments&post=473"}],"version-history":[{"count":2,"href":"https:\/\/kosztolanyigimnazium.hu\/index.php?rest_route=\/wp\/v2\/pages\/473\/revisions"}],"predecessor-version":[{"id":4418,"href":"https:\/\/kosztolanyigimnazium.hu\/index.php?rest_route=\/wp\/v2\/pages\/473\/revisions\/4418"}],"wp:featuredmedia":[{"embeddable":true,"href":"https:\/\/kosztolanyigimnazium.hu\/index.php?rest_route=\/wp\/v2\/media\/474"}],"wp:attachment":[{"href":"https:\/\/kosztolanyigimnazium.hu\/index.php?rest_route=%2Fwp%2Fv2%2Fmedia&parent=473"}],"curies":[{"name":"wp","href":"https:\/\/api.w.org\/{rel}","templated":true}]}}