{"id":477,"date":"2019-04-17T07:47:09","date_gmt":"2019-04-17T07:47:09","guid":{"rendered":"http:\/\/localhost:8888\/?page_id=477"},"modified":"2023-06-30T09:06:40","modified_gmt":"2023-06-30T08:06:40","slug":"szakkorok","status":"publish","type":"page","link":"https:\/\/kosztolanyigimnazium.hu\/?page_id=477","title":{"rendered":"Szakk\u00f6r\u00f6k"},"content":{"rendered":"\n<h4 class=\"wp-block-heading has-normal-font-size\">Enged\u00e9lyezett szakk\u00f6r\u00f6k a 2022\/2023\u00a0tan\u00e9vben<\/h4>\n\n\n\n<div data-wp-interactive=\"core\/file\" class=\"wp-block-file\"><object data-wp-bind--hidden=\"!state.hasPdfPreview\" hidden class=\"wp-block-file__embed\" data=\"https:\/\/kosztolanyigimnazium.hu\/wp-content\/uploads\/2023\/06\/Iskolai-szakkorok-2022-2023.xlsx-Munka1.pdf\" type=\"application\/pdf\" style=\"width:100%;height:2000px\" aria-label=\"Iskolai szakk\u00f6r\u00f6k 2022-2023.xlsx - Munka1 be\u00e1gyaz\u00e1sa\"><\/object><a id=\"wp-block-file--media-edbe2670-a7f8-4d75-8a3f-3e4981254429\" href=\"https:\/\/kosztolanyigimnazium.hu\/wp-content\/uploads\/2023\/06\/Iskolai-szakkorok-2022-2023.xlsx-Munka1.pdf\">Iskolai szakk\u00f6r\u00f6k 2022-2023.xlsx &#8211; Munka1<\/a><a href=\"https:\/\/kosztolanyigimnazium.hu\/wp-content\/uploads\/2023\/06\/Iskolai-szakkorok-2022-2023.xlsx-Munka1.pdf\" class=\"wp-block-file__button wp-element-button\" download aria-describedby=\"wp-block-file--media-edbe2670-a7f8-4d75-8a3f-3e4981254429\">Let\u00f6lt\u00e9s<\/a><\/div>\n","protected":false},"excerpt":{"rendered":"<p>Enged\u00e9lyezett szakk\u00f6r\u00f6k a 2022\/2023\u00a0tan\u00e9vben<\/p>\n","protected":false},"author":1,"featured_media":0,"parent":473,"menu_order":0,"comment_status":"closed","ping_status":"closed","template":"","meta":{"footnotes":""},"class_list":["post-477","page","type-page","status-publish","hentry"],"_links":{"self":[{"href":"https:\/\/kosztolanyigimnazium.hu\/index.php?rest_route=\/wp\/v2\/pages\/477","targetHints":{"allow":["GET"]}}],"collection":[{"href":"https:\/\/kosztolanyigimnazium.hu\/index.php?rest_route=\/wp\/v2\/pages"}],"about":[{"href":"https:\/\/kosztolanyigimnazium.hu\/index.php?rest_route=\/wp\/v2\/types\/page"}],"author":[{"embeddable":true,"href":"https:\/\/kosztolanyigimnazium.hu\/index.php?rest_route=\/wp\/v2\/users\/1"}],"replies":[{"embeddable":true,"href":"https:\/\/kosztolanyigimnazium.hu\/index.php?rest_route=%2Fwp%2Fv2%2Fcomments&post=477"}],"version-history":[{"count":5,"href":"https:\/\/kosztolanyigimnazium.hu\/index.php?rest_route=\/wp\/v2\/pages\/477\/revisions"}],"predecessor-version":[{"id":4417,"href":"https:\/\/kosztolanyigimnazium.hu\/index.php?rest_route=\/wp\/v2\/pages\/477\/revisions\/4417"}],"up":[{"embeddable":true,"href":"https:\/\/kosztolanyigimnazium.hu\/index.php?rest_route=\/wp\/v2\/pages\/473"}],"wp:attachment":[{"href":"https:\/\/kosztolanyigimnazium.hu\/index.php?rest_route=%2Fwp%2Fv2%2Fmedia&parent=477"}],"curies":[{"name":"wp","href":"https:\/\/api.w.org\/{rel}","templated":true}]}}