{"id":4798,"date":"2024-08-01T07:49:08","date_gmt":"2024-08-01T06:49:08","guid":{"rendered":"https:\/\/kosztolanyigimnazium.hu\/?page_id=4798"},"modified":"2024-12-16T08:06:02","modified_gmt":"2024-12-16T07:06:02","slug":"allashelyek","status":"publish","type":"page","link":"https:\/\/kosztolanyigimnazium.hu\/?page_id=4798","title":{"rendered":"\u00c1ll\u00e1shelyek"},"content":{"rendered":"\n<h2 class=\"wp-block-heading\">Labor\u00e1ns<\/h2>\n\n\n\n<div data-wp-interactive=\"core\/file\" class=\"wp-block-file\"><object data-wp-bind--hidden=\"!state.hasPdfPreview\" hidden class=\"wp-block-file__embed\" data=\"https:\/\/kosztolanyigimnazium.hu\/wp-content\/uploads\/2024\/12\/Kosztolanyi_laborans_93481.pdf\" type=\"application\/pdf\" style=\"width:100%;height:600px\" aria-label=\"Kosztol\u00e1nyi_laborans_93481 be\u00e1gyaz\u00e1sa\"><\/object><a id=\"wp-block-file--media-48b83dfd-02a6-4711-a85b-3c6169adfa8c\" href=\"https:\/\/kosztolanyigimnazium.hu\/wp-content\/uploads\/2024\/12\/Kosztolanyi_laborans_93481.pdf\">Kosztol\u00e1nyi_laborans_93481<\/a><a href=\"https:\/\/kosztolanyigimnazium.hu\/wp-content\/uploads\/2024\/12\/Kosztolanyi_laborans_93481.pdf\" class=\"wp-block-file__button wp-element-button\" download aria-describedby=\"wp-block-file--media-48b83dfd-02a6-4711-a85b-3c6169adfa8c\">Let\u00f6lt\u00e9s<\/a><\/div>\n\n\n\n<h2 class=\"wp-block-heading\">Testnevel\u00e9s szakos gimn\u00e1ziumi tan\u00e1r<\/h2>\n\n\n<a href=\"https:\/\/kosztolanyigimnazium.hu\/wp-content\/uploads\/2024\/08\/Kosztolanyis_testneveles-szakos-gimnaziumi-tanar_75708.pdf\" class=\"pdfemb-viewer\" style=\"\" data-width=\"max\" data-height=\"max\" data-toolbar=\"both\" data-toolbar-fixed=\"off\">Kosztolanyis_testneveles-szakos-gimnaziumi-tanar_75708<\/a>","protected":false},"excerpt":{"rendered":"<p>Labor\u00e1ns Testnevel\u00e9s szakos gimn\u00e1ziumi tan\u00e1r<\/p>\n","protected":false},"author":1,"featured_media":0,"parent":620,"menu_order":0,"comment_status":"closed","ping_status":"closed","template":"","meta":{"footnotes":""},"class_list":["post-4798","page","type-page","status-publish","hentry"],"_links":{"self":[{"href":"https:\/\/kosztolanyigimnazium.hu\/index.php?rest_route=\/wp\/v2\/pages\/4798","targetHints":{"allow":["GET"]}}],"collection":[{"href":"https:\/\/kosztolanyigimnazium.hu\/index.php?rest_route=\/wp\/v2\/pages"}],"about":[{"href":"https:\/\/kosztolanyigimnazium.hu\/index.php?rest_route=\/wp\/v2\/types\/page"}],"author":[{"embeddable":true,"href":"https:\/\/kosztolanyigimnazium.hu\/index.php?rest_route=\/wp\/v2\/users\/1"}],"replies":[{"embeddable":true,"href":"https:\/\/kosztolanyigimnazium.hu\/index.php?rest_route=%2Fwp%2Fv2%2Fcomments&post=4798"}],"version-history":[{"count":6,"href":"https:\/\/kosztolanyigimnazium.hu\/index.php?rest_route=\/wp\/v2\/pages\/4798\/revisions"}],"predecessor-version":[{"id":5038,"href":"https:\/\/kosztolanyigimnazium.hu\/index.php?rest_route=\/wp\/v2\/pages\/4798\/revisions\/5038"}],"up":[{"embeddable":true,"href":"https:\/\/kosztolanyigimnazium.hu\/index.php?rest_route=\/wp\/v2\/pages\/620"}],"wp:attachment":[{"href":"https:\/\/kosztolanyigimnazium.hu\/index.php?rest_route=%2Fwp%2Fv2%2Fmedia&parent=4798"}],"curies":[{"name":"wp","href":"https:\/\/api.w.org\/{rel}","templated":true}]}}