{"id":4817,"date":"2024-08-14T17:57:47","date_gmt":"2024-08-14T16:57:47","guid":{"rendered":"https:\/\/kosztolanyigimnazium.hu\/?page_id=4817"},"modified":"2024-08-14T18:01:53","modified_gmt":"2024-08-14T17:01:53","slug":"kedves-diakok","status":"publish","type":"page","link":"https:\/\/kosztolanyigimnazium.hu\/?page_id=4817","title":{"rendered":"Tank\u00f6nyv \u00e1tv\u00e9tel 2024\/25"},"content":{"rendered":"\n<p>Rem\u00e9lj\u00fck mindenki tudott pihenni \u00e9s felt\u00f6lt\u0151dni a ny\u00e1ri sz\u00fcnet ideje alatt. V\u00e1runk szeretettel titeket&nbsp; a tank\u00f6nyvek \u00e1tv\u00e9tel\u00e9re az al\u00e1bbi id\u0151pontokban:<\/p>\n\n\n\n<ul class=\"wp-block-list\">\n<li>26-\u00e1n (h\u00e9tf\u0151): 6. \u00e9s 7. \u00e9vf. (9.00 &#8211; 16.00<\/li>\n\n\n\n<li>27- \u00e9n (kedd): 8. \u00e9s 10. \u00e9vf. (9.00 &#8211; 16.00)<\/li>\n\n\n\n<li>28-\u00e1n (szerda): 5. \u00e9s 9. \u00e9vf. (9.00 &#8211; 16.30)<\/li>\n\n\n\n<li>29-\u00e9n (cs\u00fct\u00f6rt\u00f6k): 11. \u00e9s 12. \u00e9vf. (9.00 &#8211; 16.00)<\/li>\n<\/ul>\n\n\n\n<p>Akik IKSZ-es \u00f3r\u00e1t szeretn\u00e9nek az el\u0151tte val\u00f3 h\u00e9ten a tank\u00f6nyvek rendszerez\u00e9s\u00e9ben \u00e9s a k\u00f6vetkez\u0151 h\u00e9ten az oszt\u00e1sban v\u00e1rjuk \u0151ket szeretettel. Jelentkezni az al\u00e1bbi e-mail c\u00edmen lehet:\u00a0<a href=\"mailto:petrusan.bernadett@kosztolanyigimnazium.hu\">Petrus\u00e1n Bernadett<\/a><\/p>\n\n\n\n<p>Mindenkinek j\u00f3 pihen\u00e9st a marad\u00e9k id\u0151re!<\/p>\n\n\n\n<p>Tisztelettel:<br><strong><em>Bodor Eszter<\/em><\/strong><\/p>\n","protected":false},"excerpt":{"rendered":"<p>Rem\u00e9lj\u00fck mindenki tudott pihenni \u00e9s felt\u00f6lt\u0151dni a ny\u00e1ri sz\u00fcnet ideje alatt. V\u00e1runk szeretettel titeket&nbsp; a tank\u00f6nyvek \u00e1tv\u00e9tel\u00e9re az al\u00e1bbi id\u0151pontokban: Akik IKSZ-es \u00f3r\u00e1t szeretn\u00e9nek az el\u0151tte val\u00f3 h\u00e9ten a tank\u00f6nyvek rendszerez\u00e9s\u00e9ben \u00e9s a k\u00f6vetkez\u0151 h\u00e9ten az oszt\u00e1sban v\u00e1rjuk \u0151ket szeretettel. <a href=\"https:\/\/kosztolanyigimnazium.hu\/?page_id=4817\" class=\"read-more\">Olvass tov\u00e1bb&#8230;<\/a><\/p>\n","protected":false},"author":1,"featured_media":0,"parent":473,"menu_order":0,"comment_status":"closed","ping_status":"closed","template":"","meta":{"footnotes":""},"class_list":["post-4817","page","type-page","status-publish","hentry"],"_links":{"self":[{"href":"https:\/\/kosztolanyigimnazium.hu\/index.php?rest_route=\/wp\/v2\/pages\/4817","targetHints":{"allow":["GET"]}}],"collection":[{"href":"https:\/\/kosztolanyigimnazium.hu\/index.php?rest_route=\/wp\/v2\/pages"}],"about":[{"href":"https:\/\/kosztolanyigimnazium.hu\/index.php?rest_route=\/wp\/v2\/types\/page"}],"author":[{"embeddable":true,"href":"https:\/\/kosztolanyigimnazium.hu\/index.php?rest_route=\/wp\/v2\/users\/1"}],"replies":[{"embeddable":true,"href":"https:\/\/kosztolanyigimnazium.hu\/index.php?rest_route=%2Fwp%2Fv2%2Fcomments&post=4817"}],"version-history":[{"count":3,"href":"https:\/\/kosztolanyigimnazium.hu\/index.php?rest_route=\/wp\/v2\/pages\/4817\/revisions"}],"predecessor-version":[{"id":4821,"href":"https:\/\/kosztolanyigimnazium.hu\/index.php?rest_route=\/wp\/v2\/pages\/4817\/revisions\/4821"}],"up":[{"embeddable":true,"href":"https:\/\/kosztolanyigimnazium.hu\/index.php?rest_route=\/wp\/v2\/pages\/473"}],"wp:attachment":[{"href":"https:\/\/kosztolanyigimnazium.hu\/index.php?rest_route=%2Fwp%2Fv2%2Fmedia&parent=4817"}],"curies":[{"name":"wp","href":"https:\/\/api.w.org\/{rel}","templated":true}]}}