{"id":485,"date":"2019-04-17T08:05:52","date_gmt":"2019-04-17T08:05:52","guid":{"rendered":"http:\/\/localhost:8888\/?page_id=485"},"modified":"2021-11-17T15:25:04","modified_gmt":"2021-11-17T14:25:04","slug":"kozossegi-szolgalat-iksz","status":"publish","type":"page","link":"https:\/\/kosztolanyigimnazium.hu\/?page_id=485","title":{"rendered":"K\u00f6z\u00f6ss\u00e9gi Szolg\u00e1lat (IKSZ)"},"content":{"rendered":"\n<h2 class=\"wp-block-heading\">Mir\u0151l van sz\u00f3?<\/h2>\n\n\n\n<p>2016. janu\u00e1r 1-je ut\u00e1n az \u00e9retts\u00e9gi vizsg\u00e1ra bocs\u00e1t\u00e1s felt\u00e9tele 50 \u00f3ra k\u00f6z\u00f6ss\u00e9gi szolg\u00e1lat teljes\u00edt\u00e9se. A 2012\/2013. tan\u00e9vben k\u00f6z\u00e9pfok\u00fa tanulm\u00e1nyaikat megkezd\u0151ket <strong>M\u00c1R \u00c9RINTI<\/strong> a jogszab\u00e1lyv\u00e1ltoz\u00e1s! A r\u00e9szletes t\u00e1j\u00e9koztat\u00f3 lentebb let\u00f6lthet\u0151<\/p>\n\n\n\n<h2 class=\"wp-block-heading\">Mikor kezdhet\u0151?<\/h2>\n\n\n\n<p>A k\u00f6z\u00f6ss\u00e9gi szolg\u00e1lat megkezd\u00e9s\u00e9nek felt\u00e9tele, hogy a lent tal\u00e1lhat\u00f3 jelentkez\u00e9si lap \u00e9s sz\u00fcl\u0151i nyilatkozat kit\u00f6ltve, al\u00e1\u00edrva az oszt\u00e1lyf\u0151n\u00f6knek vagy az iskolai k\u00f6z\u00f6ss\u00e9gi szolg\u00e1lat felel\u0151s\u00e9nek&nbsp;le legyen adva.<\/p>\n\n\n\n<h2 class=\"wp-block-heading\">Iskolai Felel\u0151s:<\/h2>\n\n\n\n<p>Hatvany E\u00f6rs<\/p>\n\n\n\n<h2 class=\"wp-block-heading\">Minden tov\u00e1bbi inform\u00e1ci\u00f3 az al\u00e1bbi weboldalon \u00e9rhet\u0151 el:<\/h2>\n\n\n\n<ul class=\"wp-block-list\"><li><a href=\"http:\/\/kozossegi.ofi.hu\">http:\/\/kozossegi.ofi.hu<\/a><\/li><li><a href=\"http:\/\/www.72ora.hu\/\">http:\/\/www.72ora.hu\/<\/a><\/li><\/ul>\n\n\n\n<h2 class=\"wp-block-heading\">Tov\u00e1bbi seg\u00e9danyagok:<\/h2>\n\n\n\n<div class=\"wp-block-file\"><a href=\"\/wp-content\/uploads\/2019\/04\/kdg-ksz-formaiszabalyai.pdf\">K\u00f6z\u00f6ss\u00e9gi Szolg\u00e1lat &#8211; Formai szab\u00e1lyai<\/a><a href=\"\/wp-content\/uploads\/2019\/04\/kdg-ksz-formaiszabalyai.pdf\" class=\"wp-block-file__button\" download>Let\u00f6lt\u00e9s<\/a><\/div>\n\n\n\n<div class=\"wp-block-file\"><a href=\"\/wp-content\/uploads\/2019\/04\/kdg-ksz-jelentkezesi-lap.pdf\">K\u00f6z\u00f6ss\u00e9gi Szolg\u00e1lat &#8211; Jelentkez\u00e9si lap<\/a><a href=\"\/wp-content\/uploads\/2019\/04\/kdg-ksz-jelentkezesi-lap.pdf\" class=\"wp-block-file__button\" download>Let\u00f6lt\u00e9s<\/a><\/div>\n\n\n\n<div class=\"wp-block-file\"><a href=\"\/wp-content\/uploads\/2019\/04\/kdg-ksz-szuloinyilatkozat.pdf\">K\u00f6z\u00f6ss\u00e9gi Szolg\u00e1lat &#8211; Sz\u00fcl\u0151i nyilatkozat<\/a><a href=\"\/wp-content\/uploads\/2019\/04\/kdg-ksz-szuloinyilatkozat.pdf\" class=\"wp-block-file__button\" download>Let\u00f6lt\u00e9s<\/a><\/div>\n\n\n\n<div class=\"wp-block-file\"><a href=\"\/wp-content\/uploads\/2019\/04\/kdg-ksz-tajekoztato.pdf\">K\u00f6z\u00f6ss\u00e9gi Szolg\u00e1lat &#8211; T\u00e1j\u00e9koztat\u00f3<\/a><a href=\"\/wp-content\/uploads\/2019\/04\/kdg-ksz-tajekoztato.pdf\" class=\"wp-block-file__button\" download>Let\u00f6lt\u00e9s<\/a><\/div>\n\n\n\n<div class=\"wp-block-file\"><a href=\"\/wp-content\/uploads\/2019\/04\/kdg-ksz-tevhitek.pdf\">K\u00f6z\u00f6ss\u00e9gi Szolg\u00e1lat &#8211; T\u00e9vhitek a K\u00f6z\u00f6ss\u00e9gi szolg\u00e1latban<\/a><a href=\"\/wp-content\/uploads\/2019\/04\/kdg-ksz-tevhitek.pdf\" class=\"wp-block-file__button\" download>Let\u00f6lt\u00e9s<\/a><\/div>\n\n\n\n<div class=\"wp-block-file\"><a href=\"\/wp-content\/uploads\/2019\/04\/kdg-ksz-brfk.pdf\">K\u00f6z\u00f6ss\u00e9gi Szolg\u00e1lat &#8211; K\u00f6z\u00f6sen a BRFK-val<\/a><a href=\"\/wp-content\/uploads\/2019\/04\/kdg-ksz-brfk.pdf\" class=\"wp-block-file__button\" download>Let\u00f6lt\u00e9s<\/a><\/div>\n\n\n\n<div class=\"wp-block-file\"><a href=\"\/wp-content\/uploads\/2019\/04\/kdg-ksz-katasztrofavedelem.pdf\">K\u00f6z\u00f6ss\u00e9gi Szolg\u00e1lat &#8211; K\u00f6z\u00f6sen a Katasztr\u00f3fav\u00e9delemmel<\/a><a href=\"\/wp-content\/uploads\/2019\/04\/kdg-ksz-katasztrofavedelem.pdf\" class=\"wp-block-file__button\" download>Let\u00f6lt\u00e9s<\/a><\/div>\n\n\n\n<div class=\"wp-block-file\"><a href=\"https:\/\/kosztolanyigimnazium.hu\/wp-content\/uploads\/2020\/06\/iskolai-kozossegi-szolgalat-pa-rtnerszervezetek-2020.06.30.pdf\">K\u00f6z\u00f6ss\u00e9gi Szolg\u00e1lat &#8211; Aktu\u00e1lis partnerszervezetek list\u00e1ja (utols\u00f3 m\u00f3dos\u00edt\u00e1s: 2020. 06. 30.)<\/a><a href=\"https:\/\/kosztolanyigimnazium.hu\/wp-content\/uploads\/2020\/06\/iskolai-kozossegi-szolgalat-pa-rtnerszervezetek-2020.06.30.pdf\" class=\"wp-block-file__button\" download>Let\u00f6lt\u00e9s<\/a><\/div>\n","protected":false},"excerpt":{"rendered":"<p>Mir\u0151l van sz\u00f3? 2016. janu\u00e1r 1-je ut\u00e1n az \u00e9retts\u00e9gi vizsg\u00e1ra bocs\u00e1t\u00e1s felt\u00e9tele 50 \u00f3ra k\u00f6z\u00f6ss\u00e9gi szolg\u00e1lat teljes\u00edt\u00e9se. A 2012\/2013. tan\u00e9vben k\u00f6z\u00e9pfok\u00fa tanulm\u00e1nyaikat megkezd\u0151ket M\u00c1R \u00c9RINTI a jogszab\u00e1lyv\u00e1ltoz\u00e1s! A r\u00e9szletes t\u00e1j\u00e9koztat\u00f3 lentebb let\u00f6lthet\u0151 Mikor kezdhet\u0151? A k\u00f6z\u00f6ss\u00e9gi szolg\u00e1lat megkezd\u00e9s\u00e9nek felt\u00e9tele, hogy <a href=\"https:\/\/kosztolanyigimnazium.hu\/?page_id=485\" class=\"read-more\">Olvass tov\u00e1bb&#8230;<\/a><\/p>\n","protected":false},"author":1,"featured_media":491,"parent":473,"menu_order":0,"comment_status":"closed","ping_status":"closed","template":"","meta":{"footnotes":""},"class_list":["post-485","page","type-page","status-publish","has-post-thumbnail","hentry"],"_links":{"self":[{"href":"https:\/\/kosztolanyigimnazium.hu\/index.php?rest_route=\/wp\/v2\/pages\/485","targetHints":{"allow":["GET"]}}],"collection":[{"href":"https:\/\/kosztolanyigimnazium.hu\/index.php?rest_route=\/wp\/v2\/pages"}],"about":[{"href":"https:\/\/kosztolanyigimnazium.hu\/index.php?rest_route=\/wp\/v2\/types\/page"}],"author":[{"embeddable":true,"href":"https:\/\/kosztolanyigimnazium.hu\/index.php?rest_route=\/wp\/v2\/users\/1"}],"replies":[{"embeddable":true,"href":"https:\/\/kosztolanyigimnazium.hu\/index.php?rest_route=%2Fwp%2Fv2%2Fcomments&post=485"}],"version-history":[{"count":6,"href":"https:\/\/kosztolanyigimnazium.hu\/index.php?rest_route=\/wp\/v2\/pages\/485\/revisions"}],"predecessor-version":[{"id":3254,"href":"https:\/\/kosztolanyigimnazium.hu\/index.php?rest_route=\/wp\/v2\/pages\/485\/revisions\/3254"}],"up":[{"embeddable":true,"href":"https:\/\/kosztolanyigimnazium.hu\/index.php?rest_route=\/wp\/v2\/pages\/473"}],"wp:featuredmedia":[{"embeddable":true,"href":"https:\/\/kosztolanyigimnazium.hu\/index.php?rest_route=\/wp\/v2\/media\/491"}],"wp:attachment":[{"href":"https:\/\/kosztolanyigimnazium.hu\/index.php?rest_route=%2Fwp%2Fv2%2Fmedia&parent=485"}],"curies":[{"name":"wp","href":"https:\/\/api.w.org\/{rel}","templated":true}]}}