{"id":4885,"date":"2024-10-07T17:41:06","date_gmt":"2024-10-07T16:41:06","guid":{"rendered":"https:\/\/kosztolanyigimnazium.hu\/?page_id=4885"},"modified":"2024-11-12T08:08:49","modified_gmt":"2024-11-12T07:08:49","slug":"bizonyitvany-masolat-masodlat","status":"publish","type":"page","link":"https:\/\/kosztolanyigimnazium.hu\/?page_id=4885","title":{"rendered":"Bizony\u00edtv\u00e1ny\u00a0m\u00e1solat\/m\u00e1sodlat"},"content":{"rendered":"\n<p>2024. j\u00falius 30-ai hat\u00e1llyal kieg\u00e9sz\u00fclt a nemzeti k\u00f6znevel\u00e9sr\u0151l sz\u00f3l\u00f3 t\u00f6rv\u00e9ny v\u00e9grehajt\u00e1s\u00e1r\u00f3l sz\u00f3l\u00f3 229\/2012. (VIII. 28.) Korm\u00e1nyrendelet 34. \u00a7-a az al\u00e1bbi (2) bekezd\u00e9ssel: ,,(2)Az iskolai bizony\u00edtv\u00e1nynyomtatv\u00e1nyok -a k\u00f6z\u00e9pfok\u00fa felv\u00e9teli elj\u00e1r\u00e1shoz kapcsol\u00f3d\u00f3 bizony\u00edtv\u00e1nym\u00e1solatok, m\u00e1sodlatok kiv\u00e9tel\u00e9vel- m\u00e1solatainak, m\u00e1sodlatainak kiad\u00e1s\u00e1val \u00f6sszef\u00fcgg\u00e9sben ny\u00fajtott szolg\u00e1ltat\u00e1sok\u00e9rt nyomtatv\u00e1nyonk\u00e9nt&nbsp;\/oldalank\u00e9nt 3000 Forint t\u00e9r\u00edt\u00e9si d\u00edjat kell megfizetni nem \u00f6n\u00e1ll\u00f3 k\u00f6lts\u00e9gvet\u00e9ssel rendelkez\u0151 k\u00f6znevel\u00e9si int\u00e9zm\u00e9ny eset\u00e9n a fenntart\u00f3, \u00f6n\u00e1ll\u00f3 vagy r\u00e9szben \u00f6n\u00e1ll\u00f3 k\u00f6lts\u00e9gvet\u00e9ssel rendelkez\u0151 k\u00f6znevel\u00e9si int\u00e9zm\u00e9ny eset\u00e9n a k\u00f6znevel\u00e9si int\u00e9zm\u00e9ny sz\u00e1m\u00e1ra.&#8221;<\/p>\n\n\n\n<p><strong><u>Bizony\u00edtv\u00e1nym\u00e1sodlat ig\u00e9nyl\u00e9s\u00e9nek menete:<\/u><\/strong><\/p>\n\n\n\n<p>A bizony\u00edtv\u00e1nym\u00e1sodlat a titk\u00e1rs\u00e1gon rendszeres\u00edtett formanyomtatv\u00e1nyon &#8211; \u00edr\u00e1sbeli k\u00e9relem alapj\u00e1n, el\u0151re egyeztetett id\u0151pontban ker\u00fcl ki\u00e1ll\u00edt\u00e1sra\/kiad\u00e1sra.<\/p>\n\n\n\n<p>Formanyomtatv\u00e1ny <a href=\"https:\/\/kosztolanyigimnazium.hu\/wp-content\/uploads\/2024\/10\/JAVITOTT_Kerelem_minta-bizonyitvany-masodlat_masolat._2024.docx\" data-type=\"link\" data-id=\"https:\/\/kosztolanyigimnazium.hu\/wp-content\/uploads\/2024\/10\/JAVITOTT_Kerelem_minta-bizonyitvany-masodlat_masolat._2024.docx\">let\u00f6lthet\u0151<\/a> az int\u00e9zm\u00e9ny honlapj\u00e1r\u00f3l, illetve k\u00e9rhet\u0151 a titk\u00e1rs\u00e1gon szem\u00e9lyesen.<\/p>\n\n\n\n<p>A kit\u00f6lt\u00f6tt ig\u00e9nyl\u0151lap leadhat\u00f3 szem\u00e9lyesen,vagy a&nbsp;<a href=\"mailto:titkarsag@kosztolanyigimn%C3%A1zium.hu\" target=\"_blank\" rel=\"noreferrer noopener\">titkarsag@kosztolanyigimn\u00e1zium.hu<\/a>&nbsp;email c\u00edmen.<\/p>\n\n\n\n<p>Lehet\u0151s\u00e9g van tov\u00e1bb\u00e1 a Kr\u00e9ta e-\u00dcgyint\u00e9z\u00e9s fel\u00fcleten is az ig\u00e9nyl\u00e9s lead\u00e1s\u00e1ra. Amennyiben az e-\u00dcgyint\u00e9z\u00e9si rendszerhez az ig\u00e9nyl\u0151 nem rendelkezik felhaszn\u00e1l\u00f3i jogosults\u00e1ggal, akkor y \u00dcgyf\u00e9lkapus bejelentkez\u00e9st k\u00f6vet\u0151en, az Oktat\u00e1s, Kutat\u00e1s\/K\u00f6znevel\u00e9s men\u00fcpontban adhatja le ig\u00e9nyl\u00e9s\u00e9t.A k\u00e9relmet \u00dcgyf\u00e9lkapun kereszt\u00fcl e-\u00fcgyint\u00e9z\u00e9ssel, a KR\u00c9TA&nbsp;<strong>Rendszeren&nbsp;<\/strong>kereszt\u00fcl \u00e1tadott k\u00e9relemmel&nbsp;<strong>lehet ind\u00edtani<\/strong>.<\/p>\n\n\n\n<p>Az\u00a0<strong>int\u00e9zm\u00e9ny t\u00e1j\u00e9koztatja\u00a0<\/strong>az ig\u00e9nyl\u0151t a befizet\u00e9si k\u00f6telezetts\u00e9gr\u0151l, melyet a K\u00f6z\u00e9p- Budai Tanker\u00fclet sz\u00e1ml\u00e1j\u00e1ra t\u00f6rt\u00e9n\u0151 megfizet\u00e9ssel tud\u00a0<strong>teljes\u00edteni<\/strong>. Az\u00a0<strong>elj\u00e1r\u00e1s\u00a0<\/strong>igazgat\u00e1si szolg\u00e1ltat\u00e1si d\u00edja:\u00a0<strong>3 000\u00a0<\/strong>Ft\/oldalank\u00e9nt. A K\u00f6z\u00e9p-Budai Tanker\u00fclet sz\u00e1mlasz\u00e1ma: Magyar \u00c1llamkincst\u00e1r:\u00a0<strong>10032000-00336729-00000000<\/strong>.\u00a0<\/p>\n\n\n\n<p>A befizet\u00e9sen szerepl\u0151 k\u00f6zlem\u00e9ny rovatba a k\u00f6vetkez\u0151 adatokat sz\u00fcks\u00e9ges szerepeltetni:&nbsp;<\/p>\n\n\n\n<p>a.&nbsp;<strong>N\u00e9v<\/strong>:&nbsp;<\/p>\n\n\n\n<p>b. C\u00edm:&nbsp;<\/p>\n\n\n\n<p>c. Int\u00e9zm\u00e9ny&nbsp;<strong>neve<\/strong>:&nbsp;<\/p>\n\n\n\n<p>A k\u00e9rt iratot csak az \u00e9rintett,vagy annak \u00edr\u00e1sbeli meghatalmazottja szem\u00e9lyesen veheti \u00e1t, a k\u00e9relem be\u00e9rkez\u00e9s\u00e9t k\u00f6vet\u0151 legk\u00e9s\u0151bb 8. munkanapon, illetve megc\u00edmzett, felb\u00e9lyegzett v\u00e1laszbor\u00edt\u00e9k ellen\u00e9ben post\u00e1zzuk.<\/p>\n","protected":false},"excerpt":{"rendered":"<p>2024. j\u00falius 30-ai hat\u00e1llyal kieg\u00e9sz\u00fclt a nemzeti k\u00f6znevel\u00e9sr\u0151l sz\u00f3l\u00f3 t\u00f6rv\u00e9ny v\u00e9grehajt\u00e1s\u00e1r\u00f3l sz\u00f3l\u00f3 229\/2012. (VIII. 28.) Korm\u00e1nyrendelet 34. \u00a7-a az al\u00e1bbi (2) bekezd\u00e9ssel: ,,(2)Az iskolai bizony\u00edtv\u00e1nynyomtatv\u00e1nyok -a k\u00f6z\u00e9pfok\u00fa felv\u00e9teli elj\u00e1r\u00e1shoz kapcsol\u00f3d\u00f3 bizony\u00edtv\u00e1nym\u00e1solatok, m\u00e1sodlatok kiv\u00e9tel\u00e9vel- m\u00e1solatainak, m\u00e1sodlatainak kiad\u00e1s\u00e1val \u00f6sszef\u00fcgg\u00e9sben ny\u00fajtott szolg\u00e1ltat\u00e1sok\u00e9rt nyomtatv\u00e1nyonk\u00e9nt&nbsp;\/oldalank\u00e9nt <a href=\"https:\/\/kosztolanyigimnazium.hu\/?page_id=4885\" class=\"read-more\">Olvass tov\u00e1bb&#8230;<\/a><\/p>\n","protected":false},"author":273,"featured_media":0,"parent":0,"menu_order":0,"comment_status":"closed","ping_status":"closed","template":"","meta":{"footnotes":""},"class_list":["post-4885","page","type-page","status-publish","hentry"],"_links":{"self":[{"href":"https:\/\/kosztolanyigimnazium.hu\/index.php?rest_route=\/wp\/v2\/pages\/4885","targetHints":{"allow":["GET"]}}],"collection":[{"href":"https:\/\/kosztolanyigimnazium.hu\/index.php?rest_route=\/wp\/v2\/pages"}],"about":[{"href":"https:\/\/kosztolanyigimnazium.hu\/index.php?rest_route=\/wp\/v2\/types\/page"}],"author":[{"embeddable":true,"href":"https:\/\/kosztolanyigimnazium.hu\/index.php?rest_route=\/wp\/v2\/users\/273"}],"replies":[{"embeddable":true,"href":"https:\/\/kosztolanyigimnazium.hu\/index.php?rest_route=%2Fwp%2Fv2%2Fcomments&post=4885"}],"version-history":[{"count":3,"href":"https:\/\/kosztolanyigimnazium.hu\/index.php?rest_route=\/wp\/v2\/pages\/4885\/revisions"}],"predecessor-version":[{"id":4989,"href":"https:\/\/kosztolanyigimnazium.hu\/index.php?rest_route=\/wp\/v2\/pages\/4885\/revisions\/4989"}],"wp:attachment":[{"href":"https:\/\/kosztolanyigimnazium.hu\/index.php?rest_route=%2Fwp%2Fv2%2Fmedia&parent=4885"}],"curies":[{"name":"wp","href":"https:\/\/api.w.org\/{rel}","templated":true}]}}