{"id":502,"date":"2019-04-17T08:44:32","date_gmt":"2019-04-17T08:44:32","guid":{"rendered":"http:\/\/localhost:8888\/?page_id=502"},"modified":"2022-09-15T10:29:59","modified_gmt":"2022-09-15T09:29:59","slug":"tankonyv","status":"publish","type":"page","link":"https:\/\/kosztolanyigimnazium.hu\/?page_id=502","title":{"rendered":"Tank\u00f6nyv rendel\u00e9s"},"content":{"rendered":"\n<p>Iskol\u00e1nk a k\u00f6vetkez\u0151 tank\u00f6nyveket biztos\u00edtja gyermek\u00e9nek ingyenesen A nemzeti k\u00f6znevel\u00e9sr\u0151l sz\u00f3l\u00f3 2011. \u00e9vi CXC. t\u00f6rv\u00e9ny 46. \u00a7 (5) bekezd\u00e9se, valamint a t\u00e9r\u00edt\u00e9smentes tank\u00f6nyvell\u00e1t\u00e1snak a k\u00f6znevel\u00e9s nappali rendszer\u0171 iskolai oktat\u00e1s 10\u201316. \u00e9vfolyamaira t\u00f6rt\u00e9n\u0151 kiterjeszt\u00e9s\u00e9r\u0151l sz\u00f3l\u00f3 1092\/2019. (III. 8.) Korm. hat\u00e1rozat alapj\u00e1n.<\/p>\n\n\n\n<p>\u00c9vfolyamonk\u00e9nt lebontva itt tal\u00e1lja a 2022-2023-as tan\u00e9v el\u0151zetes tank\u00f6nyvrendel\u00e9s\u00e9t:<\/p>\n\n\n\n<p>5. \u00e9vfolyam:<\/p>\n\n\n\n<div class=\"wp-block-file\"><a id=\"wp-block-file--media-03de2a50-5f0a-4b79-bfd0-a0fe4c3686ba\" href=\"https:\/\/kosztolanyigimnazium.hu\/wp-content\/uploads\/2022\/09\/5-1.a.pdf\" target=\"_blank\" rel=\"noreferrer noopener\">5. A oszt\u00e1ly<\/a><\/div>\n\n\n\n<div class=\"wp-block-file\"><a id=\"wp-block-file--media-30f5b260-28e6-4414-a1d2-d91380e9e43e\" href=\"https:\/\/kosztolanyigimnazium.hu\/wp-content\/uploads\/2022\/09\/5-1.b.pdf\" target=\"_blank\" rel=\"noreferrer noopener\">5. B oszt\u00e1ly<\/a><\/div>\n\n\n\n<p class=\"has-text-align-left\">6. \u00e9vfolyam<\/p>\n\n\n\n<div class=\"wp-block-file\"><a id=\"wp-block-file--media-a538cebb-54d6-4919-8016-55850ef4d629\" href=\"https:\/\/kosztolanyigimnazium.hu\/wp-content\/uploads\/2022\/09\/6-1.a.pdf\" target=\"_blank\" rel=\"noreferrer noopener\">6. A oszt\u00e1ly<\/a><\/div>\n\n\n\n<div class=\"wp-block-file\"><a id=\"wp-block-file--media-7259ab48-fdb5-46f9-9fc7-a1c104ba29f3\" href=\"https:\/\/kosztolanyigimnazium.hu\/wp-content\/uploads\/2022\/09\/6-1.b.pdf\" target=\"_blank\" rel=\"noreferrer noopener\">6. B oszt\u00e1ly<\/a><\/div>\n\n\n\n<p>7. \u00e9vfolyam&nbsp;<\/p>\n\n\n\n<div class=\"wp-block-file\"><a id=\"wp-block-file--media-b54c8893-20c5-47f3-9a84-e1fc8ff27bf4\" href=\"https:\/\/kosztolanyigimnazium.hu\/wp-content\/uploads\/2022\/09\/7-1.a.pdf\" target=\"_blank\" rel=\"noreferrer noopener\">7. A oszt\u00e1ly<\/a><\/div>\n\n\n\n<div class=\"wp-block-file\"><a id=\"wp-block-file--media-930cfc7f-5e2f-488e-9b94-73b6f2c454a6\" href=\"https:\/\/kosztolanyigimnazium.hu\/wp-content\/uploads\/2022\/09\/7-1.b.pdf\" target=\"_blank\" rel=\"noreferrer noopener\">7. B oszt\u00e1ly<\/a><\/div>\n\n\n\n<p>8. \u00e9vfolyam&nbsp;<\/p>\n\n\n\n<div class=\"wp-block-file\"><a id=\"wp-block-file--media-3e22dd98-4579-424c-b039-a4d335a23a8f\" href=\"https:\/\/kosztolanyigimnazium.hu\/wp-content\/uploads\/2022\/09\/8-1.a.pdf\" target=\"_blank\" rel=\"noreferrer noopener\">8. A oszt\u00e1ly<\/a><\/div>\n\n\n\n<div class=\"wp-block-file\"><a id=\"wp-block-file--media-860c8991-afab-4b83-9e56-9a4b14d54836\" href=\"https:\/\/kosztolanyigimnazium.hu\/wp-content\/uploads\/2022\/09\/8-1.b-1.pdf\" target=\"_blank\" rel=\"noreferrer noopener\">8. B oszt\u00e1ly<\/a><\/div>\n\n\n\n<p>9. \u00e9vfolyam&nbsp;<\/p>\n\n\n\n<div class=\"wp-block-file\"><a id=\"wp-block-file--media-50b0a25f-cc5a-4c52-aeb1-74166b5b7f81\" href=\"https:\/\/kosztolanyigimnazium.hu\/wp-content\/uploads\/2022\/09\/9-1.a.pdf\" target=\"_blank\" rel=\"noreferrer noopener\">9. A oszt\u00e1ly<\/a><\/div>\n\n\n\n<div class=\"wp-block-file\"><a id=\"wp-block-file--media-673f8a44-4d03-463c-a591-ab213646c863\" href=\"https:\/\/kosztolanyigimnazium.hu\/wp-content\/uploads\/2022\/09\/9-1.b.pdf\" target=\"_blank\" rel=\"noreferrer noopener\">9. B oszt\u00e1ly<\/a><\/div>\n\n\n\n<div class=\"wp-block-file\"><a id=\"wp-block-file--media-f46c2a95-516c-4bd9-b535-a64f4430f747\" href=\"https:\/\/kosztolanyigimnazium.hu\/wp-content\/uploads\/2022\/09\/9-1.c.pdf\" target=\"_blank\" rel=\"noreferrer noopener\">9. C oszt\u00e1ly<\/a><\/div>\n\n\n\n<p>10. \u00e9vfolyam&nbsp;<\/p>\n\n\n\n<div class=\"wp-block-file\"><a id=\"wp-block-file--media-471cdd38-a2b9-4eae-b083-32cb6fb491cb\" href=\"https:\/\/kosztolanyigimnazium.hu\/wp-content\/uploads\/2022\/09\/10-1.a.pdf\" target=\"_blank\" rel=\"noreferrer noopener\">10. A oszt\u00e1ly<\/a><\/div>\n\n\n\n<div class=\"wp-block-file\"><a id=\"wp-block-file--media-8e197453-5d0a-406c-be82-3e93c60e40e8\" href=\"https:\/\/kosztolanyigimnazium.hu\/wp-content\/uploads\/2022\/09\/10-1.b.pdf\" target=\"_blank\" rel=\"noreferrer noopener\">10. B oszt\u00e1ly<\/a><\/div>\n\n\n\n<div class=\"wp-block-file\"><a id=\"wp-block-file--media-d9396682-4ea5-4357-8193-847456f6af2d\" href=\"https:\/\/kosztolanyigimnazium.hu\/wp-content\/uploads\/2022\/09\/10-1.c.pdf\" target=\"_blank\" rel=\"noreferrer noopener\">10. C oszt\u00e1ly<\/a><\/div>\n\n\n\n<p>11. \u00e9vfolyam&nbsp;<\/p>\n\n\n\n<div class=\"wp-block-file\"><a id=\"wp-block-file--media-010d6bec-bbf7-4d10-9517-2ae1b25c05f9\" href=\"https:\/\/kosztolanyigimnazium.hu\/wp-content\/uploads\/2022\/09\/11-1.a.pdf\" target=\"_blank\" rel=\"noreferrer noopener\">11. A oszt\u00e1ly<\/a><\/div>\n\n\n\n<div class=\"wp-block-file\"><a id=\"wp-block-file--media-386ee637-5f04-40f7-9243-fe4c62cd92d6\" href=\"https:\/\/kosztolanyigimnazium.hu\/wp-content\/uploads\/2022\/09\/11-1.b.pdf\" target=\"_blank\" rel=\"noreferrer noopener\">11. B oszt\u00e1ly<\/a><\/div>\n\n\n\n<div class=\"wp-block-file\"><a id=\"wp-block-file--media-cb112266-46ea-4908-bf40-f16f7408d308\" href=\"https:\/\/kosztolanyigimnazium.hu\/wp-content\/uploads\/2022\/09\/11-1.c.pdf\" target=\"_blank\" rel=\"noreferrer noopener\">11. C oszt\u00e1ly<\/a><\/div>\n\n\n\n<p>12. \u00e9vfolyam&nbsp;<\/p>\n\n\n\n<div class=\"wp-block-file\"><a id=\"wp-block-file--media-b0e304b4-00df-4fab-812f-23efe03edf6d\" href=\"https:\/\/kosztolanyigimnazium.hu\/wp-content\/uploads\/2022\/09\/12.a.pdf\" target=\"_blank\" rel=\"noreferrer noopener\">12. A oszt\u00e1ly<\/a><\/div>\n\n\n\n<div class=\"wp-block-file\"><a id=\"wp-block-file--media-99991909-00a7-4cd8-a8d0-36f8eecaba58\" href=\"https:\/\/kosztolanyigimnazium.hu\/wp-content\/uploads\/2022\/09\/12.b.pdf\" target=\"_blank\" rel=\"noreferrer noopener\">12. B oszt\u00e1ly<\/a><\/div>\n\n\n\n<div class=\"wp-block-file\"><a id=\"wp-block-file--media-25a346c3-aaf6-45b8-854a-9418f5aed09a\" href=\"https:\/\/kosztolanyigimnazium.hu\/wp-content\/uploads\/2022\/09\/12.c.pdf\" target=\"_blank\" rel=\"noreferrer noopener\">12. C oszt\u00e1ly<\/a><\/div>\n\n\n\n<p><\/p>\n","protected":false},"excerpt":{"rendered":"<p>Iskol\u00e1nk a k\u00f6vetkez\u0151 tank\u00f6nyveket biztos\u00edtja gyermek\u00e9nek ingyenesen A nemzeti k\u00f6znevel\u00e9sr\u0151l sz\u00f3l\u00f3 2011. \u00e9vi CXC. t\u00f6rv\u00e9ny 46. \u00a7 (5) bekezd\u00e9se, valamint a t\u00e9r\u00edt\u00e9smentes tank\u00f6nyvell\u00e1t\u00e1snak a k\u00f6znevel\u00e9s nappali rendszer\u0171 iskolai oktat\u00e1s 10\u201316. \u00e9vfolyamaira t\u00f6rt\u00e9n\u0151 kiterjeszt\u00e9s\u00e9r\u0151l sz\u00f3l\u00f3 1092\/2019. (III. 8.) Korm. hat\u00e1rozat alapj\u00e1n. <a href=\"https:\/\/kosztolanyigimnazium.hu\/?page_id=502\" class=\"read-more\">Olvass tov\u00e1bb&#8230;<\/a><\/p>\n","protected":false},"author":1,"featured_media":1143,"parent":473,"menu_order":0,"comment_status":"closed","ping_status":"closed","template":"","meta":{"footnotes":""},"class_list":["post-502","page","type-page","status-publish","has-post-thumbnail","hentry"],"_links":{"self":[{"href":"https:\/\/kosztolanyigimnazium.hu\/index.php?rest_route=\/wp\/v2\/pages\/502","targetHints":{"allow":["GET"]}}],"collection":[{"href":"https:\/\/kosztolanyigimnazium.hu\/index.php?rest_route=\/wp\/v2\/pages"}],"about":[{"href":"https:\/\/kosztolanyigimnazium.hu\/index.php?rest_route=\/wp\/v2\/types\/page"}],"author":[{"embeddable":true,"href":"https:\/\/kosztolanyigimnazium.hu\/index.php?rest_route=\/wp\/v2\/users\/1"}],"replies":[{"embeddable":true,"href":"https:\/\/kosztolanyigimnazium.hu\/index.php?rest_route=%2Fwp%2Fv2%2Fcomments&post=502"}],"version-history":[{"count":24,"href":"https:\/\/kosztolanyigimnazium.hu\/index.php?rest_route=\/wp\/v2\/pages\/502\/revisions"}],"predecessor-version":[{"id":3939,"href":"https:\/\/kosztolanyigimnazium.hu\/index.php?rest_route=\/wp\/v2\/pages\/502\/revisions\/3939"}],"up":[{"embeddable":true,"href":"https:\/\/kosztolanyigimnazium.hu\/index.php?rest_route=\/wp\/v2\/pages\/473"}],"wp:featuredmedia":[{"embeddable":true,"href":"https:\/\/kosztolanyigimnazium.hu\/index.php?rest_route=\/wp\/v2\/media\/1143"}],"wp:attachment":[{"href":"https:\/\/kosztolanyigimnazium.hu\/index.php?rest_route=%2Fwp%2Fv2%2Fmedia&parent=502"}],"curies":[{"name":"wp","href":"https:\/\/api.w.org\/{rel}","templated":true}]}}