{"id":5040,"date":"2025-01-18T08:12:44","date_gmt":"2025-01-18T07:12:44","guid":{"rendered":"https:\/\/kosztolanyigimnazium.hu\/?page_id=5040"},"modified":"2025-09-15T11:00:00","modified_gmt":"2025-09-15T10:00:00","slug":"tajekoztato-erettsegi-vizsgara-jelentkezok-szamara","status":"publish","type":"page","link":"https:\/\/kosztolanyigimnazium.hu\/?page_id=5040","title":{"rendered":"Tavaszi \u00e9retts\u00e9gi 2024\/2025"},"content":{"rendered":"\n<p><strong>T\u00c1J\u00c9KOZTAT\u00d3 \u00c9RETTS\u00c9GI VIZSG\u00c1RA JELENTKEZ\u0150K SZ\u00c1M\u00c1RA<\/strong><\/p>\n\n\n\n<p>Az al\u00e1bbiakban az \u00e9retts\u00e9gi vizsg\u00e1kra val\u00f3 jelentkez\u00e9ssel kapcsolatos inform\u00e1ci\u00f3kr\u00f3l t\u00e1j\u00e9koztatjuk \u00d6n\u00f6ket!<\/p>\n\n\n\n<p>A vizsg\u00e1ra val\u00f3 jelentkez\u00e9s hat\u00e1rideje&nbsp;<strong>2025. febru\u00e1r 15.<\/strong><\/p>\n\n\n\n<p>Az int\u00e9zm\u00e9ny&nbsp;<strong>nappali munkarendj\u00e9ben tanul\u00f3knak<\/strong>&nbsp;a jelentkez\u00e9st a kijel\u00f6lt \u00e9retts\u00e9gi jegyz\u0151k koordin\u00e1lj\u00e1k.<\/p>\n\n\n\n<p><strong>K\u00fcls\u0151s vizsg\u00e1z\u00f3k<\/strong>&nbsp;int\u00e9zm\u00e9ny\u00fcnkben az al\u00e1bbi id\u0151pontokban jelentkezhetnek \u00e9retts\u00e9gire:<\/p>\n\n\n\n<p><strong>2025. febru\u00e1r 03. 14.00-17.00 \u00f3ra k\u00f6z\u00f6tt a titk\u00e1rs\u00e1gon<\/strong><\/p>\n\n\n\n<p><strong>2025. febru\u00e1r 10. 14.00-17.00 \u00f3ra k\u00f6z\u00f6tt a titk\u00e1rs\u00e1gon<\/strong><\/p>\n\n\n\n<p>A vizsg\u00e1ra jelentkez\u00e9s lehets\u00e9ges szem\u00e9lyesen, vagy meghatalmazott \u00fatj\u00e1n meghatalmaz\u00e1ssal.<\/p>\n\n\n\n<p>Az al\u00e1bbi dokumentumok sz\u00fcks\u00e9gesek a jelentkez\u00e9shez:<\/p>\n\n\n\n<p>\u00b7&nbsp;&nbsp;&nbsp;&nbsp;&nbsp;&nbsp;&nbsp;&nbsp;<strong>szem\u00e9lyazonos\u00edt\u00e1sra alkalmas dokumentumok<\/strong>&nbsp;(SZIG vagy \u00fatlev\u00e9l, vagy k\u00e1rtya form\u00e1tum\u00fa jogos\u00edtv\u00e1ny \u00c9S lakc\u00edmk\u00e1rtya),<\/p>\n\n\n\n<p>\u00b7&nbsp;&nbsp;&nbsp;&nbsp;&nbsp;&nbsp;&nbsp;&nbsp;<strong>sz\u00fclet\u00e9si anyak\u00f6nyvi kivonat<\/strong>,<\/p>\n\n\n\n<p>\u00b7&nbsp;&nbsp;&nbsp;&nbsp;&nbsp;&nbsp;&nbsp;&nbsp;<strong>eredeti k\u00f6z\u00e9piskolai bizony\u00edtv\u00e1ny<\/strong>, amennyiben sz\u00fcks\u00e9ges (rendes, ism\u00e9tl\u0151, kieg\u00e9sz\u00edt\u0151, szintemel\u0151, jav\u00edt\u00f3\/p\u00f3tl\u00f3 vizsg\u00e1k)<\/p>\n\n\n\n<p>\u00b7&nbsp;&nbsp;&nbsp;&nbsp;&nbsp;&nbsp;&nbsp;&nbsp;<strong>eredeti \u00e9retts\u00e9gi bizony\u00edtv\u00e1ny<\/strong>,<\/p>\n\n\n\n<p>\u00b7&nbsp;&nbsp;&nbsp;&nbsp;&nbsp;&nbsp;&nbsp;&nbsp;mentess\u00e9g eset\u00e9n a&nbsp;<strong>szak\u00e9rt\u0151i bizotts\u00e1g szakv\u00e9lem\u00e9ny\u00e9nek eredeti p\u00e9ld\u00e1nya<\/strong>,<\/p>\n\n\n\n<p>\u00b7&nbsp;&nbsp;&nbsp;&nbsp;&nbsp;&nbsp;&nbsp;&nbsp;<strong>a vizsgad\u00edj befizet\u00e9s\u00e9t igazol\u00f3 okirat<\/strong>, amennyiben a vizsga d\u00edjk\u00f6teles (vagy a helysz\u00ednen sz\u00fcks\u00e9ges utalni)<\/p>\n\n\n\n<p>Az al\u00e1\u00edrt jelentkez\u00e9si laphoz az al\u00e1bbi&nbsp;<strong>mell\u00e9kleteket<\/strong>&nbsp;kell csatolni:<\/p>\n\n\n\n<p>\u2212&nbsp;&nbsp;&nbsp;&nbsp;&nbsp;<strong>Rendes<\/strong>&nbsp;\u00e9retts\u00e9gi vizsg\u00e1ra t\u00f6rt\u00e9n\u0151 jelentkez\u00e9s eset\u00e9n&nbsp;<strong>a k\u00f6z\u00e9piskolai bizony\u00edtv\u00e1ny<\/strong>&nbsp;(minden tan\u00e9vre vonatkoz\u00f3 oldal\u00e1nak)&nbsp;<strong>m\u00e1solat\u00e1t<\/strong>, illetve, ha valamelyik vizsgat\u00e1rgyb\u00f3l m\u00e1r van el\u0151rehozott \u00e9retts\u00e9gi eredm\u00e9nye a jelentkez\u0151nek, akkor ezen eredm\u00e9ny(ek) igazol\u00e1s\u00e1ra szolg\u00e1l\u00f3&nbsp;<strong>eredeti t\u00f6rzslapkivonatot.<\/strong><\/p>\n\n\n\n<p>\u2212&nbsp;&nbsp;&nbsp;&nbsp;&nbsp;<strong>El\u0151rehozot<\/strong>t \u00e9retts\u00e9gi vizsg\u00e1ra t\u00f6rt\u00e9n\u0151 jelentkez\u00e9s eset\u00e9n a jelentkez\u00e9si laphoz csatolni kell a&nbsp;<strong>100\/1997 (VI.13) Korm\u00e1nyrendelet 12. \u00a7 (7) bekezd\u00e9se<\/strong>&nbsp;szerinti igazol\u00e1st. Amennyiben a tanul\u00f3 nem abban a k\u00f6z\u00e9piskol\u00e1ban jelentkezik \u00e9retts\u00e9gi vizsg\u00e1ra, amellyel tanul\u00f3i jogviszonyban \u00e1ll, igazolnia kell, hogy az adott vizsgat\u00e1rgy helyi tantervben meghat\u00e1rozott k\u00f6vetelm\u00e9nyeit a vizsg\u00e1ra jelentkez\u0151 teljes\u00edtette, tud\u00e1s\u00e1t oszt\u00e1lyzattal \u00e9rt\u00e9kelt\u00e9k, \u00e9s ezt bizony\u00edtv\u00e1nnyal igazolni is tudja.<\/p>\n\n\n\n<p>El\u0151rehozott vizsg\u00e1ra val\u00f3 jelentkez\u00e9s eset\u00e9n emellett igazolnia kell a 9. \u00a7 (3) bekezd\u00e9s\u00e9ben szab\u00e1lyozott felt\u00e9teleknek val\u00f3 megfelel\u00e9st is.&nbsp;<strong>Az igazol\u00e1st annak a k\u00f6z\u00e9piskol\u00e1nak a vezet\u0151je \u00e1ll\u00edtja ki, amellyel a tanul\u00f3 tanul\u00f3i jogviszonyban \u00e1ll.<\/strong><\/p>\n\n\n\n<p>\u2212&nbsp;&nbsp;&nbsp;&nbsp;&nbsp;<strong>Ism\u00e9tl\u0151&nbsp;<\/strong>vizsga eset\u00e9n a jelentkez\u00e9si laphoz csatolni kell&nbsp;<strong>az \u00e9retts\u00e9gi bizony\u00edtv\u00e1ny \u00e9s \u00e9retts\u00e9gi tan\u00fas\u00edtv\u00e1ny(ok)<\/strong>, valamint&nbsp;<strong>a k\u00f6z\u00e9piskolai bizony\u00edtv\u00e1ny<\/strong>&nbsp;(utols\u00f3 tan\u00e9vre vonatkoz\u00f3, a k\u00f6z\u00e9piskolai tanulm\u00e1nyok befejez\u00e9s\u00e9t igazol\u00f3 oldal\u00e1nak)&nbsp;<strong>m\u00e1solat\u00e1t<\/strong>, tov\u00e1bb\u00e1&nbsp;<strong>a vizsgad\u00edj befizet\u00e9s\u00e9t igazol\u00f3 okiratot<\/strong>&nbsp;vagy annak m\u00e1solat\u00e1t.<\/p>\n\n\n\n<p>\u2212&nbsp;&nbsp;&nbsp;&nbsp;&nbsp;A&nbsp;<strong>kieg\u00e9sz\u00edt\u0151&nbsp;<\/strong>vizsga eset\u00e9n csatoland\u00f3 mell\u00e9klet&nbsp;<strong>az \u00e9retts\u00e9gi bizony\u00edtv\u00e1ny<\/strong>, valamint a&nbsp;<strong>k\u00f6z\u00e9piskolai bizony\u00edtv\u00e1ny<\/strong>&nbsp;(utols\u00f3 tan\u00e9vre vonatkoz\u00f3 oldal\u00e1nak, a k\u00f6z\u00e9piskolai tanulm\u00e1nyok befejez\u00e9s\u00e9t igazol\u00f3)&nbsp;<strong>m\u00e1solata<\/strong>, tov\u00e1bb\u00e1&nbsp;<strong>a vizsgad\u00edj befizet\u00e9s\u00e9t igazol\u00f3 okirat<\/strong>&nbsp;vagy annak m\u00e1solata.<\/p>\n\n\n\n<p>\u2212&nbsp;&nbsp;&nbsp;&nbsp;&nbsp;<strong>Szintemel\u0151<\/strong>&nbsp;vizsg\u00e1ra val\u00f3 jelentkez\u00e9s eset\u00e9n az \u00e9retts\u00e9gi bizony\u00edtv\u00e1ny megszerz\u00e9se ut\u00e1n csatolni kell&nbsp;<strong>az \u00e9retts\u00e9gi bizony\u00edtv\u00e1ny m\u00e1solat\u00e1t<\/strong>, valamint a&nbsp;<strong>k\u00f6z\u00e9piskolai bizony\u00edtv\u00e1ny<\/strong>&nbsp;(utols\u00f3 tan\u00e9vre vonatkoz\u00f3, a k\u00f6z\u00e9piskolai tanulm\u00e1nyok befejez\u00e9s\u00e9t igazol\u00f3 oldal\u00e1nak)&nbsp;<strong>m\u00e1solat\u00e1t,<\/strong>&nbsp;tov\u00e1bb\u00e1&nbsp;<strong>a vizsgad\u00edj befizet\u00e9s\u00e9t igazol\u00f3 okiratot<\/strong>&nbsp;vagy annak m\u00e1solat\u00e1t. Az \u00e9retts\u00e9gi bizony\u00edtv\u00e1ny megszerz\u00e9se el\u0151tt pedig a&nbsp;<strong>m\u00e1r megl\u00e9v\u0151 k\u00f6z\u00e9pszint\u0171 vizsga t\u00f6rzslapkivonat\u00e1t.<\/strong><\/p>\n\n\n\n<p>\u2212&nbsp;&nbsp;&nbsp;&nbsp;&nbsp;<strong>Jav\u00edt\u00f3\/ p\u00f3tl\u00f3<\/strong>&nbsp;vizsg\u00e1ra t\u00f6rt\u00e9n\u0151 jelentkez\u00e9s eset\u00e9n csatolni kell&nbsp;<strong>a k\u00f6z\u00e9piskolai bizony\u00edtv\u00e1ny<\/strong>&nbsp;(minden tan\u00e9vre vonatkoz\u00f3 oldal\u00e1nak)<strong>&nbsp;m\u00e1solat\u00e1t, a megkezdett \u00e9retts\u00e9gi vizsga eredeti t\u00f6rzslapkivonat\u00e1t, amely szerint a jelentkez\u0151t jav\u00edt\u00f3 vagy p\u00f3tl\u00f3 vizsg\u00e1t tehet<\/strong>. M\u00e1sodik vagy tov\u00e1bbi jav\u00edt\u00f3\/ p\u00f3tl\u00f3 vizsga eset\u00e9n&nbsp;<strong>a vizsgad\u00edj befizet\u00e9s\u00e9t igazol\u00f3 okiratot<\/strong>&nbsp;vagy annak m\u00e1solat\u00e1t.<\/p>\n\n\n\n<p>\u2212&nbsp;&nbsp;&nbsp;&nbsp;&nbsp;<strong>P\u00f3tl\u00f3 vizsg\u00e1ra<\/strong>&nbsp;val\u00f3 jelentkez\u00e9s eset\u00e9n sz\u00fcks\u00e9ges a kor\u00e1bban m\u00e1r teljes\u00edtett vizsgar\u00e9sz besz\u00e1m\u00edt\u00e1s\u00e1ra vonatkoz\u00f3 nyilatkozat is.<\/p>\n\n\n\n<p>\u2212&nbsp;&nbsp;&nbsp;&nbsp;&nbsp;<strong>Emelt szint\u0171<\/strong>&nbsp;<strong>digit\u00e1lis kult\u00fara<\/strong>&nbsp;vizsg\u00e1ra val\u00f3 jelentkez\u00e9s eset\u00e9n sz\u00fcks\u00e9ges a szoftver v\u00e1laszt\u00e1sra vonatkoz\u00f3 nyilatkozat is.<\/p>\n\n\n\n<p>\u2212&nbsp;&nbsp;&nbsp;&nbsp;&nbsp;<strong>Emelt \u00e9s k\u00f6z\u00e9pszint\u0171<\/strong>&nbsp;<strong>testnevel\u00e9s<\/strong>&nbsp;vizsg\u00e1ra val\u00f3 jelentkez\u00e9s eset\u00e9n sz\u00fcks\u00e9ges a gyakorlati r\u00e9sz v\u00e1laszthat\u00f3 elemeir\u0151l sz\u00f3l\u00f3 nyilatkozat is.<\/p>\n\n\n\n<p>\u2212&nbsp;&nbsp;&nbsp;&nbsp;&nbsp;<strong>Sikertelen el\u0151rehozott \u00e9retts\u00e9gi vizsg\u00e1t vagy a k\u00f6z\u00e9piskolai tanulm\u00e1nyok teljes befejez\u00e9s\u00e9t megel\u0151z\u0151en tett szintemel\u0151 \u00e9retts\u00e9gi vizsg\u00e1t k\u00f6vet\u0151en az adott vizsgatant\u00e1rgyb\u00f3l jav\u00edt\u00f3 vizsg\u00e1ra legkor\u00e1bban a rendes \u00e9retts\u00e9gi vizsgaid\u0151szakban, p\u00f3tl\u00f3 vizsg\u00e1ra b\u00e1rmelyik vizsgaid\u0151szakban lehet jelentkezni<\/strong>.<\/p>\n\n\n\n<p>\u2212&nbsp;&nbsp;&nbsp;&nbsp;&nbsp;<strong>Projektmunka k\u00e9sz\u00edt\u00e9s\u00e9r\u0151l<\/strong>&nbsp;sz\u00f3l\u00f3 nyilatkozat sz\u00fcks\u00e9ges a term\u00e9szettudom\u00e1nyos tant\u00e1rgyak eset\u00e9ben.<\/p>\n\n\n\n<p><strong>Vizsgad\u00edjak:<\/strong><\/p>\n\n\n\n<p>A 229\/12. (VIII.28) Korm\u00e1nyrendelet a nemzetk\u00f6zi k\u00f6znevel\u00e9sr\u0151l sz\u00f3l\u00f3 t\u00f6rv\u00e9ny v\u00e9grehajt\u00e1s\u00e1r\u00f3l (tov\u00e1bbiakban: Rendelet) 34. \u00a7 (1) bekezd\u00e9s\u00e9nek e) pontja \u00e9rtelm\u00e9ben az \u00e9retts\u00e9gi bizony\u00edtv\u00e1ny megszerz\u00e9se vagy a tanul\u00f3i jogviszony megsz\u0171n\u00e9se ut\u00e1n az \u00e9retts\u00e9gi vizsg\u00e1\u00e9rt, tov\u00e1bb\u00e1 az adott vizsgatant\u00e1rgyb\u00f3l a tanul\u00f3i jogviszony fenn\u00e1ll\u00e1sa alatt, az \u00e9retts\u00e9gi bizony\u00edtv\u00e1ny megszerz\u00e9se el\u0151tt megkezdett sikertelen \u00e9retts\u00e9gi vizsga eset\u00e9n a m\u00e1sodik vagy a tov\u00e1bbi jav\u00edt\u00f3 \u2013 \u00e9s p\u00f3tl\u00f3 vizsg\u00e1\u00e9rt vizsgad\u00edjat kell fizetni.<\/p>\n\n\n\n<p>A fizetend\u0151 vizsgad\u00edj \u00f6sszege a Rendelet 35. \u00a7 (4) bekezd\u00e9se alapj\u00e1n a 2025. \u00e9vi tavaszi vizsgaid\u0151szakban:<\/p>\n\n\n\n<p>A&nbsp;k\u00f6z\u00e9pszint\u0171 vizsg\u00e1k&nbsp;vizsgad\u00edja vizsgat\u00e1rgyank\u00e9nt: 44.000 Ft<\/p>\n\n\n\n<p><strong>A k\u00f6z\u00e9pszint\u0171 \u00e9retts\u00e9gi vizsga d\u00edj\u00e1t a K\u00f6z\u00e9p-Budai Tanker\u00fclet K\u00f6zpont sz\u00e1ml\u00e1j\u00e1ra kell utalni.<\/strong><\/p>\n\n\n\n<p><strong>Sz\u00e1mlasz\u00e1m: 11701004-20123907<\/strong><\/p>\n\n\n\n<p>Az&nbsp;emelt szint\u0171 vizsg\u00e1k&nbsp;d\u00edja vizsgat\u00e1rgyank\u00e9nt: 73.000 Ft<\/p>\n\n\n\n<p>Az emelt szint\u0171 vizsga d\u00edj\u00e1t utalv\u00e1nyon vagy \u00e1tutal\u00e1ssal lehet befizetni.<\/p>\n\n\n\n<p><strong>A jogosult neve: Oktat\u00e1si Hivatal<\/strong><\/p>\n\n\n\n<p><strong>Sz\u00e1mlasz\u00e1m: Magyar \u00c1llamkincst\u00e1r 10032000-00282637-00000000<\/strong><\/p>\n\n\n\n<p>A befizet\u00e9si bizonylatot a jelentkez\u00e9si laphoz kell csatolni.<\/p>\n\n\n\n<p>T\u00e9r\u00edt\u00e9smentes az \u00e9retts\u00e9gi vizsga a tanul\u00f3i jogviszony ideje alatt az \u00e9retts\u00e9gi bizony\u00edtv\u00e1ny megszerz\u00e9s\u00e9ig \u00e9s az adott vizsgat\u00e1rgyb\u00f3l az \u00e9retts\u00e9gi bizony\u00edtv\u00e1ny megszerz\u00e9se el\u0151tti, tanul\u00f3i jogviszonyban tett sikertelen \u00e9retts\u00e9gi vizsga els\u0151 jav\u00edt\u00f3 \u2013 \u00e9s p\u00f3tl\u00f3 vizsg\u00e1ja.<\/p>\n\n\n\n<p><strong>\u00c9retts\u00e9givel kapcsolatos inform\u00e1ci\u00f3k megtal\u00e1lhat\u00f3k a k\u00f6vetkez\u0151 linkeken:<\/strong><\/p>\n\n\n\n<figure class=\"wp-block-embed\"><div class=\"wp-block-embed__wrapper\">\nhttps:\/\/www.oktatas.hu\/kozneveles\/erettsegi\/jelentkezes\n<\/div><\/figure>\n\n\n\n<figure class=\"wp-block-embed\"><div class=\"wp-block-embed__wrapper\">\nhttps:\/\/www.oktatas.hu\/kozneveles\/erettsegi\/2025tavaszi_vizsgaidoszak\/2025tavasz_nyilvanos_anyagok_listaja\n<\/div><\/figure>\n","protected":false},"excerpt":{"rendered":"<p>T\u00c1J\u00c9KOZTAT\u00d3 \u00c9RETTS\u00c9GI VIZSG\u00c1RA JELENTKEZ\u0150K SZ\u00c1M\u00c1RA Az al\u00e1bbiakban az \u00e9retts\u00e9gi vizsg\u00e1kra val\u00f3 jelentkez\u00e9ssel kapcsolatos inform\u00e1ci\u00f3kr\u00f3l t\u00e1j\u00e9koztatjuk \u00d6n\u00f6ket! A vizsg\u00e1ra val\u00f3 jelentkez\u00e9s hat\u00e1rideje&nbsp;2025. febru\u00e1r 15. Az int\u00e9zm\u00e9ny&nbsp;nappali munkarendj\u00e9ben tanul\u00f3knak&nbsp;a jelentkez\u00e9st a kijel\u00f6lt \u00e9retts\u00e9gi jegyz\u0151k koordin\u00e1lj\u00e1k. K\u00fcls\u0151s vizsg\u00e1z\u00f3k&nbsp;int\u00e9zm\u00e9ny\u00fcnkben az al\u00e1bbi id\u0151pontokban jelentkezhetnek \u00e9retts\u00e9gire: <a href=\"https:\/\/kosztolanyigimnazium.hu\/?page_id=5040\" class=\"read-more\">Olvass tov\u00e1bb&#8230;<\/a><\/p>\n","protected":false},"author":273,"featured_media":0,"parent":160,"menu_order":0,"comment_status":"closed","ping_status":"closed","template":"","meta":{"footnotes":""},"class_list":["post-5040","page","type-page","status-publish","hentry"],"_links":{"self":[{"href":"https:\/\/kosztolanyigimnazium.hu\/index.php?rest_route=\/wp\/v2\/pages\/5040","targetHints":{"allow":["GET"]}}],"collection":[{"href":"https:\/\/kosztolanyigimnazium.hu\/index.php?rest_route=\/wp\/v2\/pages"}],"about":[{"href":"https:\/\/kosztolanyigimnazium.hu\/index.php?rest_route=\/wp\/v2\/types\/page"}],"author":[{"embeddable":true,"href":"https:\/\/kosztolanyigimnazium.hu\/index.php?rest_route=\/wp\/v2\/users\/273"}],"replies":[{"embeddable":true,"href":"https:\/\/kosztolanyigimnazium.hu\/index.php?rest_route=%2Fwp%2Fv2%2Fcomments&post=5040"}],"version-history":[{"count":3,"href":"https:\/\/kosztolanyigimnazium.hu\/index.php?rest_route=\/wp\/v2\/pages\/5040\/revisions"}],"predecessor-version":[{"id":5049,"href":"https:\/\/kosztolanyigimnazium.hu\/index.php?rest_route=\/wp\/v2\/pages\/5040\/revisions\/5049"}],"up":[{"embeddable":true,"href":"https:\/\/kosztolanyigimnazium.hu\/index.php?rest_route=\/wp\/v2\/pages\/160"}],"wp:attachment":[{"href":"https:\/\/kosztolanyigimnazium.hu\/index.php?rest_route=%2Fwp%2Fv2%2Fmedia&parent=5040"}],"curies":[{"name":"wp","href":"https:\/\/api.w.org\/{rel}","templated":true}]}}