{"id":5176,"date":"2025-05-07T12:44:08","date_gmt":"2025-05-07T11:44:08","guid":{"rendered":"https:\/\/kosztolanyigimnazium.hu\/?page_id=5176"},"modified":"2025-05-07T13:33:19","modified_gmt":"2025-05-07T12:33:19","slug":"valaszthato-tantargyak-tajekoztato","status":"publish","type":"page","link":"https:\/\/kosztolanyigimnazium.hu\/?page_id=5176","title":{"rendered":"V\u00e1laszthat\u00f3 tant\u00e1rgyak t\u00e1j\u00e9koztat\u00f3"},"content":{"rendered":"\n<p><a href=\"https:\/\/drive.google.com\/file\/d\/1Vsajbkv3WMn98qGRkToRdbPySSVwuxJL\/view?usp=sharing\" target=\"_blank\" rel=\"noreferrer noopener\">Nyelvv\u00e1laszt\u00f3 m\u00e1sodik idegen nyelv 2025\/2026-os tan\u00e9vre<\/a><\/p>\n\n\n\n<p><a href=\"https:\/\/drive.google.com\/file\/d\/1rQP9zqwFy_tlk9K4FpwrJeMAQLklE9eF\/view?usp=sharing\" target=\"_blank\" rel=\"noreferrer noopener\">\u00c9retts\u00e9gi el\u0151k\u00e9sz\u00edt\u0151 8 \u00e9vfolyamos oszt\u00e1lyok sz\u00e1m\u00e1ra<\/a><\/p>\n\n\n\n<p><a href=\"https:\/\/drive.google.com\/file\/d\/1uOCMCXHsx71-an7m1Rn7zpRhbuLC_mma\/view?usp=sharing\" target=\"_blank\" rel=\"noreferrer noopener\">\u00c9retts\u00e9gi el\u0151k\u00e9sz\u00edt\u0151 4 \u00e9vfolyamos oszt\u00e1lyok sz\u00e1m\u00e1ra<\/a><\/p>\n\n\n\n<p><\/p>\n","protected":false},"excerpt":{"rendered":"<p>Nyelvv\u00e1laszt\u00f3 m\u00e1sodik idegen nyelv 2025\/2026-os tan\u00e9vre \u00c9retts\u00e9gi el\u0151k\u00e9sz\u00edt\u0151 8 \u00e9vfolyamos oszt\u00e1lyok sz\u00e1m\u00e1ra \u00c9retts\u00e9gi el\u0151k\u00e9sz\u00edt\u0151 4 \u00e9vfolyamos oszt\u00e1lyok sz\u00e1m\u00e1ra<\/p>\n","protected":false},"author":273,"featured_media":0,"parent":0,"menu_order":0,"comment_status":"closed","ping_status":"closed","template":"","meta":{"footnotes":""},"class_list":["post-5176","page","type-page","status-publish","hentry"],"_links":{"self":[{"href":"https:\/\/kosztolanyigimnazium.hu\/index.php?rest_route=\/wp\/v2\/pages\/5176","targetHints":{"allow":["GET"]}}],"collection":[{"href":"https:\/\/kosztolanyigimnazium.hu\/index.php?rest_route=\/wp\/v2\/pages"}],"about":[{"href":"https:\/\/kosztolanyigimnazium.hu\/index.php?rest_route=\/wp\/v2\/types\/page"}],"author":[{"embeddable":true,"href":"https:\/\/kosztolanyigimnazium.hu\/index.php?rest_route=\/wp\/v2\/users\/273"}],"replies":[{"embeddable":true,"href":"https:\/\/kosztolanyigimnazium.hu\/index.php?rest_route=%2Fwp%2Fv2%2Fcomments&post=5176"}],"version-history":[{"count":4,"href":"https:\/\/kosztolanyigimnazium.hu\/index.php?rest_route=\/wp\/v2\/pages\/5176\/revisions"}],"predecessor-version":[{"id":5186,"href":"https:\/\/kosztolanyigimnazium.hu\/index.php?rest_route=\/wp\/v2\/pages\/5176\/revisions\/5186"}],"wp:attachment":[{"href":"https:\/\/kosztolanyigimnazium.hu\/index.php?rest_route=%2Fwp%2Fv2%2Fmedia&parent=5176"}],"curies":[{"name":"wp","href":"https:\/\/api.w.org\/{rel}","templated":true}]}}