{"id":528,"date":"2019-04-17T13:50:46","date_gmt":"2019-04-17T13:50:46","guid":{"rendered":"http:\/\/localhost:8888\/?page_id=528"},"modified":"2020-10-13T09:20:22","modified_gmt":"2020-10-13T08:20:22","slug":"foci","status":"publish","type":"page","link":"https:\/\/kosztolanyigimnazium.hu\/?page_id=528","title":{"rendered":"Foci (Arch\u00edv)"},"content":{"rendered":"\n<p>Kosztol\u00e1nyi Dezs\u0151 Gimn\u00e1ziumban hossz\u00fa \u00e9vek hagyom\u00e1nya, hogy a v\u00e9gz\u0151s di\u00e1kok egy hossz\u00fa &#8211; mindig az \u00e9vsz\u00e1mnak megfelel\u0151 percig tart\u00f3 &#8211; focim\u00e9rk\u0151z\u00e9ssel b\u00facs\u00faznak az iskol\u00e1t\u00f3l, \u00e9s ellenfeleik nem m\u00e1sok, mint tan\u00e1raik.<\/p>\n\n\n\n<h2 class=\"wp-block-heading\">A Kosztol\u00e1nyi Gimn\u00e1zium maratoni sport rendezv\u00e9nye<\/h2>\n\n\n\n<p>2017. janu\u00e1r 26-\u00e1n 11.00 \u00f3ra kezdettel, \u00e9s janu\u00e1r 27-\u00e9n 20 \u00f3ra 37 perces befejez\u00e9ssel, \u00f6sszesen 2017 perces tan\u00e1r-di\u00e1k maratoni teremfocit rendez\u00fcnk imm\u00e1r huszadik alkalommal a budai Kosztol\u00e1nyi Dezs\u0151 Gimn\u00e1zium tornaterm\u00e9ben&nbsp;<em>(1012 Budapest, Attila \u00fat 135).<\/em>A megh\u00edvott vend\u00e9gek, sportol\u00f3k \u00e9s a szponzorok k\u00e9pvisel\u0151i mellett szeretettel v\u00e1runk minden \u00e9rdekl\u0151d\u0151t! A k\u00e9t csapatban rendszeres v\u00e1lt\u00e1sokkal (30 percenk\u00e9nt) 80 sportszeret\u0151 j\u00e1tszik, t\u00f6bb sz\u00e1z n\u00e9z\u0151 folyamatos buzd\u00edt\u00e1sa mellett. A 2017 percig tart\u00f3 focig\u00e1l\u00e1ra a m\u00e9di\u00e1b\u00f3l ismert szem\u00e9lyis\u00e9geket, jeles sportol\u00f3kat h\u00edvunk meg, akik a tan\u00e1rok csapat\u00e1t er\u0151s\u00edtik, ezzel nagyobb kih\u00edv\u00e1st \u00e9s \u00e9lm\u00e9nyt ny\u00fajtva di\u00e1kjainknak. Az esem\u00e9nyt folyamatosan figyelemmel k\u00eds\u00e9ri a m\u00e9dia.<\/p>\n\n\n\n<p><strong>Mindennem\u0171 t\u00e1mogat\u00e1st nagy \u00f6r\u00f6mmel fogadunk, rekl\u00e1manyagaik a tornaterem fal\u00e1n elhelyezhet\u0151k.<\/strong><\/p>\n\n\n\n<ul class=\"wp-block-list\"><li><em>Felaj\u00e1nl\u00e1saikr\u00f3l<\/em>az iskola e-mail c\u00edm\u00e9n, a t\u00e1rgyk\u00e9nt jelezz\u00e9k: \u201e2017&nbsp;perces foci &#8211; felaj\u00e1nl\u00e1s\u201d.<\/li><li><em>J\u00e1t\u00e9kosok<\/em>az iskola e-mail c\u00edm\u00e9n jelentkezhetnek \u00e9jszakai j\u00e1t\u00e9kra, t\u00e1rgyk\u00e9nt jelezz\u00e9k: \u201e2017&nbsp;perces foci &#8211; jelentkez\u00e9s\u201d.<\/li><\/ul>\n\n\n\n<p>A <strong>Foci 2017<\/strong> ihlette&nbsp;k\u00e9pek megtekinthet\u0151ek a Facebook Albumjaink k\u00f6z\u00f6tt, illetve k\u00f6zvetlen\u00fcl a&nbsp;<a href=\"https:\/\/www.facebook.com\/pg\/kdgbp\/photos\/?tab=album&amp;album_id=1381864618608094\">Facebook-on<\/a>!<\/p>\n\n\n\n<figure class=\"wp-block-image\"><img loading=\"lazy\" decoding=\"async\" width=\"700\" height=\"700\" src=\"\/wp-content\/uploads\/2019\/04\/kdg-kepek-oldal-logo-2017foci.jpg\" alt=\"\" class=\"wp-image-529\" srcset=\"https:\/\/kosztolanyigimnazium.hu\/wp-content\/uploads\/2019\/04\/kdg-kepek-oldal-logo-2017foci.jpg 700w, https:\/\/kosztolanyigimnazium.hu\/wp-content\/uploads\/2019\/04\/kdg-kepek-oldal-logo-2017foci-150x150.jpg 150w, https:\/\/kosztolanyigimnazium.hu\/wp-content\/uploads\/2019\/04\/kdg-kepek-oldal-logo-2017foci-300x300.jpg 300w, https:\/\/kosztolanyigimnazium.hu\/wp-content\/uploads\/2019\/04\/kdg-kepek-oldal-logo-2017foci-270x270.jpg 270w\" sizes=\"auto, (max-width: 700px) 100vw, 700px\" \/><figcaption><strong>K\u00e9sztette:<\/strong> N\u00e9meth Nat\u00e1lia 10.C<\/figcaption><\/figure>\n\n\n\n<hr class=\"wp-block-separator\"\/>\n\n\n\n<p>2018 perces Foci bajnoks\u00e1g k\u00e9pei&nbsp;<a href=\"https:\/\/www.facebook.com\/pg\/kdgbp\/photos\/?tab=album&amp;album_id=1446933418767880\">el\u00e9rhet\u0151ek itt.<\/a><\/p>\n\n\n\n<hr class=\"wp-block-separator\"\/>\n\n\n\n<p>A Foci 2019-hez tartoz\u00f3 &#8211;<a href=\"https:\/\/www.facebook.com\/events\/963846234004769\/\">Facebook esem\u00e9ny el\u00e9rhet\u0151 itt.<\/a><\/p>\n\n\n\n<figure class=\"wp-block-image\"><img loading=\"lazy\" decoding=\"async\" width=\"724\" height=\"1024\" src=\"\/wp-content\/uploads\/2019\/04\/kdg-kepek-oldalak-foci2019-724x1024.jpg\" alt=\"\" class=\"wp-image-530\" srcset=\"https:\/\/kosztolanyigimnazium.hu\/wp-content\/uploads\/2019\/04\/kdg-kepek-oldalak-foci2019-724x1024.jpg 724w, https:\/\/kosztolanyigimnazium.hu\/wp-content\/uploads\/2019\/04\/kdg-kepek-oldalak-foci2019-212x300.jpg 212w, https:\/\/kosztolanyigimnazium.hu\/wp-content\/uploads\/2019\/04\/kdg-kepek-oldalak-foci2019-768x1086.jpg 768w, https:\/\/kosztolanyigimnazium.hu\/wp-content\/uploads\/2019\/04\/kdg-kepek-oldalak-foci2019-191x270.jpg 191w, https:\/\/kosztolanyigimnazium.hu\/wp-content\/uploads\/2019\/04\/kdg-kepek-oldalak-foci2019.jpg 1240w\" sizes=\"auto, (max-width: 724px) 100vw, 724px\" \/><\/figure>\n","protected":false},"excerpt":{"rendered":"<p>Kosztol\u00e1nyi Dezs\u0151 Gimn\u00e1ziumban hossz\u00fa \u00e9vek hagyom\u00e1nya, hogy a v\u00e9gz\u0151s di\u00e1kok egy hossz\u00fa &#8211; mindig az \u00e9vsz\u00e1mnak megfelel\u0151 percig tart\u00f3 &#8211; focim\u00e9rk\u0151z\u00e9ssel b\u00facs\u00faznak az iskol\u00e1t\u00f3l, \u00e9s ellenfeleik nem m\u00e1sok, mint tan\u00e1raik. A Kosztol\u00e1nyi Gimn\u00e1zium maratoni sport rendezv\u00e9nye 2017. janu\u00e1r 26-\u00e1n 11.00 <a href=\"https:\/\/kosztolanyigimnazium.hu\/?page_id=528\" class=\"read-more\">Olvass tov\u00e1bb&#8230;<\/a><\/p>\n","protected":false},"author":1,"featured_media":531,"parent":616,"menu_order":0,"comment_status":"closed","ping_status":"closed","template":"","meta":{"footnotes":""},"class_list":["post-528","page","type-page","status-publish","has-post-thumbnail","hentry"],"_links":{"self":[{"href":"https:\/\/kosztolanyigimnazium.hu\/index.php?rest_route=\/wp\/v2\/pages\/528","targetHints":{"allow":["GET"]}}],"collection":[{"href":"https:\/\/kosztolanyigimnazium.hu\/index.php?rest_route=\/wp\/v2\/pages"}],"about":[{"href":"https:\/\/kosztolanyigimnazium.hu\/index.php?rest_route=\/wp\/v2\/types\/page"}],"author":[{"embeddable":true,"href":"https:\/\/kosztolanyigimnazium.hu\/index.php?rest_route=\/wp\/v2\/users\/1"}],"replies":[{"embeddable":true,"href":"https:\/\/kosztolanyigimnazium.hu\/index.php?rest_route=%2Fwp%2Fv2%2Fcomments&post=528"}],"version-history":[{"count":3,"href":"https:\/\/kosztolanyigimnazium.hu\/index.php?rest_route=\/wp\/v2\/pages\/528\/revisions"}],"predecessor-version":[{"id":2308,"href":"https:\/\/kosztolanyigimnazium.hu\/index.php?rest_route=\/wp\/v2\/pages\/528\/revisions\/2308"}],"up":[{"embeddable":true,"href":"https:\/\/kosztolanyigimnazium.hu\/index.php?rest_route=\/wp\/v2\/pages\/616"}],"wp:featuredmedia":[{"embeddable":true,"href":"https:\/\/kosztolanyigimnazium.hu\/index.php?rest_route=\/wp\/v2\/media\/531"}],"wp:attachment":[{"href":"https:\/\/kosztolanyigimnazium.hu\/index.php?rest_route=%2Fwp%2Fv2%2Fmedia&parent=528"}],"curies":[{"name":"wp","href":"https:\/\/api.w.org\/{rel}","templated":true}]}}