{"id":538,"date":"2019-04-17T14:11:01","date_gmt":"2019-04-17T14:11:01","guid":{"rendered":"http:\/\/localhost:8888\/?page_id=538"},"modified":"2020-12-09T21:15:40","modified_gmt":"2020-12-09T20:15:40","slug":"iskolaujsag-a-pacsirta","status":"publish","type":"page","link":"https:\/\/kosztolanyigimnazium.hu\/?page_id=538","title":{"rendered":"Iskola\u00fajs\u00e1g a Pacsirta"},"content":{"rendered":"\n<h2 class=\"wp-block-heading\">Kosztol\u00e1nyi Dezs\u0151 Gimn\u00e1zium Iskola \u00dajs\u00e1ga<\/h2>\n\n\n\n<p>Felel\u0151s kiad\u00f3:<\/p>\n\n\n\n<ul class=\"wp-block-list\"><li>2013 &#8211; 2015: <em>Stelzeln\u00e9 Szab\u00f3 Erzs\u00e9bet<\/em><\/li><li>2015 &#8211; 2020: <em>Bodor Eszter<\/em><\/li><\/ul>\n\n\n\n<p>Felel\u0151s szerkeszt\u0151:<\/p>\n\n\n\n<ul class=\"wp-block-list\"><li>2013 &#8211;&nbsp;2014:&nbsp;<em>Bors Anik\u00f3<\/em><\/li><li>2014 &#8211;&nbsp;2019:&nbsp;<em>Mih\u00f3kn\u00e9 Bartha Katalin<\/em><\/li><li>2020 &#8211; : <em>V\u00e1czi Bal\u00e1zs<\/em><\/li><\/ul>\n\n\n\n<h3 class=\"wp-block-heading\">Iskola\u00fajs\u00e1g let\u00f6lthet\u0151 sz\u00e1mai (aktu\u00e1lis \u00e9s kor\u00e1bbi):<\/h3>\n\n\n\n<figure>\n<iframe loading=\"lazy\" src=\"https:\/\/drive.google.com\/embeddedfolderview?id=1-403Ojg2QeBiI3QKYg_bxmL6X1hX_QXT#grid\" title=\"Iskola\u00fajs\u00e1g aktu\u00e1lis let\u00f6lthet\u0151 sz\u00e1mai:\" width=\"100%\" height=\"250\" class=\"field-iframe field-iframe-instance\" frameborder=\"0\" scrolling=\"no\" transparency=\"0\"><\/iframe>\n<\/figure>\n\n\n\n<figure>\n<iframe loading=\"lazy\" src=\"https:\/\/drive.google.com\/embeddedfolderview?id=1Mw9BmA5NEKrXqPW5WaTZIBUc9tOMXO9m#grid\" title=\"Iskola\u00fajs\u00e1g let\u00f6lthet\u0151 sz\u00e1mai:\" width=\"100%\" height=\"800\" class=\"field-iframe field-iframe-instance\" frameborder=\"0\" scrolling=\"auto\" transparency=\"0\" id=\"iframe-field-iframe-0\" name=\"iframe-field-iframe-0\"><\/iframe>\n<\/figure>\n","protected":false},"excerpt":{"rendered":"<p>Kosztol\u00e1nyi Dezs\u0151 Gimn\u00e1zium Iskola \u00dajs\u00e1ga Felel\u0151s kiad\u00f3: 2013 &#8211; 2015: Stelzeln\u00e9 Szab\u00f3 Erzs\u00e9bet 2015 &#8211; 2020: Bodor Eszter Felel\u0151s szerkeszt\u0151: 2013 &#8211;&nbsp;2014:&nbsp;Bors Anik\u00f3 2014 &#8211;&nbsp;2019:&nbsp;Mih\u00f3kn\u00e9 Bartha Katalin 2020 &#8211; : V\u00e1czi Bal\u00e1zs Iskola\u00fajs\u00e1g let\u00f6lthet\u0151 sz\u00e1mai (aktu\u00e1lis \u00e9s kor\u00e1bbi):<\/p>\n","protected":false},"author":1,"featured_media":0,"parent":473,"menu_order":0,"comment_status":"closed","ping_status":"closed","template":"","meta":{"footnotes":""},"class_list":["post-538","page","type-page","status-publish","hentry"],"_links":{"self":[{"href":"https:\/\/kosztolanyigimnazium.hu\/index.php?rest_route=\/wp\/v2\/pages\/538","targetHints":{"allow":["GET"]}}],"collection":[{"href":"https:\/\/kosztolanyigimnazium.hu\/index.php?rest_route=\/wp\/v2\/pages"}],"about":[{"href":"https:\/\/kosztolanyigimnazium.hu\/index.php?rest_route=\/wp\/v2\/types\/page"}],"author":[{"embeddable":true,"href":"https:\/\/kosztolanyigimnazium.hu\/index.php?rest_route=\/wp\/v2\/users\/1"}],"replies":[{"embeddable":true,"href":"https:\/\/kosztolanyigimnazium.hu\/index.php?rest_route=%2Fwp%2Fv2%2Fcomments&post=538"}],"version-history":[{"count":16,"href":"https:\/\/kosztolanyigimnazium.hu\/index.php?rest_route=\/wp\/v2\/pages\/538\/revisions"}],"predecessor-version":[{"id":2564,"href":"https:\/\/kosztolanyigimnazium.hu\/index.php?rest_route=\/wp\/v2\/pages\/538\/revisions\/2564"}],"up":[{"embeddable":true,"href":"https:\/\/kosztolanyigimnazium.hu\/index.php?rest_route=\/wp\/v2\/pages\/473"}],"wp:attachment":[{"href":"https:\/\/kosztolanyigimnazium.hu\/index.php?rest_route=%2Fwp%2Fv2%2Fmedia&parent=538"}],"curies":[{"name":"wp","href":"https:\/\/api.w.org\/{rel}","templated":true}]}}