{"id":546,"date":"2019-04-17T15:22:47","date_gmt":"2019-04-17T15:22:47","guid":{"rendered":"http:\/\/localhost:8888\/?page_id=546"},"modified":"2024-01-11T14:59:26","modified_gmt":"2024-01-11T13:59:26","slug":"pszichologus","status":"publish","type":"page","link":"https:\/\/kosztolanyigimnazium.hu\/?page_id=546","title":{"rendered":"Pszichol\u00f3gus"},"content":{"rendered":"\n<p>A&nbsp;<strong>Budapest I. ker\u00fcleti&nbsp;Kosztol\u00e1nyi Dezs\u0151 Gimn\u00e1ziumban<\/strong> iskolapszichol\u00f3gus seg\u00edti a di\u00e1kok \u00e9s pedag\u00f3gusok munk\u00e1j\u00e1t. Ennek keret\u00e9ben lehet\u0151s\u00e9g ny\u00edlik a sz\u00fcl\u0151k \u00e9s\/vagy a di\u00e1kok, valamint az iskolapszichol\u00f3gus \u00e1ltal kezdem\u00e9nyezett egy\u00e9ni seg\u00edt\u0151 besz\u00e9lget\u00e9sre, konzult\u00e1ci\u00f3ra, tan\u00e1csad\u00e1sra, ill. csoportos foglalkoz\u00e1sokon val\u00f3 r\u00e9szv\u00e9telre.<\/p>\n\n\n\n<h3 class=\"wp-block-heading\">Mikor \u00e9rdemes vagy sz\u00fcks\u00e9ges az iskolapszichol\u00f3gushoz fordulni?<\/h3>\n\n\n\n<ul class=\"wp-block-list\">\n<li><strong>Tanul\u00e1si neh\u00e9zs\u00e9g<\/strong>(figyelem, koncentr\u00e1ci\u00f3 hi\u00e1nya, tanulm\u00e1nyi eredm\u00e9ny roml\u00e1sa, f\u00e1rad\u00e9konys\u00e1g, bizonytalan feladatv\u00e9gz\u00e9s, teljes\u00edtm\u00e9nyszorong\u00e1s, c\u00e9lok \u00e9s motiv\u00e1ci\u00f3 hi\u00e1nya, iskolai \u00e9s egy\u00e9b eredm\u00e9nyess\u00e9g alul\u00e9rt\u00e9kel\u00e9se, t\u00falzott kritikuss\u00e1g, stb.)<\/li>\n\n\n\n<li><strong>Magatart\u00e1si probl\u00e9m\u00e1k<\/strong>(\u00f6nkontroll hi\u00e1nya, beilleszked\u00e9si probl\u00e9ma, agresszivit\u00e1s, nyugtalans\u00e1g, t\u00falmozg\u00e1s vagy \u00e9ppen visszah\u00faz\u00f3d\u00e1s, iskolaker\u00fcl\u00e9s, igazs\u00e1g gyakori elferd\u00edt\u00e9se, stb. \u2013 Nagyobbakn\u00e1l: drog-probl\u00e9ma; p\u00e1lyav\u00e1laszt\u00e1si \u00e9s tov\u00e1bbtanul\u00e1si bizonytalans\u00e1g; szexualit\u00e1s k\u00e9rd\u00e9sk\u00f6re; p\u00e1rkapcsolati neh\u00e9zs\u00e9gek; bar\u00e1ti kapcsolatok s\u00e9r\u00fcl\u00e9se; serd\u00fcl\u0151kori v\u00e1ltoz\u00e1sok elfogad\u00e1sa, stb.)<\/li>\n\n\n\n<li><strong>S\u00falyosabb konfliktusok<\/strong> sz\u00fcl\u0151vel, pedag\u00f3gusokkal, oszt\u00e1lyt\u00e1rsakkal vagy az iskola m\u00e1s tanul\u00f3ival, vagy a pedag\u00f3gus \u00e9s sz\u00fcl\u0151 k\u00f6z\u00f6tt hosszan fenn\u00e1ll\u00f3 kommunik\u00e1ci\u00f3s neh\u00e9zs\u00e9g &#8211; ilyen esetekben az iskolapszichol\u00f3gus medi\u00e1ci\u00f3s tan\u00e1csad\u00e1st is v\u00e1llal.<\/li>\n\n\n\n<li><strong>\u00c9rzelmi term\u00e9szet\u0171 probl\u00e9m\u00e1k<\/strong>(szorong\u00e1s, sz\u00e9gyenl\u0151ss\u00e9g, g\u00e1tl\u00e1soss\u00e1g, \u00f6nkifejez\u00e9s neh\u00e9zs\u00e9ge, \u00e9rdekl\u0151d\u00e9s \u00e9s \u00f6r\u00f6m k\u00e9pess\u00e9g\u00e9nek elveszt\u00e9se, k\u00f6t\u0151d\u00e9si \u00e9s elenged\u00e9si problematika, elk\u00fcl\u00f6n\u00fcl\u00e9s a t\u00e1rsakt\u00f3l, t\u00falzott \u00e9rz\u00e9kenys\u00e9g, er\u0151s \u00e9rzelmi kit\u00f6r\u00e9sek, tart\u00f3s lehangolts\u00e1g \u00e9s szomor\u00fas\u00e1g, testk\u00e9p vagy \u00e9nk\u00e9p zavar, \u00f6nk\u00e1ros\u00edt\u00f3 gondolatok vagy cselekv\u00e9sek, stb.)<\/li>\n\n\n\n<li><strong>Konkr\u00e9t dolgokhoz nem k\u00f6thet\u0151 f\u00e9lelmek<\/strong> vagy t\u00falzott aggodalmak, ill. f\u00e9lelem bizonyos t\u00e1rgyakt\u00f3l, emberekt\u0151l, helyzetekt\u0151l, idegenekt\u0151l, egyed\u00fcll\u00e9tt\u0151l, stb.<\/li>\n\n\n\n<li><strong>Pszichoszomatikus probl\u00e9m\u00e1k<\/strong> negat\u00edv orvosi diagn\u00f3zis mellett (alv\u00e1si neh\u00e9zs\u00e9gek, szobatisztas\u00e1g zavarai, asztma, reggeli rosszull\u00e9t, sz\u00e9d\u00fcl\u00e9s, gyakori fejf\u00e1j\u00e1s, gyenges\u00e9g-\u00e9rzet, mellkasi szor\u00edt\u00e1s, stb.)<\/li>\n\n\n\n<li><strong>A gyermek \u00e9let\u00e9ben olyan esem\u00e9ny vagy v\u00e1ltoz\u00e1s t\u00f6rt\u00e9nik, ami sz\u00e1m\u00e1ra traumatikus hat\u00e1s\u00fa \u00e9s nehezen feldolgozhat\u00f3 lehet<\/strong>, vagy er\u0151s bizonytalans\u00e1g\u00e9rz\u00e9st kelthet benne (baleset, hal\u00e1leset, szeretett szem\u00e9ly elveszt\u00e9se, v\u00e1l\u00e1s, k\u00f6lt\u00f6z\u00e9s, a sz\u00fcl\u0151 tart\u00f3s t\u00e1voll\u00e9te, alkoholizmus a csal\u00e1dban, verb\u00e1lis vagy fizikai b\u00e1ntalmaz\u00e1s, stb.)<\/li>\n\n\n\n<li><strong>Szokatlan, vagy a gyermek \u00e9letkor\u00e1nak nem megfelel\u0151 viselked\u00e9s<\/strong>. B\u00e1rmilyen zavar, ami eddig a gyermekn\u00e9l nem volt tapasztalhat\u00f3.<\/li>\n<\/ul>\n\n\n\n<p>Ha bizonytalans\u00e1ga van gyermek\u00e9nek nevel\u00e9s\u00e9vel kapcsolatban, vagy csak \u00fagy \u00e9rzi, hogy sz\u00edvesen megosztan\u00e1 gondolatait, \u00e9rz\u00e9seit valakivel, akkor forduljon fel\u00e9m bizalommal.<\/p>\n\n\n\n<p>El\u0151zetes bejelentkez\u00e9s \u00e9s id\u0151pont egyeztet\u00e9s sz\u00fcks\u00e9ges az iskola megjel\u00f6l\u00e9s\u00e9vel \u00e9s a sz\u00fcl\u0151 telefonos el\u00e9rhet\u0151s\u00e9g\u00e9vel egy\u00fctt.Amennyiben a sz\u00fcl\u0151 kezdem\u00e9nyezi a kapcsolatfelv\u00e9telt, a bejelentkez\u00e9st k\u00f6vet\u0151en az iskolapszichol\u00f3gus megkeresi a sz\u00fcl\u0151t id\u0151pont egyeztet\u00e9s\u00e9hez, a gyermek \u00e9rdek\u00e9ben t\u00f6rt\u00e9n\u0151 els\u0151 tal\u00e1lkoz\u00e1shoz.<br>A gyermek el\u0151zetes bejelentkez\u00e9s n\u00e9lk\u00fcl, saj\u00e1t maga, szem\u00e9lyesen is megkeresheti az iskolapszichol\u00f3gust, de a gyermekkel folytatott t\u00f6bbsz\u00f6ri konzult\u00e1ci\u00f3 18 \u00e9ves kor alatt sz\u00fcl\u0151i beleegyez\u00e9shez k\u00f6t\u00f6tt. Err\u0151l az iskolapszichol\u00f3gus vagy a gyermek t\u00e1j\u00e9koztatja a sz\u00fcl\u0151t.<\/p>\n\n\n\n<p>\u00dczenet k\u00fcld\u00e9se a pszichol\u00f3gusnak <a class=\"ek-link\" href=\"mailto:pszichologus@kosztolanyigimnazium.hu\">ide kattintva<\/a> \u00e9rhet\u0151 el pszichologus@kosztolanyigimnazium.hu.<\/p>\n\n\n\n<p class=\"has-text-align-right\"><strong><strong>Imre Orsolya<\/strong><\/strong><br><em>iskolapszichol\u00f3gus<\/em><\/p>\n\n\n<div class=\"wp-block-image\">\n<figure class=\"alignright is-resized\"><img loading=\"lazy\" decoding=\"async\" width=\"455\" height=\"625\" src=\"https:\/\/kosztolanyigimnazium.hu\/wp-content\/uploads\/2024\/01\/ImreOrsolya.jpg\" alt=\"\" class=\"wp-image-4633\" style=\"width:105px;height:auto\" srcset=\"https:\/\/kosztolanyigimnazium.hu\/wp-content\/uploads\/2024\/01\/ImreOrsolya.jpg 455w, https:\/\/kosztolanyigimnazium.hu\/wp-content\/uploads\/2024\/01\/ImreOrsolya-218x300.jpg 218w, https:\/\/kosztolanyigimnazium.hu\/wp-content\/uploads\/2024\/01\/ImreOrsolya-197x270.jpg 197w\" sizes=\"auto, (max-width: 455px) 100vw, 455px\" \/><\/figure>\n<\/div>\n\n\n<div class=\"wp-block-file\"><a id=\"wp-block-file--media-6939d18f-81e7-4ed0-9cce-b6a560265d5a\" href=\"https:\/\/kosztolanyigimnazium.hu\/tanuloknak-szuloknek\/pszichologus\/szbekonzul\/\" target=\"_blank\" rel=\"noreferrer noopener\"><strong>Iskolapszichol\u00f3giai szolg\u00e1ltat\u00e1st elfogad\u00f3 sz\u00fcl\u0151i nyilatkozat<\/strong><\/a><a href=\"https:\/\/kosztolanyigimnazium.hu\/wp-content\/uploads\/2022\/09\/szbekonzul.pdf\" class=\"wp-block-file__button wp-element-button\" download aria-describedby=\"wp-block-file--media-6939d18f-81e7-4ed0-9cce-b6a560265d5a\">Let\u00f6lt\u00e9s<\/a><\/div>\n","protected":false},"excerpt":{"rendered":"<p>A&nbsp;Budapest I. ker\u00fcleti&nbsp;Kosztol\u00e1nyi Dezs\u0151 Gimn\u00e1ziumban iskolapszichol\u00f3gus seg\u00edti a di\u00e1kok \u00e9s pedag\u00f3gusok munk\u00e1j\u00e1t. Ennek keret\u00e9ben lehet\u0151s\u00e9g ny\u00edlik a sz\u00fcl\u0151k \u00e9s\/vagy a di\u00e1kok, valamint az iskolapszichol\u00f3gus \u00e1ltal kezdem\u00e9nyezett egy\u00e9ni seg\u00edt\u0151 besz\u00e9lget\u00e9sre, konzult\u00e1ci\u00f3ra, tan\u00e1csad\u00e1sra, ill. csoportos foglalkoz\u00e1sokon val\u00f3 r\u00e9szv\u00e9telre. Mikor \u00e9rdemes vagy sz\u00fcks\u00e9ges <a href=\"https:\/\/kosztolanyigimnazium.hu\/?page_id=546\" class=\"read-more\">Olvass tov\u00e1bb&#8230;<\/a><\/p>\n","protected":false},"author":1,"featured_media":0,"parent":473,"menu_order":0,"comment_status":"closed","ping_status":"closed","template":"","meta":{"footnotes":""},"class_list":["post-546","page","type-page","status-publish","hentry"],"_links":{"self":[{"href":"https:\/\/kosztolanyigimnazium.hu\/index.php?rest_route=\/wp\/v2\/pages\/546","targetHints":{"allow":["GET"]}}],"collection":[{"href":"https:\/\/kosztolanyigimnazium.hu\/index.php?rest_route=\/wp\/v2\/pages"}],"about":[{"href":"https:\/\/kosztolanyigimnazium.hu\/index.php?rest_route=\/wp\/v2\/types\/page"}],"author":[{"embeddable":true,"href":"https:\/\/kosztolanyigimnazium.hu\/index.php?rest_route=\/wp\/v2\/users\/1"}],"replies":[{"embeddable":true,"href":"https:\/\/kosztolanyigimnazium.hu\/index.php?rest_route=%2Fwp%2Fv2%2Fcomments&post=546"}],"version-history":[{"count":13,"href":"https:\/\/kosztolanyigimnazium.hu\/index.php?rest_route=\/wp\/v2\/pages\/546\/revisions"}],"predecessor-version":[{"id":4635,"href":"https:\/\/kosztolanyigimnazium.hu\/index.php?rest_route=\/wp\/v2\/pages\/546\/revisions\/4635"}],"up":[{"embeddable":true,"href":"https:\/\/kosztolanyigimnazium.hu\/index.php?rest_route=\/wp\/v2\/pages\/473"}],"wp:attachment":[{"href":"https:\/\/kosztolanyigimnazium.hu\/index.php?rest_route=%2Fwp%2Fv2%2Fmedia&parent=546"}],"curies":[{"name":"wp","href":"https:\/\/api.w.org\/{rel}","templated":true}]}}