{"id":553,"date":"2019-04-17T19:28:56","date_gmt":"2019-04-17T19:28:56","guid":{"rendered":"http:\/\/localhost:8888\/?page_id=553"},"modified":"2020-08-28T19:34:19","modified_gmt":"2020-08-28T18:34:19","slug":"temahetek-pdf","status":"publish","type":"page","link":"https:\/\/kosztolanyigimnazium.hu\/?page_id=553","title":{"rendered":"T\u00e9mahetek (PDF)"},"content":{"rendered":"\n<h2 class=\"wp-block-heading\">T\u00e9mahetek<\/h2>\n\n\n\n<ul class=\"wp-block-list\"><li><em><strong>P\u00e9nz\u00fcgyi \u00e9s v\u00e1llalkoz\u00f3i t\u00e9mah\u00e9t<\/strong><\/em><br><\/li><\/ul>\n\n\n\n<div class=\"wp-block-image\"><figure class=\"aligncenter\"><img loading=\"lazy\" decoding=\"async\" width=\"175\" height=\"123\" src=\"https:\/\/kosztolanyigimnazium.hu\/wp-content\/uploads\/2019\/04\/kdg-kepek-oldal-logo-penzugyitemahet.png\" alt=\"\" class=\"wp-image-554\"\/><\/figure><\/div>\n\n\n\n<div class=\"wp-block-image\"><figure class=\"aligncenter size-large\"><img loading=\"lazy\" decoding=\"async\" width=\"1005\" height=\"1024\" src=\"https:\/\/kosztolanyigimnazium.hu\/wp-content\/uploads\/2020\/08\/PenzIR_Iskola_logo_RGB_outLine-1005x1024.png\" alt=\"\" class=\"wp-image-2172\" srcset=\"https:\/\/kosztolanyigimnazium.hu\/wp-content\/uploads\/2020\/08\/PenzIR_Iskola_logo_RGB_outLine-1005x1024.png 1005w, https:\/\/kosztolanyigimnazium.hu\/wp-content\/uploads\/2020\/08\/PenzIR_Iskola_logo_RGB_outLine-294x300.png 294w, https:\/\/kosztolanyigimnazium.hu\/wp-content\/uploads\/2020\/08\/PenzIR_Iskola_logo_RGB_outLine-768x782.png 768w, https:\/\/kosztolanyigimnazium.hu\/wp-content\/uploads\/2020\/08\/PenzIR_Iskola_logo_RGB_outLine-1508x1536.png 1508w, https:\/\/kosztolanyigimnazium.hu\/wp-content\/uploads\/2020\/08\/PenzIR_Iskola_logo_RGB_outLine-265x270.png 265w, https:\/\/kosztolanyigimnazium.hu\/wp-content\/uploads\/2020\/08\/PenzIR_Iskola_logo_RGB_outLine.png 1650w\" sizes=\"auto, (max-width: 1005px) 100vw, 1005px\" \/><\/figure><\/div>\n\n\n\n<p>A P\u00c9NZ7 2020-as&nbsp;<strong>p\u00e9nz\u00fcgyi t\u00e9m\u00e1j\u00fa (P\u00e9nz\u00fcgyi biztons\u00e1g \u2013 ennek keret\u00e9ben korszer\u0171 p\u00e9nzkezel\u00e9s-digit\u00e1lis biztons\u00e1g, valamint biztos\u00edt\u00e1sok &#8211; c\u00edm\u0171)<\/strong>&nbsp;tan\u00f3r\u00e1ira a&nbsp;<a href=\"http:\/\/www.penz7.hu\/\" target=\"_blank\" rel=\"noreferrer noopener\">www.penz7.hu<\/a>&nbsp;oldalr\u00f3l let\u00f6lthet\u0151 seg\u00e9danyagok mellett ingyenes e-learninges felk\u00e9sz\u00fcl\u00e9si lehet\u0151s\u00e9get is biztos\u00edtunk, amelynek el\u00e9rhet\u0151s\u00e9g\u00e9r\u0151l a programba regisztr\u00e1lt tan\u00e1roknak e-mailben k\u00fcld\u00fcnk a k\u00e9s\u0151bbiekben t\u00e1j\u00e9koztat\u00e1st.<\/p>\n\n\n\n<p>A programsorozattal kapcsolatban folyamatosan friss\u00fcl\u0151 t\u00e1j\u00e9koztat\u00e1st olvashat a&nbsp;<strong>P\u00c9NZ7 honlapj\u00e1n, a&nbsp;<a rel=\"noreferrer noopener\" href=\"http:\/\/www.penz7.hu\/\" target=\"_blank\">www.penz7.hu<\/a><\/strong>&nbsp;c\u00edmen. K\u00e9rj\u00fck, hogy k\u00f6vesse figyelemmel a P\u00c9NZ7 k\u00eds\u00e9r\u0151programjait is (Nagy Di\u00e1k P\u00e9nz\u00fcgyes Teszt, Eur\u00f3pai P\u00e9nz\u00fcgyi Kv\u00edz, R\u00e9szv\u00e9nyfutam &#8211; online t\u0151zsdej\u00e1t\u00e9k k\u00f6z\u00e9piskol\u00e1soknak \u00e9s tan\u00e1raiknak, BANK\/CODE tanulm\u00e1nyi verseny).<\/p>\n\n\n\n<div class=\"wp-block-image\"><figure class=\"aligncenter is-resized\"><img loading=\"lazy\" decoding=\"async\" src=\"https:\/\/kosztolanyigimnazium.hu\/wp-content\/uploads\/2020\/01\/penz7.png\" alt=\"\" class=\"wp-image-1736\" width=\"258\" height=\"324\" srcset=\"https:\/\/kosztolanyigimnazium.hu\/wp-content\/uploads\/2020\/01\/penz7.png 1033w, https:\/\/kosztolanyigimnazium.hu\/wp-content\/uploads\/2020\/01\/penz7-239x300.png 239w, https:\/\/kosztolanyigimnazium.hu\/wp-content\/uploads\/2020\/01\/penz7-817x1024.png 817w, https:\/\/kosztolanyigimnazium.hu\/wp-content\/uploads\/2020\/01\/penz7-768x962.png 768w, https:\/\/kosztolanyigimnazium.hu\/wp-content\/uploads\/2020\/01\/penz7-216x270.png 216w\" sizes=\"auto, (max-width: 258px) 100vw, 258px\" \/><\/figure><\/div>\n\n\n\n<ul class=\"wp-block-list\"><li><strong><em>Digit\u00e1lis t\u00e9mah\u00e9t:<\/em><\/strong><br><\/li><\/ul>\n\n\n\n<div class=\"wp-block-image\"><figure class=\"aligncenter\"><img loading=\"lazy\" decoding=\"async\" width=\"180\" height=\"50\" src=\"https:\/\/kosztolanyigimnazium.hu\/wp-content\/uploads\/2019\/04\/kdg-kepek-oldal-logo-digitalistemahet.png\" alt=\"\" class=\"wp-image-555\"\/><\/figure><\/div>\n\n\n\n<p>\u00c9vr\u0151l \u00e9vre egyre fontosabb\u00e1 v\u00e1lik, hogy a di\u00e1kok m\u00e1r iskol\u00e1s idej\u00fck alatt is r\u00e9szletesebben megismerkedjenek a tant\u00e1rgyakban fellelhet\u0151 digit\u00e1lis eszk\u00f6z\u00f6k m\u0171k\u00f6d\u00e9s\u00e9vel, valamint azokkal az eszk\u00f6z\u00f6kkel, amikkel az adott tant\u00e1rgy oktat\u00e1sa sikeresebb. A mai vil\u00e1gban sz\u00fcks\u00e9ges digit\u00e1lis kompetencia megk\u00e9rd\u0151jelezhetetlen, hiszen l\u00e9pten nyomon a digit\u00e1lis vil\u00e1g eszk\u00f6zeibe botlunk, gondoljunk ak\u00e1r a h\u00e9tk\u00f6znapi kommunik\u00e1ci\u00f3t meggyors\u00edt\u00f3 okostelefonokra.&nbsp;<\/p>\n\n\n\n<p>Iskol\u00e1nk informatika oktat\u00e1s\u00e1ban folyamatosan benne van a digit\u00e1lis kompetencia fejleszt\u00e9se. Az&nbsp;<strong>informatika tan\u00e1r<\/strong>ok mindent elk\u00f6vetnek az\u00e9rt, hogy nem csak a NAT \u00e1ltal el\u0151\u00edrt k\u00f6telez\u0151 tananyagot oktass\u00e1k, hanem tov\u00e1bbi kieg\u00e9sz\u00edt\u00e9sk\u00e9nt a h\u00e9tk\u00f6znapok vil\u00e1g\u00e1ra (a digit\u00e1lis vil\u00e1gra is) felk\u00e9sz\u00edt\u00e9st adjanak az\u00e1ltal, hogy ezen \u00faj eszk\u00f6z\u00f6ket is bevonj\u00e1k az oktat\u00e1sba, ak\u00e1r saj\u00e1t p\u00e9ld\u00e1jukon (saj\u00e1t laptop, saj\u00e1t okostelefon haszn\u00e1lta r\u00e9v\u00e9n).<\/p>\n\n\n\n<p><em>Tov\u00e1bbi seg\u00e9danyagok el\u00e9rhet\u0151ek:<\/em>&nbsp;<a href=\"http:\/\/digitalistemahet.hu\/\">http:\/\/digitalistemahet.hu<\/a><\/p>\n\n\n\n<ul class=\"wp-block-list\"><li><strong><em>Fenntarthat\u00f3s\u00e1gi t\u00e9mah\u00e9t<\/em><\/strong><br><\/li><\/ul>\n\n\n\n<div class=\"wp-block-image\"><figure class=\"aligncenter\"><img loading=\"lazy\" decoding=\"async\" width=\"1024\" height=\"215\" src=\"https:\/\/kosztolanyigimnazium.hu\/wp-content\/uploads\/2019\/04\/kdg-kepek-oldal-logo-fenntarthatosagitemahet-1024x215.jpg\" alt=\"\" class=\"wp-image-556\" srcset=\"https:\/\/kosztolanyigimnazium.hu\/wp-content\/uploads\/2019\/04\/kdg-kepek-oldal-logo-fenntarthatosagitemahet-1024x215.jpg 1024w, https:\/\/kosztolanyigimnazium.hu\/wp-content\/uploads\/2019\/04\/kdg-kepek-oldal-logo-fenntarthatosagitemahet-300x63.jpg 300w, https:\/\/kosztolanyigimnazium.hu\/wp-content\/uploads\/2019\/04\/kdg-kepek-oldal-logo-fenntarthatosagitemahet-768x161.jpg 768w, https:\/\/kosztolanyigimnazium.hu\/wp-content\/uploads\/2019\/04\/kdg-kepek-oldal-logo-fenntarthatosagitemahet-360x76.jpg 360w, https:\/\/kosztolanyigimnazium.hu\/wp-content\/uploads\/2019\/04\/kdg-kepek-oldal-logo-fenntarthatosagitemahet.jpg 1400w\" sizes=\"auto, (max-width: 1024px) 100vw, 1024px\" \/><\/figure><\/div>\n\n\n\n<p><em>Tov\u00e1bbi seg\u00e9danyagok el\u00e9rhet\u0151ek:<\/em>&nbsp;<a href=\"https:\/\/www.fenntarthatosagi.temahet.hu\/\">https:\/\/www.fenntarthatosagi.temahet.hu<\/a><\/p>\n\n\n\n<hr class=\"wp-block-separator\"\/>\n\n\n\n<h2 class=\"wp-block-heading\">2017\/2018. tan\u00e9v<\/h2>\n\n\n\n<p><strong>P\u00e9nz\u00fcgyi \u00e9s v\u00e1llalkoz\u00f3i t\u00e9mah\u00e9t:<\/strong>&nbsp;A P\u00e9nz7 program id\u00e9n m\u00e1sodszor ker\u00fclt megszervez\u00e9sre iskol\u00e1nkban, amelyben orsz\u00e1gszerte 1249 iskola, 1645 tan\u00e1r \u00e9s t\u00f6bb, mint 200 000 di\u00e1k vett r\u00e9szt. Ebben a tan\u00e9vben \u00f6t tan\u00e1r h\u00e9t oszt\u00e1lyban tartott \u00f3r\u00e1t az &#8222;Okosan a hitelekr\u0151l!&#8221; t\u00e9mak\u00f6rben. A di\u00e1kok \u00f6r\u00fcltek annak a lehet\u0151s\u00e9gnek, hogy a mindennapi \u00e9lethez kapcsol\u00f3d\u00f3, hasznos inform\u00e1ci\u00f3khoz juthattak \u00e9s sz\u00edvesen csatlakoznak j\u00f6v\u0151re is ehhez a t\u00e9mah\u00e9thez.<\/p>\n\n\n\n<p><strong>Digit\u00e1lis t\u00e9mah\u00e9t:<\/strong>Az idei tan\u00e9vben a szok\u00e1sost\u00f3l jobban nem vett\u00fcnk r\u00e9szt a digit\u00e1lis t\u00e9mah\u00e9t programjaiban. Az iskola tan\u00e1rai \u00edgy is a lehet\u0151s\u00e9gekhez m\u00e9rten folyamatosan haszn\u00e1lj\u00e1k az eszk\u00f6z\u00f6ket (laptop, kivet\u00edt\u0151, hangfalak, internet el\u00e9r\u00e9s) arra, hogy a tan\u00f3r\u00e1ikat sz\u00ednesebb\u00e9, \u00e9lm\u00e9nygazdagg\u00e1 tegy\u00e9k felv\u00e9ve a l\u00e9p\u00e9st a XXI. sz\u00e1zad k\u00f6vetelm\u00e9nyeivel. Iskol\u00e1nk honlapja ilyenkor is folyamatos tartalom friss\u00edt\u00e9sen esik \u00e1t, valamint a nemr\u00e9giben indult Facebook oldalunk ilyen folyamatosan b\u0151v\u00fcl (p\u00e9ld\u00e1ul az iskolai esem\u00e9nyekr\u0151l k\u00e9sz\u00fclt fot\u00f3kkal, valamint a r\u00e9gi fot\u00f3k is \u00e1tker\u00fcltek a k\u00f6nnyebb b\u00f6ng\u00e9sz\u00e9s \u00e9rdek\u00e9ben). A kor\u00e1bbi tan\u00e9vben a t\u00e9mah\u00e9t felel\u0151se (<em>Kassitzky Tam\u00e1s<\/em>) \u00e1ltal javasolt \u00f6tletek id\u00e9n is rendelkez\u00e9sre \u00e1ltak azok sz\u00e1m\u00e1ra, akik nem tudnak t\u00f6bb tan\u00f3r\u00e1t sz\u00e1nni a t\u00e9mah\u00e9t megval\u00f3s\u00edt\u00e1s\u00e1ra:<\/p>\n\n\n\n<p><strong>Digit\u00e1lis t\u00e9mah\u00e9t &#8211; \u00d6tletcsomag<\/strong><\/p>\n\n\n\n<ul class=\"wp-block-list\"><li>Adunk GPS koordin\u00e1t\u00e0kat, meg kell mondani egy\u00e1ltal\u00e1n mi ez, \u00e9s hogy hova mutat (legyenek nevezetes helyek) &#8211; F\u00f6ldrajztan\u00e1rral k\u00f6z\u00f6sen<\/li><li>Kapnak egy webc\u00edmet, amin egy let\u00f6lthet\u0151 zene van, ki szerezte (legyen klasszikus zene) &#8211; \u00c9nek tan\u00e1rral k\u00f6z\u00f6sen<\/li><li>Sz\u00e1m\u00edt\u00f3g\u00e9pes strat\u00e9giai j\u00e1t\u00e9k 1 \u00f3ra ut\u00e1n ki a legsikeresebb &#8211; el\u0151re megadhatjuk a j\u00e1t\u00e9kot, hogy gyakoroljanak<\/li><li>El\u0151ad\u00e1sok &#8211; sz\u00e1m\u00edt\u00f3g\u00e9p fejl\u0151d\u00e9se, mobilok fejl\u0151d\u00e9se, el\u0151ad\u00e1s m\u00f3dszerei &#8211; a sz\u00e1m\u00edt\u00f3g\u00e9p, mint eszk\u00f6z, a digit\u00e1lis hullad\u00e9k helyzete (\u00d6koSuli)<\/li><li>Mobil k\u00e9pkirak\u00e1s az udvaron (egy-egy sz\u00ednt mutatnak a kijelz\u0151k, de \u00e1br\u00e1zolhatna egy festm\u00e9nyt fel\u00fclr\u0151l n\u00e9zve) &#8211; Rajztan\u00e1rral k\u00f6z\u00f6sen<\/li><li>Adott sz\u00f6veg lep\u00f6ty\u00f6g\u00e9se mobilon &#8211; gyorsas\u00e1gi verseny, ahol egy verset kell le\u00edrni &#8211; hib\u00e1tlanul &#8211; Magyartan\u00e1rral k\u00f6z\u00f6sen<\/li><li>H\u00edrek az informatika vil\u00e1g\u00e1b\u00f3l \u00e1lland\u00f3 rovat a honlapra (ak\u00e1r \u00fagy hogy a di\u00e1k \u00edrja, a tan\u00e1r csak lektor\u00e1lja)<\/li><li>OpenWIFI az iskol\u00e1ban &#8211; ami kez\u0151dhetne a Digit\u00e1lis h\u00e9ten korl\u00e1tozva a sz\u00fcnetekte (rendszergazda jogosults\u00e1g sz\u00fcks\u00e9ges)<\/li><li>Fels\u0151bb \u00e9vesekn\u00e9l laptop verseny (hol van a legt\u00f6bb, mennyi a t\u00f6meg\u00fck, h\u00e1ny cm vastagok), akinek engedik behozza &#8211; Fizikatan\u00e1rral, matektan\u00e1rral k\u00f6z\u00f6sen<\/li><li>Als\u00f3bb \u00e9vesek a sz\u00e1m\u00edt\u00e1si teljes\u00edtm\u00e9nnyel \u00e9s a mem\u00f3ri\u00e1val, \u00fcres hellyel verseny (mobilos fot\u00f3val, teljes\u00edtm\u00e8nym\u00e9r\u0151 programmal igazolj\u00e1k)<\/li><li>Minden h\u00e9ten egy fot\u00f3 az iskola \u00e9let\u00e9b\u0151l (felt\u00f6ltve, dokument\u00e1lva) &#8211; 25. \u00e9v jegy\u00e9ben egy fot\u00f3mont\u00e1zs k\u00e9sz\u00fclne<\/li><\/ul>\n","protected":false},"excerpt":{"rendered":"<p>T\u00e9mahetek P\u00e9nz\u00fcgyi \u00e9s v\u00e1llalkoz\u00f3i t\u00e9mah\u00e9t A P\u00c9NZ7 2020-as&nbsp;p\u00e9nz\u00fcgyi t\u00e9m\u00e1j\u00fa (P\u00e9nz\u00fcgyi biztons\u00e1g \u2013 ennek keret\u00e9ben korszer\u0171 p\u00e9nzkezel\u00e9s-digit\u00e1lis biztons\u00e1g, valamint biztos\u00edt\u00e1sok &#8211; c\u00edm\u0171)&nbsp;tan\u00f3r\u00e1ira a&nbsp;www.penz7.hu&nbsp;oldalr\u00f3l let\u00f6lthet\u0151 seg\u00e9danyagok mellett ingyenes e-learninges felk\u00e9sz\u00fcl\u00e9si lehet\u0151s\u00e9get is biztos\u00edtunk, amelynek el\u00e9rhet\u0151s\u00e9g\u00e9r\u0151l a programba regisztr\u00e1lt tan\u00e1roknak e-mailben k\u00fcld\u00fcnk a <a href=\"https:\/\/kosztolanyigimnazium.hu\/?page_id=553\" class=\"read-more\">Olvass tov\u00e1bb&#8230;<\/a><\/p>\n","protected":false},"author":1,"featured_media":0,"parent":473,"menu_order":0,"comment_status":"closed","ping_status":"closed","template":"","meta":{"footnotes":""},"class_list":["post-553","page","type-page","status-publish","hentry"],"_links":{"self":[{"href":"https:\/\/kosztolanyigimnazium.hu\/index.php?rest_route=\/wp\/v2\/pages\/553","targetHints":{"allow":["GET"]}}],"collection":[{"href":"https:\/\/kosztolanyigimnazium.hu\/index.php?rest_route=\/wp\/v2\/pages"}],"about":[{"href":"https:\/\/kosztolanyigimnazium.hu\/index.php?rest_route=\/wp\/v2\/types\/page"}],"author":[{"embeddable":true,"href":"https:\/\/kosztolanyigimnazium.hu\/index.php?rest_route=\/wp\/v2\/users\/1"}],"replies":[{"embeddable":true,"href":"https:\/\/kosztolanyigimnazium.hu\/index.php?rest_route=%2Fwp%2Fv2%2Fcomments&post=553"}],"version-history":[{"count":4,"href":"https:\/\/kosztolanyigimnazium.hu\/index.php?rest_route=\/wp\/v2\/pages\/553\/revisions"}],"predecessor-version":[{"id":2174,"href":"https:\/\/kosztolanyigimnazium.hu\/index.php?rest_route=\/wp\/v2\/pages\/553\/revisions\/2174"}],"up":[{"embeddable":true,"href":"https:\/\/kosztolanyigimnazium.hu\/index.php?rest_route=\/wp\/v2\/pages\/473"}],"wp:attachment":[{"href":"https:\/\/kosztolanyigimnazium.hu\/index.php?rest_route=%2Fwp%2Fv2%2Fmedia&parent=553"}],"curies":[{"name":"wp","href":"https:\/\/api.w.org\/{rel}","templated":true}]}}