{"id":568,"date":"2019-04-17T19:34:56","date_gmt":"2019-04-17T19:34:56","guid":{"rendered":"http:\/\/localhost:8888\/?page_id=568"},"modified":"2019-04-18T08:26:15","modified_gmt":"2019-04-18T08:26:15","slug":"gyogytestneveles","status":"publish","type":"page","link":"https:\/\/kosztolanyigimnazium.hu\/?page_id=568","title":{"rendered":"Gy\u00f3gytestnevel\u00e9s"},"content":{"rendered":"\n<h3 class=\"wp-block-heading\">Varga Ilona<br><\/h3>\n\n\n\n<p><em>gy\u00f3gytestnevel\u0151<\/em><\/p>\n\n\n\n<ul class=\"wp-block-list\"><li>e-mail:&nbsp;<a href=\"mailto:varga.ilona85@gmail.com\">varga.ilona85@gmail.com<\/a>.<strong>&nbsp; &#8211; K\u00e9rj\u00fck, hogy a sz\u00fcl\u0151k els\u0151sorban e-mailen keress\u00e9k.<\/strong><\/li><li>telefon: +36-30\/837-7870<\/li><\/ul>\n\n\n\n<p>A gy\u00f3gytestnevel\u00e9s id\u0151pontja:&nbsp;<strong>h\u00e9tf\u0151nk\u00e9nt: 15:15 &#8211; 16:45 <\/strong><\/p>\n","protected":false},"excerpt":{"rendered":"<p>Varga Ilona gy\u00f3gytestnevel\u0151 e-mail:&nbsp;varga.ilona85@gmail.com.&nbsp; &#8211; K\u00e9rj\u00fck, hogy a sz\u00fcl\u0151k els\u0151sorban e-mailen keress\u00e9k. telefon: +36-30\/837-7870 A gy\u00f3gytestnevel\u00e9s id\u0151pontja:&nbsp;h\u00e9tf\u0151nk\u00e9nt: 15:15 &#8211; 16:45<\/p>\n","protected":false},"author":1,"featured_media":0,"parent":627,"menu_order":0,"comment_status":"closed","ping_status":"closed","template":"","meta":{"footnotes":""},"class_list":["post-568","page","type-page","status-publish","hentry"],"_links":{"self":[{"href":"https:\/\/kosztolanyigimnazium.hu\/index.php?rest_route=\/wp\/v2\/pages\/568","targetHints":{"allow":["GET"]}}],"collection":[{"href":"https:\/\/kosztolanyigimnazium.hu\/index.php?rest_route=\/wp\/v2\/pages"}],"about":[{"href":"https:\/\/kosztolanyigimnazium.hu\/index.php?rest_route=\/wp\/v2\/types\/page"}],"author":[{"embeddable":true,"href":"https:\/\/kosztolanyigimnazium.hu\/index.php?rest_route=\/wp\/v2\/users\/1"}],"replies":[{"embeddable":true,"href":"https:\/\/kosztolanyigimnazium.hu\/index.php?rest_route=%2Fwp%2Fv2%2Fcomments&post=568"}],"version-history":[{"count":2,"href":"https:\/\/kosztolanyigimnazium.hu\/index.php?rest_route=\/wp\/v2\/pages\/568\/revisions"}],"predecessor-version":[{"id":630,"href":"https:\/\/kosztolanyigimnazium.hu\/index.php?rest_route=\/wp\/v2\/pages\/568\/revisions\/630"}],"up":[{"embeddable":true,"href":"https:\/\/kosztolanyigimnazium.hu\/index.php?rest_route=\/wp\/v2\/pages\/627"}],"wp:attachment":[{"href":"https:\/\/kosztolanyigimnazium.hu\/index.php?rest_route=%2Fwp%2Fv2%2Fmedia&parent=568"}],"curies":[{"name":"wp","href":"https:\/\/api.w.org\/{rel}","templated":true}]}}