{"id":587,"date":"2019-04-17T19:55:51","date_gmt":"2019-04-17T19:55:51","guid":{"rendered":"http:\/\/localhost:8888\/?page_id=587"},"modified":"2019-04-23T17:49:16","modified_gmt":"2019-04-23T17:49:16","slug":"matematika","status":"publish","type":"page","link":"https:\/\/kosztolanyigimnazium.hu\/?page_id=587","title":{"rendered":"Matematika"},"content":{"rendered":"\n<p><strong>Gyakorl\u00f3 feladatok a 2016\/2017. tan\u00e9vhez:<\/strong><\/p>\n\n\n\n<div class=\"wp-block-file\"><a href=\"\/wp-content\/uploads\/2019\/04\/kdg-matematika-16-17-gyakorlo-szazalek-megoldasokkal-6b.pdf\">Sz\u00e1zal\u00e9k gyakorl\u00f3 megold\u00e1sokkal (6.B)<\/a><a href=\"\/wp-content\/uploads\/2019\/04\/kdg-matematika-16-17-gyakorlo-szazalek-megoldasokkal-6b.pdf\" class=\"wp-block-file__button\" download>Let\u00f6lt\u00e9s<\/a><\/div>\n\n\n\n<div class=\"wp-block-file\"><a href=\"\/wp-content\/uploads\/2019\/04\/kdg-matematika-16-17-gyakorlo-vizsgara-7evf.pdf\">\u00c9vfolyamvizsg\u00e1ra gyakorl\u00f3 (7. \u00e9vfolyam)<\/a><a href=\"\/wp-content\/uploads\/2019\/04\/kdg-matematika-16-17-gyakorlo-vizsgara-7evf.pdf\" class=\"wp-block-file__button\" download>Let\u00f6lt\u00e9s<\/a><\/div>\n\n\n\n<div class=\"wp-block-file\"><a href=\"\/wp-content\/uploads\/2019\/04\/kdg-matematika-16-17-gyakorlo-vizsgara-7evf-2.pdf\">\u00c9vfolyamvizsg\u00e1ra gyakorl\u00f3 2. (7. \u00e9vfolyam)<\/a><a href=\"\/wp-content\/uploads\/2019\/04\/kdg-matematika-16-17-gyakorlo-vizsgara-7evf-2.pdf\" class=\"wp-block-file__button\" download>Let\u00f6lt\u00e9s<\/a><\/div>\n","protected":false},"excerpt":{"rendered":"<p>Gyakorl\u00f3 feladatok a 2016\/2017. tan\u00e9vhez:<\/p>\n","protected":false},"author":1,"featured_media":861,"parent":627,"menu_order":0,"comment_status":"closed","ping_status":"closed","template":"","meta":{"footnotes":""},"class_list":["post-587","page","type-page","status-publish","has-post-thumbnail","hentry"],"_links":{"self":[{"href":"https:\/\/kosztolanyigimnazium.hu\/index.php?rest_route=\/wp\/v2\/pages\/587","targetHints":{"allow":["GET"]}}],"collection":[{"href":"https:\/\/kosztolanyigimnazium.hu\/index.php?rest_route=\/wp\/v2\/pages"}],"about":[{"href":"https:\/\/kosztolanyigimnazium.hu\/index.php?rest_route=\/wp\/v2\/types\/page"}],"author":[{"embeddable":true,"href":"https:\/\/kosztolanyigimnazium.hu\/index.php?rest_route=\/wp\/v2\/users\/1"}],"replies":[{"embeddable":true,"href":"https:\/\/kosztolanyigimnazium.hu\/index.php?rest_route=%2Fwp%2Fv2%2Fcomments&post=587"}],"version-history":[{"count":2,"href":"https:\/\/kosztolanyigimnazium.hu\/index.php?rest_route=\/wp\/v2\/pages\/587\/revisions"}],"predecessor-version":[{"id":862,"href":"https:\/\/kosztolanyigimnazium.hu\/index.php?rest_route=\/wp\/v2\/pages\/587\/revisions\/862"}],"up":[{"embeddable":true,"href":"https:\/\/kosztolanyigimnazium.hu\/index.php?rest_route=\/wp\/v2\/pages\/627"}],"wp:featuredmedia":[{"embeddable":true,"href":"https:\/\/kosztolanyigimnazium.hu\/index.php?rest_route=\/wp\/v2\/media\/861"}],"wp:attachment":[{"href":"https:\/\/kosztolanyigimnazium.hu\/index.php?rest_route=%2Fwp%2Fv2%2Fmedia&parent=587"}],"curies":[{"name":"wp","href":"https:\/\/api.w.org\/{rel}","templated":true}]}}