{"id":593,"date":"2019-04-18T08:05:20","date_gmt":"2019-04-18T08:05:20","guid":{"rendered":"http:\/\/localhost:8888\/?page_id=593"},"modified":"2019-06-17T09:34:47","modified_gmt":"2019-06-17T07:34:47","slug":"fizika","status":"publish","type":"page","link":"https:\/\/kosztolanyigimnazium.hu\/?page_id=593","title":{"rendered":"Fizika"},"content":{"rendered":"\n<h3 class=\"wp-block-heading\">Fizika k\u00f6z\u00e9pszint\u0171 \u00e9retts\u00e9gi sz\u00f3belij\u00e9n haszn\u00e1lt k\u00eds\u00e9rleti eszk\u00f6z\u00f6k k\u00e9pei:<\/h3>\n\n\n\n<ul class=\"wp-block-gallery columns-4 is-cropped wp-block-gallery-1 is-layout-flex wp-block-gallery-is-layout-flex\"><li class=\"blocks-gallery-item\"><figure><img loading=\"lazy\" decoding=\"async\" width=\"1024\" height=\"576\" src=\"https:\/\/kosztolanyigimnazium.hu\/wp-content\/uploads\/2019\/06\/20190605_082158-1024x576.jpg\" alt=\"\" data-id=\"1166\" data-link=\"https:\/\/kosztolanyigimnazium.hu\/20190605_082158\/\" class=\"wp-image-1166\" srcset=\"https:\/\/kosztolanyigimnazium.hu\/wp-content\/uploads\/2019\/06\/20190605_082158-1024x576.jpg 1024w, https:\/\/kosztolanyigimnazium.hu\/wp-content\/uploads\/2019\/06\/20190605_082158-300x169.jpg 300w, https:\/\/kosztolanyigimnazium.hu\/wp-content\/uploads\/2019\/06\/20190605_082158-768x432.jpg 768w, https:\/\/kosztolanyigimnazium.hu\/wp-content\/uploads\/2019\/06\/20190605_082158-360x203.jpg 360w\" sizes=\"auto, (max-width: 1024px) 100vw, 1024px\" \/><\/figure><\/li><li class=\"blocks-gallery-item\"><figure><img loading=\"lazy\" decoding=\"async\" width=\"576\" height=\"768\" src=\"https:\/\/kosztolanyigimnazium.hu\/wp-content\/uploads\/2019\/04\/kdg-erettsegi-szobeli-fizika-01.jpg\" alt=\"\" data-id=\"608\" data-link=\"https:\/\/kosztolanyigimnazium.hu\/tanuloknak-szuloknek\/tantargyak\/fizika\/kdg-erettsegi-szobeli-fizika-01\/\" class=\"wp-image-608\" srcset=\"https:\/\/kosztolanyigimnazium.hu\/wp-content\/uploads\/2019\/04\/kdg-erettsegi-szobeli-fizika-01.jpg 576w, https:\/\/kosztolanyigimnazium.hu\/wp-content\/uploads\/2019\/04\/kdg-erettsegi-szobeli-fizika-01-225x300.jpg 225w, https:\/\/kosztolanyigimnazium.hu\/wp-content\/uploads\/2019\/04\/kdg-erettsegi-szobeli-fizika-01-203x270.jpg 203w\" sizes=\"auto, (max-width: 576px) 100vw, 576px\" \/><\/figure><\/li><li class=\"blocks-gallery-item\"><figure><img loading=\"lazy\" decoding=\"async\" width=\"576\" height=\"768\" src=\"https:\/\/kosztolanyigimnazium.hu\/wp-content\/uploads\/2019\/04\/kdg-erettsegi-szobeli-fizika-03.jpg\" alt=\"\" data-id=\"606\" data-link=\"https:\/\/kosztolanyigimnazium.hu\/tanuloknak-szuloknek\/tantargyak\/fizika\/kdg-erettsegi-szobeli-fizika-03\/\" class=\"wp-image-606\" srcset=\"https:\/\/kosztolanyigimnazium.hu\/wp-content\/uploads\/2019\/04\/kdg-erettsegi-szobeli-fizika-03.jpg 576w, https:\/\/kosztolanyigimnazium.hu\/wp-content\/uploads\/2019\/04\/kdg-erettsegi-szobeli-fizika-03-225x300.jpg 225w, https:\/\/kosztolanyigimnazium.hu\/wp-content\/uploads\/2019\/04\/kdg-erettsegi-szobeli-fizika-03-203x270.jpg 203w\" sizes=\"auto, (max-width: 576px) 100vw, 576px\" \/><\/figure><\/li><li class=\"blocks-gallery-item\"><figure><img loading=\"lazy\" decoding=\"async\" width=\"1024\" height=\"768\" src=\"https:\/\/kosztolanyigimnazium.hu\/wp-content\/uploads\/2019\/04\/kdg-erettsegi-szobeli-fizika-02-1024x768.jpg\" alt=\"\" data-id=\"607\" data-link=\"https:\/\/kosztolanyigimnazium.hu\/tanuloknak-szuloknek\/tantargyak\/fizika\/kdg-erettsegi-szobeli-fizika-02\/\" class=\"wp-image-607\" srcset=\"https:\/\/kosztolanyigimnazium.hu\/wp-content\/uploads\/2019\/04\/kdg-erettsegi-szobeli-fizika-02.jpg 1024w, https:\/\/kosztolanyigimnazium.hu\/wp-content\/uploads\/2019\/04\/kdg-erettsegi-szobeli-fizika-02-300x225.jpg 300w, https:\/\/kosztolanyigimnazium.hu\/wp-content\/uploads\/2019\/04\/kdg-erettsegi-szobeli-fizika-02-768x576.jpg 768w, https:\/\/kosztolanyigimnazium.hu\/wp-content\/uploads\/2019\/04\/kdg-erettsegi-szobeli-fizika-02-360x270.jpg 360w\" sizes=\"auto, (max-width: 1024px) 100vw, 1024px\" \/><\/figure><\/li><li class=\"blocks-gallery-item\"><figure><img loading=\"lazy\" decoding=\"async\" width=\"1024\" height=\"768\" src=\"https:\/\/kosztolanyigimnazium.hu\/wp-content\/uploads\/2019\/04\/kdg-erettsegi-szobeli-fizika-10-1024x768.jpg\" alt=\"\" data-id=\"599\" data-link=\"https:\/\/kosztolanyigimnazium.hu\/tanuloknak-szuloknek\/tantargyak\/fizika\/kdg-erettsegi-szobeli-fizika-10\/\" class=\"wp-image-599\" srcset=\"https:\/\/kosztolanyigimnazium.hu\/wp-content\/uploads\/2019\/04\/kdg-erettsegi-szobeli-fizika-10.jpg 1024w, https:\/\/kosztolanyigimnazium.hu\/wp-content\/uploads\/2019\/04\/kdg-erettsegi-szobeli-fizika-10-300x225.jpg 300w, https:\/\/kosztolanyigimnazium.hu\/wp-content\/uploads\/2019\/04\/kdg-erettsegi-szobeli-fizika-10-768x576.jpg 768w, https:\/\/kosztolanyigimnazium.hu\/wp-content\/uploads\/2019\/04\/kdg-erettsegi-szobeli-fizika-10-360x270.jpg 360w\" sizes=\"auto, (max-width: 1024px) 100vw, 1024px\" \/><\/figure><\/li><li class=\"blocks-gallery-item\"><figure><img loading=\"lazy\" decoding=\"async\" width=\"1024\" height=\"768\" src=\"https:\/\/kosztolanyigimnazium.hu\/wp-content\/uploads\/2019\/04\/kdg-erettsegi-szobeli-fizika-09-1024x768.jpg\" alt=\"\" data-id=\"600\" data-link=\"https:\/\/kosztolanyigimnazium.hu\/tanuloknak-szuloknek\/tantargyak\/fizika\/kdg-erettsegi-szobeli-fizika-09\/\" class=\"wp-image-600\" srcset=\"https:\/\/kosztolanyigimnazium.hu\/wp-content\/uploads\/2019\/04\/kdg-erettsegi-szobeli-fizika-09.jpg 1024w, https:\/\/kosztolanyigimnazium.hu\/wp-content\/uploads\/2019\/04\/kdg-erettsegi-szobeli-fizika-09-300x225.jpg 300w, https:\/\/kosztolanyigimnazium.hu\/wp-content\/uploads\/2019\/04\/kdg-erettsegi-szobeli-fizika-09-768x576.jpg 768w, https:\/\/kosztolanyigimnazium.hu\/wp-content\/uploads\/2019\/04\/kdg-erettsegi-szobeli-fizika-09-360x270.jpg 360w\" sizes=\"auto, (max-width: 1024px) 100vw, 1024px\" \/><\/figure><\/li><li class=\"blocks-gallery-item\"><figure><img loading=\"lazy\" decoding=\"async\" width=\"576\" height=\"768\" src=\"https:\/\/kosztolanyigimnazium.hu\/wp-content\/uploads\/2019\/04\/kdg-erettsegi-szobeli-fizika-08.jpg\" alt=\"\" data-id=\"601\" data-link=\"https:\/\/kosztolanyigimnazium.hu\/tanuloknak-szuloknek\/tantargyak\/fizika\/kdg-erettsegi-szobeli-fizika-08\/\" class=\"wp-image-601\" srcset=\"https:\/\/kosztolanyigimnazium.hu\/wp-content\/uploads\/2019\/04\/kdg-erettsegi-szobeli-fizika-08.jpg 576w, https:\/\/kosztolanyigimnazium.hu\/wp-content\/uploads\/2019\/04\/kdg-erettsegi-szobeli-fizika-08-225x300.jpg 225w, https:\/\/kosztolanyigimnazium.hu\/wp-content\/uploads\/2019\/04\/kdg-erettsegi-szobeli-fizika-08-203x270.jpg 203w\" sizes=\"auto, (max-width: 576px) 100vw, 576px\" \/><\/figure><\/li><li class=\"blocks-gallery-item\"><figure><img loading=\"lazy\" decoding=\"async\" width=\"576\" height=\"768\" src=\"https:\/\/kosztolanyigimnazium.hu\/wp-content\/uploads\/2019\/04\/kdg-erettsegi-szobeli-fizika-07.jpg\" alt=\"\" data-id=\"602\" data-link=\"https:\/\/kosztolanyigimnazium.hu\/tanuloknak-szuloknek\/tantargyak\/fizika\/kdg-erettsegi-szobeli-fizika-07\/\" class=\"wp-image-602\" srcset=\"https:\/\/kosztolanyigimnazium.hu\/wp-content\/uploads\/2019\/04\/kdg-erettsegi-szobeli-fizika-07.jpg 576w, https:\/\/kosztolanyigimnazium.hu\/wp-content\/uploads\/2019\/04\/kdg-erettsegi-szobeli-fizika-07-225x300.jpg 225w, https:\/\/kosztolanyigimnazium.hu\/wp-content\/uploads\/2019\/04\/kdg-erettsegi-szobeli-fizika-07-203x270.jpg 203w\" sizes=\"auto, (max-width: 576px) 100vw, 576px\" \/><\/figure><\/li><li class=\"blocks-gallery-item\"><figure><img loading=\"lazy\" decoding=\"async\" width=\"1024\" height=\"768\" src=\"https:\/\/kosztolanyigimnazium.hu\/wp-content\/uploads\/2019\/04\/kdg-erettsegi-szobeli-fizika-06-1024x768.jpg\" alt=\"\" data-id=\"603\" data-link=\"https:\/\/kosztolanyigimnazium.hu\/tanuloknak-szuloknek\/tantargyak\/fizika\/kdg-erettsegi-szobeli-fizika-06\/\" class=\"wp-image-603\" srcset=\"https:\/\/kosztolanyigimnazium.hu\/wp-content\/uploads\/2019\/04\/kdg-erettsegi-szobeli-fizika-06.jpg 1024w, https:\/\/kosztolanyigimnazium.hu\/wp-content\/uploads\/2019\/04\/kdg-erettsegi-szobeli-fizika-06-300x225.jpg 300w, https:\/\/kosztolanyigimnazium.hu\/wp-content\/uploads\/2019\/04\/kdg-erettsegi-szobeli-fizika-06-768x576.jpg 768w, https:\/\/kosztolanyigimnazium.hu\/wp-content\/uploads\/2019\/04\/kdg-erettsegi-szobeli-fizika-06-360x270.jpg 360w\" sizes=\"auto, (max-width: 1024px) 100vw, 1024px\" \/><\/figure><\/li><li class=\"blocks-gallery-item\"><figure><img loading=\"lazy\" decoding=\"async\" width=\"1024\" height=\"768\" src=\"https:\/\/kosztolanyigimnazium.hu\/wp-content\/uploads\/2019\/04\/kdg-erettsegi-szobeli-fizika-05-1024x768.jpg\" alt=\"\" data-id=\"604\" data-link=\"https:\/\/kosztolanyigimnazium.hu\/tanuloknak-szuloknek\/tantargyak\/fizika\/kdg-erettsegi-szobeli-fizika-05\/\" class=\"wp-image-604\" srcset=\"https:\/\/kosztolanyigimnazium.hu\/wp-content\/uploads\/2019\/04\/kdg-erettsegi-szobeli-fizika-05.jpg 1024w, https:\/\/kosztolanyigimnazium.hu\/wp-content\/uploads\/2019\/04\/kdg-erettsegi-szobeli-fizika-05-300x225.jpg 300w, https:\/\/kosztolanyigimnazium.hu\/wp-content\/uploads\/2019\/04\/kdg-erettsegi-szobeli-fizika-05-768x576.jpg 768w, https:\/\/kosztolanyigimnazium.hu\/wp-content\/uploads\/2019\/04\/kdg-erettsegi-szobeli-fizika-05-360x270.jpg 360w\" sizes=\"auto, (max-width: 1024px) 100vw, 1024px\" \/><\/figure><\/li><li class=\"blocks-gallery-item\"><figure><img loading=\"lazy\" decoding=\"async\" width=\"1024\" height=\"768\" src=\"https:\/\/kosztolanyigimnazium.hu\/wp-content\/uploads\/2019\/04\/kdg-erettsegi-szobeli-fizika-04-1024x768.jpg\" alt=\"\" data-id=\"605\" data-link=\"https:\/\/kosztolanyigimnazium.hu\/tanuloknak-szuloknek\/tantargyak\/fizika\/kdg-erettsegi-szobeli-fizika-04\/\" class=\"wp-image-605\" srcset=\"https:\/\/kosztolanyigimnazium.hu\/wp-content\/uploads\/2019\/04\/kdg-erettsegi-szobeli-fizika-04.jpg 1024w, https:\/\/kosztolanyigimnazium.hu\/wp-content\/uploads\/2019\/04\/kdg-erettsegi-szobeli-fizika-04-300x225.jpg 300w, https:\/\/kosztolanyigimnazium.hu\/wp-content\/uploads\/2019\/04\/kdg-erettsegi-szobeli-fizika-04-768x576.jpg 768w, https:\/\/kosztolanyigimnazium.hu\/wp-content\/uploads\/2019\/04\/kdg-erettsegi-szobeli-fizika-04-360x270.jpg 360w\" sizes=\"auto, (max-width: 1024px) 100vw, 1024px\" \/><\/figure><\/li><li class=\"blocks-gallery-item\"><figure><img loading=\"lazy\" decoding=\"async\" width=\"432\" height=\"768\" src=\"https:\/\/kosztolanyigimnazium.hu\/wp-content\/uploads\/2019\/04\/kdg-erettsegi-szobeli-fizika-11.jpg\" alt=\"\" data-id=\"598\" data-link=\"https:\/\/kosztolanyigimnazium.hu\/tanuloknak-szuloknek\/tantargyak\/fizika\/kdg-erettsegi-szobeli-fizika-11\/\" class=\"wp-image-598\" srcset=\"https:\/\/kosztolanyigimnazium.hu\/wp-content\/uploads\/2019\/04\/kdg-erettsegi-szobeli-fizika-11.jpg 432w, https:\/\/kosztolanyigimnazium.hu\/wp-content\/uploads\/2019\/04\/kdg-erettsegi-szobeli-fizika-11-169x300.jpg 169w, https:\/\/kosztolanyigimnazium.hu\/wp-content\/uploads\/2019\/04\/kdg-erettsegi-szobeli-fizika-11-152x270.jpg 152w\" sizes=\"auto, (max-width: 432px) 100vw, 432px\" \/><\/figure><\/li><li class=\"blocks-gallery-item\"><figure><img loading=\"lazy\" decoding=\"async\" width=\"576\" height=\"768\" src=\"https:\/\/kosztolanyigimnazium.hu\/wp-content\/uploads\/2019\/04\/kdg-erettsegi-szobeli-fizika-12.jpg\" alt=\"\" data-id=\"597\" data-link=\"https:\/\/kosztolanyigimnazium.hu\/tanuloknak-szuloknek\/tantargyak\/fizika\/kdg-erettsegi-szobeli-fizika-12\/\" class=\"wp-image-597\" srcset=\"https:\/\/kosztolanyigimnazium.hu\/wp-content\/uploads\/2019\/04\/kdg-erettsegi-szobeli-fizika-12.jpg 576w, https:\/\/kosztolanyigimnazium.hu\/wp-content\/uploads\/2019\/04\/kdg-erettsegi-szobeli-fizika-12-225x300.jpg 225w, https:\/\/kosztolanyigimnazium.hu\/wp-content\/uploads\/2019\/04\/kdg-erettsegi-szobeli-fizika-12-203x270.jpg 203w\" sizes=\"auto, (max-width: 576px) 100vw, 576px\" \/><\/figure><\/li><li class=\"blocks-gallery-item\"><figure><img loading=\"lazy\" decoding=\"async\" width=\"1024\" height=\"768\" src=\"https:\/\/kosztolanyigimnazium.hu\/wp-content\/uploads\/2019\/04\/kdg-erettsegi-szobeli-fizika-13-1024x768.jpg\" alt=\"\" data-id=\"596\" data-link=\"https:\/\/kosztolanyigimnazium.hu\/tanuloknak-szuloknek\/tantargyak\/fizika\/kdg-erettsegi-szobeli-fizika-13\/\" class=\"wp-image-596\" srcset=\"https:\/\/kosztolanyigimnazium.hu\/wp-content\/uploads\/2019\/04\/kdg-erettsegi-szobeli-fizika-13.jpg 1024w, https:\/\/kosztolanyigimnazium.hu\/wp-content\/uploads\/2019\/04\/kdg-erettsegi-szobeli-fizika-13-300x225.jpg 300w, https:\/\/kosztolanyigimnazium.hu\/wp-content\/uploads\/2019\/04\/kdg-erettsegi-szobeli-fizika-13-768x576.jpg 768w, https:\/\/kosztolanyigimnazium.hu\/wp-content\/uploads\/2019\/04\/kdg-erettsegi-szobeli-fizika-13-360x270.jpg 360w\" sizes=\"auto, (max-width: 1024px) 100vw, 1024px\" \/><\/figure><\/li><li class=\"blocks-gallery-item\"><figure><img loading=\"lazy\" decoding=\"async\" width=\"432\" height=\"768\" src=\"https:\/\/kosztolanyigimnazium.hu\/wp-content\/uploads\/2019\/04\/kdg-erettsegi-szobeli-fizika-14.jpg\" alt=\"\" data-id=\"595\" data-link=\"https:\/\/kosztolanyigimnazium.hu\/tanuloknak-szuloknek\/tantargyak\/fizika\/kdg-erettsegi-szobeli-fizika-14\/\" class=\"wp-image-595\" srcset=\"https:\/\/kosztolanyigimnazium.hu\/wp-content\/uploads\/2019\/04\/kdg-erettsegi-szobeli-fizika-14.jpg 432w, https:\/\/kosztolanyigimnazium.hu\/wp-content\/uploads\/2019\/04\/kdg-erettsegi-szobeli-fizika-14-169x300.jpg 169w, https:\/\/kosztolanyigimnazium.hu\/wp-content\/uploads\/2019\/04\/kdg-erettsegi-szobeli-fizika-14-152x270.jpg 152w\" sizes=\"auto, (max-width: 432px) 100vw, 432px\" \/><\/figure><\/li><li class=\"blocks-gallery-item\"><figure><img loading=\"lazy\" decoding=\"async\" width=\"1024\" height=\"576\" src=\"https:\/\/kosztolanyigimnazium.hu\/wp-content\/uploads\/2019\/04\/kdg-erettsegi-szobeli-fizika-15-1024x576.jpg\" alt=\"\" data-id=\"594\" data-link=\"https:\/\/kosztolanyigimnazium.hu\/tanuloknak-szuloknek\/tantargyak\/fizika\/kdg-erettsegi-szobeli-fizika-15\/\" class=\"wp-image-594\" srcset=\"https:\/\/kosztolanyigimnazium.hu\/wp-content\/uploads\/2019\/04\/kdg-erettsegi-szobeli-fizika-15-1024x576.jpg 1024w, https:\/\/kosztolanyigimnazium.hu\/wp-content\/uploads\/2019\/04\/kdg-erettsegi-szobeli-fizika-15-300x169.jpg 300w, https:\/\/kosztolanyigimnazium.hu\/wp-content\/uploads\/2019\/04\/kdg-erettsegi-szobeli-fizika-15-768x432.jpg 768w, https:\/\/kosztolanyigimnazium.hu\/wp-content\/uploads\/2019\/04\/kdg-erettsegi-szobeli-fizika-15-360x202.jpg 360w\" sizes=\"auto, (max-width: 1024px) 100vw, 1024px\" \/><\/figure><\/li><\/ul>\n\n\n\n<hr class=\"wp-block-separator\"\/>\n\n\n<p>[yotuwp type=&#8221;playlist&#8221; id=&#8221;PLoByY9zV9nOdpHaTrdJCEIsd7iyj0cH5x&#8221; ]<\/p>\n","protected":false},"excerpt":{"rendered":"<p>Fizika k\u00f6z\u00e9pszint\u0171 \u00e9retts\u00e9gi sz\u00f3belij\u00e9n haszn\u00e1lt k\u00eds\u00e9rleti eszk\u00f6z\u00f6k k\u00e9pei:<\/p>\n","protected":false},"author":1,"featured_media":854,"parent":627,"menu_order":0,"comment_status":"closed","ping_status":"closed","template":"","meta":{"footnotes":""},"class_list":["post-593","page","type-page","status-publish","has-post-thumbnail","hentry"],"_links":{"self":[{"href":"https:\/\/kosztolanyigimnazium.hu\/index.php?rest_route=\/wp\/v2\/pages\/593","targetHints":{"allow":["GET"]}}],"collection":[{"href":"https:\/\/kosztolanyigimnazium.hu\/index.php?rest_route=\/wp\/v2\/pages"}],"about":[{"href":"https:\/\/kosztolanyigimnazium.hu\/index.php?rest_route=\/wp\/v2\/types\/page"}],"author":[{"embeddable":true,"href":"https:\/\/kosztolanyigimnazium.hu\/index.php?rest_route=\/wp\/v2\/users\/1"}],"replies":[{"embeddable":true,"href":"https:\/\/kosztolanyigimnazium.hu\/index.php?rest_route=%2Fwp%2Fv2%2Fcomments&post=593"}],"version-history":[{"count":4,"href":"https:\/\/kosztolanyigimnazium.hu\/index.php?rest_route=\/wp\/v2\/pages\/593\/revisions"}],"predecessor-version":[{"id":1167,"href":"https:\/\/kosztolanyigimnazium.hu\/index.php?rest_route=\/wp\/v2\/pages\/593\/revisions\/1167"}],"up":[{"embeddable":true,"href":"https:\/\/kosztolanyigimnazium.hu\/index.php?rest_route=\/wp\/v2\/pages\/627"}],"wp:featuredmedia":[{"embeddable":true,"href":"https:\/\/kosztolanyigimnazium.hu\/index.php?rest_route=\/wp\/v2\/media\/854"}],"wp:attachment":[{"href":"https:\/\/kosztolanyigimnazium.hu\/index.php?rest_route=%2Fwp%2Fv2%2Fmedia&parent=593"}],"curies":[{"name":"wp","href":"https:\/\/api.w.org\/{rel}","templated":true}]}}