{"id":612,"date":"2019-04-18T08:12:33","date_gmt":"2019-04-18T08:12:33","guid":{"rendered":"http:\/\/localhost:8888\/?page_id=612"},"modified":"2019-04-18T08:59:25","modified_gmt":"2019-04-18T08:59:25","slug":"asztrobiologia-palyazat","status":"publish","type":"page","link":"https:\/\/kosztolanyigimnazium.hu\/?page_id=612","title":{"rendered":"Asztrobiol\u00f3gia (p\u00e1ly\u00e1zat)"},"content":{"rendered":"\n<h3 class=\"wp-block-heading\">A 2015-16-os tan\u00e9vben, k\u00e9t versenyre is k\u00e9sz\u00fclt\u00fcnk asztrobiol\u00f3gia t\u00e9m\u00e1val.<\/h3>\n\n\n\n<p>A BME Matematika mindenkinek c\u00edm\u0171 verseny\u00e9n&nbsp;<strong>Brenner Dominik<\/strong>(9.a) \u00e9s&nbsp;<strong>Kotik Andr\u00e1s<\/strong>(9.b) a Drake egyenletet dolgozta fel, amellyel m\u00e1sodik helyez\u00e9st \u00e9rtek el.<\/p>\n\n\n\n<div class=\"wp-block-file\"><a href=\"http:\/\/localhost:8888\/wp-content\/uploads\/2019\/04\/kdg-asztrobiologia-15-16-drake-egyenlet.pdf\">Drake Egyenlet<\/a><a href=\"http:\/\/localhost:8888\/wp-content\/uploads\/2019\/04\/kdg-asztrobiologia-15-16-drake-egyenlet.pdf\" class=\"wp-block-file__button\" download>Let\u00f6lt\u00e9s<\/a><\/div>\n\n\n\n<p>Az Odysseus-Contest II. nemzetk\u00f6zi versenyre&nbsp;<strong>Malatinszky Ad\u00e9l<\/strong>\u00e9s&nbsp;<strong>Blum Norbert<\/strong>9.a oszt\u00e1lyos tanul\u00f3k egy k\u00e9preg\u00e9nyt k\u00e9sz\u00edtettek. Munk\u00e1jukkal kijutottak a ter\u00fcleti d\u00f6nt\u0151re Grazba.<\/p>\n\n\n\n<p>Munk\u00e1ikat l\u00e1thatj\u00e1k az al\u00e1bbi linken:<\/p>\n\n\n\n<p><a href=\"http:\/\/www.odysseus-contest.eu\/pioneers\/submitted-entries\/\">http:\/\/www.odysseus-contest.eu\/pioneers\/submitted-entries\/<\/a><\/p>\n\n\n\n<div class=\"wp-block-file\"><a href=\"http:\/\/localhost:8888\/wp-content\/uploads\/2019\/04\/kdg-asztrobiologia-15-16-kepregeny.pdf\">K\u00e9preg\u00e9ny (angol)<\/a><a href=\"http:\/\/localhost:8888\/wp-content\/uploads\/2019\/04\/kdg-asztrobiologia-15-16-kepregeny.pdf\" class=\"wp-block-file__button\" download>Let\u00f6lt\u00e9s<\/a><\/div>\n\n\n\n<div class=\"wp-block-file\"><a href=\"http:\/\/localhost:8888\/wp-content\/uploads\/2019\/04\/kdg-asztrobiologia-15-16-odysseus-prezentacio.pdf\">Odysseus Prezent\u00e1ci\u00f3<\/a><a href=\"http:\/\/localhost:8888\/wp-content\/uploads\/2019\/04\/kdg-asztrobiologia-15-16-odysseus-prezentacio.pdf\" class=\"wp-block-file__button\" download>Let\u00f6lt\u00e9s<\/a><\/div>\n\n\n\n<div class=\"wp-block-file\"><a href=\"http:\/\/localhost:8888\/wp-content\/uploads\/2019\/04\/kdg-asztrobiologia-15-16-utazas-gliese-667cc-re.pdf\">Utaz\u00e1s Gliese 667CC-re<\/a><a href=\"http:\/\/localhost:8888\/wp-content\/uploads\/2019\/04\/kdg-asztrobiologia-15-16-utazas-gliese-667cc-re.pdf\" class=\"wp-block-file__button\" download>Let\u00f6lt\u00e9s<\/a><\/div>\n","protected":false},"excerpt":{"rendered":"<p>A 2015-16-os tan\u00e9vben, k\u00e9t versenyre is k\u00e9sz\u00fclt\u00fcnk asztrobiol\u00f3gia t\u00e9m\u00e1val. A BME Matematika mindenkinek c\u00edm\u0171 verseny\u00e9n&nbsp;Brenner Dominik(9.a) \u00e9s&nbsp;Kotik Andr\u00e1s(9.b) a Drake egyenletet dolgozta fel, amellyel m\u00e1sodik helyez\u00e9st \u00e9rtek el. Az Odysseus-Contest II. nemzetk\u00f6zi versenyre&nbsp;Malatinszky Ad\u00e9l\u00e9s&nbsp;Blum Norbert9.a oszt\u00e1lyos tanul\u00f3k egy k\u00e9preg\u00e9nyt k\u00e9sz\u00edtettek. <a href=\"https:\/\/kosztolanyigimnazium.hu\/?page_id=612\" class=\"read-more\">Olvass tov\u00e1bb&#8230;<\/a><\/p>\n","protected":false},"author":1,"featured_media":613,"parent":616,"menu_order":0,"comment_status":"closed","ping_status":"closed","template":"","meta":{"footnotes":""},"class_list":["post-612","page","type-page","status-publish","has-post-thumbnail","hentry"],"_links":{"self":[{"href":"https:\/\/kosztolanyigimnazium.hu\/index.php?rest_route=\/wp\/v2\/pages\/612","targetHints":{"allow":["GET"]}}],"collection":[{"href":"https:\/\/kosztolanyigimnazium.hu\/index.php?rest_route=\/wp\/v2\/pages"}],"about":[{"href":"https:\/\/kosztolanyigimnazium.hu\/index.php?rest_route=\/wp\/v2\/types\/page"}],"author":[{"embeddable":true,"href":"https:\/\/kosztolanyigimnazium.hu\/index.php?rest_route=\/wp\/v2\/users\/1"}],"replies":[{"embeddable":true,"href":"https:\/\/kosztolanyigimnazium.hu\/index.php?rest_route=%2Fwp%2Fv2%2Fcomments&post=612"}],"version-history":[{"count":3,"href":"https:\/\/kosztolanyigimnazium.hu\/index.php?rest_route=\/wp\/v2\/pages\/612\/revisions"}],"predecessor-version":[{"id":650,"href":"https:\/\/kosztolanyigimnazium.hu\/index.php?rest_route=\/wp\/v2\/pages\/612\/revisions\/650"}],"up":[{"embeddable":true,"href":"https:\/\/kosztolanyigimnazium.hu\/index.php?rest_route=\/wp\/v2\/pages\/616"}],"wp:featuredmedia":[{"embeddable":true,"href":"https:\/\/kosztolanyigimnazium.hu\/index.php?rest_route=\/wp\/v2\/media\/613"}],"wp:attachment":[{"href":"https:\/\/kosztolanyigimnazium.hu\/index.php?rest_route=%2Fwp%2Fv2%2Fmedia&parent=612"}],"curies":[{"name":"wp","href":"https:\/\/api.w.org\/{rel}","templated":true}]}}