{"id":624,"date":"2019-04-18T08:19:57","date_gmt":"2019-04-18T08:19:57","guid":{"rendered":"http:\/\/localhost:8888\/?page_id=624"},"modified":"2025-03-04T08:21:15","modified_gmt":"2025-03-04T07:21:15","slug":"meresek","status":"publish","type":"page","link":"https:\/\/kosztolanyigimnazium.hu\/?page_id=624","title":{"rendered":"M\u00e9r\u00e9sek"},"content":{"rendered":"\n<p><strong>\u00a0Az int\u00e9zm\u00e9nyi m\u00e9r\u00e9si\u00a0 eredm\u00e9nyeket\u00a0a k\u00f6zz\u00e9t\u00e9lei\u00a0list\u00e1nk\u00a03. pontj\u00e1nak c.) \u00e9s d.) pontja tartalmazza:<\/strong><\/p>\n\n\n\n<figure class=\"wp-block-embed is-type-wp-embed is-provider-budapest-i-ker-leti-kosztol-nyi-dezs-gimn-zium wp-block-embed-budapest-i-ker-leti-kosztol-nyi-dezs-gimn-zium\"><div class=\"wp-block-embed__wrapper\">\n<blockquote class=\"wp-embedded-content\" data-secret=\"XjQZZLj7xa\"><a href=\"https:\/\/kosztolanyigimnazium.hu\/?page_id=4921\">K\u00f6zz\u00e9t\u00e9teli Lista<\/a><\/blockquote><iframe loading=\"lazy\" class=\"wp-embedded-content\" sandbox=\"allow-scripts\" security=\"restricted\" style=\"position: absolute; visibility: hidden;\" title=\"&#8220;K\u00f6zz\u00e9t\u00e9teli Lista&#8221; &#8212; Budapest I. Ker\u00fcleti Kosztol\u00e1nyi Dezs\u0151 Gimn\u00e1zium\" src=\"https:\/\/kosztolanyigimnazium.hu\/?page_id=4921&#038;embed=true#?secret=zJ6ih0Ie4P#?secret=XjQZZLj7xa\" data-secret=\"XjQZZLj7xa\" width=\"600\" height=\"338\" frameborder=\"0\" marginwidth=\"0\" marginheight=\"0\" scrolling=\"no\"><\/iframe>\n<\/div><\/figure>\n","protected":false},"excerpt":{"rendered":"<p>\u00a0Az int\u00e9zm\u00e9nyi m\u00e9r\u00e9si\u00a0 eredm\u00e9nyeket\u00a0a k\u00f6zz\u00e9t\u00e9lei\u00a0list\u00e1nk\u00a03. pontj\u00e1nak c.) \u00e9s d.) pontja tartalmazza:<\/p>\n","protected":false},"author":1,"featured_media":0,"parent":620,"menu_order":0,"comment_status":"closed","ping_status":"closed","template":"","meta":{"footnotes":""},"class_list":["post-624","page","type-page","status-publish","hentry"],"_links":{"self":[{"href":"https:\/\/kosztolanyigimnazium.hu\/index.php?rest_route=\/wp\/v2\/pages\/624","targetHints":{"allow":["GET"]}}],"collection":[{"href":"https:\/\/kosztolanyigimnazium.hu\/index.php?rest_route=\/wp\/v2\/pages"}],"about":[{"href":"https:\/\/kosztolanyigimnazium.hu\/index.php?rest_route=\/wp\/v2\/types\/page"}],"author":[{"embeddable":true,"href":"https:\/\/kosztolanyigimnazium.hu\/index.php?rest_route=\/wp\/v2\/users\/1"}],"replies":[{"embeddable":true,"href":"https:\/\/kosztolanyigimnazium.hu\/index.php?rest_route=%2Fwp%2Fv2%2Fcomments&post=624"}],"version-history":[{"count":3,"href":"https:\/\/kosztolanyigimnazium.hu\/index.php?rest_route=\/wp\/v2\/pages\/624\/revisions"}],"predecessor-version":[{"id":5113,"href":"https:\/\/kosztolanyigimnazium.hu\/index.php?rest_route=\/wp\/v2\/pages\/624\/revisions\/5113"}],"up":[{"embeddable":true,"href":"https:\/\/kosztolanyigimnazium.hu\/index.php?rest_route=\/wp\/v2\/pages\/620"}],"wp:attachment":[{"href":"https:\/\/kosztolanyigimnazium.hu\/index.php?rest_route=%2Fwp%2Fv2%2Fmedia&parent=624"}],"curies":[{"name":"wp","href":"https:\/\/api.w.org\/{rel}","templated":true}]}}