{"id":627,"date":"2019-04-18T08:23:31","date_gmt":"2019-04-18T08:23:31","guid":{"rendered":"http:\/\/localhost:8888\/?page_id=627"},"modified":"2019-04-18T08:23:31","modified_gmt":"2019-04-18T08:23:31","slug":"tantargyak","status":"publish","type":"page","link":"https:\/\/kosztolanyigimnazium.hu\/?page_id=627","title":{"rendered":"Tant\u00e1rgyak"},"content":{"rendered":"\n<p>A Kosztol\u00e1nyi Dezs\u0151 Gimn\u00e1ziumban oktatott tant\u00e1rgyak \u00e1lland\u00f3 jelleg\u0171 tartalmai<\/p>\n","protected":false},"excerpt":{"rendered":"<p>A Kosztol\u00e1nyi Dezs\u0151 Gimn\u00e1ziumban oktatott tant\u00e1rgyak \u00e1lland\u00f3 jelleg\u0171 tartalmai<\/p>\n","protected":false},"author":1,"featured_media":0,"parent":473,"menu_order":0,"comment_status":"closed","ping_status":"closed","template":"","meta":{"footnotes":""},"class_list":["post-627","page","type-page","status-publish","hentry"],"_links":{"self":[{"href":"https:\/\/kosztolanyigimnazium.hu\/index.php?rest_route=\/wp\/v2\/pages\/627","targetHints":{"allow":["GET"]}}],"collection":[{"href":"https:\/\/kosztolanyigimnazium.hu\/index.php?rest_route=\/wp\/v2\/pages"}],"about":[{"href":"https:\/\/kosztolanyigimnazium.hu\/index.php?rest_route=\/wp\/v2\/types\/page"}],"author":[{"embeddable":true,"href":"https:\/\/kosztolanyigimnazium.hu\/index.php?rest_route=\/wp\/v2\/users\/1"}],"replies":[{"embeddable":true,"href":"https:\/\/kosztolanyigimnazium.hu\/index.php?rest_route=%2Fwp%2Fv2%2Fcomments&post=627"}],"version-history":[{"count":1,"href":"https:\/\/kosztolanyigimnazium.hu\/index.php?rest_route=\/wp\/v2\/pages\/627\/revisions"}],"predecessor-version":[{"id":628,"href":"https:\/\/kosztolanyigimnazium.hu\/index.php?rest_route=\/wp\/v2\/pages\/627\/revisions\/628"}],"up":[{"embeddable":true,"href":"https:\/\/kosztolanyigimnazium.hu\/index.php?rest_route=\/wp\/v2\/pages\/473"}],"wp:attachment":[{"href":"https:\/\/kosztolanyigimnazium.hu\/index.php?rest_route=%2Fwp%2Fv2%2Fmedia&parent=627"}],"curies":[{"name":"wp","href":"https:\/\/api.w.org\/{rel}","templated":true}]}}