{"id":652,"date":"2019-04-18T11:07:04","date_gmt":"2019-04-18T11:07:04","guid":{"rendered":"http:\/\/localhost:8888\/?page_id=652"},"modified":"2022-11-03T15:49:08","modified_gmt":"2022-11-03T14:49:08","slug":"a-vizsgak","status":"publish","type":"page","link":"https:\/\/kosztolanyigimnazium.hu\/?page_id=652","title":{"rendered":"A &#8222;vizsg\u00e1k&#8221;"},"content":{"rendered":"\n<p>A Kosztol\u00e1nyi Dezs\u0151 Gimn\u00e1zium tanul\u00f3inak tanulm\u00e1nyaik sor\u00e1n 2 f\u00e9le vizsg\u00e1val tal\u00e1lkoznak.<\/p>\n\n\n\n<p>Az&nbsp;<strong>\u00e9vfolyamvizsg\u00e1kkal<\/strong>&nbsp;\u00e9s tanulm\u00e1nyaik v\u00e9g\u00e9n az&nbsp;<strong>\u00e9retts\u00e9gi vizsg\u00e1val<\/strong>.<\/p>\n\n\n\n<p>Amennyiben el\u0151rehozott \u00e9retts\u00e9git tesznek (vagy m\u00e1s esetben)&nbsp;<strong>oszt\u00e1lyoz\u00f3vizsg\u00e1t<\/strong>&nbsp;is kell tenni\u00fck.<\/p>\n","protected":false},"excerpt":{"rendered":"<p>A Kosztol\u00e1nyi Dezs\u0151 Gimn\u00e1zium tanul\u00f3inak tanulm\u00e1nyaik sor\u00e1n 2 f\u00e9le vizsg\u00e1val tal\u00e1lkoznak. Az&nbsp;\u00e9vfolyamvizsg\u00e1kkal&nbsp;\u00e9s tanulm\u00e1nyaik v\u00e9g\u00e9n az&nbsp;\u00e9retts\u00e9gi vizsg\u00e1val. Amennyiben el\u0151rehozott \u00e9retts\u00e9git tesznek (vagy m\u00e1s esetben)&nbsp;oszt\u00e1lyoz\u00f3vizsg\u00e1t&nbsp;is kell tenni\u00fck.<\/p>\n","protected":false},"author":1,"featured_media":0,"parent":473,"menu_order":0,"comment_status":"closed","ping_status":"closed","template":"","meta":{"footnotes":""},"class_list":["post-652","page","type-page","status-publish","hentry"],"_links":{"self":[{"href":"https:\/\/kosztolanyigimnazium.hu\/index.php?rest_route=\/wp\/v2\/pages\/652","targetHints":{"allow":["GET"]}}],"collection":[{"href":"https:\/\/kosztolanyigimnazium.hu\/index.php?rest_route=\/wp\/v2\/pages"}],"about":[{"href":"https:\/\/kosztolanyigimnazium.hu\/index.php?rest_route=\/wp\/v2\/types\/page"}],"author":[{"embeddable":true,"href":"https:\/\/kosztolanyigimnazium.hu\/index.php?rest_route=\/wp\/v2\/users\/1"}],"replies":[{"embeddable":true,"href":"https:\/\/kosztolanyigimnazium.hu\/index.php?rest_route=%2Fwp%2Fv2%2Fcomments&post=652"}],"version-history":[{"count":6,"href":"https:\/\/kosztolanyigimnazium.hu\/index.php?rest_route=\/wp\/v2\/pages\/652\/revisions"}],"predecessor-version":[{"id":4179,"href":"https:\/\/kosztolanyigimnazium.hu\/index.php?rest_route=\/wp\/v2\/pages\/652\/revisions\/4179"}],"up":[{"embeddable":true,"href":"https:\/\/kosztolanyigimnazium.hu\/index.php?rest_route=\/wp\/v2\/pages\/473"}],"wp:attachment":[{"href":"https:\/\/kosztolanyigimnazium.hu\/index.php?rest_route=%2Fwp%2Fv2%2Fmedia&parent=652"}],"curies":[{"name":"wp","href":"https:\/\/api.w.org\/{rel}","templated":true}]}}